{"id":37948,"date":"2018-07-10T06:54:54","date_gmt":"2018-07-10T06:54:54","guid":{"rendered":"http:\/\/testwordpress.nirmalnagari.org\/smnd\/index.php\/effortless-meditation\/"},"modified":"2026-04-13T12:23:43","modified_gmt":"2026-04-13T12:23:43","slug":"medytacja-bez-wysilku","status":"publish","type":"page","link":"https:\/\/shrimataji.org\/test\/pl\/medytacja-bez-wysilku\/","title":{"rendered":"Medytacja bez wysi\u0142ku"},"content":{"rendered":"\n\n\t<h1>Medytacja bez wysi\u0142ku<\/h1>\n<h2>Fragment rady udzielonej w Londynie 1 stycznia 1980 r.<\/h2>\n\t<p>Wibracje p\u0142yn\u0105 i s\u0105 emitowane w okre\u015blony spos\u00f3b. Jedyne, co musisz zrobi\u0107, to si\u0119 na nie wystawi\u0107. Najlepsz\u0105 metod\u0105 jest ca\u0142kowity brak wysi\u0142ku.<\/p>\n<p>Nie przejmuj si\u0119 tym, gdzie le\u017cy problem. Po prostu nie martw si\u0119. Odpu\u015b\u0107, a wszystko zadzia\u0142a samo. Nie musisz wk\u0142ada\u0107 w to \u017cadnego wysi\u0142ku. W\u0142a\u015bnie na tym polega medytacja.<\/p>\n<p>Medytacja to wystawienie si\u0119 na dzia\u0142anie \u0142aski Bo\u017cej. Ta \u0142aska sama wie, jak ci\u0119 uleczy\u0107. Wie, jak ci\u0119 naprawi\u0107, jak osadzi\u0107 si\u0119 w twojej istocie i jak podtrzyma\u0107 \u017car twojego Ducha. Ona wie wszystko, wi\u0119c nie musisz zaprz\u0105ta\u0107 sobie g\u0142owy tym, co robi\u0107, jakie imiona przywo\u0142ywa\u0107 czy jakie mantry recytowa\u0107. Podczas medytacji musisz by\u0107 ca\u0142kowicie wolny od wysi\u0142ku, w pe\u0142ni otwarty i w stanie absolutnej \u015bwiadomo\u015bci bez my\u015bli.<\/p>\n<p>Je\u015bli my\u015bli wci\u0105\u017c si\u0119 pojawiaj\u0105, po prostu je obserwuj, ale nie anga\u017cuj si\u0119 w nie. Przekonasz si\u0119, \u017ce stopniowo &#8211; tak jak przy wschodzie s\u0142o\u0144ca znika ciemno\u015b\u0107, a jego promienie docieraj\u0105 wsz\u0119dzie, nios\u0105c \u015bwiat\u0142o &#8211; tak i twoja istota zostanie w pe\u0142ni o\u015bwiecona. Je\u015bli jednak b\u0119dziesz wk\u0142ada\u0107 w to wysi\u0142ek lub pr\u00f3bowa\u0107 co\u015b w sobie zatrzyma\u0107 si\u0142\u0105, to si\u0119 nie uda. Brak wysi\u0142ku to jedyna droga do medytacji, lecz nie nale\u017cy myli\u0107 go z apati\u0105. Trzeba zachowa\u0107 czujno\u015b\u0107 i by\u0107 obserwatorem.<\/p>\n<p>Z drugiej strony zdarza si\u0119, \u017ce ludzie po prostu zasypiaj\u0105. Musisz by\u0107 czujny. Je\u015bli zaczniesz drzema\u0107, to nic z tego nie b\u0119dzie. Leniwe podej\u015bcie nie przyniesie efekt\u00f3w. Musisz by\u0107 uwa\u017cny i otwarty, w pe\u0142ni \u015bwiadomy, a jednocze\u015bnie ca\u0142kowicie wolny od wysi\u0142ku. W takim stanie medytacja dzia\u0142a najlepiej.<\/p>\n\t<p><img loading=\"lazy\" decoding=\"async\" src=\"https:\/\/shrimataji.org\/test\/wp-content\/uploads\/2018\/07\/media_originals\/images\/meditation\/effortless-meditation-and-thoughtless-awareness.jpg\" alt=\"Effortless Meditation and Thoughtless Awareness\" width=\"406\" height=\"272\" align=\"left\" \/><\/p>\n\t<p>W og\u00f3le nie my\u015bl o swoich problemach. Po prostu wystaw si\u0119 na dzia\u0142anie wibracji. Kiedy \u015bwieci s\u0142o\u0144ce, ca\u0142a natura otwiera si\u0119 na nie i bez wysi\u0142ku przyjmuje jego b\u0142ogos\u0142awie\u0144stwa. Przyroda nie wykonuje \u017cadnej pracy &#8211; po prostu ch\u0142onie s\u0142o\u0144ce, a jego promienie zaczynaj\u0105 dzia\u0142a\u0107. Dok\u0142adnie tak samo zaczyna dzia\u0142a\u0107 wszechobecna moc.<\/p>\n<p>Nie masz tym sterowa\u0107 ani nic z tym robi\u0107. Po prostu b\u0105d\u017a bez wysi\u0142ku, absolutnie bez wysi\u0142ku. Proces trwa. B\u0119dzie post\u0119powa\u0142 tak d\u0142ugo, jak to mo\u017cliwe, i dokona cudu, kt\u00f3ry ma si\u0119 wydarzy\u0107. Nie musisz si\u0119 o nic martwi\u0107. Ta moc zna swoje zadanie, a kiedy wk\u0142adasz wysi\u0142ek, tworzysz dla niej barier\u0119. \u017baden wysi\u0142ek nie jest potrzebny. Pozosta\u0144 w stanie ca\u0142kowitego odpuszczenia i powiedz sobie: \u201eNiech to p\u0142ynie, odpuszczam&#8221;. To wszystko.<\/p>\n\n","protected":false},"excerpt":{"rendered":"<p>Medytacja bez wysi\u0142ku Fragment rady udzielonej w Londynie 1 stycznia 1980 r. Wibracje p\u0142yn\u0105 i s\u0105 emitowane w okre\u015blony spos\u00f3b. Jedyne, co musisz zrobi\u0107, to si\u0119 na nie wystawi\u0107. Najlepsz\u0105 metod\u0105 jest ca\u0142kowity brak wysi\u0142ku. Nie przejmuj si\u0119 tym, gdzie le\u017cy problem. Po prostu nie martw si\u0119. Odpu\u015b\u0107, a wszystko zadzia\u0142a samo. Nie musisz wk\u0142ada\u0107&hellip; <br \/> <a class=\"read-more\" href=\"https:\/\/shrimataji.org\/test\/pl\/medytacja-bez-wysilku\/\">Read more<\/a><\/p>\n","protected":false},"author":1,"featured_media":37949,"parent":0,"menu_order":0,"comment_status":"closed","ping_status":"closed","template":"","meta":{"inline_featured_image":false,"footnotes":""},"class_list":["post-37948","page","type-page","status-publish","has-post-thumbnail","hentry"],"yoast_head":"<!-- This site is optimized with the Yoast SEO plugin v27.4 - https:\/\/yoast.com\/product\/yoast-seo-wordpress\/ -->\n<title>Medytacja bez wysi\u0142ku - TEST - SMND<\/title>\n<meta name=\"robots\" content=\"noindex, follow, max-snippet:-1, max-image-preview:large, max-video-preview:-1\" \/>\n<meta property=\"og:locale\" content=\"en_US\" \/>\n<meta property=\"og:type\" content=\"article\" \/>\n<meta property=\"og:title\" content=\"Medytacja bez wysi\u0142ku - TEST - SMND\" \/>\n<meta property=\"og:description\" content=\"Medytacja bez wysi\u0142ku Fragment rady udzielonej w Londynie 1 stycznia 1980 r. Wibracje p\u0142yn\u0105 i s\u0105 emitowane w okre\u015blony spos\u00f3b. Jedyne, co musisz zrobi\u0107, to si\u0119 na nie wystawi\u0107. Najlepsz\u0105 metod\u0105 jest ca\u0142kowity brak wysi\u0142ku. Nie przejmuj si\u0119 tym, gdzie le\u017cy problem. Po prostu nie martw si\u0119. Odpu\u015b\u0107, a wszystko zadzia\u0142a samo. Nie musisz wk\u0142ada\u0107&hellip; Read more\" \/>\n<meta property=\"og:url\" content=\"https:\/\/shrimataji.org\/test\/pl\/medytacja-bez-wysilku\/\" \/>\n<meta property=\"og:site_name\" content=\"TEST - SMND\" \/>\n<meta property=\"article:publisher\" content=\"https:\/\/www.facebook.com\/shrimataji\" \/>\n<meta property=\"article:modified_time\" content=\"2026-04-13T12:23:43+00:00\" \/>\n<meta property=\"og:image\" content=\"https:\/\/shrimataji.org\/test\/wp-content\/uploads\/2018\/07\/media_originals\/images\/headers-general\/effortless-sahaja-yoga-meditation.jpg\" \/>\n\t<meta property=\"og:image:width\" content=\"990\" \/>\n\t<meta property=\"og:image:height\" content=\"350\" \/>\n\t<meta property=\"og:image:type\" content=\"image\/jpeg\" \/>\n<meta name=\"twitter:card\" content=\"summary_large_image\" \/>\n<meta name=\"twitter:site\" content=\"@shrimataji\" \/>\n<script type=\"application\/ld+json\" class=\"yoast-schema-graph\">{\"@context\":\"https:\\\/\\\/schema.org\",\"@graph\":[{\"@type\":\"WebPage\",\"@id\":\"https:\\\/\\\/shrimataji.org\\\/test\\\/pl\\\/medytacja-bez-wysilku\\\/\",\"url\":\"https:\\\/\\\/shrimataji.org\\\/test\\\/pl\\\/medytacja-bez-wysilku\\\/\",\"name\":\"Medytacja bez wysi\u0142ku - TEST - SMND\",\"isPartOf\":{\"@id\":\"https:\\\/\\\/shrimataji.org\\\/test\\\/#website\"},\"primaryImageOfPage\":{\"@id\":\"https:\\\/\\\/shrimataji.org\\\/test\\\/pl\\\/medytacja-bez-wysilku\\\/#primaryimage\"},\"image\":{\"@id\":\"https:\\\/\\\/shrimataji.org\\\/test\\\/pl\\\/medytacja-bez-wysilku\\\/#primaryimage\"},\"thumbnailUrl\":\"https:\\\/\\\/shrimataji.org\\\/test\\\/wp-content\\\/uploads\\\/2018\\\/07\\\/media_originals\\\/images\\\/headers-general\\\/effortless-sahaja-yoga-meditation.jpg\",\"datePublished\":\"2018-07-10T06:54:54+00:00\",\"dateModified\":\"2026-04-13T12:23:43+00:00\",\"breadcrumb\":{\"@id\":\"https:\\\/\\\/shrimataji.org\\\/test\\\/pl\\\/medytacja-bez-wysilku\\\/#breadcrumb\"},\"inLanguage\":\"en-US\",\"potentialAction\":[{\"@type\":\"ReadAction\",\"target\":[\"https:\\\/\\\/shrimataji.org\\\/test\\\/pl\\\/medytacja-bez-wysilku\\\/\"]}]},{\"@type\":\"ImageObject\",\"inLanguage\":\"en-US\",\"@id\":\"https:\\\/\\\/shrimataji.org\\\/test\\\/pl\\\/medytacja-bez-wysilku\\\/#primaryimage\",\"url\":\"https:\\\/\\\/shrimataji.org\\\/test\\\/wp-content\\\/uploads\\\/2018\\\/07\\\/media_originals\\\/images\\\/headers-general\\\/effortless-sahaja-yoga-meditation.jpg\",\"contentUrl\":\"https:\\\/\\\/shrimataji.org\\\/test\\\/wp-content\\\/uploads\\\/2018\\\/07\\\/media_originals\\\/images\\\/headers-general\\\/effortless-sahaja-yoga-meditation.jpg\",\"width\":990,\"height\":350},{\"@type\":\"BreadcrumbList\",\"@id\":\"https:\\\/\\\/shrimataji.org\\\/test\\\/pl\\\/medytacja-bez-wysilku\\\/#breadcrumb\",\"itemListElement\":[{\"@type\":\"ListItem\",\"position\":1,\"name\":\"Home\",\"item\":\"https:\\\/\\\/shrimataji.org\\\/test\\\/uk\\\/home-en\\\/\"},{\"@type\":\"ListItem\",\"position\":2,\"name\":\"Medytacja bez wysi\u0142ku\"}]},{\"@type\":\"WebSite\",\"@id\":\"https:\\\/\\\/shrimataji.org\\\/test\\\/#website\",\"url\":\"https:\\\/\\\/shrimataji.org\\\/test\\\/\",\"name\":\"Shri Mataji Nirmala Devi\",\"description\":\"A Life Dedicated to Humanity\",\"publisher\":{\"@id\":\"https:\\\/\\\/shrimataji.org\\\/test\\\/#\\\/schema\\\/person\\\/a1b3419c6585f164aa96da1ff85715d1\"},\"potentialAction\":[{\"@type\":\"SearchAction\",\"target\":{\"@type\":\"EntryPoint\",\"urlTemplate\":\"https:\\\/\\\/shrimataji.org\\\/test\\\/?s={search_term_string}\"},\"query-input\":{\"@type\":\"PropertyValueSpecification\",\"valueRequired\":true,\"valueName\":\"search_term_string\"}}],\"inLanguage\":\"en-US\"},{\"@type\":[\"Person\",\"Organization\"],\"@id\":\"https:\\\/\\\/shrimataji.org\\\/test\\\/#\\\/schema\\\/person\\\/a1b3419c6585f164aa96da1ff85715d1\",\"name\":\"Nirmala Shrivastava\",\"image\":{\"@type\":\"ImageObject\",\"inLanguage\":\"en-US\",\"@id\":\"https:\\\/\\\/shrimataji.org\\\/test\\\/wp-content\\\/uploads\\\/2023\\\/02\\\/SMO_LOGO-03.svg\",\"url\":\"https:\\\/\\\/shrimataji.org\\\/test\\\/wp-content\\\/uploads\\\/2023\\\/02\\\/SMO_LOGO-03.svg\",\"contentUrl\":\"https:\\\/\\\/shrimataji.org\\\/test\\\/wp-content\\\/uploads\\\/2023\\\/02\\\/SMO_LOGO-03.svg\",\"width\":\"1024\",\"height\":\"1024\",\"caption\":\"Nirmala Shrivastava\"},\"logo\":{\"@id\":\"https:\\\/\\\/shrimataji.org\\\/test\\\/wp-content\\\/uploads\\\/2023\\\/02\\\/SMO_LOGO-03.svg\"},\"sameAs\":[\"https:\\\/\\\/shrimataji.org\\\/test\",\"https:\\\/\\\/www.facebook.com\\\/shrimataji\",\"https:\\\/\\\/x.com\\\/shrimataji\",\"https:\\\/\\\/www.youtube.com\\\/@Shri_Mataji_Nirmala_Devi\\\/featured\"]}]}<\/script>\n<!-- \/ Yoast SEO plugin. -->","yoast_head_json":{"title":"Medytacja bez wysi\u0142ku - TEST - SMND","robots":{"index":"noindex","follow":"follow","max-snippet":"max-snippet:-1","max-image-preview":"max-image-preview:large","max-video-preview":"max-video-preview:-1"},"og_locale":"en_US","og_type":"article","og_title":"Medytacja bez wysi\u0142ku - TEST - SMND","og_description":"Medytacja bez wysi\u0142ku Fragment rady udzielonej w Londynie 1 stycznia 1980 r. Wibracje p\u0142yn\u0105 i s\u0105 emitowane w okre\u015blony spos\u00f3b. Jedyne, co musisz zrobi\u0107, to si\u0119 na nie wystawi\u0107. Najlepsz\u0105 metod\u0105 jest ca\u0142kowity brak wysi\u0142ku. Nie przejmuj si\u0119 tym, gdzie le\u017cy problem. Po prostu nie martw si\u0119. Odpu\u015b\u0107, a wszystko zadzia\u0142a samo. Nie musisz wk\u0142ada\u0107&hellip; Read more","og_url":"https:\/\/shrimataji.org\/test\/pl\/medytacja-bez-wysilku\/","og_site_name":"TEST - SMND","article_publisher":"https:\/\/www.facebook.com\/shrimataji","article_modified_time":"2026-04-13T12:23:43+00:00","og_image":[{"width":990,"height":350,"url":"https:\/\/shrimataji.org\/test\/wp-content\/uploads\/2018\/07\/media_originals\/images\/headers-general\/effortless-sahaja-yoga-meditation.jpg","type":"image\/jpeg"}],"twitter_card":"summary_large_image","twitter_site":"@shrimataji","schema":{"@context":"https:\/\/schema.org","@graph":[{"@type":"WebPage","@id":"https:\/\/shrimataji.org\/test\/pl\/medytacja-bez-wysilku\/","url":"https:\/\/shrimataji.org\/test\/pl\/medytacja-bez-wysilku\/","name":"Medytacja bez wysi\u0142ku - TEST - SMND","isPartOf":{"@id":"https:\/\/shrimataji.org\/test\/#website"},"primaryImageOfPage":{"@id":"https:\/\/shrimataji.org\/test\/pl\/medytacja-bez-wysilku\/#primaryimage"},"image":{"@id":"https:\/\/shrimataji.org\/test\/pl\/medytacja-bez-wysilku\/#primaryimage"},"thumbnailUrl":"https:\/\/shrimataji.org\/test\/wp-content\/uploads\/2018\/07\/media_originals\/images\/headers-general\/effortless-sahaja-yoga-meditation.jpg","datePublished":"2018-07-10T06:54:54+00:00","dateModified":"2026-04-13T12:23:43+00:00","breadcrumb":{"@id":"https:\/\/shrimataji.org\/test\/pl\/medytacja-bez-wysilku\/#breadcrumb"},"inLanguage":"en-US","potentialAction":[{"@type":"ReadAction","target":["https:\/\/shrimataji.org\/test\/pl\/medytacja-bez-wysilku\/"]}]},{"@type":"ImageObject","inLanguage":"en-US","@id":"https:\/\/shrimataji.org\/test\/pl\/medytacja-bez-wysilku\/#primaryimage","url":"https:\/\/shrimataji.org\/test\/wp-content\/uploads\/2018\/07\/media_originals\/images\/headers-general\/effortless-sahaja-yoga-meditation.jpg","contentUrl":"https:\/\/shrimataji.org\/test\/wp-content\/uploads\/2018\/07\/media_originals\/images\/headers-general\/effortless-sahaja-yoga-meditation.jpg","width":990,"height":350},{"@type":"BreadcrumbList","@id":"https:\/\/shrimataji.org\/test\/pl\/medytacja-bez-wysilku\/#breadcrumb","itemListElement":[{"@type":"ListItem","position":1,"name":"Home","item":"https:\/\/shrimataji.org\/test\/uk\/home-en\/"},{"@type":"ListItem","position":2,"name":"Medytacja bez wysi\u0142ku"}]},{"@type":"WebSite","@id":"https:\/\/shrimataji.org\/test\/#website","url":"https:\/\/shrimataji.org\/test\/","name":"Shri Mataji Nirmala Devi","description":"A Life Dedicated to Humanity","publisher":{"@id":"https:\/\/shrimataji.org\/test\/#\/schema\/person\/a1b3419c6585f164aa96da1ff85715d1"},"potentialAction":[{"@type":"SearchAction","target":{"@type":"EntryPoint","urlTemplate":"https:\/\/shrimataji.org\/test\/?s={search_term_string}"},"query-input":{"@type":"PropertyValueSpecification","valueRequired":true,"valueName":"search_term_string"}}],"inLanguage":"en-US"},{"@type":["Person","Organization"],"@id":"https:\/\/shrimataji.org\/test\/#\/schema\/person\/a1b3419c6585f164aa96da1ff85715d1","name":"Nirmala Shrivastava","image":{"@type":"ImageObject","inLanguage":"en-US","@id":"https:\/\/shrimataji.org\/test\/wp-content\/uploads\/2023\/02\/SMO_LOGO-03.svg","url":"https:\/\/shrimataji.org\/test\/wp-content\/uploads\/2023\/02\/SMO_LOGO-03.svg","contentUrl":"https:\/\/shrimataji.org\/test\/wp-content\/uploads\/2023\/02\/SMO_LOGO-03.svg","width":"1024","height":"1024","caption":"Nirmala Shrivastava"},"logo":{"@id":"https:\/\/shrimataji.org\/test\/wp-content\/uploads\/2023\/02\/SMO_LOGO-03.svg"},"sameAs":["https:\/\/shrimataji.org\/test","https:\/\/www.facebook.com\/shrimataji","https:\/\/x.com\/shrimataji","https:\/\/www.youtube.com\/@Shri_Mataji_Nirmala_Devi\/featured"]}]}},"lang":"pl","translations":{"pl":37948,"ur":37417,"en":451,"am":17988,"th":19926,"hu":19463,"sq":18389,"zh":17286,"tr":10151,"pt":10364,"de":10638,"fr":10736,"it":10834,"es":10931,"ja":11228,"ru":11416,"bn":11608,"te":11716,"sw":11839,"he":11987,"el":12278,"sk":12376,"fa":12474,"fi":12572,"bg":13433,"ro":14507,"cs":14700,"nl":16549,"ku":16709,"ar":16885,"be":18596,"kn":18870,"mr":20290,"uk":20582,"ml":20881,"ta":22704,"sv":22977,"gu":28825,"pa":28983,"fil":29423,"da":37731,"nn":38283},"pll_sync_post":[],"_links":{"self":[{"href":"https:\/\/shrimataji.org\/test\/wp-json\/wp\/v2\/pages\/37948","targetHints":{"allow":["GET"]}}],"collection":[{"href":"https:\/\/shrimataji.org\/test\/wp-json\/wp\/v2\/pages"}],"about":[{"href":"https:\/\/shrimataji.org\/test\/wp-json\/wp\/v2\/types\/page"}],"author":[{"embeddable":true,"href":"https:\/\/shrimataji.org\/test\/wp-json\/wp\/v2\/users\/1"}],"replies":[{"embeddable":true,"href":"https:\/\/shrimataji.org\/test\/wp-json\/wp\/v2\/comments?post=37948"}],"version-history":[{"count":0,"href":"https:\/\/shrimataji.org\/test\/wp-json\/wp\/v2\/pages\/37948\/revisions"}],"wp:featuredmedia":[{"embeddable":true,"href":"https:\/\/shrimataji.org\/test\/wp-json\/wp\/v2\/media\/37949"}],"wp:attachment":[{"href":"https:\/\/shrimataji.org\/test\/wp-json\/wp\/v2\/media?parent=37948"}],"curies":[{"name":"wp","href":"https:\/\/api.w.org\/{rel}","templated":true}]}}