{"id":37950,"date":"2017-09-02T04:00:00","date_gmt":"2017-09-02T04:00:00","guid":{"rendered":"http:\/\/testwordpress.nirmalnagari.org\/smnd\/index.php\/enlightening-encounters\/"},"modified":"2026-04-13T12:39:44","modified_gmt":"2026-04-13T12:39:44","slug":"oswiecajace-spotkania","status":"publish","type":"page","link":"https:\/\/shrimataji.org\/test\/pl\/oswiecajace-spotkania\/","title":{"rendered":"O\u015bwiecaj\u0105ce spotkania"},"content":{"rendered":"\n\n\t<h1>O\u015bwiecaj\u0105ce spotkania<\/h1>\n<h2>Jej niezmierzona empatia i mi\u0142o\u015b\u0107 do ludzko\u015bci<\/h2>\n\t<h4>Zapytana kiedy\u015b przez dziennikarza w Anglii: \u201eCzy prze\u017cy\u0142a Pani jakie\u015b rozczarowania?&#8221;, \u015ari Matad\u017ai odpowiedzia\u0142a: \u201eNie mia\u0142am ani \u017cadnych um\u00f3wionych spotka\u0144 (appointments), ani rozczarowa\u0144 (disappointments)!&#8221;. \u015amiech, kt\u00f3ry po tym nast\u0105pi\u0142, by\u0142 charakterystyczny dla wielu rozm\u00f3w ze \u015ari Matad\u017ai &#8211; bywa\u0142y one zabawne, niezwyk\u0142e i cz\u0119sto przybiera\u0142y zaskakuj\u0105cy obr\u00f3t.<\/h4>\n<p>\u015ari Matad\u017ai posiada\u0142a zdolno\u015b\u0107 dostrzegania powi\u0105za\u0144 mi\u0119dzy tematami, kt\u00f3rych wi\u0119kszo\u015b\u0107 ludzi wcze\u015bniej nie zauwa\u017ca\u0142a. To sprawia\u0142o, \u017ce Jej wyk\u0142ady i opowie\u015bci by\u0142y wci\u0105gaj\u0105ce, czaruj\u0105ce i zapada\u0142y w pami\u0119\u0107. \u015ari Matad\u017ai wyg\u0142osi\u0142a tysi\u0105ce takich prelekcji &#8211; zawsze pouczaj\u0105cych i nios\u0105cych o\u015bwiecenie. Jej paszport, niemal centymetrowej grubo\u015bci, by\u0142 g\u0119sto zapisany piecz\u0105tkami z wielu zak\u0105tk\u00f3w \u015bwiata, kt\u00f3re odwiedzi\u0142a, kieruj\u0105c si\u0119 jednym, niezmiennym celem: dotarciem do jak najwi\u0119kszej liczby os\u00f3b i przekazaniem im samorealizacji.<\/p>\n<p>Spotyka\u0142a si\u0119 z tysi\u0105cami ludzi, ale nie by\u0142y to tylko przelotne powitania. Potrafi\u0142a dostroi\u0107 si\u0119 do ka\u017cdego rozm\u00f3wcy &#8211; czy by\u0142 to cz\u0142owiek \u015bwiatowy i spe\u0142niony, czy skromny wie\u015bniak. \u015ari Matad\u017ai zag\u0142\u0119bia\u0142a si\u0119 w istot\u0119 ka\u017cdego cz\u0142owieka, bo dla Niej ka\u017cdy by\u0142 wa\u017cny i ka\u017cdy posiada\u0142 ukryty potencja\u0142.<\/p>\n<p>To w\u0142a\u015bnie ten potencja\u0142 inspirowa\u0142 \u015ari Matad\u017ai do dzia\u0142ania &#8211; zdolno\u015b\u0107 ka\u017cdego cz\u0142owieka do stania si\u0119 Duchem, do nawi\u0105zania wi\u0119zi z Absolutem i osi\u0105gni\u0119cia samorealizacji. Niekt\u00f3rzy rozpoznawali w \u015ari Matad\u017ai kogo\u015b wyj\u0105tkowego, inni nie. Zale\u017ca\u0142o to bardziej od stanu wewn\u0119trznego danej osoby ni\u017c od tego, kim Ona by\u0142a. Jedni potrafili J\u0105 dostrzec i zbli\u017cali si\u0119, inni si\u0119 odwracali&#8230;<\/p>\n\tKim zatem by\u0142a \u015ari Matad\u017ai? <br \/>\n\u015ari Matad\u017ai by\u0142a Guru. A kim jest Guru? S\u0142owo to ma bardzo konkretne znaczenie: \u201eGu&#8221; oznacza ciemno\u015b\u0107 lub ignorancj\u0119, za\u015b \u201eRu&#8221; to ten, kto j\u0105 rozprasza. Zatem Guru to kto\u015b, kto potrafi usun\u0105\u0107 duchow\u0105 niewiedz\u0119 i iluzj\u0119, w kt\u00f3rej pogr\u0105\u017cona jest ludzko\u015b\u0107.<br \/>\n\n<p>Ci, kt\u00f3rzy postanowili podej\u015b\u0107 bli\u017cej, cz\u0119sto wyczuwali, \u017ce \u015ari Matad\u017ai jest uosobieniem prawdy, kompletn\u0105 istot\u0105, swoistym axis mundi (osi\u0105 \u015bwiata) &#8211; Bosk\u0105 Matk\u0105. Posiada\u0142a wrodzon\u0105 zdolno\u015b\u0107 pomagania ludziom w pracy nad sob\u0105 i rozwi\u0105zywaniu ich problem\u00f3w. Jej dzia\u0142anie przypomina\u0142o prac\u0119 kochaj\u0105cego ogrodnika, kt\u00f3ry dba o kie\u0142kuj\u0105ce ziarna, by mog\u0142y zakwitn\u0105\u0107 i wyda\u0107 owoce.<\/p>\n\t<h5>&#8220;\u201eM\u0105dro\u015b\u0107 jest promienna i nigdy nie wi\u0119dnie.<\/h5>\n<h5>\u0141atwo J\u0105 dostrzeg\u0105 ci, kt\u00f3rzy J\u0105 mi\u0142uj\u0105,<\/h5>\n<h5>i znajd\u0105 ci, kt\u00f3rzy Jej szukaj\u0105.<\/h5>\n<h5>Uprzedza tych, co Jej pragn\u0105, wpierw daj\u0105c si\u0119 im pozna\u0107.<\/h5>\n<h5>[&#8230;] Sama bowiem chodzi i szuka tych, co s\u0105 Jej godni,<\/h5>\n<h5>i zjawia si\u0119 im \u0142askawie na drogach&#8221;.<\/h5>\n<h5>(Ksi\u0119ga M\u0105dro\u015bci 6, 12-16)<\/h5>\n\t<p>Jednak Jej przes\u0142anie by\u0142o stanowcze: \u201eZosta\u0144cie w\u0142asnymi Guru, sta\u0144cie si\u0119 Duchem&#8221;. To czasem okazuje si\u0119 trudniejsze, bo wymaga dyscypliny i determinacji.<\/p>\n<p>Rozproszona uwaga, zagubienie, lenistwo, niskie poczucie w\u0142asnej warto\u015bci i wiele innych przeszk\u00f3d utrudnia prac\u0119 nad sob\u0105 oraz pe\u0142ne wykorzystanie w\u0142asnego potencja\u0142u.<\/p>\n<p>W tym procesie \u015ari Matad\u017ai jako Guru potrafi\u0142a by\u0107 gro\u017ana i majestatyczna niczym tygrys, a jednocze\u015bnie jako Matka &#8211; \u0142agodna, cierpliwa i pe\u0142na wsp\u00f3\u0142czucia. W matczyny spos\u00f3b stara\u0142a si\u0119 inspirowa\u0107 i podnosi\u0107 ludzi na duchu; nawet gdy widzia\u0142a ich s\u0142abo\u015bci, zawsze by\u0142a gotowa wyci\u0105gn\u0105\u0107 r\u0119k\u0119 i wskaza\u0107 w\u0142a\u015bciwy kurs.<\/p>\n<p>B\u0119d\u0105c w zasi\u0119gu Jej uwagi, mia\u0142o si\u0119 wra\u017cenie przebywania w r\u0119kach samej ewolucji. Jej u\u015bmiech ni\u00f3s\u0142 ukojenie i nadziej\u0119, a Jej g\u0142os dawa\u0142 wsparcie i rad\u0119. Wyb\u00f3r jednak zawsze nale\u017ca\u0142 do cz\u0142owieka &#8211; to on decydowa\u0142, czy pos\u0142ucha Jej s\u0142\u00f3w. Ka\u017cdy do\u015bwiadcza\u0142 \u015ari Matad\u017ai na sw\u00f3j unikalny spos\u00f3b, zale\u017cnie od poziomu zrozumienia.<\/p>\n\t<p>W relacjach z lud\u017ami cechowa\u0142a J\u0105 niezwyk\u0142a delikatno\u015b\u0107. Z ogromn\u0105 precyzj\u0105 potrafi\u0142a b\u0142yskawicznie wczu\u0107 si\u0119 w sytuacj\u0119, a Jej uwaga przenika\u0142a rozm\u00f3wc\u0119 na wskro\u015b, s\u0142ysz\u0105c nie tylko to, co zosta\u0142o powiedziane, ale i to, co przemilczane.<\/p>\n\t<p>Jej \u015bmiech by\u0142 zara\u017aliwy, Jej moc bycia \u015bwiadkiem &#8211; imponuj\u0105ca, a rado\u015b\u0107 z obserwowania \u017cyciowych wzlot\u00f3w i upadk\u00f3w &#8211; wyzwalaj\u0105ca. Wspomnienia os\u00f3b, kt\u00f3re J\u0105 pozna\u0142y, s\u0105 zgodne: towarzyszy im poczucie ogromnego przywileju i niezwyk\u0142ego szcz\u0119\u015bcia, \u017ce na swojej drodze napotkali \u015ari Matad\u017ai i Jej nauki.<\/p>\n<p>Przes\u0142anie m\u0105dro\u015bci \u015ari Matad\u017ai pozostaje niezmienne:<\/p>\nK\u0142aniam si\u0119 wszystkim poszukiwaczom prawdy<br \/>\nJeste\u015bcie Duchem<br \/>\nW was drzemie moc<br \/>\nZosta\u0144cie w\u0142asnymi Guru<br \/>\nRadujcie si\u0119!<br \/>\n&#8220;Mo\u017cecie osi\u0105gn\u0105\u0107 samorealizacj\u0119. Mo\u017cecie poczu\u0107 ch\u0142odny powiew na d\u0142oniach i nad g\u0142owami.&#8221;\n<p>To kluczowe przes\u0142anie nigdy nie uleg\u0142o zmianie. Pozostaje tylko pytanie: jak wielu ludzi je us\u0142yszy i skorzysta z szansy na odkrycie swojej prawdziwej Ja\u017ani?<\/p>\n<p>Dziedzictwo \u015ari Matad\u017ai \u017cyje w tych, kt\u00f3rzy us\u0142yszeli Jej s\u0142owa, przyj\u0119li ten dar do serca, ciesz\u0105 si\u0119 nim i dziel\u0105 si\u0119 Sahad\u017aa Jog\u0105 z innymi.<\/p>\n<p>Jej obecno\u015b\u0107 wci\u0105\u017c mo\u017cna poczu\u0107 w ch\u0142odnym powiewie na d\u0142oniach i nad g\u0142ow\u0105. Jej \u0142aska \u0142agodnie otwiera nasze serca, a boska mi\u0142o\u015b\u0107 rozbrzmiewa w nas echem.<\/p>\n\n","protected":false},"excerpt":{"rendered":"<p>O\u015bwiecaj\u0105ce spotkania Jej niezmierzona empatia i mi\u0142o\u015b\u0107 do ludzko\u015bci Zapytana kiedy\u015b przez dziennikarza w Anglii: \u201eCzy prze\u017cy\u0142a Pani jakie\u015b rozczarowania?&#8221;, \u015ari Matad\u017ai odpowiedzia\u0142a: \u201eNie mia\u0142am ani \u017cadnych um\u00f3wionych spotka\u0144 (appointments), ani rozczarowa\u0144 (disappointments)!&#8221;. \u015amiech, kt\u00f3ry po tym nast\u0105pi\u0142, by\u0142 charakterystyczny dla wielu rozm\u00f3w ze \u015ari Matad\u017ai &#8211; bywa\u0142y one zabawne, niezwyk\u0142e i cz\u0119sto przybiera\u0142y zaskakuj\u0105cy&hellip; <br \/> <a class=\"read-more\" href=\"https:\/\/shrimataji.org\/test\/pl\/oswiecajace-spotkania\/\">Read more<\/a><\/p>\n","protected":false},"author":1,"featured_media":37951,"parent":0,"menu_order":0,"comment_status":"closed","ping_status":"closed","template":"","meta":{"inline_featured_image":false,"footnotes":""},"class_list":["post-37950","page","type-page","status-publish","has-post-thumbnail","hentry"],"yoast_head":"<!-- This site is optimized with the Yoast SEO plugin v27.4 - https:\/\/yoast.com\/product\/yoast-seo-wordpress\/ -->\n<title>O\u015bwiecaj\u0105ce spotkania - TEST - SMND<\/title>\n<meta name=\"robots\" content=\"noindex, follow, max-snippet:-1, max-image-preview:large, max-video-preview:-1\" \/>\n<meta property=\"og:locale\" content=\"en_US\" \/>\n<meta property=\"og:type\" content=\"article\" \/>\n<meta property=\"og:title\" content=\"O\u015bwiecaj\u0105ce spotkania - TEST - SMND\" \/>\n<meta property=\"og:description\" content=\"O\u015bwiecaj\u0105ce spotkania Jej niezmierzona empatia i mi\u0142o\u015b\u0107 do ludzko\u015bci Zapytana kiedy\u015b przez dziennikarza w Anglii: \u201eCzy prze\u017cy\u0142a Pani jakie\u015b rozczarowania?&#8221;, \u015ari Matad\u017ai odpowiedzia\u0142a: \u201eNie mia\u0142am ani \u017cadnych um\u00f3wionych spotka\u0144 (appointments), ani rozczarowa\u0144 (disappointments)!&#8221;. \u015amiech, kt\u00f3ry po tym nast\u0105pi\u0142, by\u0142 charakterystyczny dla wielu rozm\u00f3w ze \u015ari Matad\u017ai &#8211; bywa\u0142y one zabawne, niezwyk\u0142e i cz\u0119sto przybiera\u0142y zaskakuj\u0105cy&hellip; Read more\" \/>\n<meta property=\"og:url\" content=\"https:\/\/shrimataji.org\/test\/pl\/oswiecajace-spotkania\/\" \/>\n<meta property=\"og:site_name\" content=\"TEST - SMND\" \/>\n<meta property=\"article:publisher\" content=\"https:\/\/www.facebook.com\/shrimataji\" \/>\n<meta property=\"article:modified_time\" content=\"2026-04-13T12:39:44+00:00\" \/>\n<meta property=\"og:image\" content=\"https:\/\/shrimataji.org\/test\/wp-content\/uploads\/2018\/07\/media_originals\/images\/headers-people\/shri-mataji-nirmala-devi-with-village-people-in-india.jpg\" \/>\n\t<meta property=\"og:image:width\" content=\"990\" \/>\n\t<meta property=\"og:image:height\" content=\"350\" \/>\n\t<meta property=\"og:image:type\" content=\"image\/jpeg\" \/>\n<meta name=\"twitter:card\" content=\"summary_large_image\" \/>\n<meta name=\"twitter:site\" content=\"@shrimataji\" \/>\n<script type=\"application\/ld+json\" class=\"yoast-schema-graph\">{\"@context\":\"https:\\\/\\\/schema.org\",\"@graph\":[{\"@type\":\"WebPage\",\"@id\":\"https:\\\/\\\/shrimataji.org\\\/test\\\/pl\\\/oswiecajace-spotkania\\\/\",\"url\":\"https:\\\/\\\/shrimataji.org\\\/test\\\/pl\\\/oswiecajace-spotkania\\\/\",\"name\":\"O\u015bwiecaj\u0105ce spotkania - TEST - SMND\",\"isPartOf\":{\"@id\":\"https:\\\/\\\/shrimataji.org\\\/test\\\/#website\"},\"primaryImageOfPage\":{\"@id\":\"https:\\\/\\\/shrimataji.org\\\/test\\\/pl\\\/oswiecajace-spotkania\\\/#primaryimage\"},\"image\":{\"@id\":\"https:\\\/\\\/shrimataji.org\\\/test\\\/pl\\\/oswiecajace-spotkania\\\/#primaryimage\"},\"thumbnailUrl\":\"https:\\\/\\\/shrimataji.org\\\/test\\\/wp-content\\\/uploads\\\/2018\\\/07\\\/media_originals\\\/images\\\/headers-people\\\/shri-mataji-nirmala-devi-with-village-people-in-india.jpg\",\"datePublished\":\"2017-09-02T04:00:00+00:00\",\"dateModified\":\"2026-04-13T12:39:44+00:00\",\"breadcrumb\":{\"@id\":\"https:\\\/\\\/shrimataji.org\\\/test\\\/pl\\\/oswiecajace-spotkania\\\/#breadcrumb\"},\"inLanguage\":\"en-US\",\"potentialAction\":[{\"@type\":\"ReadAction\",\"target\":[\"https:\\\/\\\/shrimataji.org\\\/test\\\/pl\\\/oswiecajace-spotkania\\\/\"]}]},{\"@type\":\"ImageObject\",\"inLanguage\":\"en-US\",\"@id\":\"https:\\\/\\\/shrimataji.org\\\/test\\\/pl\\\/oswiecajace-spotkania\\\/#primaryimage\",\"url\":\"https:\\\/\\\/shrimataji.org\\\/test\\\/wp-content\\\/uploads\\\/2018\\\/07\\\/media_originals\\\/images\\\/headers-people\\\/shri-mataji-nirmala-devi-with-village-people-in-india.jpg\",\"contentUrl\":\"https:\\\/\\\/shrimataji.org\\\/test\\\/wp-content\\\/uploads\\\/2018\\\/07\\\/media_originals\\\/images\\\/headers-people\\\/shri-mataji-nirmala-devi-with-village-people-in-india.jpg\",\"width\":990,\"height\":350},{\"@type\":\"BreadcrumbList\",\"@id\":\"https:\\\/\\\/shrimataji.org\\\/test\\\/pl\\\/oswiecajace-spotkania\\\/#breadcrumb\",\"itemListElement\":[{\"@type\":\"ListItem\",\"position\":1,\"name\":\"Home\",\"item\":\"https:\\\/\\\/shrimataji.org\\\/test\\\/uk\\\/home-en\\\/\"},{\"@type\":\"ListItem\",\"position\":2,\"name\":\"O\u015bwiecaj\u0105ce spotkania\"}]},{\"@type\":\"WebSite\",\"@id\":\"https:\\\/\\\/shrimataji.org\\\/test\\\/#website\",\"url\":\"https:\\\/\\\/shrimataji.org\\\/test\\\/\",\"name\":\"Shri Mataji Nirmala Devi\",\"description\":\"A Life Dedicated to Humanity\",\"publisher\":{\"@id\":\"https:\\\/\\\/shrimataji.org\\\/test\\\/#\\\/schema\\\/person\\\/a1b3419c6585f164aa96da1ff85715d1\"},\"potentialAction\":[{\"@type\":\"SearchAction\",\"target\":{\"@type\":\"EntryPoint\",\"urlTemplate\":\"https:\\\/\\\/shrimataji.org\\\/test\\\/?s={search_term_string}\"},\"query-input\":{\"@type\":\"PropertyValueSpecification\",\"valueRequired\":true,\"valueName\":\"search_term_string\"}}],\"inLanguage\":\"en-US\"},{\"@type\":[\"Person\",\"Organization\"],\"@id\":\"https:\\\/\\\/shrimataji.org\\\/test\\\/#\\\/schema\\\/person\\\/a1b3419c6585f164aa96da1ff85715d1\",\"name\":\"Nirmala Shrivastava\",\"image\":{\"@type\":\"ImageObject\",\"inLanguage\":\"en-US\",\"@id\":\"https:\\\/\\\/shrimataji.org\\\/test\\\/wp-content\\\/uploads\\\/2023\\\/02\\\/SMO_LOGO-03.svg\",\"url\":\"https:\\\/\\\/shrimataji.org\\\/test\\\/wp-content\\\/uploads\\\/2023\\\/02\\\/SMO_LOGO-03.svg\",\"contentUrl\":\"https:\\\/\\\/shrimataji.org\\\/test\\\/wp-content\\\/uploads\\\/2023\\\/02\\\/SMO_LOGO-03.svg\",\"width\":\"1024\",\"height\":\"1024\",\"caption\":\"Nirmala Shrivastava\"},\"logo\":{\"@id\":\"https:\\\/\\\/shrimataji.org\\\/test\\\/wp-content\\\/uploads\\\/2023\\\/02\\\/SMO_LOGO-03.svg\"},\"sameAs\":[\"https:\\\/\\\/shrimataji.org\\\/test\",\"https:\\\/\\\/www.facebook.com\\\/shrimataji\",\"https:\\\/\\\/x.com\\\/shrimataji\",\"https:\\\/\\\/www.youtube.com\\\/@Shri_Mataji_Nirmala_Devi\\\/featured\"]}]}<\/script>\n<!-- \/ Yoast SEO plugin. -->","yoast_head_json":{"title":"O\u015bwiecaj\u0105ce spotkania - TEST - SMND","robots":{"index":"noindex","follow":"follow","max-snippet":"max-snippet:-1","max-image-preview":"max-image-preview:large","max-video-preview":"max-video-preview:-1"},"og_locale":"en_US","og_type":"article","og_title":"O\u015bwiecaj\u0105ce spotkania - TEST - SMND","og_description":"O\u015bwiecaj\u0105ce spotkania Jej niezmierzona empatia i mi\u0142o\u015b\u0107 do ludzko\u015bci Zapytana kiedy\u015b przez dziennikarza w Anglii: \u201eCzy prze\u017cy\u0142a Pani jakie\u015b rozczarowania?&#8221;, \u015ari Matad\u017ai odpowiedzia\u0142a: \u201eNie mia\u0142am ani \u017cadnych um\u00f3wionych spotka\u0144 (appointments), ani rozczarowa\u0144 (disappointments)!&#8221;. \u015amiech, kt\u00f3ry po tym nast\u0105pi\u0142, by\u0142 charakterystyczny dla wielu rozm\u00f3w ze \u015ari Matad\u017ai &#8211; bywa\u0142y one zabawne, niezwyk\u0142e i cz\u0119sto przybiera\u0142y zaskakuj\u0105cy&hellip; Read more","og_url":"https:\/\/shrimataji.org\/test\/pl\/oswiecajace-spotkania\/","og_site_name":"TEST - SMND","article_publisher":"https:\/\/www.facebook.com\/shrimataji","article_modified_time":"2026-04-13T12:39:44+00:00","og_image":[{"width":990,"height":350,"url":"https:\/\/shrimataji.org\/test\/wp-content\/uploads\/2018\/07\/media_originals\/images\/headers-people\/shri-mataji-nirmala-devi-with-village-people-in-india.jpg","type":"image\/jpeg"}],"twitter_card":"summary_large_image","twitter_site":"@shrimataji","schema":{"@context":"https:\/\/schema.org","@graph":[{"@type":"WebPage","@id":"https:\/\/shrimataji.org\/test\/pl\/oswiecajace-spotkania\/","url":"https:\/\/shrimataji.org\/test\/pl\/oswiecajace-spotkania\/","name":"O\u015bwiecaj\u0105ce spotkania - TEST - SMND","isPartOf":{"@id":"https:\/\/shrimataji.org\/test\/#website"},"primaryImageOfPage":{"@id":"https:\/\/shrimataji.org\/test\/pl\/oswiecajace-spotkania\/#primaryimage"},"image":{"@id":"https:\/\/shrimataji.org\/test\/pl\/oswiecajace-spotkania\/#primaryimage"},"thumbnailUrl":"https:\/\/shrimataji.org\/test\/wp-content\/uploads\/2018\/07\/media_originals\/images\/headers-people\/shri-mataji-nirmala-devi-with-village-people-in-india.jpg","datePublished":"2017-09-02T04:00:00+00:00","dateModified":"2026-04-13T12:39:44+00:00","breadcrumb":{"@id":"https:\/\/shrimataji.org\/test\/pl\/oswiecajace-spotkania\/#breadcrumb"},"inLanguage":"en-US","potentialAction":[{"@type":"ReadAction","target":["https:\/\/shrimataji.org\/test\/pl\/oswiecajace-spotkania\/"]}]},{"@type":"ImageObject","inLanguage":"en-US","@id":"https:\/\/shrimataji.org\/test\/pl\/oswiecajace-spotkania\/#primaryimage","url":"https:\/\/shrimataji.org\/test\/wp-content\/uploads\/2018\/07\/media_originals\/images\/headers-people\/shri-mataji-nirmala-devi-with-village-people-in-india.jpg","contentUrl":"https:\/\/shrimataji.org\/test\/wp-content\/uploads\/2018\/07\/media_originals\/images\/headers-people\/shri-mataji-nirmala-devi-with-village-people-in-india.jpg","width":990,"height":350},{"@type":"BreadcrumbList","@id":"https:\/\/shrimataji.org\/test\/pl\/oswiecajace-spotkania\/#breadcrumb","itemListElement":[{"@type":"ListItem","position":1,"name":"Home","item":"https:\/\/shrimataji.org\/test\/uk\/home-en\/"},{"@type":"ListItem","position":2,"name":"O\u015bwiecaj\u0105ce spotkania"}]},{"@type":"WebSite","@id":"https:\/\/shrimataji.org\/test\/#website","url":"https:\/\/shrimataji.org\/test\/","name":"Shri Mataji Nirmala Devi","description":"A Life Dedicated to Humanity","publisher":{"@id":"https:\/\/shrimataji.org\/test\/#\/schema\/person\/a1b3419c6585f164aa96da1ff85715d1"},"potentialAction":[{"@type":"SearchAction","target":{"@type":"EntryPoint","urlTemplate":"https:\/\/shrimataji.org\/test\/?s={search_term_string}"},"query-input":{"@type":"PropertyValueSpecification","valueRequired":true,"valueName":"search_term_string"}}],"inLanguage":"en-US"},{"@type":["Person","Organization"],"@id":"https:\/\/shrimataji.org\/test\/#\/schema\/person\/a1b3419c6585f164aa96da1ff85715d1","name":"Nirmala Shrivastava","image":{"@type":"ImageObject","inLanguage":"en-US","@id":"https:\/\/shrimataji.org\/test\/wp-content\/uploads\/2023\/02\/SMO_LOGO-03.svg","url":"https:\/\/shrimataji.org\/test\/wp-content\/uploads\/2023\/02\/SMO_LOGO-03.svg","contentUrl":"https:\/\/shrimataji.org\/test\/wp-content\/uploads\/2023\/02\/SMO_LOGO-03.svg","width":"1024","height":"1024","caption":"Nirmala Shrivastava"},"logo":{"@id":"https:\/\/shrimataji.org\/test\/wp-content\/uploads\/2023\/02\/SMO_LOGO-03.svg"},"sameAs":["https:\/\/shrimataji.org\/test","https:\/\/www.facebook.com\/shrimataji","https:\/\/x.com\/shrimataji","https:\/\/www.youtube.com\/@Shri_Mataji_Nirmala_Devi\/featured"]}]}},"lang":"pl","translations":{"pl":37950,"ur":37419,"en":435,"am":17990,"th":19929,"hu":19465,"sq":18391,"zh":17288,"tr":10152,"pt":10365,"de":10639,"fr":10737,"it":10835,"es":10932,"ja":11229,"ru":11417,"bn":11609,"te":11717,"sw":11840,"he":11988,"el":12279,"sk":12377,"fa":12475,"fi":12573,"bg":13485,"ro":14560,"cs":14753,"nl":16551,"ku":16711,"ar":16887,"be":18598,"kn":18872,"mr":20293,"uk":20585,"ml":20884,"ta":22706,"sv":22979,"gu":28827,"pa":28985,"fil":29425,"da":37733,"nn":38285},"pll_sync_post":[],"_links":{"self":[{"href":"https:\/\/shrimataji.org\/test\/wp-json\/wp\/v2\/pages\/37950","targetHints":{"allow":["GET"]}}],"collection":[{"href":"https:\/\/shrimataji.org\/test\/wp-json\/wp\/v2\/pages"}],"about":[{"href":"https:\/\/shrimataji.org\/test\/wp-json\/wp\/v2\/types\/page"}],"author":[{"embeddable":true,"href":"https:\/\/shrimataji.org\/test\/wp-json\/wp\/v2\/users\/1"}],"replies":[{"embeddable":true,"href":"https:\/\/shrimataji.org\/test\/wp-json\/wp\/v2\/comments?post=37950"}],"version-history":[{"count":0,"href":"https:\/\/shrimataji.org\/test\/wp-json\/wp\/v2\/pages\/37950\/revisions"}],"wp:featuredmedia":[{"embeddable":true,"href":"https:\/\/shrimataji.org\/test\/wp-json\/wp\/v2\/media\/37951"}],"wp:attachment":[{"href":"https:\/\/shrimataji.org\/test\/wp-json\/wp\/v2\/media?parent=37950"}],"curies":[{"name":"wp","href":"https:\/\/api.w.org\/{rel}","templated":true}]}}