{"id":37955,"date":"2022-01-23T02:49:35","date_gmt":"2022-01-23T02:49:35","guid":{"rendered":"https:\/\/test.shrimataji.org\/?page_id=6269"},"modified":"2026-04-22T11:11:15","modified_gmt":"2026-04-22T11:11:15","slug":"doswiadcz-swojej-samorealizacji","status":"publish","type":"page","link":"https:\/\/shrimataji.org\/test\/pl\/doswiadcz-swojej-samorealizacji\/","title":{"rendered":"Do\u015bwiadcz swojej samorealizacji"},"content":{"rendered":"\n\n\t<h1>Do\u015bwiadcz swojej samorealizacji<\/h1>\n<h2>Potrzebujesz tylko czystego pragnienia<\/h2>\n<div class=\"su-quote su-quote-style-default\"><div class=\"su-quote-inner su-u-clearfix su-u-trim\"> Ka\u017cdy ma prawo osi\u0105gn\u0105\u0107 ten etap ewolucji, a wszystko, co niezb\u0119dne, jest ju\u017c w nas wbudowane. Szanuj\u0105c Twoj\u0105 wolno\u015b\u0107, musz\u0119 jednak zaznaczy\u0107, \u017ce musisz mie\u0107 pragnienie osi\u0105gni\u0119cia tego stanu &#8211; nie mo\u017cna go na Tobie wymusi\u0107. <\/div><\/div>\n\t<h4>\u015ari Matad\u017ai jest jedynym Guru w historii, kt\u00f3ra podczas tysi\u0119cy swoich program\u00f3w publicznych na ca\u0142ym \u015bwiecie umo\u017cliwi\u0142a masowe do\u015bwiadczenie samorealizacji. Miliony ludzi skorzysta\u0142y z tego wyj\u0105tkowego daru, kt\u00f3ry sta\u0142 si\u0119 punktem zwrotnym w ich \u017cyciu. Poszukiwacze uczestnicz\u0105cy w spotkaniach do\u015bwiadczali samorealizacji jako g\u0142\u0119bokiej wewn\u0119trznej ciszy, stanu odpr\u0119\u017cenia, a cz\u0119sto tak\u017ce jako powiewu ch\u0142odu na d\u0142oniach, a niekiedy w ca\u0142ym ciele.<\/h4>\n<p>Poni\u017csze kroki pomog\u0105 Ci przygotowa\u0107 si\u0119 do do\u015bwiadczenia samorealizacji. Usi\u0105d\u017a wygodnie z wyprostowanymi plecami. Pomocne mo\u017ce by\u0107 zdj\u0119cie but\u00f3w, poniewa\u017c Matka Ziemia pomaga oczy\u015bci\u0107 nasz system z niepotrzebnych energii poprzez stopy.<\/p>\n<p>Po\u0142\u00f3\u017c obie d\u0142onie na kolanach, wn\u0119trzem ku g\u00f3rze. Aby uspokoi\u0107 rozproszon\u0105 uwag\u0119, mo\u017cesz patrze\u0107 na zdj\u0119cie \u015ari Matad\u017ai na ekranie. Gdy poczujesz wewn\u0119trzne wyciszenie, spr\u00f3buj po prostu obserwowa\u0107 swoje my\u015bli.<\/p>\n<p>Je\u015bli odczuwasz ca\u0142kowit\u0105 wewn\u0119trzn\u0105 cisz\u0119 i by\u0107 mo\u017ce czujesz delikatny, ch\u0142odny powiew na d\u0142oniach lub na czubku g\u0142owy (w okolicy ciemi\u0105czka), wiedz, \u017ce Twoja samorealizacja w\u0142a\u015bnie si\u0119 dokona\u0142a. To wspania\u0142y pocz\u0105tek &#8211; kolejne kroki pomog\u0105 Ci pog\u0142\u0119bi\u0107 to do\u015bwiadczenie medytacyjne.<\/p>\n<p>&nbsp;<\/p>\n<figure itemscope itemtype=\"https:\/\/schema.org\/ImageObject\">\n\t\t\t\t<img decoding=\"async\" src=\"https:\/\/shrimataji.org\/test\/wp-content\/uploads\/2023\/02\/ShriMataji_BW.webp\" alt=\"ShriMataji_BW\" height=\"960\" width=\"671\" title=\"ShriMataji_BW\" onerror=\"this.style.display='none'\" loading=\"lazy\" \/>\n\t<\/figure>\n\t<p>Cho\u0107 zdarza si\u0119, \u017ce niekt\u00f3rzy osi\u0105gaj\u0105 samorealizacj\u0119 po prostu patrz\u0105c na zdj\u0119cie \u015ari Matad\u017ai, warto skorzysta\u0107 z medytacji prowadzonej, kt\u00f3r\u0105 \u015ari Matad\u017ai zademonstrowa\u0142a tysi\u0105ce razy na ca\u0142ym \u015bwiecie.<\/p>\n\t<p>Przed obejrzeniem filmu z medytacj\u0105 prowadzon\u0105 przez \u015ari Matad\u017ai, warto zapozna\u0107 si\u0119 z poszczeg\u00f3lnymi krokami, gdy\u017c ca\u0142e \u0107wiczenie wykonuje si\u0119 z zamkni\u0119tymi oczami. Pomaga to g\u0142\u0119biej prze\u017cy\u0107 samorealizacj\u0119 i wej\u015b\u0107 w stan medytacji. Zapoznaj si\u0119 z poni\u017cszymi ilustracjami i tekstem, aby pozna\u0107 uk\u0142ad d\u0142oni oraz afirmacje dla ka\u017cdej pozycji.<\/p>\n<p>Przez ca\u0142\u0105 sesj\u0119 samorealizacji b\u0119dziemy k\u0142a\u015b\u0107 <strong>praw\u0105 d\u0142o\u0144<\/strong> na o\u015brodkach po lewej stronie cia\u0142a, trzymaj\u0105c<strong> lew\u0105 d\u0142o\u0144 otwart\u0105<\/strong>, tak jak pokazano na poni\u017cszych szkicach.<\/p>\n<figure itemscope itemtype=\"https:\/\/schema.org\/ImageObject\">\n\t\t\t\t<img decoding=\"async\" src=\"https:\/\/shrimataji.org\/test\/wp-content\/uploads\/2026\/04\/PL_1.png\" alt=\"PL_1\" height=\"714\" width=\"535\" title=\"PL_1\" onerror=\"this.style.display='none'\" loading=\"lazy\" \/>\n\t<\/figure>\n<figure itemscope itemtype=\"https:\/\/schema.org\/ImageObject\">\n\t\t\t\t<img decoding=\"async\" src=\"https:\/\/shrimataji.org\/test\/wp-content\/uploads\/2026\/04\/PL_2.png\" alt=\"PL_2\" height=\"754\" width=\"546\" title=\"PL_2\" onerror=\"this.style.display='none'\" loading=\"lazy\" \/>\n\t<\/figure>\n<figure itemscope itemtype=\"https:\/\/schema.org\/ImageObject\">\n\t\t\t\t<img decoding=\"async\" src=\"https:\/\/shrimataji.org\/test\/wp-content\/uploads\/2026\/04\/PL_3.png\" alt=\"PL_3\" height=\"759\" width=\"547\" title=\"PL_3\" onerror=\"this.style.display='none'\" loading=\"lazy\" \/>\n\t<\/figure>\n<figure itemscope itemtype=\"https:\/\/schema.org\/ImageObject\">\n\t\t\t\t<img decoding=\"async\" src=\"https:\/\/shrimataji.org\/test\/wp-content\/uploads\/2026\/04\/PL_4.png\" alt=\"PL_4\" height=\"753\" width=\"542\" title=\"PL_4\" onerror=\"this.style.display='none'\" loading=\"lazy\" \/>\n\t<\/figure>\n<figure itemscope itemtype=\"https:\/\/schema.org\/ImageObject\">\n\t\t\t\t<img decoding=\"async\" src=\"https:\/\/shrimataji.org\/test\/wp-content\/uploads\/2026\/04\/PL_5.png\" alt=\"PL_5\" height=\"718\" width=\"535\" title=\"PL_5\" onerror=\"this.style.display='none'\" loading=\"lazy\" \/>\n\t<\/figure>\n<figure itemscope itemtype=\"https:\/\/schema.org\/ImageObject\">\n\t\t\t\t<img decoding=\"async\" src=\"https:\/\/shrimataji.org\/test\/wp-content\/uploads\/2026\/04\/PL_6.png\" alt=\"PL_6\" height=\"751\" width=\"538\" title=\"PL_6\" onerror=\"this.style.display='none'\" loading=\"lazy\" \/>\n\t<\/figure>\n<figure itemscope itemtype=\"https:\/\/schema.org\/ImageObject\">\n\t\t\t\t<img decoding=\"async\" src=\"https:\/\/shrimataji.org\/test\/wp-content\/uploads\/2026\/04\/PL_7.png\" alt=\"PL_7\" height=\"711\" width=\"540\" title=\"PL_7\" onerror=\"this.style.display='none'\" loading=\"lazy\" \/>\n\t<\/figure>\n<figure itemscope itemtype=\"https:\/\/schema.org\/ImageObject\">\n\t\t\t\t<img decoding=\"async\" src=\"https:\/\/shrimataji.org\/test\/wp-content\/uploads\/2026\/04\/PL_8.png\" alt=\"PL_8\" height=\"718\" width=\"540\" title=\"PL_8\" onerror=\"this.style.display='none'\" loading=\"lazy\" \/>\n\t<\/figure>\n<figure itemscope itemtype=\"https:\/\/schema.org\/ImageObject\">\n\t\t\t\t<img decoding=\"async\" src=\"https:\/\/shrimataji.org\/test\/wp-content\/uploads\/2026\/04\/PL_9.png\" alt=\"PL_9\" height=\"754\" width=\"547\" title=\"PL_9\" onerror=\"this.style.display='none'\" loading=\"lazy\" \/>\n\t<\/figure>\n\t\t<img decoding=\"async\" data-spai-excluded=\"true\" loading=\"lazy\"  alt=\"YouTube player\"  src=\"https:\/\/i.ytimg.com\/vi\/MieWpggrs60\/maxresdefault.jpg\"  \/><button aria-label=\"Play\"><\/button><meta itemprop=\"embedUrl\" content=\"https:\/\/www.youtube.com\/embed\/MieWpggrs60\"\/><meta itemprop=\"name\" content=\"Do\u015bwiadczenie Samorealizacji\"\/><meta itemprop=\"description\" content=\"YouTube video\"\/><meta itemprop=\"thumbnailUrl\" content=\"https:\/\/i.ytimg.com\/vi\/MieWpggrs60\/0.jpg\"\/><meta itemprop=\"duration\" content=\"PT20M5S\"\/><meta itemprop=\"uploadDate\" content=\"2026-04-15T10:32:06Z\"\/>\t\n\t<p>Nast\u0119pnie, po zako\u0144czeniu medytacji, sprawd\u017a, czy czujesz odpr\u0119\u017cenie i czy Twoje my\u015bli ucich\u0142y lub stopniowo zanik\u0142y. To pierwszy etap medytacji &#8211; \u015bwiadomo\u015b\u0107 bez my\u015bli. Jest to stan czystej i pe\u0142nej pokoju uwa\u017cno\u015bci.<\/p>\n<p>Sprawd\u017a, czy czujesz delikatny, ch\u0142odny powiew na d\u0142oniach oraz nad g\u0142ow\u0105, w okolicy ciemi\u0105czka. Na pocz\u0105tku powiew mo\u017ce by\u0107 ciep\u0142y &#8211; oznacza to, \u017ce energia <a href=\"https:\/\/shrimataji.org\/test\/pl\/kundalini\" target=\"_blank\" rel=\"noopener\">Kundalini<\/a> oczyszcza Tw\u00f3j system subtelny; z czasem stanie si\u0119 on ch\u0142odny. Mo\u017cesz to zweryfikowa\u0107, trzymaj\u0105c d\u0142o\u0144 kilka centymetr\u00f3w nad czubkiem g\u0142owy.<\/p>\n<p>Je\u015bli nic nie czujesz, mo\u017ce by\u0107 ku temu kilka powod\u00f3w. Jednym z najcz\u0119stszych jest trudno\u015b\u0107 z wybaczeniem. Mo\u017ce pom\u00f3c, je\u015bli powiesz szczerze w sercu: \u201eMatko (lub \u015ari Matad\u017ai), wybaczam wszystkim&#8221; i po kilku powt\u00f3rzeniach sprawdzisz ponownie, czy czujesz ch\u0142\u00f3d nad g\u0142ow\u0105.<\/p>\n<p>To pocz\u0105tek Twojej wewn\u0119trznej podr\u00f3\u017cy w nowy wymiar duchowej egzystencji, kt\u00f3r\u0105 mo\u017cesz odt\u0105d zg\u0142\u0119bia\u0107 w pe\u0142nej harmonii. Dzi\u0119ki regularnej medytacji nauczysz si\u0119 rozpoznawa\u0107 stan swojego systemu subtelnego na opuszkach w\u0142asnych palc\u00f3w i korygowa\u0107 go za pomoc\u0105 swojej wrodzonej energii duchowej (Kundalini).<\/p>\n<p>Kolejne sekcje pomog\u0105 Ci dowiedzie\u0107 si\u0119 wi\u0119cej o <a href=\"https:\/\/shrimataji.org\/test\/pl\/medytacja-sahadza-joga\/\" target=\"_blank\" rel=\"noopener\">medytacji Sahad\u017aa Joga<\/a> i podpowiedz\u0105, jak praktykowa\u0107 j\u0105 samodzielnie w domu. Dzia\u0142 o kolektywnej medytacji przybli\u017cy Ci wag\u0119 <a href=\"https:\/\/shrimataji.org\/test\/pl\/wspolna-medytacja\/\" target=\"_blank\" rel=\"noopener\">wsp\u00f3lnych spotka\u0144<\/a> oraz pomo\u017ce odnale\u017a\u0107 o\u015brodki Sahad\u017aa Jogi na ca\u0142ym \u015bwiecie.<\/p>\n\n","protected":false},"excerpt":{"rendered":"<p>Do\u015bwiadcz swojej samorealizacji Potrzebujesz tylko czystego pragnienia \u015ari Matad\u017ai jest jedynym Guru w historii, kt\u00f3ra podczas tysi\u0119cy swoich program\u00f3w publicznych na ca\u0142ym \u015bwiecie umo\u017cliwi\u0142a masowe do\u015bwiadczenie samorealizacji. Miliony ludzi skorzysta\u0142y z tego wyj\u0105tkowego daru, kt\u00f3ry sta\u0142 si\u0119 punktem zwrotnym w ich \u017cyciu. Poszukiwacze uczestnicz\u0105cy w spotkaniach do\u015bwiadczali samorealizacji jako g\u0142\u0119bokiej wewn\u0119trznej ciszy, stanu odpr\u0119\u017cenia, a&hellip; <br \/> <a class=\"read-more\" href=\"https:\/\/shrimataji.org\/test\/pl\/doswiadcz-swojej-samorealizacji\/\">Read more<\/a><\/p>\n","protected":false},"author":1,"featured_media":37956,"parent":0,"menu_order":0,"comment_status":"closed","ping_status":"closed","template":"","meta":{"inline_featured_image":false,"footnotes":""},"class_list":["post-37955","page","type-page","status-publish","has-post-thumbnail","hentry"],"yoast_head":"<!-- This site is optimized with the Yoast SEO plugin v27.4 - https:\/\/yoast.com\/product\/yoast-seo-wordpress\/ -->\n<title>Do\u015bwiadcz swojej samorealizacji - TEST - SMND<\/title>\n<meta name=\"robots\" content=\"noindex, follow, max-snippet:-1, max-image-preview:large, max-video-preview:-1\" \/>\n<meta property=\"og:locale\" content=\"en_US\" \/>\n<meta property=\"og:type\" content=\"article\" \/>\n<meta property=\"og:title\" content=\"Do\u015bwiadcz swojej samorealizacji - TEST - SMND\" \/>\n<meta property=\"og:description\" content=\"Do\u015bwiadcz swojej samorealizacji Potrzebujesz tylko czystego pragnienia \u015ari Matad\u017ai jest jedynym Guru w historii, kt\u00f3ra podczas tysi\u0119cy swoich program\u00f3w publicznych na ca\u0142ym \u015bwiecie umo\u017cliwi\u0142a masowe do\u015bwiadczenie samorealizacji. Miliony ludzi skorzysta\u0142y z tego wyj\u0105tkowego daru, kt\u00f3ry sta\u0142 si\u0119 punktem zwrotnym w ich \u017cyciu. Poszukiwacze uczestnicz\u0105cy w spotkaniach do\u015bwiadczali samorealizacji jako g\u0142\u0119bokiej wewn\u0119trznej ciszy, stanu odpr\u0119\u017cenia, a&hellip; Read more\" \/>\n<meta property=\"og:url\" content=\"https:\/\/shrimataji.org\/test\/pl\/doswiadcz-swojej-samorealizacji\/\" \/>\n<meta property=\"og:site_name\" content=\"TEST - SMND\" \/>\n<meta property=\"article:publisher\" content=\"https:\/\/www.facebook.com\/shrimataji\" \/>\n<meta property=\"article:modified_time\" content=\"2026-04-22T11:11:15+00:00\" \/>\n<meta property=\"og:image\" content=\"https:\/\/shrimataji.org\/test\/wp-content\/uploads\/2023\/03\/3_Banner-SY-Experience-2-scaled.jpg\" \/>\n\t<meta property=\"og:image:width\" content=\"2560\" \/>\n\t<meta property=\"og:image:height\" content=\"905\" \/>\n\t<meta property=\"og:image:type\" content=\"image\/jpeg\" \/>\n<meta name=\"twitter:card\" content=\"summary_large_image\" \/>\n<meta name=\"twitter:site\" content=\"@shrimataji\" \/>\n<meta name=\"twitter:label1\" content=\"Est. reading time\" \/>\n\t<meta name=\"twitter:data1\" content=\"5 minutes\" \/>\n<script type=\"application\/ld+json\" class=\"yoast-schema-graph\">{\"@context\":\"https:\\\/\\\/schema.org\",\"@graph\":[{\"@type\":\"WebPage\",\"@id\":\"https:\\\/\\\/shrimataji.org\\\/test\\\/pl\\\/doswiadcz-swojej-samorealizacji\\\/\",\"url\":\"https:\\\/\\\/shrimataji.org\\\/test\\\/pl\\\/doswiadcz-swojej-samorealizacji\\\/\",\"name\":\"Do\u015bwiadcz swojej samorealizacji - TEST - SMND\",\"isPartOf\":{\"@id\":\"https:\\\/\\\/shrimataji.org\\\/test\\\/#website\"},\"primaryImageOfPage\":{\"@id\":\"https:\\\/\\\/shrimataji.org\\\/test\\\/pl\\\/doswiadcz-swojej-samorealizacji\\\/#primaryimage\"},\"image\":{\"@id\":\"https:\\\/\\\/shrimataji.org\\\/test\\\/pl\\\/doswiadcz-swojej-samorealizacji\\\/#primaryimage\"},\"thumbnailUrl\":\"https:\\\/\\\/shrimataji.org\\\/test\\\/wp-content\\\/uploads\\\/2023\\\/03\\\/3_Banner-SY-Experience-2-scaled.jpg\",\"datePublished\":\"2022-01-23T02:49:35+00:00\",\"dateModified\":\"2026-04-22T11:11:15+00:00\",\"breadcrumb\":{\"@id\":\"https:\\\/\\\/shrimataji.org\\\/test\\\/pl\\\/doswiadcz-swojej-samorealizacji\\\/#breadcrumb\"},\"inLanguage\":\"en-US\",\"potentialAction\":[{\"@type\":\"ReadAction\",\"target\":[\"https:\\\/\\\/shrimataji.org\\\/test\\\/pl\\\/doswiadcz-swojej-samorealizacji\\\/\"]}]},{\"@type\":\"ImageObject\",\"inLanguage\":\"en-US\",\"@id\":\"https:\\\/\\\/shrimataji.org\\\/test\\\/pl\\\/doswiadcz-swojej-samorealizacji\\\/#primaryimage\",\"url\":\"https:\\\/\\\/shrimataji.org\\\/test\\\/wp-content\\\/uploads\\\/2023\\\/03\\\/3_Banner-SY-Experience-2-scaled.jpg\",\"contentUrl\":\"https:\\\/\\\/shrimataji.org\\\/test\\\/wp-content\\\/uploads\\\/2023\\\/03\\\/3_Banner-SY-Experience-2-scaled.jpg\",\"width\":2560,\"height\":905},{\"@type\":\"BreadcrumbList\",\"@id\":\"https:\\\/\\\/shrimataji.org\\\/test\\\/pl\\\/doswiadcz-swojej-samorealizacji\\\/#breadcrumb\",\"itemListElement\":[{\"@type\":\"ListItem\",\"position\":1,\"name\":\"Home\",\"item\":\"https:\\\/\\\/shrimataji.org\\\/test\\\/uk\\\/home-en\\\/\"},{\"@type\":\"ListItem\",\"position\":2,\"name\":\"Do\u015bwiadcz swojej samorealizacji\"}]},{\"@type\":\"WebSite\",\"@id\":\"https:\\\/\\\/shrimataji.org\\\/test\\\/#website\",\"url\":\"https:\\\/\\\/shrimataji.org\\\/test\\\/\",\"name\":\"Shri Mataji Nirmala Devi\",\"description\":\"A Life Dedicated to Humanity\",\"publisher\":{\"@id\":\"https:\\\/\\\/shrimataji.org\\\/test\\\/#\\\/schema\\\/person\\\/a1b3419c6585f164aa96da1ff85715d1\"},\"potentialAction\":[{\"@type\":\"SearchAction\",\"target\":{\"@type\":\"EntryPoint\",\"urlTemplate\":\"https:\\\/\\\/shrimataji.org\\\/test\\\/?s={search_term_string}\"},\"query-input\":{\"@type\":\"PropertyValueSpecification\",\"valueRequired\":true,\"valueName\":\"search_term_string\"}}],\"inLanguage\":\"en-US\"},{\"@type\":[\"Person\",\"Organization\"],\"@id\":\"https:\\\/\\\/shrimataji.org\\\/test\\\/#\\\/schema\\\/person\\\/a1b3419c6585f164aa96da1ff85715d1\",\"name\":\"Nirmala Shrivastava\",\"image\":{\"@type\":\"ImageObject\",\"inLanguage\":\"en-US\",\"@id\":\"https:\\\/\\\/shrimataji.org\\\/test\\\/wp-content\\\/uploads\\\/2023\\\/02\\\/SMO_LOGO-03.svg\",\"url\":\"https:\\\/\\\/shrimataji.org\\\/test\\\/wp-content\\\/uploads\\\/2023\\\/02\\\/SMO_LOGO-03.svg\",\"contentUrl\":\"https:\\\/\\\/shrimataji.org\\\/test\\\/wp-content\\\/uploads\\\/2023\\\/02\\\/SMO_LOGO-03.svg\",\"width\":\"1024\",\"height\":\"1024\",\"caption\":\"Nirmala Shrivastava\"},\"logo\":{\"@id\":\"https:\\\/\\\/shrimataji.org\\\/test\\\/wp-content\\\/uploads\\\/2023\\\/02\\\/SMO_LOGO-03.svg\"},\"sameAs\":[\"https:\\\/\\\/shrimataji.org\\\/test\",\"https:\\\/\\\/www.facebook.com\\\/shrimataji\",\"https:\\\/\\\/x.com\\\/shrimataji\",\"https:\\\/\\\/www.youtube.com\\\/@Shri_Mataji_Nirmala_Devi\\\/featured\"]}]}<\/script>\n<!-- \/ Yoast SEO plugin. -->","yoast_head_json":{"title":"Do\u015bwiadcz swojej samorealizacji - TEST - SMND","robots":{"index":"noindex","follow":"follow","max-snippet":"max-snippet:-1","max-image-preview":"max-image-preview:large","max-video-preview":"max-video-preview:-1"},"og_locale":"en_US","og_type":"article","og_title":"Do\u015bwiadcz swojej samorealizacji - TEST - SMND","og_description":"Do\u015bwiadcz swojej samorealizacji Potrzebujesz tylko czystego pragnienia \u015ari Matad\u017ai jest jedynym Guru w historii, kt\u00f3ra podczas tysi\u0119cy swoich program\u00f3w publicznych na ca\u0142ym \u015bwiecie umo\u017cliwi\u0142a masowe do\u015bwiadczenie samorealizacji. Miliony ludzi skorzysta\u0142y z tego wyj\u0105tkowego daru, kt\u00f3ry sta\u0142 si\u0119 punktem zwrotnym w ich \u017cyciu. Poszukiwacze uczestnicz\u0105cy w spotkaniach do\u015bwiadczali samorealizacji jako g\u0142\u0119bokiej wewn\u0119trznej ciszy, stanu odpr\u0119\u017cenia, a&hellip; Read more","og_url":"https:\/\/shrimataji.org\/test\/pl\/doswiadcz-swojej-samorealizacji\/","og_site_name":"TEST - SMND","article_publisher":"https:\/\/www.facebook.com\/shrimataji","article_modified_time":"2026-04-22T11:11:15+00:00","og_image":[{"width":2560,"height":905,"url":"https:\/\/shrimataji.org\/test\/wp-content\/uploads\/2023\/03\/3_Banner-SY-Experience-2-scaled.jpg","type":"image\/jpeg"}],"twitter_card":"summary_large_image","twitter_site":"@shrimataji","twitter_misc":{"Est. reading time":"5 minutes"},"schema":{"@context":"https:\/\/schema.org","@graph":[{"@type":"WebPage","@id":"https:\/\/shrimataji.org\/test\/pl\/doswiadcz-swojej-samorealizacji\/","url":"https:\/\/shrimataji.org\/test\/pl\/doswiadcz-swojej-samorealizacji\/","name":"Do\u015bwiadcz swojej samorealizacji - TEST - SMND","isPartOf":{"@id":"https:\/\/shrimataji.org\/test\/#website"},"primaryImageOfPage":{"@id":"https:\/\/shrimataji.org\/test\/pl\/doswiadcz-swojej-samorealizacji\/#primaryimage"},"image":{"@id":"https:\/\/shrimataji.org\/test\/pl\/doswiadcz-swojej-samorealizacji\/#primaryimage"},"thumbnailUrl":"https:\/\/shrimataji.org\/test\/wp-content\/uploads\/2023\/03\/3_Banner-SY-Experience-2-scaled.jpg","datePublished":"2022-01-23T02:49:35+00:00","dateModified":"2026-04-22T11:11:15+00:00","breadcrumb":{"@id":"https:\/\/shrimataji.org\/test\/pl\/doswiadcz-swojej-samorealizacji\/#breadcrumb"},"inLanguage":"en-US","potentialAction":[{"@type":"ReadAction","target":["https:\/\/shrimataji.org\/test\/pl\/doswiadcz-swojej-samorealizacji\/"]}]},{"@type":"ImageObject","inLanguage":"en-US","@id":"https:\/\/shrimataji.org\/test\/pl\/doswiadcz-swojej-samorealizacji\/#primaryimage","url":"https:\/\/shrimataji.org\/test\/wp-content\/uploads\/2023\/03\/3_Banner-SY-Experience-2-scaled.jpg","contentUrl":"https:\/\/shrimataji.org\/test\/wp-content\/uploads\/2023\/03\/3_Banner-SY-Experience-2-scaled.jpg","width":2560,"height":905},{"@type":"BreadcrumbList","@id":"https:\/\/shrimataji.org\/test\/pl\/doswiadcz-swojej-samorealizacji\/#breadcrumb","itemListElement":[{"@type":"ListItem","position":1,"name":"Home","item":"https:\/\/shrimataji.org\/test\/uk\/home-en\/"},{"@type":"ListItem","position":2,"name":"Do\u015bwiadcz swojej samorealizacji"}]},{"@type":"WebSite","@id":"https:\/\/shrimataji.org\/test\/#website","url":"https:\/\/shrimataji.org\/test\/","name":"Shri Mataji Nirmala Devi","description":"A Life Dedicated to Humanity","publisher":{"@id":"https:\/\/shrimataji.org\/test\/#\/schema\/person\/a1b3419c6585f164aa96da1ff85715d1"},"potentialAction":[{"@type":"SearchAction","target":{"@type":"EntryPoint","urlTemplate":"https:\/\/shrimataji.org\/test\/?s={search_term_string}"},"query-input":{"@type":"PropertyValueSpecification","valueRequired":true,"valueName":"search_term_string"}}],"inLanguage":"en-US"},{"@type":["Person","Organization"],"@id":"https:\/\/shrimataji.org\/test\/#\/schema\/person\/a1b3419c6585f164aa96da1ff85715d1","name":"Nirmala Shrivastava","image":{"@type":"ImageObject","inLanguage":"en-US","@id":"https:\/\/shrimataji.org\/test\/wp-content\/uploads\/2023\/02\/SMO_LOGO-03.svg","url":"https:\/\/shrimataji.org\/test\/wp-content\/uploads\/2023\/02\/SMO_LOGO-03.svg","contentUrl":"https:\/\/shrimataji.org\/test\/wp-content\/uploads\/2023\/02\/SMO_LOGO-03.svg","width":"1024","height":"1024","caption":"Nirmala Shrivastava"},"logo":{"@id":"https:\/\/shrimataji.org\/test\/wp-content\/uploads\/2023\/02\/SMO_LOGO-03.svg"},"sameAs":["https:\/\/shrimataji.org\/test","https:\/\/www.facebook.com\/shrimataji","https:\/\/x.com\/shrimataji","https:\/\/www.youtube.com\/@Shri_Mataji_Nirmala_Devi\/featured"]}]}},"lang":"pl","translations":{"pl":37955,"ur":37424,"en":7043,"pa":25836,"gu":25439,"th":19936,"hu":19470,"sq":18396,"zh":17293,"hi":8277,"tr":10155,"pt":10368,"de":10642,"fr":10740,"it":10838,"es":10935,"ja":11232,"ru":11420,"bn":11612,"te":11720,"sw":11843,"he":11991,"el":12282,"sk":12380,"fa":12478,"fi":12576,"bg":13413,"ro":14487,"cs":14680,"nl":16556,"ku":16716,"ar":16892,"be":18603,"kn":18877,"mr":20300,"uk":20592,"ml":20891,"ta":22711,"sv":22984,"bs":27284,"fil":29430,"sd":30998,"da":37738,"nn":38290},"pll_sync_post":[],"_links":{"self":[{"href":"https:\/\/shrimataji.org\/test\/wp-json\/wp\/v2\/pages\/37955","targetHints":{"allow":["GET"]}}],"collection":[{"href":"https:\/\/shrimataji.org\/test\/wp-json\/wp\/v2\/pages"}],"about":[{"href":"https:\/\/shrimataji.org\/test\/wp-json\/wp\/v2\/types\/page"}],"author":[{"embeddable":true,"href":"https:\/\/shrimataji.org\/test\/wp-json\/wp\/v2\/users\/1"}],"replies":[{"embeddable":true,"href":"https:\/\/shrimataji.org\/test\/wp-json\/wp\/v2\/comments?post=37955"}],"version-history":[{"count":0,"href":"https:\/\/shrimataji.org\/test\/wp-json\/wp\/v2\/pages\/37955\/revisions"}],"wp:featuredmedia":[{"embeddable":true,"href":"https:\/\/shrimataji.org\/test\/wp-json\/wp\/v2\/media\/37956"}],"wp:attachment":[{"href":"https:\/\/shrimataji.org\/test\/wp-json\/wp\/v2\/media?parent=37955"}],"curies":[{"name":"wp","href":"https:\/\/api.w.org\/{rel}","templated":true}]}}