{"id":37963,"date":"2018-07-10T06:54:42","date_gmt":"2018-07-10T06:54:42","guid":{"rendered":"http:\/\/testwordpress.nirmalnagari.org\/smnd\/index.php\/holistic-health\/"},"modified":"2026-04-22T16:34:42","modified_gmt":"2026-04-22T16:34:42","slug":"holistyczne-podejscie-do-zdrowia","status":"publish","type":"page","link":"https:\/\/shrimataji.org\/test\/pl\/holistyczne-podejscie-do-zdrowia\/","title":{"rendered":"Holistyczne podej\u015bcie do zdrowia"},"content":{"rendered":"\n\n\t<h1>Holistyczne podej\u015bcie do zdrowia<\/h1>\n<h2>Subtelna nauka wewn\u0119trznego uzdrawiania<\/h2>\n\t<h4>Mimo wielu zalet, medycyna konwencjonalna cz\u0119sto zawodzi w g\u0142\u0119bokim i trwa\u0142ym leczeniu zaburze\u0144 psychosomatycznych oraz psychiatrycznych. Dzieje si\u0119 tak, poniewa\u017c skupia si\u0119 ona na objawach, a nie na przyczynach, i leczy je w izolacji, zamiast postrzega\u0107 organizm jako ca\u0142o\u015b\u0107.<\/h4>\n\t<p>\u015ari Matad\u017ai przez kilka lat studiowa\u0142a medycyn\u0119, dop\u00f3ki wydarzenia polityczne po podziale Indii nie zmusi\u0142y Jej do przerwania nauki. Wychowana w tradycji holistycznej, kt\u00f3ra uznaje \u015bcis\u0142y zwi\u0105zek mi\u0119dzy duchowo\u015bci\u0105 a zdrowiem, po\u015bwi\u0119ci\u0142a czas na medytacj\u0119 oraz obserwowanie jej wp\u0142ywu na umys\u0142 i cia\u0142o.<\/p>\n\t<p>W trakcie tych bada\u0144 nie tylko na nowo odkry\u0142a subtelny system energetyczny kana\u0142\u00f3w i splot\u00f3w nerwowych zarz\u0105dzaj\u0105cy ludzkim cia\u0142em, ale tak\u017ce pozna\u0142a klucz do jego zrozumienia: \u017cyciodajn\u0105, matczyn\u0105 energi\u0119, znan\u0105 w staro\u017cytnych pismach indyjskich jako Kundalini. \u015ari Matad\u017ai analizowa\u0142a ludzkie zachowania i ich wp\u0142yw na t\u0119 energi\u0119 oraz na system subtelny. Dostrzeg\u0142a, \u017ce brak wewn\u0119trznej r\u00f3wnowagi prowadzi do skrajnych stan\u00f3w fizycznych, psychicznych i emocjonalnych, co w konsekwencji skutkuje chorobami.<\/p>\n<p>\u015ari Matad\u017ai podkre\u015bla\u0142a, \u017ce cho\u0107 Sahad\u017aa Joga przynosi korzy\u015bci zdrowotne, Jej celem nie jest samo leczenie, lecz przebudzenie w ludziach tej energii i \u015bwiadomo\u015bci poprzez samorealizacj\u0119.<\/p>\n\t<div class=\"su-quote su-quote-style-default\"><div class=\"su-quote-inner su-u-clearfix su-u-trim\">&#8230;Gdy Kundalini przechodzi przez te sze\u015b\u0107 o\u015brodk\u00f3w, o\u015bwieca je, od\u017cywia i integruje &#8211; dzi\u0119ki czemu w pe\u0142ni odzyskujesz zdrowie. To nie jest tak, \u017ce jedna cz\u0119\u015b\u0107 cia\u0142a zostaje uzdrowiona, a inna pomini\u0119ta. Chodzi o ca\u0142kowit\u0105, pe\u0142n\u0105 r\u00f3wnowag\u0119. Ona wprowadza ci\u0119 na centraln\u0105 \u015bcie\u017ck\u0119 harmonii.<\/div><\/div>\n\t\t<iframe loading=\"lazy\" title=\"Holistic Health\" width=\"1920\" height=\"1080\" src=\"https:\/\/www.youtube.com\/embed\/7g9itxwuKiU?feature=oembed\" frameborder=\"0\" allow=\"accelerometer; autoplay; clipboard-write; encrypted-media; gyroscope; picture-in-picture; web-share\" referrerpolicy=\"strict-origin-when-cross-origin\" allowfullscreen><\/iframe>\t\n\t<p>Podczas swoich wyst\u0105pie\u0144 \u015ari Matad\u017ai przedstawia\u0142a ten wewn\u0119trzny system energetyczny jako hipotez\u0119, zach\u0119caj\u0105c s\u0142uchaczy, by nie przyjmowali niczego na wiar\u0119, lecz sprawdzili to z otwartym umys\u0142em. W efekcie coraz wi\u0119cej lekarzy i naukowc\u00f3w praktykuj\u0105cych Sahad\u017aa Jog\u0119, do\u015bwiadczywszy znacznej poprawy w\u0142asnego zdrowia, podj\u0119\u0142o badania w r\u00f3\u017cnych krajach i kontekstach naukowych. Ich wyniki opublikowano w recenzowanych czasopismach medycznych.<\/p>\n\t<p>Dr Ramesh Manocha, australijski lekarz og\u00f3lny i naukowiec z Oddzia\u0142u Terapii Naturalnych w <a href=\"https:\/\/researchingmeditation.org\/meditation-research-summary\/\" target=\"_blank\" rel=\"noopener\">Royal Hospital for Women<\/a> w Sydney, przedstawi\u0142 przekonuj\u0105ce dowody na wp\u0142yw medytacji Sahad\u017aa Joga na leczenie i profilaktyk\u0119 takich schorze\u0144 jak nadci\u015bnienie, dolegliwo\u015bci okresu menopauz<a href=\"#citation-note-1\"><sup>[1]<\/sup><\/a>, objawy stresu<a href=\"#citation-note-2\"><sup>[2]<\/sup><\/a>, ADHD<a href=\"#citation-note-3\"><sup>[3]<\/sup><\/a> and astma<a href=\"#citation-note-4\"><sup>[4]<\/sup><\/a>. Wed\u0142ug dr. Manochy stan ciszy umys\u0142u osi\u0105gany w medytacji Sahad\u017aa Joga wi\u0105\u017ce si\u0119 z \u201eunikalnym wzorcem aktywno\u015bci fizjologicznej&#8221;.<\/p>\n<p>Zaznaczy\u0142 on r\u00f3wnie\u017c, \u017ce spo\u015br\u00f3d wielu metod medytacyjnych i technik relaksacyjnych, to w\u0142a\u015bnie medytacja Sahad\u017aa Joga wykaza\u0142a najwy\u017csz\u0105 skuteczno\u015b\u0107 terapeutyczn\u0105.<\/p>\n\t<div class=\"epyt-video-wrapper\"><div  data-ep-a=\"fadeIn\"  style=\"display: block; margin: 0px auto;\"  id=\"_ytid_87883\"  width=\"3840\" height=\"2160\"  data-origwidth=\"3840\" data-origheight=\"2160\" data-facadesrc=\"https:\/\/www.youtube.com\/embed\/itvKZ5WxrFs?enablejsapi=1&autoplay=0&cc_load_policy=0&cc_lang_pref=&iv_load_policy=1&loop=0&rel=0&fs=1&playsinline=1&autohide=2&theme=dark&color=red&controls=1&disablekb=0&\" class=\"__youtube_prefs__ epyt-facade  no-lazyload\" data-epautoplay=\"1\" ><img decoding=\"async\" data-spai-excluded=\"true\" class=\"epyt-facade-poster skip-lazy\" loading=\"lazy\"  alt=\"YouTube player\"  src=\"https:\/\/i.ytimg.com\/vi\/itvKZ5WxrFs\/maxresdefault.jpg\"  \/><button class=\"epyt-facade-play\" aria-label=\"Play\"><svg data-no-lazy=\"1\" height=\"100%\" version=\"1.1\" viewBox=\"0 0 68 48\" width=\"100%\"><path class=\"ytp-large-play-button-bg\" d=\"M66.52,7.74c-0.78-2.93-2.49-5.41-5.42-6.19C55.79,.13,34,0,34,0S12.21,.13,6.9,1.55 C3.97,2.33,2.27,4.81,1.48,7.74C0.06,13.05,0,24,0,24s0.06,10.95,1.48,16.26c0.78,2.93,2.49,5.41,5.42,6.19 C12.21,47.87,34,48,34,48s21.79-0.13,27.1-1.55c2.93-0.78,4.64-3.26,5.42-6.19C67.94,34.95,68,24,68,24S67.94,13.05,66.52,7.74z\" fill=\"#f00\"><\/path><path d=\"M 45,24 27,14 27,34\" fill=\"#fff\"><\/path><\/svg><\/button><\/div><\/div><span itemprop=\"video\" itemscope itemtype=\"http:\/\/schema.org\/VideoObject\"><meta itemprop=\"embedUrl\" content=\"https:\/\/www.youtube.com\/embed\/itvKZ5WxrFs\"><meta itemprop=\"name\" content=\"Meditation Study Finds Improvement\"><meta itemprop=\"description\" content=\"In an Australian television news report, a quality-of-life study finds that short periods of daily meditation can significantly improve a person&#039;s mental health. Meditation appears to give people a protective effect. Those who have been meditating for two years are more than ten percent better off than non-meditators. Those who do not drink or smoke had even better mental health. More videos at: http:\/\/ShriMataji.org ~ A Life Dedicated to Humanity ~\"><meta itemprop=\"thumbnailUrl\" content=\"https:\/\/i.ytimg.com\/vi\/itvKZ5WxrFs\/0.jpg\"><meta itemprop=\"duration\" content=\"PT1M43S\"><meta itemprop=\"uploadDate\" content=\"2020-07-20T00:07:33Z\"><\/span>\n\t<p>W 1996 roku \u015ari Matad\u017ai za\u0142o\u017cy\u0142a Mi\u0119dzynarodowe Centrum Bada\u0144 i Zdrowia Sahad\u017aa Jogi w Belapur, nieopodal Mumbaju. Klinika ta s\u0142u\u017cy pacjentom z ca\u0142ego \u015bwiata, oferuj\u0105c diagnostyk\u0119 i terapi\u0119 opart\u0105 na technikach Sahad\u017aa Jogi, uzupe\u0142nion\u0105 tradycyjn\u0105 opiek\u0105 ajurwedyjsk\u0105 i alopatyczn\u0105. Stosowanie medytacji w tym o\u015brodku przynios\u0142o znacz\u0105c\u0105 popraw\u0119 jako\u015bci \u017cycia, redukcj\u0119 l\u0119ku oraz lepsz\u0105 kontrol\u0119 ci\u015bnienia krwi w por\u00f3wnaniu z konwencjonaln\u0105 medycyn\u0105 zachodni\u0105<a href=\"#citation-note-5\"><sup>[5]<\/sup><\/a>.<\/p>\n\t<p>\u015ari Matad\u017ai opisa\u0142a ludzki system subtelny jako odwr\u00f3cone drzewo, kt\u00f3re korzenie ma w m\u00f3zgu, a ga\u0142\u0119zie i owoce w ciele. Korzenie systemu energetycznego w m\u00f3zgu poch\u0142aniaj\u0105 energi\u0119 duchow\u0105, by od\u017cywia\u0107 ga\u0142\u0119zie ca\u0142ego organizmu. Ten nieustanny proces wymiany mi\u0119dzy systemem subtelnym w m\u00f3zgu a o\u015brodkami energetycznymi w ciele prowadzi w trakcie medytacji do post\u0119puj\u0105cej r\u00f3wnowagi oraz integracji cia\u0142a i umys\u0142u. Aby drzewo to pozosta\u0142o zdrowe i silne, musimy skierowa\u0107 uwag\u0119 ku korzeniom znajduj\u0105cym si\u0119 w m\u00f3zgu, co osi\u0105ga si\u0119 poprzez praktyk\u0119 medytacji Sahad\u017aa Joga.<\/p>\n\t<div class=\"su-quote su-quote-style-default\"><div class=\"su-quote-inner su-u-clearfix su-u-trim\">Je\u015bli chcesz uzdrowi\u0107 drzewo i zaczniesz nak\u0142ada\u0107 lekarstwo na li\u015bcie, nigdy go nie wyleczysz. Musisz dotrze\u0107 do korzeni.<\/div><\/div>\n\t<hr \/>\n<h3>1. <a href=\"#citation-ref-1\">^<\/a> <a name=\"citation-note-1\"><\/a>Dr Ramesh Manocha, dr Semmar B. Black, \u201eBadanie pilota\u017cowe nad form\u0105 medytacji ciszy umys\u0142u u kobiet w okresie oko\u0142omenopauzalnym&#8221;, Journal of Clinical Psychology in Medical Settings, wrzesie\u0144 2007; 14(3):266-273; e-book: \u201e<a href=\"https:\/\/www.beyondthemind.com\">Silence Your Mind<\/a>&#8220;, wyd. Hachette Australia 2013.<br \/>\n2. <a href=\"#citation-ref-1\">^<\/a> <a name=\"citation-note-2\"><\/a> Dr Ramesh Manocha, Black D, Sarris J, Stough C, \u201eRandomizowane, kontrolowane badanie wp\u0142ywu medytacji na stres zawodowy, l\u0119k i obni\u017cony nastr\u00f3j u pracownik\u00f3w pe\u0142noetatowych&#8221;, Evid Based Complement Alternat Med. 2011.<br \/>\n3. <a href=\"#citation-ref-1\">^<\/a> <a name=\"citation-note-3\"><\/a>Dr Linda J. Harrison, dr Ramesh Manocha, dr Katya Rubia, \u201eMedytacja Sahad\u017aa Joga jako rodzinny program terapeutyczny dla dzieci z zespo\u0142em nadpobudliwo\u015bci psychoruchowej z deficytem uwagi (ADHD)&#8221;, Clinical Child Psychology and Psychiatry 9 (4) (2004).<br \/>\n4. <a href=\"#citation-ref-1\">^<\/a> <a name=\"citation-note-4\"><\/a>Dr Ramesh Manocha, Marks GB, Kenchington P, Peters D i in., \u201eSahad\u017aa Joga w leczeniu astmy o przebiegu umiarkowanym i ci\u0119\u017ckim: randomizowane badanie kontrolowane&#8221;, Thorax, luty 2002; 57(2): 110-5.<br \/>\n5. <a href=\"#citation-ref-1\">^<\/a> <a name=\"citation-note-5\"><\/a>Sheng-Chia Chung PhD, Maria M. Brooks PhD, Madhur Rai MD, Judith L. Balk MD MPH, Sandeep Rai MD, \u201eWp\u0142yw medytacji Sahad\u017aa Joga na jako\u015b\u0107 \u017cycia, l\u0119k i kontrol\u0119 ci\u015bnienia krwi&#8221;, THE JOURNAL OF ALTERNATIVE AND COMPLEMENTARY MEDICINE, t. 18, nr 6, 2012.<\/h3>\n\n","protected":false},"excerpt":{"rendered":"<p>Holistyczne podej\u015bcie do zdrowia Subtelna nauka wewn\u0119trznego uzdrawiania Mimo wielu zalet, medycyna konwencjonalna cz\u0119sto zawodzi w g\u0142\u0119bokim i trwa\u0142ym leczeniu zaburze\u0144 psychosomatycznych oraz psychiatrycznych. Dzieje si\u0119 tak, poniewa\u017c skupia si\u0119 ona na objawach, a nie na przyczynach, i leczy je w izolacji, zamiast postrzega\u0107 organizm jako ca\u0142o\u015b\u0107. \u015ari Matad\u017ai przez kilka lat studiowa\u0142a medycyn\u0119, dop\u00f3ki&hellip; <br \/> <a class=\"read-more\" href=\"https:\/\/shrimataji.org\/test\/pl\/holistyczne-podejscie-do-zdrowia\/\">Read more<\/a><\/p>\n","protected":false},"author":1,"featured_media":37965,"parent":0,"menu_order":0,"comment_status":"closed","ping_status":"closed","template":"pro\/page-templates\/full-width-page.php","meta":{"inline_featured_image":false,"footnotes":""},"class_list":["post-37963","page","type-page","status-publish","has-post-thumbnail","hentry"],"yoast_head":"<!-- This site is optimized with the Yoast SEO plugin v27.4 - https:\/\/yoast.com\/product\/yoast-seo-wordpress\/ -->\n<title>Holistyczne podej\u015bcie do zdrowia - TEST - SMND<\/title>\n<meta name=\"robots\" content=\"noindex, follow, max-snippet:-1, max-image-preview:large, max-video-preview:-1\" \/>\n<meta property=\"og:locale\" content=\"en_US\" \/>\n<meta property=\"og:type\" content=\"article\" \/>\n<meta property=\"og:title\" content=\"Holistyczne podej\u015bcie do zdrowia - TEST - SMND\" \/>\n<meta property=\"og:description\" content=\"Holistyczne podej\u015bcie do zdrowia Subtelna nauka wewn\u0119trznego uzdrawiania Mimo wielu zalet, medycyna konwencjonalna cz\u0119sto zawodzi w g\u0142\u0119bokim i trwa\u0142ym leczeniu zaburze\u0144 psychosomatycznych oraz psychiatrycznych. Dzieje si\u0119 tak, poniewa\u017c skupia si\u0119 ona na objawach, a nie na przyczynach, i leczy je w izolacji, zamiast postrzega\u0107 organizm jako ca\u0142o\u015b\u0107. \u015ari Matad\u017ai przez kilka lat studiowa\u0142a medycyn\u0119, dop\u00f3ki&hellip; Read more\" \/>\n<meta property=\"og:url\" content=\"https:\/\/shrimataji.org\/test\/pl\/holistyczne-podejscie-do-zdrowia\/\" \/>\n<meta property=\"og:site_name\" content=\"TEST - SMND\" \/>\n<meta property=\"article:publisher\" content=\"https:\/\/www.facebook.com\/shrimataji\" \/>\n<meta property=\"article:modified_time\" content=\"2026-04-22T16:34:42+00:00\" \/>\n<meta property=\"og:image\" content=\"https:\/\/shrimataji.org\/test\/wp-content\/uploads\/2018\/07\/media_originals\/images\/headers-general\/holistic-health-foot-soaking-in-the-ocean.jpg\" \/>\n\t<meta property=\"og:image:width\" content=\"990\" \/>\n\t<meta property=\"og:image:height\" content=\"350\" \/>\n\t<meta property=\"og:image:type\" content=\"image\/jpeg\" \/>\n<meta name=\"twitter:card\" content=\"summary_large_image\" \/>\n<meta name=\"twitter:site\" content=\"@shrimataji\" \/>\n<script type=\"application\/ld+json\" class=\"yoast-schema-graph\">{\"@context\":\"https:\\\/\\\/schema.org\",\"@graph\":[{\"@type\":\"WebPage\",\"@id\":\"https:\\\/\\\/shrimataji.org\\\/test\\\/pl\\\/holistyczne-podejscie-do-zdrowia\\\/\",\"url\":\"https:\\\/\\\/shrimataji.org\\\/test\\\/pl\\\/holistyczne-podejscie-do-zdrowia\\\/\",\"name\":\"Holistyczne podej\u015bcie do zdrowia - TEST - SMND\",\"isPartOf\":{\"@id\":\"https:\\\/\\\/shrimataji.org\\\/test\\\/#website\"},\"primaryImageOfPage\":{\"@id\":\"https:\\\/\\\/shrimataji.org\\\/test\\\/pl\\\/holistyczne-podejscie-do-zdrowia\\\/#primaryimage\"},\"image\":{\"@id\":\"https:\\\/\\\/shrimataji.org\\\/test\\\/pl\\\/holistyczne-podejscie-do-zdrowia\\\/#primaryimage\"},\"thumbnailUrl\":\"https:\\\/\\\/shrimataji.org\\\/test\\\/wp-content\\\/uploads\\\/2018\\\/07\\\/media_originals\\\/images\\\/headers-general\\\/holistic-health-foot-soaking-in-the-ocean.jpg\",\"datePublished\":\"2018-07-10T06:54:42+00:00\",\"dateModified\":\"2026-04-22T16:34:42+00:00\",\"breadcrumb\":{\"@id\":\"https:\\\/\\\/shrimataji.org\\\/test\\\/pl\\\/holistyczne-podejscie-do-zdrowia\\\/#breadcrumb\"},\"inLanguage\":\"en-US\",\"potentialAction\":[{\"@type\":\"ReadAction\",\"target\":[\"https:\\\/\\\/shrimataji.org\\\/test\\\/pl\\\/holistyczne-podejscie-do-zdrowia\\\/\"]}]},{\"@type\":\"ImageObject\",\"inLanguage\":\"en-US\",\"@id\":\"https:\\\/\\\/shrimataji.org\\\/test\\\/pl\\\/holistyczne-podejscie-do-zdrowia\\\/#primaryimage\",\"url\":\"https:\\\/\\\/shrimataji.org\\\/test\\\/wp-content\\\/uploads\\\/2018\\\/07\\\/media_originals\\\/images\\\/headers-general\\\/holistic-health-foot-soaking-in-the-ocean.jpg\",\"contentUrl\":\"https:\\\/\\\/shrimataji.org\\\/test\\\/wp-content\\\/uploads\\\/2018\\\/07\\\/media_originals\\\/images\\\/headers-general\\\/holistic-health-foot-soaking-in-the-ocean.jpg\",\"width\":990,\"height\":350},{\"@type\":\"BreadcrumbList\",\"@id\":\"https:\\\/\\\/shrimataji.org\\\/test\\\/pl\\\/holistyczne-podejscie-do-zdrowia\\\/#breadcrumb\",\"itemListElement\":[{\"@type\":\"ListItem\",\"position\":1,\"name\":\"Home\",\"item\":\"https:\\\/\\\/shrimataji.org\\\/test\\\/uk\\\/home-en\\\/\"},{\"@type\":\"ListItem\",\"position\":2,\"name\":\"Holistyczne podej\u015bcie do zdrowia\"}]},{\"@type\":\"WebSite\",\"@id\":\"https:\\\/\\\/shrimataji.org\\\/test\\\/#website\",\"url\":\"https:\\\/\\\/shrimataji.org\\\/test\\\/\",\"name\":\"Shri Mataji Nirmala Devi\",\"description\":\"A Life Dedicated to Humanity\",\"publisher\":{\"@id\":\"https:\\\/\\\/shrimataji.org\\\/test\\\/#\\\/schema\\\/person\\\/a1b3419c6585f164aa96da1ff85715d1\"},\"potentialAction\":[{\"@type\":\"SearchAction\",\"target\":{\"@type\":\"EntryPoint\",\"urlTemplate\":\"https:\\\/\\\/shrimataji.org\\\/test\\\/?s={search_term_string}\"},\"query-input\":{\"@type\":\"PropertyValueSpecification\",\"valueRequired\":true,\"valueName\":\"search_term_string\"}}],\"inLanguage\":\"en-US\"},{\"@type\":[\"Person\",\"Organization\"],\"@id\":\"https:\\\/\\\/shrimataji.org\\\/test\\\/#\\\/schema\\\/person\\\/a1b3419c6585f164aa96da1ff85715d1\",\"name\":\"Nirmala Shrivastava\",\"image\":{\"@type\":\"ImageObject\",\"inLanguage\":\"en-US\",\"@id\":\"https:\\\/\\\/shrimataji.org\\\/test\\\/wp-content\\\/uploads\\\/2023\\\/02\\\/SMO_LOGO-03.svg\",\"url\":\"https:\\\/\\\/shrimataji.org\\\/test\\\/wp-content\\\/uploads\\\/2023\\\/02\\\/SMO_LOGO-03.svg\",\"contentUrl\":\"https:\\\/\\\/shrimataji.org\\\/test\\\/wp-content\\\/uploads\\\/2023\\\/02\\\/SMO_LOGO-03.svg\",\"width\":\"1024\",\"height\":\"1024\",\"caption\":\"Nirmala Shrivastava\"},\"logo\":{\"@id\":\"https:\\\/\\\/shrimataji.org\\\/test\\\/wp-content\\\/uploads\\\/2023\\\/02\\\/SMO_LOGO-03.svg\"},\"sameAs\":[\"https:\\\/\\\/shrimataji.org\\\/test\",\"https:\\\/\\\/www.facebook.com\\\/shrimataji\",\"https:\\\/\\\/x.com\\\/shrimataji\",\"https:\\\/\\\/www.youtube.com\\\/@Shri_Mataji_Nirmala_Devi\\\/featured\"]}]}<\/script>\n<!-- \/ Yoast SEO plugin. -->","yoast_head_json":{"title":"Holistyczne podej\u015bcie do zdrowia - TEST - SMND","robots":{"index":"noindex","follow":"follow","max-snippet":"max-snippet:-1","max-image-preview":"max-image-preview:large","max-video-preview":"max-video-preview:-1"},"og_locale":"en_US","og_type":"article","og_title":"Holistyczne podej\u015bcie do zdrowia - TEST - SMND","og_description":"Holistyczne podej\u015bcie do zdrowia Subtelna nauka wewn\u0119trznego uzdrawiania Mimo wielu zalet, medycyna konwencjonalna cz\u0119sto zawodzi w g\u0142\u0119bokim i trwa\u0142ym leczeniu zaburze\u0144 psychosomatycznych oraz psychiatrycznych. Dzieje si\u0119 tak, poniewa\u017c skupia si\u0119 ona na objawach, a nie na przyczynach, i leczy je w izolacji, zamiast postrzega\u0107 organizm jako ca\u0142o\u015b\u0107. \u015ari Matad\u017ai przez kilka lat studiowa\u0142a medycyn\u0119, dop\u00f3ki&hellip; Read more","og_url":"https:\/\/shrimataji.org\/test\/pl\/holistyczne-podejscie-do-zdrowia\/","og_site_name":"TEST - SMND","article_publisher":"https:\/\/www.facebook.com\/shrimataji","article_modified_time":"2026-04-22T16:34:42+00:00","og_image":[{"width":990,"height":350,"url":"https:\/\/shrimataji.org\/test\/wp-content\/uploads\/2018\/07\/media_originals\/images\/headers-general\/holistic-health-foot-soaking-in-the-ocean.jpg","type":"image\/jpeg"}],"twitter_card":"summary_large_image","twitter_site":"@shrimataji","schema":{"@context":"https:\/\/schema.org","@graph":[{"@type":"WebPage","@id":"https:\/\/shrimataji.org\/test\/pl\/holistyczne-podejscie-do-zdrowia\/","url":"https:\/\/shrimataji.org\/test\/pl\/holistyczne-podejscie-do-zdrowia\/","name":"Holistyczne podej\u015bcie do zdrowia - TEST - SMND","isPartOf":{"@id":"https:\/\/shrimataji.org\/test\/#website"},"primaryImageOfPage":{"@id":"https:\/\/shrimataji.org\/test\/pl\/holistyczne-podejscie-do-zdrowia\/#primaryimage"},"image":{"@id":"https:\/\/shrimataji.org\/test\/pl\/holistyczne-podejscie-do-zdrowia\/#primaryimage"},"thumbnailUrl":"https:\/\/shrimataji.org\/test\/wp-content\/uploads\/2018\/07\/media_originals\/images\/headers-general\/holistic-health-foot-soaking-in-the-ocean.jpg","datePublished":"2018-07-10T06:54:42+00:00","dateModified":"2026-04-22T16:34:42+00:00","breadcrumb":{"@id":"https:\/\/shrimataji.org\/test\/pl\/holistyczne-podejscie-do-zdrowia\/#breadcrumb"},"inLanguage":"en-US","potentialAction":[{"@type":"ReadAction","target":["https:\/\/shrimataji.org\/test\/pl\/holistyczne-podejscie-do-zdrowia\/"]}]},{"@type":"ImageObject","inLanguage":"en-US","@id":"https:\/\/shrimataji.org\/test\/pl\/holistyczne-podejscie-do-zdrowia\/#primaryimage","url":"https:\/\/shrimataji.org\/test\/wp-content\/uploads\/2018\/07\/media_originals\/images\/headers-general\/holistic-health-foot-soaking-in-the-ocean.jpg","contentUrl":"https:\/\/shrimataji.org\/test\/wp-content\/uploads\/2018\/07\/media_originals\/images\/headers-general\/holistic-health-foot-soaking-in-the-ocean.jpg","width":990,"height":350},{"@type":"BreadcrumbList","@id":"https:\/\/shrimataji.org\/test\/pl\/holistyczne-podejscie-do-zdrowia\/#breadcrumb","itemListElement":[{"@type":"ListItem","position":1,"name":"Home","item":"https:\/\/shrimataji.org\/test\/uk\/home-en\/"},{"@type":"ListItem","position":2,"name":"Holistyczne podej\u015bcie do zdrowia"}]},{"@type":"WebSite","@id":"https:\/\/shrimataji.org\/test\/#website","url":"https:\/\/shrimataji.org\/test\/","name":"Shri Mataji Nirmala Devi","description":"A Life Dedicated to Humanity","publisher":{"@id":"https:\/\/shrimataji.org\/test\/#\/schema\/person\/a1b3419c6585f164aa96da1ff85715d1"},"potentialAction":[{"@type":"SearchAction","target":{"@type":"EntryPoint","urlTemplate":"https:\/\/shrimataji.org\/test\/?s={search_term_string}"},"query-input":{"@type":"PropertyValueSpecification","valueRequired":true,"valueName":"search_term_string"}}],"inLanguage":"en-US"},{"@type":["Person","Organization"],"@id":"https:\/\/shrimataji.org\/test\/#\/schema\/person\/a1b3419c6585f164aa96da1ff85715d1","name":"Nirmala Shrivastava","image":{"@type":"ImageObject","inLanguage":"en-US","@id":"https:\/\/shrimataji.org\/test\/wp-content\/uploads\/2023\/02\/SMO_LOGO-03.svg","url":"https:\/\/shrimataji.org\/test\/wp-content\/uploads\/2023\/02\/SMO_LOGO-03.svg","contentUrl":"https:\/\/shrimataji.org\/test\/wp-content\/uploads\/2023\/02\/SMO_LOGO-03.svg","width":"1024","height":"1024","caption":"Nirmala Shrivastava"},"logo":{"@id":"https:\/\/shrimataji.org\/test\/wp-content\/uploads\/2023\/02\/SMO_LOGO-03.svg"},"sameAs":["https:\/\/shrimataji.org\/test","https:\/\/www.facebook.com\/shrimataji","https:\/\/x.com\/shrimataji","https:\/\/www.youtube.com\/@Shri_Mataji_Nirmala_Devi\/featured"]}]}},"lang":"pl","translations":{"pl":37963,"ur":37436,"en":403,"am":18008,"th":19955,"hu":19485,"sq":18409,"zh":17306,"hi":8491,"tr":10165,"pt":10377,"de":10651,"fr":10749,"it":10847,"es":10944,"ja":11241,"ru":11429,"bn":11621,"te":11729,"sw":11852,"he":12000,"el":12291,"sk":12389,"fa":12487,"fi":12585,"bg":13478,"ro":14550,"cs":14743,"nl":16569,"ku":16729,"ar":16905,"be":18616,"kn":18890,"mr":20319,"uk":20611,"ml":20908,"ta":22724,"sv":22997,"gu":28843,"pa":29001,"fil":29443,"da":37748,"nn":38300},"pll_sync_post":[],"_links":{"self":[{"href":"https:\/\/shrimataji.org\/test\/wp-json\/wp\/v2\/pages\/37963","targetHints":{"allow":["GET"]}}],"collection":[{"href":"https:\/\/shrimataji.org\/test\/wp-json\/wp\/v2\/pages"}],"about":[{"href":"https:\/\/shrimataji.org\/test\/wp-json\/wp\/v2\/types\/page"}],"author":[{"embeddable":true,"href":"https:\/\/shrimataji.org\/test\/wp-json\/wp\/v2\/users\/1"}],"replies":[{"embeddable":true,"href":"https:\/\/shrimataji.org\/test\/wp-json\/wp\/v2\/comments?post=37963"}],"version-history":[{"count":0,"href":"https:\/\/shrimataji.org\/test\/wp-json\/wp\/v2\/pages\/37963\/revisions"}],"wp:featuredmedia":[{"embeddable":true,"href":"https:\/\/shrimataji.org\/test\/wp-json\/wp\/v2\/media\/37965"}],"wp:attachment":[{"href":"https:\/\/shrimataji.org\/test\/wp-json\/wp\/v2\/media?parent=37963"}],"curies":[{"name":"wp","href":"https:\/\/api.w.org\/{rel}","templated":true}]}}