{"id":37966,"date":"2018-07-10T06:54:50","date_gmt":"2018-07-10T06:54:50","guid":{"rendered":"http:\/\/testwordpress.nirmalnagari.org\/smnd\/index.php\/house-and-home\/"},"modified":"2026-04-15T10:40:54","modified_gmt":"2026-04-15T10:40:54","slug":"dom-i-ognisko-domowe","status":"publish","type":"page","link":"https:\/\/shrimataji.org\/test\/pl\/dom-i-ognisko-domowe\/","title":{"rendered":"Dom i ognisko domowe"},"content":{"rendered":"\n\n\t<h1>Dom i ognisko domowe<\/h1>\n<h2>Gdzie ca\u0142y \u015bwiat jest rodzin\u0105<\/h2>\n<figure itemscope itemtype=\"https:\/\/schema.org\/ImageObject\">\n\t\t\t\t<img decoding=\"async\" src=\"https:\/\/shrimataji.org\/test\/wp-content\/uploads\/2024\/11\/EN_shri-mataji-in-england.jpg\" alt=\"Shri Mataji with musicians in England\" height=\"1044\" width=\"1500\" title=\"EN_shri-mataji-in-england\" onerror=\"this.style.display='none'\" loading=\"lazy\" \/>\n\t\t<figcaption>\u015ari Matad\u017ai z muzykami w Anglii<\/figcaption>\n\t<\/figure>\n\t<p>M\u0142odszy brat \u015ari Matad\u017ai, Hemant Prasad Rao (\u201eH.P.&#8221;) Salve, cz\u0119sto go\u015bci\u0142 u Niej, przygotowuj\u0105c si\u0119 do egzamin\u00f3w z ksi\u0119gowo\u015bci. Pan Salve wspomina\u0142 trosk\u0119 i uwag\u0119, jak\u0105 siostra mu wtedy po\u015bwi\u0119ca\u0142a &#8211; nie k\u0142ad\u0142a si\u0119 spa\u0107 do p\u00f3\u017ana, by przygotowa\u0107 mu zwyczajow\u0105 fili\u017cank\u0119 herbaty o p\u00f3\u0142nocy. Najpierw k\u0142ad\u0142a spa\u0107 swoje c\u00f3rki, a potem \u201e&#8230;po masowaniu mojej g\u0142owy przez oko\u0142o godzin\u0119, sz\u0142a przygotowa\u0107 fili\u017cank\u0119 gor\u0105cej herbaty i mi j\u0105 podawa\u0142a&#8221;.<a href=\"#citation-note-1\"><sup>[1]<\/sup><\/a><\/p>\n<p>Po egzaminach \u015ari Matad\u017ai zabiera\u0142a brata na koncerty wybitnych muzyk\u00f3w. Pe\u0142ni\u0142a funkcj\u0119 wiceprezes Sur Singar Samsad &#8211; organizacji kulturalnej promuj\u0105cej wyst\u0119py muzyczne (obecnie mo\u017cna j\u0105 znale\u017a\u0107 na Facebooku) &#8211; oraz by\u0142a cz\u0142onkini\u0105 Music Club of Bombay i cz\u0119sto otrzymywa\u0142a zaproszenia na rozmaite koncerty. Pan Salve wspomina\u0142, jak wielkim przywilejem by\u0142a mo\u017cliwo\u015b\u0107 s\u0142uchania tak wspania\u0142ych artyst\u00f3w jak Bismillah Khan, Amir Khan, Bhinsen Joshi, \u015aivkumar Sharma czy Vilayat Khan. Wiele lat p\u00f3\u017aniej wybitni muzycy, tacy jak Amjad Ali Khan, Hariprasad Chaurasia czy Debu Chaudhari, grali dla \u015ari Matad\u017ai osobi\u015bcie.<\/p>\n<figure itemscope itemtype=\"https:\/\/schema.org\/ImageObject\">\n\t\t\t\t<img decoding=\"async\" src=\"https:\/\/shrimataji.org\/test\/wp-content\/uploads\/2024\/11\/EN_shri-mataji-with-her-brother-hp-salve-babamama.jpg\" alt=\"Shri Mataji with Babamama- HP Salve\" height=\"422\" width=\"640\" title=\"EN_shri-mataji-with-her-brother-hp-salve-babamama\" onerror=\"this.style.display='none'\" loading=\"lazy\" \/>\n\t\t<figcaption>\u015ari Matad\u017ai z Babamam\u0105 &#8211; H.P. Salve<\/figcaption>\n\t<\/figure>\n\t<p>W 1961 roku \u015ari Matad\u017ai za\u0142o\u017cy\u0142a \u201eM\u0142odzie\u017cowe Towarzystwo Filmowe&#8221; (Youth Society for Films), aby krzewi\u0107 w\u015br\u00f3d m\u0142odych ludzi warto\u015bci narodowe, spo\u0142eczne i moralne. By\u0142a tak\u017ce cz\u0142onkini\u0105 komisji cenzury filmowej (Film Censor Board) w Mumbaju.<\/p>\n<figure itemscope itemtype=\"https:\/\/schema.org\/ImageObject\">\n\t\t\t\t<img decoding=\"async\" src=\"https:\/\/shrimataji.org\/test\/wp-content\/uploads\/2024\/11\/EN_shri-mataji-attending-the-film-fare-award-ceremony-in-bombay.jpg\" alt=\"Shri Mataji attending the FilmFare Awards in Mumbai, 1970s\" height=\"446\" width=\"663\" title=\"EN_shri-mataji-attending-the-film-fare-award-ceremony-in-bombay\" onerror=\"this.style.display='none'\" loading=\"lazy\" \/>\n\t\t<figcaption>\u015ari Matad\u017ai na gali rozdania nagr\u00f3d FilmFare w Mumbaju, lata 70.<\/figcaption>\n\t<\/figure>\n<figure itemscope itemtype=\"https:\/\/schema.org\/ImageObject\">\n\t\t\t\t<img decoding=\"async\" src=\"https:\/\/shrimataji.org\/test\/wp-content\/uploads\/2024\/11\/EN_shri-mataji-nirmala-devi-with-indian-film-board-members-in-mumbai.jpg\" alt=\"Shri Mataji with members of the Film Award Board in Mumbai\" height=\"512\" width=\"648\" title=\"EN_shri-mataji-nirmala-devi-with-indian-film-board-members-in-mumbai\" onerror=\"this.style.display='none'\" loading=\"lazy\" \/>\n\t\t<figcaption>\u015ari Matad\u017ai z cz\u0142onkami komitetu nagr\u00f3d filmowych w Mumbaju<\/figcaption>\n\t<\/figure>\n\t<p>\u201e&#8230; \u015ari Matad\u017ai rozpocz\u0119\u0142a budow\u0119 domu w Lucknow&#8221; &#8211; wspomina\u0142 H.P. Salve. Gdy podr\u00f3\u017cowa\u0142a do Jabalpur, by kupi\u0107 marmur w du\u017cych ilo\u015bciach, cz\u0119sto jej towarzyszy\u0142. Zauwa\u017cy\u0142 wtedy Jej praktyczny zmys\u0142 w pozyskiwaniu u \u017ar\u00f3d\u0142a wysokiej jako\u015bci, estetycznych materia\u0142\u00f3w w doskona\u0142ej cenie. Umiej\u0119tno\u015b\u0107 ta przydawa\u0142a si\u0119 Jej przez lata, gdy nadzorowa\u0142a budow\u0119 i renowacj\u0119 wielu dom\u00f3w. Odnawianie podupad\u0142ych nieruchomo\u015bci sta\u0142o si\u0119 charakterystycznym elementem p\u00f3\u017aniejszego \u017cycia \u015ari Matad\u017ai &#8211; podobnie jak Jej zdolno\u015b\u0107 przyjmowania pod sw\u00f3j dach os\u00f3b skrzywdzonych przez los i pomagania im w odzyskaniu r\u00f3wnowagi i zdrowia.<\/p>\n<figure itemscope itemtype=\"https:\/\/schema.org\/ImageObject\">\n\t\t\t\t<img decoding=\"async\" src=\"https:\/\/shrimataji.org\/test\/wp-content\/uploads\/2024\/11\/EN_Prasthisthan_Outside.jpg\" alt=\"Shri Mataji&#039;s house in Prathisthan, Pune\" height=\"1333\" width=\"2000\" title=\"EN_Prasthisthan_Outside\" onerror=\"this.style.display='none'\" loading=\"lazy\" \/>\n\t\t<figcaption>Dom \u015ari Matad\u017ai w Pratishthan, Pune<\/figcaption>\n\t<\/figure>\n<figure itemscope itemtype=\"https:\/\/schema.org\/ImageObject\">\n\t\t\t\t<img decoding=\"async\" src=\"https:\/\/shrimataji.org\/test\/wp-content\/uploads\/2024\/11\/EN_Prasthisthan_Inside1.jpg\" alt=\"Shri Mataji&#039;s house in Prathisthan, Pune\" height=\"800\" width=\"1200\" title=\"EN_Prasthisthan_Inside1\" onerror=\"this.style.display='none'\" loading=\"lazy\" \/>\n\t\t<figcaption>Dom \u015ari Matad\u017ai w Pratishthan, Pune<\/figcaption>\n\t<\/figure>\n\t<p>Pan Salve napisa\u0142 w swoich wspomnieniach: \u201ePo zam\u00f3wieniu marmuru pojechali\u015bmy odwiedzi\u0107 nasz\u0105 kuzynk\u0119. Jej c\u00f3rka by\u0142a studentk\u0105 profesora w lokalnym Robertson College, kt\u00f3ry prowadzi\u0142 wyk\u0142ady duchowe. Wiedz\u0105c o duchowych zainteresowaniach \u015ari Matad\u017ai, kuzynka zaaran\u017cowa\u0142a spotkanie z tym profesorem. Gdy tylko ujrza\u0142 on Nirmal\u0119, podbieg\u0142 do Niej z roz\u0142o\u017conymi ramionami, wo\u0142aj\u0105c: \u00abO Matko! Tak d\u0142ugo czeka\u0142em na spotkanie z Tob\u0105! Dzi\u015b moje marzenie si\u0119 spe\u0142ni\u0142o\u00bb. M\u00f3wi\u0105c to, pad\u0142 do st\u00f3p \u015ari Matad\u017ai. By\u0142em tego naocznym \u015bwiadkiem, podobnie jak moja kuzynka i jej c\u00f3rka&#8221;.<\/p>\n<p>By\u0142o to w 1961 roku, zanim \u015ari Matad\u017ai rozpocz\u0119\u0142a swoj\u0105 publiczn\u0105 dzia\u0142alno\u015b\u0107 duchow\u0105. Jako kochaj\u0105ca i oddana \u017cona oraz matka, czeka\u0142a, a\u017c Jej dwie c\u00f3rki dorosn\u0105 i wyjd\u0105 za m\u0105\u017c.<\/p>\n\t<div class=\"su-quote su-quote-style-default\"><div class=\"su-quote-inner su-u-clearfix su-u-trim\"> Aby zaprowadzi\u0107 porz\u0105dek na \u015bwiecie, musimy najpierw uporz\u0105dkowa\u0107 nar\u00f3d. Aby uporz\u0105dkowa\u0107 nar\u00f3d, musimy najpierw uporz\u0105dkowa\u0107 rodzin\u0119. Aby uporz\u0105dkowa\u0107 rodzin\u0119, musimy najpierw uporz\u0105dkowa\u0107 w\u0142asne \u017cycie. A aby uporz\u0105dkowa\u0107 w\u0142asne \u017cycie, musimy najpierw uporz\u0105dkowa\u0107 swoje serca.<\/p>\n<p>Konfucjusz<\/p>\n<\/div><\/div>\n\t<hr \/>\n<h3>1. <a href=\"#citation-ref-1\">^<\/a> <a name=\"citation-note-1\"><\/a>H.P. Salve, \u201eMoje wspomnienia&#8221;, Nowe Delhi: Life Eternal Trust, 2000.<\/h3>\n\n","protected":false},"excerpt":{"rendered":"<p>Dom i ognisko domowe Gdzie ca\u0142y \u015bwiat jest rodzin\u0105 \u015ari Matad\u017ai z muzykami w Anglii M\u0142odszy brat \u015ari Matad\u017ai, Hemant Prasad Rao (\u201eH.P.&#8221;) Salve, cz\u0119sto go\u015bci\u0142 u Niej, przygotowuj\u0105c si\u0119 do egzamin\u00f3w z ksi\u0119gowo\u015bci. Pan Salve wspomina\u0142 trosk\u0119 i uwag\u0119, jak\u0105 siostra mu wtedy po\u015bwi\u0119ca\u0142a &#8211; nie k\u0142ad\u0142a si\u0119 spa\u0107 do p\u00f3\u017ana, by przygotowa\u0107 mu&hellip; <br \/> <a class=\"read-more\" href=\"https:\/\/shrimataji.org\/test\/pl\/dom-i-ognisko-domowe\/\">Read more<\/a><\/p>\n","protected":false},"author":1,"featured_media":37967,"parent":0,"menu_order":0,"comment_status":"closed","ping_status":"closed","template":"","meta":{"inline_featured_image":false,"footnotes":""},"class_list":["post-37966","page","type-page","status-publish","has-post-thumbnail","hentry"],"yoast_head":"<!-- This site is optimized with the Yoast SEO plugin v27.4 - https:\/\/yoast.com\/product\/yoast-seo-wordpress\/ -->\n<title>Dom i ognisko domowe - TEST - SMND<\/title>\n<meta name=\"robots\" content=\"noindex, follow, max-snippet:-1, max-image-preview:large, max-video-preview:-1\" \/>\n<meta property=\"og:locale\" content=\"en_US\" \/>\n<meta property=\"og:type\" content=\"article\" \/>\n<meta property=\"og:title\" content=\"Dom i ognisko domowe - TEST - SMND\" \/>\n<meta property=\"og:description\" content=\"Dom i ognisko domowe Gdzie ca\u0142y \u015bwiat jest rodzin\u0105 \u015ari Matad\u017ai z muzykami w Anglii M\u0142odszy brat \u015ari Matad\u017ai, Hemant Prasad Rao (\u201eH.P.&#8221;) Salve, cz\u0119sto go\u015bci\u0142 u Niej, przygotowuj\u0105c si\u0119 do egzamin\u00f3w z ksi\u0119gowo\u015bci. Pan Salve wspomina\u0142 trosk\u0119 i uwag\u0119, jak\u0105 siostra mu wtedy po\u015bwi\u0119ca\u0142a &#8211; nie k\u0142ad\u0142a si\u0119 spa\u0107 do p\u00f3\u017ana, by przygotowa\u0107 mu&hellip; Read more\" \/>\n<meta property=\"og:url\" content=\"https:\/\/shrimataji.org\/test\/pl\/dom-i-ognisko-domowe\/\" \/>\n<meta property=\"og:site_name\" content=\"TEST - SMND\" \/>\n<meta property=\"article:publisher\" content=\"https:\/\/www.facebook.com\/shrimataji\" \/>\n<meta property=\"article:modified_time\" content=\"2026-04-15T10:40:54+00:00\" \/>\n<meta property=\"og:image\" content=\"https:\/\/shrimataji.org\/test\/wp-content\/uploads\/2023\/03\/3_Banner_EarlyLife-House-scaled.jpg\" \/>\n\t<meta property=\"og:image:width\" content=\"2560\" \/>\n\t<meta property=\"og:image:height\" content=\"905\" \/>\n\t<meta property=\"og:image:type\" content=\"image\/jpeg\" \/>\n<meta name=\"twitter:card\" content=\"summary_large_image\" \/>\n<meta name=\"twitter:site\" content=\"@shrimataji\" \/>\n<meta name=\"twitter:label1\" content=\"Est. reading time\" \/>\n\t<meta name=\"twitter:data1\" content=\"4 minutes\" \/>\n<script type=\"application\/ld+json\" class=\"yoast-schema-graph\">{\"@context\":\"https:\\\/\\\/schema.org\",\"@graph\":[{\"@type\":\"WebPage\",\"@id\":\"https:\\\/\\\/shrimataji.org\\\/test\\\/pl\\\/dom-i-ognisko-domowe\\\/\",\"url\":\"https:\\\/\\\/shrimataji.org\\\/test\\\/pl\\\/dom-i-ognisko-domowe\\\/\",\"name\":\"Dom i ognisko domowe - TEST - SMND\",\"isPartOf\":{\"@id\":\"https:\\\/\\\/shrimataji.org\\\/test\\\/#website\"},\"primaryImageOfPage\":{\"@id\":\"https:\\\/\\\/shrimataji.org\\\/test\\\/pl\\\/dom-i-ognisko-domowe\\\/#primaryimage\"},\"image\":{\"@id\":\"https:\\\/\\\/shrimataji.org\\\/test\\\/pl\\\/dom-i-ognisko-domowe\\\/#primaryimage\"},\"thumbnailUrl\":\"https:\\\/\\\/shrimataji.org\\\/test\\\/wp-content\\\/uploads\\\/2023\\\/03\\\/3_Banner_EarlyLife-House-scaled.jpg\",\"datePublished\":\"2018-07-10T06:54:50+00:00\",\"dateModified\":\"2026-04-15T10:40:54+00:00\",\"breadcrumb\":{\"@id\":\"https:\\\/\\\/shrimataji.org\\\/test\\\/pl\\\/dom-i-ognisko-domowe\\\/#breadcrumb\"},\"inLanguage\":\"en-US\",\"potentialAction\":[{\"@type\":\"ReadAction\",\"target\":[\"https:\\\/\\\/shrimataji.org\\\/test\\\/pl\\\/dom-i-ognisko-domowe\\\/\"]}]},{\"@type\":\"ImageObject\",\"inLanguage\":\"en-US\",\"@id\":\"https:\\\/\\\/shrimataji.org\\\/test\\\/pl\\\/dom-i-ognisko-domowe\\\/#primaryimage\",\"url\":\"https:\\\/\\\/shrimataji.org\\\/test\\\/wp-content\\\/uploads\\\/2023\\\/03\\\/3_Banner_EarlyLife-House-scaled.jpg\",\"contentUrl\":\"https:\\\/\\\/shrimataji.org\\\/test\\\/wp-content\\\/uploads\\\/2023\\\/03\\\/3_Banner_EarlyLife-House-scaled.jpg\",\"width\":2560,\"height\":905},{\"@type\":\"BreadcrumbList\",\"@id\":\"https:\\\/\\\/shrimataji.org\\\/test\\\/pl\\\/dom-i-ognisko-domowe\\\/#breadcrumb\",\"itemListElement\":[{\"@type\":\"ListItem\",\"position\":1,\"name\":\"Home\",\"item\":\"https:\\\/\\\/shrimataji.org\\\/test\\\/uk\\\/home-en\\\/\"},{\"@type\":\"ListItem\",\"position\":2,\"name\":\"Dom i ognisko domowe\"}]},{\"@type\":\"WebSite\",\"@id\":\"https:\\\/\\\/shrimataji.org\\\/test\\\/#website\",\"url\":\"https:\\\/\\\/shrimataji.org\\\/test\\\/\",\"name\":\"Shri Mataji Nirmala Devi\",\"description\":\"A Life Dedicated to Humanity\",\"publisher\":{\"@id\":\"https:\\\/\\\/shrimataji.org\\\/test\\\/#\\\/schema\\\/person\\\/a1b3419c6585f164aa96da1ff85715d1\"},\"potentialAction\":[{\"@type\":\"SearchAction\",\"target\":{\"@type\":\"EntryPoint\",\"urlTemplate\":\"https:\\\/\\\/shrimataji.org\\\/test\\\/?s={search_term_string}\"},\"query-input\":{\"@type\":\"PropertyValueSpecification\",\"valueRequired\":true,\"valueName\":\"search_term_string\"}}],\"inLanguage\":\"en-US\"},{\"@type\":[\"Person\",\"Organization\"],\"@id\":\"https:\\\/\\\/shrimataji.org\\\/test\\\/#\\\/schema\\\/person\\\/a1b3419c6585f164aa96da1ff85715d1\",\"name\":\"Nirmala Shrivastava\",\"image\":{\"@type\":\"ImageObject\",\"inLanguage\":\"en-US\",\"@id\":\"https:\\\/\\\/shrimataji.org\\\/test\\\/wp-content\\\/uploads\\\/2023\\\/02\\\/SMO_LOGO-03.svg\",\"url\":\"https:\\\/\\\/shrimataji.org\\\/test\\\/wp-content\\\/uploads\\\/2023\\\/02\\\/SMO_LOGO-03.svg\",\"contentUrl\":\"https:\\\/\\\/shrimataji.org\\\/test\\\/wp-content\\\/uploads\\\/2023\\\/02\\\/SMO_LOGO-03.svg\",\"width\":\"1024\",\"height\":\"1024\",\"caption\":\"Nirmala Shrivastava\"},\"logo\":{\"@id\":\"https:\\\/\\\/shrimataji.org\\\/test\\\/wp-content\\\/uploads\\\/2023\\\/02\\\/SMO_LOGO-03.svg\"},\"sameAs\":[\"https:\\\/\\\/shrimataji.org\\\/test\",\"https:\\\/\\\/www.facebook.com\\\/shrimataji\",\"https:\\\/\\\/x.com\\\/shrimataji\",\"https:\\\/\\\/www.youtube.com\\\/@Shri_Mataji_Nirmala_Devi\\\/featured\"]}]}<\/script>\n<!-- \/ Yoast SEO plugin. -->","yoast_head_json":{"title":"Dom i ognisko domowe - TEST - SMND","robots":{"index":"noindex","follow":"follow","max-snippet":"max-snippet:-1","max-image-preview":"max-image-preview:large","max-video-preview":"max-video-preview:-1"},"og_locale":"en_US","og_type":"article","og_title":"Dom i ognisko domowe - TEST - SMND","og_description":"Dom i ognisko domowe Gdzie ca\u0142y \u015bwiat jest rodzin\u0105 \u015ari Matad\u017ai z muzykami w Anglii M\u0142odszy brat \u015ari Matad\u017ai, Hemant Prasad Rao (\u201eH.P.&#8221;) Salve, cz\u0119sto go\u015bci\u0142 u Niej, przygotowuj\u0105c si\u0119 do egzamin\u00f3w z ksi\u0119gowo\u015bci. Pan Salve wspomina\u0142 trosk\u0119 i uwag\u0119, jak\u0105 siostra mu wtedy po\u015bwi\u0119ca\u0142a &#8211; nie k\u0142ad\u0142a si\u0119 spa\u0107 do p\u00f3\u017ana, by przygotowa\u0107 mu&hellip; Read more","og_url":"https:\/\/shrimataji.org\/test\/pl\/dom-i-ognisko-domowe\/","og_site_name":"TEST - SMND","article_publisher":"https:\/\/www.facebook.com\/shrimataji","article_modified_time":"2026-04-15T10:40:54+00:00","og_image":[{"width":2560,"height":905,"url":"https:\/\/shrimataji.org\/test\/wp-content\/uploads\/2023\/03\/3_Banner_EarlyLife-House-scaled.jpg","type":"image\/jpeg"}],"twitter_card":"summary_large_image","twitter_site":"@shrimataji","twitter_misc":{"Est. reading time":"4 minutes"},"schema":{"@context":"https:\/\/schema.org","@graph":[{"@type":"WebPage","@id":"https:\/\/shrimataji.org\/test\/pl\/dom-i-ognisko-domowe\/","url":"https:\/\/shrimataji.org\/test\/pl\/dom-i-ognisko-domowe\/","name":"Dom i ognisko domowe - TEST - SMND","isPartOf":{"@id":"https:\/\/shrimataji.org\/test\/#website"},"primaryImageOfPage":{"@id":"https:\/\/shrimataji.org\/test\/pl\/dom-i-ognisko-domowe\/#primaryimage"},"image":{"@id":"https:\/\/shrimataji.org\/test\/pl\/dom-i-ognisko-domowe\/#primaryimage"},"thumbnailUrl":"https:\/\/shrimataji.org\/test\/wp-content\/uploads\/2023\/03\/3_Banner_EarlyLife-House-scaled.jpg","datePublished":"2018-07-10T06:54:50+00:00","dateModified":"2026-04-15T10:40:54+00:00","breadcrumb":{"@id":"https:\/\/shrimataji.org\/test\/pl\/dom-i-ognisko-domowe\/#breadcrumb"},"inLanguage":"en-US","potentialAction":[{"@type":"ReadAction","target":["https:\/\/shrimataji.org\/test\/pl\/dom-i-ognisko-domowe\/"]}]},{"@type":"ImageObject","inLanguage":"en-US","@id":"https:\/\/shrimataji.org\/test\/pl\/dom-i-ognisko-domowe\/#primaryimage","url":"https:\/\/shrimataji.org\/test\/wp-content\/uploads\/2023\/03\/3_Banner_EarlyLife-House-scaled.jpg","contentUrl":"https:\/\/shrimataji.org\/test\/wp-content\/uploads\/2023\/03\/3_Banner_EarlyLife-House-scaled.jpg","width":2560,"height":905},{"@type":"BreadcrumbList","@id":"https:\/\/shrimataji.org\/test\/pl\/dom-i-ognisko-domowe\/#breadcrumb","itemListElement":[{"@type":"ListItem","position":1,"name":"Home","item":"https:\/\/shrimataji.org\/test\/uk\/home-en\/"},{"@type":"ListItem","position":2,"name":"Dom i ognisko domowe"}]},{"@type":"WebSite","@id":"https:\/\/shrimataji.org\/test\/#website","url":"https:\/\/shrimataji.org\/test\/","name":"Shri Mataji Nirmala Devi","description":"A Life Dedicated to Humanity","publisher":{"@id":"https:\/\/shrimataji.org\/test\/#\/schema\/person\/a1b3419c6585f164aa96da1ff85715d1"},"potentialAction":[{"@type":"SearchAction","target":{"@type":"EntryPoint","urlTemplate":"https:\/\/shrimataji.org\/test\/?s={search_term_string}"},"query-input":{"@type":"PropertyValueSpecification","valueRequired":true,"valueName":"search_term_string"}}],"inLanguage":"en-US"},{"@type":["Person","Organization"],"@id":"https:\/\/shrimataji.org\/test\/#\/schema\/person\/a1b3419c6585f164aa96da1ff85715d1","name":"Nirmala Shrivastava","image":{"@type":"ImageObject","inLanguage":"en-US","@id":"https:\/\/shrimataji.org\/test\/wp-content\/uploads\/2023\/02\/SMO_LOGO-03.svg","url":"https:\/\/shrimataji.org\/test\/wp-content\/uploads\/2023\/02\/SMO_LOGO-03.svg","contentUrl":"https:\/\/shrimataji.org\/test\/wp-content\/uploads\/2023\/02\/SMO_LOGO-03.svg","width":"1024","height":"1024","caption":"Nirmala Shrivastava"},"logo":{"@id":"https:\/\/shrimataji.org\/test\/wp-content\/uploads\/2023\/02\/SMO_LOGO-03.svg"},"sameAs":["https:\/\/shrimataji.org\/test","https:\/\/www.facebook.com\/shrimataji","https:\/\/x.com\/shrimataji","https:\/\/www.youtube.com\/@Shri_Mataji_Nirmala_Devi\/featured"]}]}},"lang":"pl","translations":{"pl":37966,"ur":37439,"en":440,"am":18013,"th":19962,"hu":19490,"sq":18414,"zh":17311,"tr":10168,"pt":10380,"de":10654,"fr":10752,"es":10947,"ja":11244,"ru":11432,"bn":11624,"te":11732,"sw":11855,"he":12003,"el":12294,"sk":12392,"fa":12490,"fi":12588,"bg":13445,"it":13527,"ro":14519,"cs":14712,"nl":16574,"ku":16734,"ar":16910,"be":18621,"kn":18895,"mr":20326,"uk":20618,"ml":20915,"ta":22729,"sv":23002,"gu":28846,"pa":29006,"fil":29448,"da":37753,"nn":38305},"pll_sync_post":[],"_links":{"self":[{"href":"https:\/\/shrimataji.org\/test\/wp-json\/wp\/v2\/pages\/37966","targetHints":{"allow":["GET"]}}],"collection":[{"href":"https:\/\/shrimataji.org\/test\/wp-json\/wp\/v2\/pages"}],"about":[{"href":"https:\/\/shrimataji.org\/test\/wp-json\/wp\/v2\/types\/page"}],"author":[{"embeddable":true,"href":"https:\/\/shrimataji.org\/test\/wp-json\/wp\/v2\/users\/1"}],"replies":[{"embeddable":true,"href":"https:\/\/shrimataji.org\/test\/wp-json\/wp\/v2\/comments?post=37966"}],"version-history":[{"count":0,"href":"https:\/\/shrimataji.org\/test\/wp-json\/wp\/v2\/pages\/37966\/revisions"}],"wp:featuredmedia":[{"embeddable":true,"href":"https:\/\/shrimataji.org\/test\/wp-json\/wp\/v2\/media\/37967"}],"wp:attachment":[{"href":"https:\/\/shrimataji.org\/test\/wp-json\/wp\/v2\/media?parent=37966"}],"curies":[{"name":"wp","href":"https:\/\/api.w.org\/{rel}","templated":true}]}}