{"id":37976,"date":"2022-01-29T10:02:47","date_gmt":"2022-01-29T10:02:47","guid":{"rendered":"https:\/\/test.shrimataji.org\/?page_id=6394"},"modified":"2026-04-22T17:17:45","modified_gmt":"2026-04-22T17:17:45","slug":"wiedza-o-korzeniach-system-subtelny","status":"publish","type":"page","link":"https:\/\/shrimataji.org\/test\/pl\/wiedza-o-korzeniach-system-subtelny\/","title":{"rendered":"Wiedza o korzeniach \u2013 System Subtelny"},"content":{"rendered":"\n\n\t<h1>Wiedza o korzeniach &#8211; System Subtelny<\/h1>\n<h2>Staro\u017cytna nauka o naszym wn\u0119trzu<\/h2>\n<h4>Wa\u017cnym aspektem opanowania jogi jest pe\u0142na wiedza o systemie subtelnym, kt\u00f3ry s\u0142u\u017cy jako mapa dla wewn\u0119trznej ewolucji naszej \u015bwiadomo\u015bci.<\/h4>\n\t<p>Staro\u017cytne indyjskie pisma wedyjskie opisuj\u0105 system subtelny jako sie\u0107 kana\u0142\u00f3w zwanych <a href=\"https:\/\/shrimataji.org\/test\/pl\/nadi-i-trzy-usposobienia\/\" target=\"_blank\" rel=\"noopener\">Nadi<\/a> (sanskryckie s\u0142owo oznaczaj\u0105ce kana\u0142). Podobnie jak woda p\u0142yn\u0105ca w rzekach, Nadi umo\u017cliwiaj\u0105 przep\u0142yw subtelnych energii w naszej istocie. System ten obejmuje r\u00f3wnie\u017c <a href=\"https:\/\/shrimataji.org\/test\/pl\/czakry-i-ich-cechy\/\" target=\"_blank\" rel=\"noopener\">czakry<\/a> (co w sanskrycie oznacza o\u015brodki energii wiruj\u0105ce niczym ko\u0142a) oraz <a href=\"https:\/\/shrimataji.org\/test\/pl\/kundalini\/\" target=\"_blank\" rel=\"noopener\">Kundalini<\/a> (czyli zwini\u0119t\u0105 energi\u0119 &#8211; u\u015bpion\u0105 moc ewolucji, kt\u00f3ra ma swoje odbicie w naszej ko\u015bci krzy\u017cowej). Nasz system subtelny sk\u0142ada si\u0119 z tysi\u0119cy kana\u0142\u00f3w (Nadi) i o\u015brodk\u00f3w (czakr), dzia\u0142aj\u0105cych w oparciu o trzy g\u0142\u00f3wne kana\u0142y: Ida, Pingala i Suszumna oraz siedem g\u0142\u00f3wnych czakr: <a href=\"https:\/\/shrimataji.org\/test\/pl\/czakra-muladhara\/\" target=\"_blank\" rel=\"noopener\">Muladhara<\/a>, <a href=\"https:\/\/shrimataji.org\/test\/pl\/czakra-swadhiszthana\/\" target=\"_blank\" rel=\"noopener\">Swadhiszthana<\/a>, <a href=\"https:\/\/shrimataji.org\/test\/pl\/czakra-nabhi\/\" target=\"_blank\" rel=\"noopener\">Nabhi<\/a>, <a href=\"https:\/\/shrimataji.org\/test\/pl\/czakra-anahata\/\" target=\"_blank\" rel=\"noopener\">Anahata<\/a>, <a href=\"https:\/\/shrimataji.org\/test\/pl\/czakra-wisuddhi\/\" target=\"_blank\" rel=\"noopener\">Wi\u015buddhi<\/a>, <a href=\"https:\/\/shrimataji.org\/test\/pl\/czakra-adzna\/\" target=\"_blank\" rel=\"noopener\">Ad\u017a\u0144a<\/a> i <a href=\"https:\/\/shrimataji.org\/test\/pl\/czakra-sahasrara\/\" target=\"_blank\" rel=\"noopener\">Sahasrara<\/a>.<\/p>\n<p><a href=\"https:\/\/shrimataji.org\/test\/pl\/atma\/\" target=\"_blank\" rel=\"noopener\">Atma<\/a>, czyli wieczny Duch, znajduje swoje odbicie w naszym sercu.<\/p>\n<figure itemscope itemtype=\"https:\/\/schema.org\/ImageObject\">\n\t\t\t\t<img decoding=\"async\" src=\"https:\/\/shrimataji.org\/test\/wp-content\/uploads\/2026\/04\/pl-Nadis_Chakras-01-scaled.png\" alt=\"pl-Nadis_Chakras-01\" height=\"2560\" width=\"2095\" title=\"pl-Nadis_Chakras-01\" onerror=\"this.style.display='none'\" loading=\"lazy\" \/>\n\t<\/figure>\n\t<p>Podobnie jak posiadamy skomplikowan\u0105 sie\u0107 nerw\u00f3w i splot\u00f3w nerwowych, kt\u00f3re reguluj\u0105 nasze narz\u0105dy zmys\u0142\u00f3w i reakcje motoryczne, tak ka\u017cdy cz\u0142owiek ma wrodzony system subtelny, kt\u00f3ry \u015bci\u015ble koresponduje ze wsp\u00f3\u0142czulnym i przywsp\u00f3\u0142czulnym uk\u0142adem nerwowym. Z\u0142o\u017cona interakcja systemu subtelnego &#8211; sk\u0142adaj\u0105cego si\u0119 z kana\u0142\u00f3w (Nadi) i o\u015brodk\u00f3w energii (czakr) &#8211; z sieci\u0105 neuronaln\u0105 w ciele i m\u00f3zgu, czuwa nad naszym dobrostanem fizycznym, intelektualnym, emocjonalnym i duchowym. System ten mo\u017cna por\u00f3wna\u0107 do oprogramowania komputera.<\/p>\n\t<p>Wiedza o ludzkim systemie subtelnym znana by\u0142a ju\u017c tysi\u0105ce lat temu. Pisma indyjskie podaj\u0105, \u017ce to Pan \u015aiwa, jako pierwszy Adijogi (pierwotny jogin), przekaza\u0142 t\u0119 wiedz\u0119 siedmiu m\u0119drcom (Sapta Riszi), kt\u00f3rzy zanie\u015bli j\u0105 w r\u00f3\u017cne zak\u0105tki \u015bwiata. Jednak to w Indiach nauka ta znalaz\u0142a sw\u00f3j najpe\u0142niejszy wyraz.<\/p>\n<p>Cho\u0107 wiedza o systemie subtelnym by\u0142a obecna w tradycjach jogi, to w\u0142a\u015bnie \u015ari Matad\u017ai jako pierwsza ukaza\u0142a z\u0142o\u017cony mechanizm ca\u0142ego tego systemu i jego wsp\u00f3\u0142istnienie z \u017cywym cia\u0142em ju\u017c od najwcze\u015bniejszych etap\u00f3w rozwoju p\u0142odu w \u0142onie matki.<\/p>\n<div class=\"su-quote su-quote-style-default\"><div class=\"su-quote-inner su-u-clearfix su-u-trim\"> Gdy dziecko w \u0142onie matki ma dwa miesi\u0105ce, ta si\u0142a \u017cyciowa w nie wnika. Wchodzi przez ciemi\u0105czko, przechodzi przez \u015brodek m\u00f3zgu, wzd\u0142u\u017c kr\u0119gos\u0142upa i dociera do ko\u015bci tr\u00f3jk\u0105tnej (krzy\u017cowej). Podczas tego procesu moc Kundalini zatrzymuje si\u0119 w okre\u015blonych miejscach, tworz\u0105c czakry. Wewn\u0105trz nas istniej\u0105 one jako o\u015brodki energii, natomiast na poziomie fizycznym lekarze nazywaj\u0105 je splotami nerwowymi, nale\u017c\u0105cymi do uk\u0142adu przywsp\u00f3\u0142czulnego.\u00a0<\/div><\/div>\n<p>Korzystaj\u0105c z prostej analogii rozszczepienia \u015bwiat\u0142a w pryzmacie, \u015ari Matad\u017ai wyja\u015bni\u0142a, jak ludzki m\u00f3zg &#8211; ewoluuj\u0105cy przez miliony lat od p\u0142askiej do pryzmatycznej struktury &#8211; umo\u017cliwia istnienie z\u0142o\u017conej architektury subtelnych energii, kt\u00f3re przenikaj\u0105 si\u0119 w ludzkim uk\u0142adzie nerwowym.<\/p>\n<p>Osoba zrealizowana cz\u0119sto mo\u017ce wyczu\u0107 ch\u0142odny powiew wychodz\u0105cy z okolic ciemi\u0105czka u noworodk\u00f3w. \u015ari Matad\u017ai wyja\u015bnia\u0142a to zjawisko jako przejaw dzia\u0142ania wszechprzenikaj\u0105cej energii Bo\u017cej mi\u0142o\u015bci (<a href=\"https:\/\/shrimataji.org\/test\/pl\/paramczajtania\/\" target=\"_blank\" rel=\"noopener\">Param\u0107ajtanii<\/a>) na wczesnym etapie naszego rozwoju. Cz\u0119sto obserwuje si\u0119, jak niemowl\u0119ta ss\u0105 konkretny palec, co dla os\u00f3b zrealizowanych jest czytelnym znakiem blokady w odpowiadaj\u0105cej mu czakrze. Z czasem, w miar\u0119 zarastania ko\u015bci czaszki oraz rozwoju ego i uwarunkowa\u0144, ta subtelna uwa\u017cno\u015b\u0107 zanika, a my zaczynamy uto\u017csamia\u0107 si\u0119 ze \u015bwiatem materialnym.<\/p>\n<p>Dzi\u0119ki procesowi samorealizacji i medytacji jeste\u015bmy w stanie przywr\u00f3ci\u0107 to pierwotne po\u0142\u0105czenie w naszej subtelnej istocie.<\/p>\n\t\t<img decoding=\"async\" data-spai-excluded=\"true\" loading=\"lazy\"  alt=\"YouTube player\"  src=\"https:\/\/i.ytimg.com\/vi\/PrwmhC45nVc\/maxresdefault.jpg\"  \/><button aria-label=\"Play\"><\/button><meta itemprop=\"embedUrl\" content=\"https:\/\/www.youtube.com\/embed\/PrwmhC45nVc\"\/><meta itemprop=\"name\" content=\"Knowledge of the roots\"\/><meta itemprop=\"description\" content=\"YouTube video\"\/><meta itemprop=\"thumbnailUrl\" content=\"https:\/\/i.ytimg.com\/vi\/PrwmhC45nVc\/0.jpg\"\/><meta itemprop=\"duration\" content=\"PT1M35S\"\/><meta itemprop=\"uploadDate\" content=\"2022-11-12T03:23:30Z\"\/>\t\n\n","protected":false},"excerpt":{"rendered":"<p>Wiedza o korzeniach &#8211; System Subtelny Staro\u017cytna nauka o naszym wn\u0119trzu Wa\u017cnym aspektem opanowania jogi jest pe\u0142na wiedza o systemie subtelnym, kt\u00f3ry s\u0142u\u017cy jako mapa dla wewn\u0119trznej ewolucji naszej \u015bwiadomo\u015bci. Staro\u017cytne indyjskie pisma wedyjskie opisuj\u0105 system subtelny jako sie\u0107 kana\u0142\u00f3w zwanych Nadi (sanskryckie s\u0142owo oznaczaj\u0105ce kana\u0142). Podobnie jak woda p\u0142yn\u0105ca w rzekach, Nadi umo\u017cliwiaj\u0105 przep\u0142yw&hellip; <br \/> <a class=\"read-more\" href=\"https:\/\/shrimataji.org\/test\/pl\/wiedza-o-korzeniach-system-subtelny\/\">Read more<\/a><\/p>\n","protected":false},"author":1,"featured_media":37977,"parent":0,"menu_order":0,"comment_status":"closed","ping_status":"closed","template":"","meta":{"inline_featured_image":false,"footnotes":""},"class_list":["post-37976","page","type-page","status-publish","has-post-thumbnail","hentry"],"yoast_head":"<!-- This site is optimized with the Yoast SEO plugin v27.4 - https:\/\/yoast.com\/product\/yoast-seo-wordpress\/ -->\n<title>Wiedza o korzeniach \u2013 System Subtelny - TEST - SMND<\/title>\n<meta name=\"robots\" content=\"noindex, follow, max-snippet:-1, max-image-preview:large, max-video-preview:-1\" \/>\n<meta property=\"og:locale\" content=\"en_US\" \/>\n<meta property=\"og:type\" content=\"article\" \/>\n<meta property=\"og:title\" content=\"Wiedza o korzeniach \u2013 System Subtelny - TEST - SMND\" \/>\n<meta property=\"og:description\" content=\"Wiedza o korzeniach &#8211; System Subtelny Staro\u017cytna nauka o naszym wn\u0119trzu Wa\u017cnym aspektem opanowania jogi jest pe\u0142na wiedza o systemie subtelnym, kt\u00f3ry s\u0142u\u017cy jako mapa dla wewn\u0119trznej ewolucji naszej \u015bwiadomo\u015bci. Staro\u017cytne indyjskie pisma wedyjskie opisuj\u0105 system subtelny jako sie\u0107 kana\u0142\u00f3w zwanych Nadi (sanskryckie s\u0142owo oznaczaj\u0105ce kana\u0142). Podobnie jak woda p\u0142yn\u0105ca w rzekach, Nadi umo\u017cliwiaj\u0105 przep\u0142yw&hellip; Read more\" \/>\n<meta property=\"og:url\" content=\"https:\/\/shrimataji.org\/test\/pl\/wiedza-o-korzeniach-system-subtelny\/\" \/>\n<meta property=\"og:site_name\" content=\"TEST - SMND\" \/>\n<meta property=\"article:publisher\" content=\"https:\/\/www.facebook.com\/shrimataji\" \/>\n<meta property=\"article:modified_time\" content=\"2026-04-22T17:17:45+00:00\" \/>\n<meta property=\"og:image\" content=\"https:\/\/shrimataji.org\/test\/wp-content\/uploads\/2023\/03\/7_Banner-SY-Roots-2-scaled.jpg\" \/>\n\t<meta property=\"og:image:width\" content=\"2560\" \/>\n\t<meta property=\"og:image:height\" content=\"905\" \/>\n\t<meta property=\"og:image:type\" content=\"image\/jpeg\" \/>\n<meta name=\"twitter:card\" content=\"summary_large_image\" \/>\n<meta name=\"twitter:site\" content=\"@shrimataji\" \/>\n<meta name=\"twitter:label1\" content=\"Est. reading time\" \/>\n\t<meta name=\"twitter:data1\" content=\"3 minutes\" \/>\n<script type=\"application\/ld+json\" class=\"yoast-schema-graph\">{\"@context\":\"https:\\\/\\\/schema.org\",\"@graph\":[{\"@type\":\"WebPage\",\"@id\":\"https:\\\/\\\/shrimataji.org\\\/test\\\/pl\\\/wiedza-o-korzeniach-system-subtelny\\\/\",\"url\":\"https:\\\/\\\/shrimataji.org\\\/test\\\/pl\\\/wiedza-o-korzeniach-system-subtelny\\\/\",\"name\":\"Wiedza o korzeniach \u2013 System Subtelny - TEST - SMND\",\"isPartOf\":{\"@id\":\"https:\\\/\\\/shrimataji.org\\\/test\\\/#website\"},\"primaryImageOfPage\":{\"@id\":\"https:\\\/\\\/shrimataji.org\\\/test\\\/pl\\\/wiedza-o-korzeniach-system-subtelny\\\/#primaryimage\"},\"image\":{\"@id\":\"https:\\\/\\\/shrimataji.org\\\/test\\\/pl\\\/wiedza-o-korzeniach-system-subtelny\\\/#primaryimage\"},\"thumbnailUrl\":\"https:\\\/\\\/shrimataji.org\\\/test\\\/wp-content\\\/uploads\\\/2023\\\/03\\\/7_Banner-SY-Roots-2-scaled.jpg\",\"datePublished\":\"2022-01-29T10:02:47+00:00\",\"dateModified\":\"2026-04-22T17:17:45+00:00\",\"breadcrumb\":{\"@id\":\"https:\\\/\\\/shrimataji.org\\\/test\\\/pl\\\/wiedza-o-korzeniach-system-subtelny\\\/#breadcrumb\"},\"inLanguage\":\"en-US\",\"potentialAction\":[{\"@type\":\"ReadAction\",\"target\":[\"https:\\\/\\\/shrimataji.org\\\/test\\\/pl\\\/wiedza-o-korzeniach-system-subtelny\\\/\"]}]},{\"@type\":\"ImageObject\",\"inLanguage\":\"en-US\",\"@id\":\"https:\\\/\\\/shrimataji.org\\\/test\\\/pl\\\/wiedza-o-korzeniach-system-subtelny\\\/#primaryimage\",\"url\":\"https:\\\/\\\/shrimataji.org\\\/test\\\/wp-content\\\/uploads\\\/2023\\\/03\\\/7_Banner-SY-Roots-2-scaled.jpg\",\"contentUrl\":\"https:\\\/\\\/shrimataji.org\\\/test\\\/wp-content\\\/uploads\\\/2023\\\/03\\\/7_Banner-SY-Roots-2-scaled.jpg\",\"width\":2560,\"height\":905},{\"@type\":\"BreadcrumbList\",\"@id\":\"https:\\\/\\\/shrimataji.org\\\/test\\\/pl\\\/wiedza-o-korzeniach-system-subtelny\\\/#breadcrumb\",\"itemListElement\":[{\"@type\":\"ListItem\",\"position\":1,\"name\":\"Home\",\"item\":\"https:\\\/\\\/shrimataji.org\\\/test\\\/uk\\\/home-en\\\/\"},{\"@type\":\"ListItem\",\"position\":2,\"name\":\"Wiedza o korzeniach \u2013 System Subtelny\"}]},{\"@type\":\"WebSite\",\"@id\":\"https:\\\/\\\/shrimataji.org\\\/test\\\/#website\",\"url\":\"https:\\\/\\\/shrimataji.org\\\/test\\\/\",\"name\":\"Shri Mataji Nirmala Devi\",\"description\":\"A Life Dedicated to Humanity\",\"publisher\":{\"@id\":\"https:\\\/\\\/shrimataji.org\\\/test\\\/#\\\/schema\\\/person\\\/a1b3419c6585f164aa96da1ff85715d1\"},\"potentialAction\":[{\"@type\":\"SearchAction\",\"target\":{\"@type\":\"EntryPoint\",\"urlTemplate\":\"https:\\\/\\\/shrimataji.org\\\/test\\\/?s={search_term_string}\"},\"query-input\":{\"@type\":\"PropertyValueSpecification\",\"valueRequired\":true,\"valueName\":\"search_term_string\"}}],\"inLanguage\":\"en-US\"},{\"@type\":[\"Person\",\"Organization\"],\"@id\":\"https:\\\/\\\/shrimataji.org\\\/test\\\/#\\\/schema\\\/person\\\/a1b3419c6585f164aa96da1ff85715d1\",\"name\":\"Nirmala Shrivastava\",\"image\":{\"@type\":\"ImageObject\",\"inLanguage\":\"en-US\",\"@id\":\"https:\\\/\\\/shrimataji.org\\\/test\\\/wp-content\\\/uploads\\\/2023\\\/02\\\/SMO_LOGO-03.svg\",\"url\":\"https:\\\/\\\/shrimataji.org\\\/test\\\/wp-content\\\/uploads\\\/2023\\\/02\\\/SMO_LOGO-03.svg\",\"contentUrl\":\"https:\\\/\\\/shrimataji.org\\\/test\\\/wp-content\\\/uploads\\\/2023\\\/02\\\/SMO_LOGO-03.svg\",\"width\":\"1024\",\"height\":\"1024\",\"caption\":\"Nirmala Shrivastava\"},\"logo\":{\"@id\":\"https:\\\/\\\/shrimataji.org\\\/test\\\/wp-content\\\/uploads\\\/2023\\\/02\\\/SMO_LOGO-03.svg\"},\"sameAs\":[\"https:\\\/\\\/shrimataji.org\\\/test\",\"https:\\\/\\\/www.facebook.com\\\/shrimataji\",\"https:\\\/\\\/x.com\\\/shrimataji\",\"https:\\\/\\\/www.youtube.com\\\/@Shri_Mataji_Nirmala_Devi\\\/featured\"]}]}<\/script>\n<!-- \/ Yoast SEO plugin. -->","yoast_head_json":{"title":"Wiedza o korzeniach \u2013 System Subtelny - TEST - SMND","robots":{"index":"noindex","follow":"follow","max-snippet":"max-snippet:-1","max-image-preview":"max-image-preview:large","max-video-preview":"max-video-preview:-1"},"og_locale":"en_US","og_type":"article","og_title":"Wiedza o korzeniach \u2013 System Subtelny - TEST - SMND","og_description":"Wiedza o korzeniach &#8211; System Subtelny Staro\u017cytna nauka o naszym wn\u0119trzu Wa\u017cnym aspektem opanowania jogi jest pe\u0142na wiedza o systemie subtelnym, kt\u00f3ry s\u0142u\u017cy jako mapa dla wewn\u0119trznej ewolucji naszej \u015bwiadomo\u015bci. Staro\u017cytne indyjskie pisma wedyjskie opisuj\u0105 system subtelny jako sie\u0107 kana\u0142\u00f3w zwanych Nadi (sanskryckie s\u0142owo oznaczaj\u0105ce kana\u0142). Podobnie jak woda p\u0142yn\u0105ca w rzekach, Nadi umo\u017cliwiaj\u0105 przep\u0142yw&hellip; Read more","og_url":"https:\/\/shrimataji.org\/test\/pl\/wiedza-o-korzeniach-system-subtelny\/","og_site_name":"TEST - SMND","article_publisher":"https:\/\/www.facebook.com\/shrimataji","article_modified_time":"2026-04-22T17:17:45+00:00","og_image":[{"width":2560,"height":905,"url":"https:\/\/shrimataji.org\/test\/wp-content\/uploads\/2023\/03\/7_Banner-SY-Roots-2-scaled.jpg","type":"image\/jpeg"}],"twitter_card":"summary_large_image","twitter_site":"@shrimataji","twitter_misc":{"Est. reading time":"3 minutes"},"schema":{"@context":"https:\/\/schema.org","@graph":[{"@type":"WebPage","@id":"https:\/\/shrimataji.org\/test\/pl\/wiedza-o-korzeniach-system-subtelny\/","url":"https:\/\/shrimataji.org\/test\/pl\/wiedza-o-korzeniach-system-subtelny\/","name":"Wiedza o korzeniach \u2013 System Subtelny - TEST - SMND","isPartOf":{"@id":"https:\/\/shrimataji.org\/test\/#website"},"primaryImageOfPage":{"@id":"https:\/\/shrimataji.org\/test\/pl\/wiedza-o-korzeniach-system-subtelny\/#primaryimage"},"image":{"@id":"https:\/\/shrimataji.org\/test\/pl\/wiedza-o-korzeniach-system-subtelny\/#primaryimage"},"thumbnailUrl":"https:\/\/shrimataji.org\/test\/wp-content\/uploads\/2023\/03\/7_Banner-SY-Roots-2-scaled.jpg","datePublished":"2022-01-29T10:02:47+00:00","dateModified":"2026-04-22T17:17:45+00:00","breadcrumb":{"@id":"https:\/\/shrimataji.org\/test\/pl\/wiedza-o-korzeniach-system-subtelny\/#breadcrumb"},"inLanguage":"en-US","potentialAction":[{"@type":"ReadAction","target":["https:\/\/shrimataji.org\/test\/pl\/wiedza-o-korzeniach-system-subtelny\/"]}]},{"@type":"ImageObject","inLanguage":"en-US","@id":"https:\/\/shrimataji.org\/test\/pl\/wiedza-o-korzeniach-system-subtelny\/#primaryimage","url":"https:\/\/shrimataji.org\/test\/wp-content\/uploads\/2023\/03\/7_Banner-SY-Roots-2-scaled.jpg","contentUrl":"https:\/\/shrimataji.org\/test\/wp-content\/uploads\/2023\/03\/7_Banner-SY-Roots-2-scaled.jpg","width":2560,"height":905},{"@type":"BreadcrumbList","@id":"https:\/\/shrimataji.org\/test\/pl\/wiedza-o-korzeniach-system-subtelny\/#breadcrumb","itemListElement":[{"@type":"ListItem","position":1,"name":"Home","item":"https:\/\/shrimataji.org\/test\/uk\/home-en\/"},{"@type":"ListItem","position":2,"name":"Wiedza o korzeniach \u2013 System Subtelny"}]},{"@type":"WebSite","@id":"https:\/\/shrimataji.org\/test\/#website","url":"https:\/\/shrimataji.org\/test\/","name":"Shri Mataji Nirmala Devi","description":"A Life Dedicated to Humanity","publisher":{"@id":"https:\/\/shrimataji.org\/test\/#\/schema\/person\/a1b3419c6585f164aa96da1ff85715d1"},"potentialAction":[{"@type":"SearchAction","target":{"@type":"EntryPoint","urlTemplate":"https:\/\/shrimataji.org\/test\/?s={search_term_string}"},"query-input":{"@type":"PropertyValueSpecification","valueRequired":true,"valueName":"search_term_string"}}],"inLanguage":"en-US"},{"@type":["Person","Organization"],"@id":"https:\/\/shrimataji.org\/test\/#\/schema\/person\/a1b3419c6585f164aa96da1ff85715d1","name":"Nirmala Shrivastava","image":{"@type":"ImageObject","inLanguage":"en-US","@id":"https:\/\/shrimataji.org\/test\/wp-content\/uploads\/2023\/02\/SMO_LOGO-03.svg","url":"https:\/\/shrimataji.org\/test\/wp-content\/uploads\/2023\/02\/SMO_LOGO-03.svg","contentUrl":"https:\/\/shrimataji.org\/test\/wp-content\/uploads\/2023\/02\/SMO_LOGO-03.svg","width":"1024","height":"1024","caption":"Nirmala Shrivastava"},"logo":{"@id":"https:\/\/shrimataji.org\/test\/wp-content\/uploads\/2023\/02\/SMO_LOGO-03.svg"},"sameAs":["https:\/\/shrimataji.org\/test","https:\/\/www.facebook.com\/shrimataji","https:\/\/x.com\/shrimataji","https:\/\/www.youtube.com\/@Shri_Mataji_Nirmala_Devi\/featured"]}]}},"lang":"pl","translations":{"pl":37976,"ur":37451,"en":6394,"am":18023,"th":19978,"hu":19503,"sq":18424,"zh":17321,"hi":8288,"tr":10174,"pt":10386,"de":10660,"fr":10758,"it":10856,"es":10953,"ja":11250,"ru":11438,"bn":11630,"te":11738,"sw":11861,"he":12009,"el":12301,"sk":12399,"fa":12497,"fi":12595,"bg":13395,"ro":14469,"cs":14662,"nl":16584,"ku":16744,"ar":16920,"be":18631,"kn":18905,"mr":20342,"uk":20634,"ml":20929,"ta":22742,"sv":23014,"gu":28856,"pa":29016,"fil":29460,"da":37764,"nn":38316},"pll_sync_post":[],"_links":{"self":[{"href":"https:\/\/shrimataji.org\/test\/wp-json\/wp\/v2\/pages\/37976","targetHints":{"allow":["GET"]}}],"collection":[{"href":"https:\/\/shrimataji.org\/test\/wp-json\/wp\/v2\/pages"}],"about":[{"href":"https:\/\/shrimataji.org\/test\/wp-json\/wp\/v2\/types\/page"}],"author":[{"embeddable":true,"href":"https:\/\/shrimataji.org\/test\/wp-json\/wp\/v2\/users\/1"}],"replies":[{"embeddable":true,"href":"https:\/\/shrimataji.org\/test\/wp-json\/wp\/v2\/comments?post=37976"}],"version-history":[{"count":0,"href":"https:\/\/shrimataji.org\/test\/wp-json\/wp\/v2\/pages\/37976\/revisions"}],"wp:featuredmedia":[{"embeddable":true,"href":"https:\/\/shrimataji.org\/test\/wp-json\/wp\/v2\/media\/37977"}],"wp:attachment":[{"href":"https:\/\/shrimataji.org\/test\/wp-json\/wp\/v2\/media?parent=37976"}],"curies":[{"name":"wp","href":"https:\/\/api.w.org\/{rel}","templated":true}]}}