{"id":37990,"date":"2022-02-25T05:44:57","date_gmt":"2022-02-25T05:44:57","guid":{"rendered":"https:\/\/test.shrimataji.org\/?page_id=6480"},"modified":"2026-04-23T17:36:40","modified_gmt":"2026-04-23T17:36:40","slug":"czakra-muladhara","status":"publish","type":"page","link":"https:\/\/shrimataji.org\/test\/pl\/czakra-muladhara\/","title":{"rendered":"Czakra Muladhara"},"content":{"rendered":"\n\n\t<h1>Czakra Muladhara<\/h1>\n<h2>Niewinno\u015b\u0107 i m\u0105dro\u015b\u0107<\/h2>\n<div class=\"su-quote su-quote-style-default\"><div class=\"su-quote-inner su-u-clearfix su-u-trim\">Muladhara pochodzi od dw\u00f3ch sanskryckich s\u0142\u00f3w: \u201eMula&#8221; oznaczaj\u0105cego \u201ekorze\u0144&#8221; oraz \u201eadhara&#8221; oznaczaj\u0105cego \u201epodpor\u0119&#8221;, a wi\u0119c oznacza podpor\u0119 korzenia stworzenia.<\/div><\/div>\n<h4>Przychodzimy na \u015bwiat jako niewinne dzieci, dlatego mo\u017cna powiedzie\u0107, \u017ce dzieci\u0119ca jako\u015b\u0107 jest nasz\u0105 wrodzon\u0105 cech\u0105. Niewinno\u015b\u0107, spontaniczno\u015b\u0107 i m\u0105dro\u015b\u0107 s\u0105 przejawami tego o\u015brodka, kt\u00f3ry reprezentuje w nas cechy wieczne i niezniszczalne. Te w\u0142a\u015bciwo\u015bci w pe\u0142ni si\u0119 manifestuj\u0105, gdy energia Kundalini aktywuje t\u0119 czakr\u0119. Na poziomie fizycznym o\u015brodek ten odpowiada za uk\u0142ad wydalniczy i rozrodczy. Na poziomie duchowym czakra Muladhara stanowi fundament ca\u0142ego systemu subtelnego.<\/h4>\n<p>W miar\u0119 jak rozwijamy si\u0119 poprzez medytacj\u0119, zaczynamy do\u015bwiadcza\u0107 g\u0142\u0119bokiego poczucia niewinno\u015bci, szacunku i mi\u0142o\u015bci do siebie oraz innych. Zauwa\u017camy r\u00f3wnie\u017c, \u017ce nasza pami\u0119\u0107 znacznie si\u0119 poprawia, gdy umys\u0142 oczyszcza si\u0119 z nieistotnych rozprosze\u0144. Wraz z rozwojem tego o\u015brodka w nas, rozwija si\u0119 tak\u017ce nasza magnetyczna osobowo\u015b\u0107.<\/p>\n\t\t<iframe loading=\"lazy\" title=\"Mooladhara Chakra\" width=\"1920\" height=\"1080\" src=\"https:\/\/www.youtube.com\/embed\/k_tSck7QxHQ?feature=oembed\" frameborder=\"0\" allow=\"accelerometer; autoplay; clipboard-write; encrypted-media; gyroscope; picture-in-picture; web-share\" referrerpolicy=\"strict-origin-when-cross-origin\" allowfullscreen><\/iframe>\t\n\t<strong>Lokalizacja:<\/strong><br \/>\nCzakra Muladhara znajduje si\u0119 w splocie miednicznym u podstawy kr\u0119gos\u0142upa. Wibracje tej czakry korzenia mo\u017cna odczu\u0107 u podstawy d\u0142oni.\n<strong>Kolor<\/strong>:<strong><br \/>\n<\/strong>Ta czakra reprezentowana jest przez kolor koralowo-czerwony. Jest \u015bci\u015ble zwi\u0105zana z \u017cywio\u0142em ziemi.\n<strong>Subtelne cechy czakry Muladhara obejmuj\u0105:<br \/>\n<\/strong>\u2022 Niewinno\u015b\u0107<br \/>\n\u2022 Czysto\u015b\u0107<br \/>\n\u2022 Prostot\u0119<br \/>\n\u2022 Dzieci\u0119c\u0105 rado\u015b\u0107<br \/>\n\u2022 Wewn\u0119trzn\u0105 m\u0105dro\u015b\u0107<br \/>\n\u2022 Godno\u015b\u0107<br \/>\n\u2022 R\u00f3wnowag\u0119<br \/>\n\u2022 Cel i kierunek<br \/>\n\u2022 Po\u0142\u0105czenie z Ziemi\u0105<br \/>\n\u2022 Harmoni\u0119 z natur\u0105\n<figure itemscope itemtype=\"https:\/\/schema.org\/ImageObject\">\n\t\t\t\t<img decoding=\"async\" src=\"https:\/\/shrimataji.org\/test\/wp-content\/uploads\/2026\/04\/pl-1-Mooladhara-01-scaled.png\" alt=\"pl-1-Mooladhara-01\" height=\"2560\" width=\"2402\" title=\"pl-1-Mooladhara-01\" onerror=\"this.style.display='none'\" loading=\"lazy\" \/>\n\t<\/figure>\n\t<div class=\"su-quote su-quote-style-default\"><div class=\"su-quote-inner su-u-clearfix su-u-trim\">Najni\u017cszy o\u015brodek odpowiada za nasz\u0105 niewinno\u015b\u0107. Niewinno\u015b\u0107 nigdy nie mo\u017ce zosta\u0107 zniszczona, poniewa\u017c jest wieczna &#8211; mo\u017ce by\u0107 jedynie przes\u0142oni\u0119ta. Wraz z przebudzeniem Kundalini niewinno\u015b\u0107 powraca do nas. Nasza uwaga staje si\u0119 ca\u0142kowicie niewinna i wolna od po\u017c\u0105dania oraz chciwo\u015bci.<\/div><\/div>\n\t<strong>Do\u015bwiadczenie i korzy\u015bci:<\/strong><br \/>\nZr\u00f3wnowa\u017cona czakra Muladhara pomaga utrzyma\u0107 i rozwija\u0107 wewn\u0119trzn\u0105 m\u0105dro\u015b\u0107. Zyskujemy wrodzon\u0105 zdolno\u015b\u0107 odr\u00f3\u017cniania dobra od z\u0142a. Gdy dominuje prawdziwa m\u0105dro\u015b\u0107, unikamy dzia\u0142a\u0144 (lub zaniecha\u0144), kt\u00f3re szkodz\u0105 nam samym lub innym.\n<p>Zr\u00f3wnowa\u017cona czakra Muladhara prowadzi r\u00f3wnie\u017c do poprawy pami\u0119ci, uwagi i koncentracji. Umo\u017cliwia podejmowanie trafnych decyzji przy jednoczesnym zachowaniu r\u00f3wnowagi emocjonalnej i stabilno\u015bci. Poniewa\u017c czakra Muladhara zwi\u0105zana jest z \u017cywio\u0142em ziemi, odgrywa wa\u017cn\u0105 rol\u0119 w \u0142\u0105czeniu naszej \u015bwiadomo\u015bci z Matk\u0105 Natur\u0105, dzi\u0119ki czemu mo\u017cemy \u017cy\u0107 w pe\u0142nej harmonii z jej darami. Pomaga tak\u017ce unika\u0107 nienaturalnego i niezdrowego stylu \u017cycia. Rozwini\u0119ta czakra Muladhara pozwala nam zrozumie\u0107 i szanowa\u0107 w\u0142asn\u0105 niewinno\u015b\u0107 i czysto\u015b\u0107, jak r\u00f3wnie\u017c niewinno\u015b\u0107 innych. Zak\u0142\u00f3cenia w tej czakrze mog\u0105 prowadzi\u0107 do wielu chor\u00f3b.<\/p>\n<p>Problemy lewego kana\u0142u, takie jak depresja czy apatia, mog\u0105 by\u0107 \u0142agodzone poprzez zr\u00f3wnowa\u017cenie czakry Muladhara. Problemy prawego kana\u0142u, takie jak agresja, nadmierne my\u015blenie, planowanie czy nadmierne pob\u0142a\u017canie sobie, r\u00f3wnie\u017c mog\u0105 zosta\u0107 zredukowane dzi\u0119ki przywr\u00f3ceniu jej r\u00f3wnowagi.<\/p>\n<strong>Samoocena:<\/strong><br \/>\nJe\u015bli czakra Muladhara jest niezr\u00f3wnowa\u017cona, mo\u017cesz odczuwa\u0107 brak orientacji, os\u0142abion\u0105 pami\u0119\u0107 lub problemy z r\u00f3wnowag\u0105. Inne objawy obejmuj\u0105 problemy z uk\u0142adem wydalniczym, zaburzenia seksualne oraz trudno\u015bci w sferze rozrodczej.\n<p><strong>Przyczyny braku r\u00f3wnowagi:<\/strong><\/p>\n<ul>\n<li>Nadmierna aktywno\u015b\u0107 umys\u0142owa oraz nadmierne oddawanie si\u0119 przyjemno\u015bciom zmys\u0142owym mog\u0105 powodowa\u0107 blokady w tym o\u015brodku<\/li>\n<li>Negatywne wp\u0142ywy spo\u0142eczne mog\u0105 zaburza\u0107 wrodzone cechy niewinno\u015bci i m\u0105dro\u015bci, b\u0119d\u0105ce cz\u0119\u015bci\u0105 czakry Muladhara<\/li>\n<\/ul>\n<strong>Jak r\u00f3wnowa\u017cy\u0107<\/strong>:<strong><br \/>\n<\/strong>Regularna praktyka medytacji Sahad\u017aa Jogi pomaga zr\u00f3wnowa\u017cy\u0107 czakr\u0119 Muladhara oraz wzmocni\u0107 jej pi\u0119kne, wrodzone cechy w naszej \u015bwiadomo\u015bci. Na pocz\u0105tek warto jak najcz\u0119\u015bciej siedzie\u0107 bezpo\u015brednio na ziemi. Ciesz\u0105c si\u0119 spokojn\u0105 chwil\u0105 na \u015bwie\u017cym powietrzu, mo\u017cna oczy\u015bci\u0107 lew\u0105 czakr\u0119 Muladhara, siedz\u0105c ze skrzy\u017cowanymi nogami i k\u0142ad\u0105c d\u0142onie na ziemi obok bioder, skierowane wn\u0119trzem ku do\u0142owi.\n<p>Je\u015bli nie masz mo\u017cliwo\u015bci przebywania na zewn\u0105trz, istnieje inna metoda. <a href=\"https:\/\/shrimataji.org\/test\/wp-content\/uploads\/2026\/04\/PL_Footsoaking.pdf\" target=\"_blank\" rel=\"noopener\">Moczenie st\u00f3p<\/a> w misce z letni\u0105, osolon\u0105 wod\u0105 r\u00f3wnie\u017c pomaga w r\u00f3wnowa\u017ceniu czakry Muladhara.<\/p>\n\n","protected":false},"excerpt":{"rendered":"<p>Czakra Muladhara Niewinno\u015b\u0107 i m\u0105dro\u015b\u0107 Przychodzimy na \u015bwiat jako niewinne dzieci, dlatego mo\u017cna powiedzie\u0107, \u017ce dzieci\u0119ca jako\u015b\u0107 jest nasz\u0105 wrodzon\u0105 cech\u0105. Niewinno\u015b\u0107, spontaniczno\u015b\u0107 i m\u0105dro\u015b\u0107 s\u0105 przejawami tego o\u015brodka, kt\u00f3ry reprezentuje w nas cechy wieczne i niezniszczalne. Te w\u0142a\u015bciwo\u015bci w pe\u0142ni si\u0119 manifestuj\u0105, gdy energia Kundalini aktywuje t\u0119 czakr\u0119. Na poziomie fizycznym o\u015brodek ten odpowiada&hellip; <br \/> <a class=\"read-more\" href=\"https:\/\/shrimataji.org\/test\/pl\/czakra-muladhara\/\">Read more<\/a><\/p>\n","protected":false},"author":1,"featured_media":37991,"parent":0,"menu_order":0,"comment_status":"closed","ping_status":"closed","template":"","meta":{"inline_featured_image":false,"footnotes":""},"class_list":["post-37990","page","type-page","status-publish","has-post-thumbnail","hentry"],"yoast_head":"<!-- This site is optimized with the Yoast SEO plugin v27.4 - https:\/\/yoast.com\/product\/yoast-seo-wordpress\/ -->\n<title>Czakra Muladhara - TEST - SMND<\/title>\n<meta name=\"robots\" content=\"noindex, follow, max-snippet:-1, max-image-preview:large, max-video-preview:-1\" \/>\n<meta property=\"og:locale\" content=\"en_US\" \/>\n<meta property=\"og:type\" content=\"article\" \/>\n<meta property=\"og:title\" content=\"Czakra Muladhara - TEST - SMND\" \/>\n<meta property=\"og:description\" content=\"Czakra Muladhara Niewinno\u015b\u0107 i m\u0105dro\u015b\u0107 Przychodzimy na \u015bwiat jako niewinne dzieci, dlatego mo\u017cna powiedzie\u0107, \u017ce dzieci\u0119ca jako\u015b\u0107 jest nasz\u0105 wrodzon\u0105 cech\u0105. Niewinno\u015b\u0107, spontaniczno\u015b\u0107 i m\u0105dro\u015b\u0107 s\u0105 przejawami tego o\u015brodka, kt\u00f3ry reprezentuje w nas cechy wieczne i niezniszczalne. Te w\u0142a\u015bciwo\u015bci w pe\u0142ni si\u0119 manifestuj\u0105, gdy energia Kundalini aktywuje t\u0119 czakr\u0119. Na poziomie fizycznym o\u015brodek ten odpowiada&hellip; Read more\" \/>\n<meta property=\"og:url\" content=\"https:\/\/shrimataji.org\/test\/pl\/czakra-muladhara\/\" \/>\n<meta property=\"og:site_name\" content=\"TEST - SMND\" \/>\n<meta property=\"article:publisher\" content=\"https:\/\/www.facebook.com\/shrimataji\" \/>\n<meta property=\"article:modified_time\" content=\"2026-04-23T17:36:40+00:00\" \/>\n<meta property=\"og:image\" content=\"https:\/\/shrimataji.org\/test\/wp-content\/uploads\/2023\/03\/16_Banner-SY-Chakra-mool-scaled.jpg\" \/>\n\t<meta property=\"og:image:width\" content=\"2560\" \/>\n\t<meta property=\"og:image:height\" content=\"905\" \/>\n\t<meta property=\"og:image:type\" content=\"image\/jpeg\" \/>\n<meta name=\"twitter:card\" content=\"summary_large_image\" \/>\n<meta name=\"twitter:site\" content=\"@shrimataji\" \/>\n<meta name=\"twitter:label1\" content=\"Est. reading time\" \/>\n\t<meta name=\"twitter:data1\" content=\"4 minutes\" \/>\n<script type=\"application\/ld+json\" class=\"yoast-schema-graph\">{\"@context\":\"https:\\\/\\\/schema.org\",\"@graph\":[{\"@type\":\"WebPage\",\"@id\":\"https:\\\/\\\/shrimataji.org\\\/test\\\/pl\\\/czakra-muladhara\\\/\",\"url\":\"https:\\\/\\\/shrimataji.org\\\/test\\\/pl\\\/czakra-muladhara\\\/\",\"name\":\"Czakra Muladhara - TEST - SMND\",\"isPartOf\":{\"@id\":\"https:\\\/\\\/shrimataji.org\\\/test\\\/#website\"},\"primaryImageOfPage\":{\"@id\":\"https:\\\/\\\/shrimataji.org\\\/test\\\/pl\\\/czakra-muladhara\\\/#primaryimage\"},\"image\":{\"@id\":\"https:\\\/\\\/shrimataji.org\\\/test\\\/pl\\\/czakra-muladhara\\\/#primaryimage\"},\"thumbnailUrl\":\"https:\\\/\\\/shrimataji.org\\\/test\\\/wp-content\\\/uploads\\\/2023\\\/03\\\/16_Banner-SY-Chakra-mool-scaled.jpg\",\"datePublished\":\"2022-02-25T05:44:57+00:00\",\"dateModified\":\"2026-04-23T17:36:40+00:00\",\"breadcrumb\":{\"@id\":\"https:\\\/\\\/shrimataji.org\\\/test\\\/pl\\\/czakra-muladhara\\\/#breadcrumb\"},\"inLanguage\":\"en-US\",\"potentialAction\":[{\"@type\":\"ReadAction\",\"target\":[\"https:\\\/\\\/shrimataji.org\\\/test\\\/pl\\\/czakra-muladhara\\\/\"]}]},{\"@type\":\"ImageObject\",\"inLanguage\":\"en-US\",\"@id\":\"https:\\\/\\\/shrimataji.org\\\/test\\\/pl\\\/czakra-muladhara\\\/#primaryimage\",\"url\":\"https:\\\/\\\/shrimataji.org\\\/test\\\/wp-content\\\/uploads\\\/2023\\\/03\\\/16_Banner-SY-Chakra-mool-scaled.jpg\",\"contentUrl\":\"https:\\\/\\\/shrimataji.org\\\/test\\\/wp-content\\\/uploads\\\/2023\\\/03\\\/16_Banner-SY-Chakra-mool-scaled.jpg\",\"width\":2560,\"height\":905},{\"@type\":\"BreadcrumbList\",\"@id\":\"https:\\\/\\\/shrimataji.org\\\/test\\\/pl\\\/czakra-muladhara\\\/#breadcrumb\",\"itemListElement\":[{\"@type\":\"ListItem\",\"position\":1,\"name\":\"Home\",\"item\":\"https:\\\/\\\/shrimataji.org\\\/test\\\/uk\\\/home-en\\\/\"},{\"@type\":\"ListItem\",\"position\":2,\"name\":\"Czakra Muladhara\"}]},{\"@type\":\"WebSite\",\"@id\":\"https:\\\/\\\/shrimataji.org\\\/test\\\/#website\",\"url\":\"https:\\\/\\\/shrimataji.org\\\/test\\\/\",\"name\":\"Shri Mataji Nirmala Devi\",\"description\":\"A Life Dedicated to Humanity\",\"publisher\":{\"@id\":\"https:\\\/\\\/shrimataji.org\\\/test\\\/#\\\/schema\\\/person\\\/a1b3419c6585f164aa96da1ff85715d1\"},\"potentialAction\":[{\"@type\":\"SearchAction\",\"target\":{\"@type\":\"EntryPoint\",\"urlTemplate\":\"https:\\\/\\\/shrimataji.org\\\/test\\\/?s={search_term_string}\"},\"query-input\":{\"@type\":\"PropertyValueSpecification\",\"valueRequired\":true,\"valueName\":\"search_term_string\"}}],\"inLanguage\":\"en-US\"},{\"@type\":[\"Person\",\"Organization\"],\"@id\":\"https:\\\/\\\/shrimataji.org\\\/test\\\/#\\\/schema\\\/person\\\/a1b3419c6585f164aa96da1ff85715d1\",\"name\":\"Nirmala Shrivastava\",\"image\":{\"@type\":\"ImageObject\",\"inLanguage\":\"en-US\",\"@id\":\"https:\\\/\\\/shrimataji.org\\\/test\\\/wp-content\\\/uploads\\\/2023\\\/02\\\/SMO_LOGO-03.svg\",\"url\":\"https:\\\/\\\/shrimataji.org\\\/test\\\/wp-content\\\/uploads\\\/2023\\\/02\\\/SMO_LOGO-03.svg\",\"contentUrl\":\"https:\\\/\\\/shrimataji.org\\\/test\\\/wp-content\\\/uploads\\\/2023\\\/02\\\/SMO_LOGO-03.svg\",\"width\":\"1024\",\"height\":\"1024\",\"caption\":\"Nirmala Shrivastava\"},\"logo\":{\"@id\":\"https:\\\/\\\/shrimataji.org\\\/test\\\/wp-content\\\/uploads\\\/2023\\\/02\\\/SMO_LOGO-03.svg\"},\"sameAs\":[\"https:\\\/\\\/shrimataji.org\\\/test\",\"https:\\\/\\\/www.facebook.com\\\/shrimataji\",\"https:\\\/\\\/x.com\\\/shrimataji\",\"https:\\\/\\\/www.youtube.com\\\/@Shri_Mataji_Nirmala_Devi\\\/featured\"]}]}<\/script>\n<!-- \/ Yoast SEO plugin. -->","yoast_head_json":{"title":"Czakra Muladhara - TEST - SMND","robots":{"index":"noindex","follow":"follow","max-snippet":"max-snippet:-1","max-image-preview":"max-image-preview:large","max-video-preview":"max-video-preview:-1"},"og_locale":"en_US","og_type":"article","og_title":"Czakra Muladhara - TEST - SMND","og_description":"Czakra Muladhara Niewinno\u015b\u0107 i m\u0105dro\u015b\u0107 Przychodzimy na \u015bwiat jako niewinne dzieci, dlatego mo\u017cna powiedzie\u0107, \u017ce dzieci\u0119ca jako\u015b\u0107 jest nasz\u0105 wrodzon\u0105 cech\u0105. Niewinno\u015b\u0107, spontaniczno\u015b\u0107 i m\u0105dro\u015b\u0107 s\u0105 przejawami tego o\u015brodka, kt\u00f3ry reprezentuje w nas cechy wieczne i niezniszczalne. Te w\u0142a\u015bciwo\u015bci w pe\u0142ni si\u0119 manifestuj\u0105, gdy energia Kundalini aktywuje t\u0119 czakr\u0119. Na poziomie fizycznym o\u015brodek ten odpowiada&hellip; Read more","og_url":"https:\/\/shrimataji.org\/test\/pl\/czakra-muladhara\/","og_site_name":"TEST - SMND","article_publisher":"https:\/\/www.facebook.com\/shrimataji","article_modified_time":"2026-04-23T17:36:40+00:00","og_image":[{"width":2560,"height":905,"url":"https:\/\/shrimataji.org\/test\/wp-content\/uploads\/2023\/03\/16_Banner-SY-Chakra-mool-scaled.jpg","type":"image\/jpeg"}],"twitter_card":"summary_large_image","twitter_site":"@shrimataji","twitter_misc":{"Est. reading time":"4 minutes"},"schema":{"@context":"https:\/\/schema.org","@graph":[{"@type":"WebPage","@id":"https:\/\/shrimataji.org\/test\/pl\/czakra-muladhara\/","url":"https:\/\/shrimataji.org\/test\/pl\/czakra-muladhara\/","name":"Czakra Muladhara - TEST - SMND","isPartOf":{"@id":"https:\/\/shrimataji.org\/test\/#website"},"primaryImageOfPage":{"@id":"https:\/\/shrimataji.org\/test\/pl\/czakra-muladhara\/#primaryimage"},"image":{"@id":"https:\/\/shrimataji.org\/test\/pl\/czakra-muladhara\/#primaryimage"},"thumbnailUrl":"https:\/\/shrimataji.org\/test\/wp-content\/uploads\/2023\/03\/16_Banner-SY-Chakra-mool-scaled.jpg","datePublished":"2022-02-25T05:44:57+00:00","dateModified":"2026-04-23T17:36:40+00:00","breadcrumb":{"@id":"https:\/\/shrimataji.org\/test\/pl\/czakra-muladhara\/#breadcrumb"},"inLanguage":"en-US","potentialAction":[{"@type":"ReadAction","target":["https:\/\/shrimataji.org\/test\/pl\/czakra-muladhara\/"]}]},{"@type":"ImageObject","inLanguage":"en-US","@id":"https:\/\/shrimataji.org\/test\/pl\/czakra-muladhara\/#primaryimage","url":"https:\/\/shrimataji.org\/test\/wp-content\/uploads\/2023\/03\/16_Banner-SY-Chakra-mool-scaled.jpg","contentUrl":"https:\/\/shrimataji.org\/test\/wp-content\/uploads\/2023\/03\/16_Banner-SY-Chakra-mool-scaled.jpg","width":2560,"height":905},{"@type":"BreadcrumbList","@id":"https:\/\/shrimataji.org\/test\/pl\/czakra-muladhara\/#breadcrumb","itemListElement":[{"@type":"ListItem","position":1,"name":"Home","item":"https:\/\/shrimataji.org\/test\/uk\/home-en\/"},{"@type":"ListItem","position":2,"name":"Czakra Muladhara"}]},{"@type":"WebSite","@id":"https:\/\/shrimataji.org\/test\/#website","url":"https:\/\/shrimataji.org\/test\/","name":"Shri Mataji Nirmala Devi","description":"A Life Dedicated to Humanity","publisher":{"@id":"https:\/\/shrimataji.org\/test\/#\/schema\/person\/a1b3419c6585f164aa96da1ff85715d1"},"potentialAction":[{"@type":"SearchAction","target":{"@type":"EntryPoint","urlTemplate":"https:\/\/shrimataji.org\/test\/?s={search_term_string}"},"query-input":{"@type":"PropertyValueSpecification","valueRequired":true,"valueName":"search_term_string"}}],"inLanguage":"en-US"},{"@type":["Person","Organization"],"@id":"https:\/\/shrimataji.org\/test\/#\/schema\/person\/a1b3419c6585f164aa96da1ff85715d1","name":"Nirmala Shrivastava","image":{"@type":"ImageObject","inLanguage":"en-US","@id":"https:\/\/shrimataji.org\/test\/wp-content\/uploads\/2023\/02\/SMO_LOGO-03.svg","url":"https:\/\/shrimataji.org\/test\/wp-content\/uploads\/2023\/02\/SMO_LOGO-03.svg","contentUrl":"https:\/\/shrimataji.org\/test\/wp-content\/uploads\/2023\/02\/SMO_LOGO-03.svg","width":"1024","height":"1024","caption":"Nirmala Shrivastava"},"logo":{"@id":"https:\/\/shrimataji.org\/test\/wp-content\/uploads\/2023\/02\/SMO_LOGO-03.svg"},"sameAs":["https:\/\/shrimataji.org\/test","https:\/\/www.facebook.com\/shrimataji","https:\/\/x.com\/shrimataji","https:\/\/www.youtube.com\/@Shri_Mataji_Nirmala_Devi\/featured"]}]}},"lang":"pl","translations":{"pl":37990,"ur":37466,"en":10186,"am":18038,"th":20000,"hu":19520,"sq":18439,"zh":17336,"ja":11260,"hi":8319,"pt":10396,"de":10670,"fr":10768,"it":10866,"es":10963,"ru":11448,"bn":11640,"te":11748,"sw":11871,"he":12019,"el":12311,"sk":12409,"fa":12507,"fi":12605,"bg":13376,"ro":14450,"cs":14643,"nl":16599,"ku":16759,"ar":16935,"be":18646,"kn":18920,"mr":20364,"uk":20658,"ml":20953,"ta":22757,"sv":23028,"gu":28871,"pa":29031,"fil":29476,"da":37778,"nn":38330},"pll_sync_post":[],"_links":{"self":[{"href":"https:\/\/shrimataji.org\/test\/wp-json\/wp\/v2\/pages\/37990","targetHints":{"allow":["GET"]}}],"collection":[{"href":"https:\/\/shrimataji.org\/test\/wp-json\/wp\/v2\/pages"}],"about":[{"href":"https:\/\/shrimataji.org\/test\/wp-json\/wp\/v2\/types\/page"}],"author":[{"embeddable":true,"href":"https:\/\/shrimataji.org\/test\/wp-json\/wp\/v2\/users\/1"}],"replies":[{"embeddable":true,"href":"https:\/\/shrimataji.org\/test\/wp-json\/wp\/v2\/comments?post=37990"}],"version-history":[{"count":0,"href":"https:\/\/shrimataji.org\/test\/wp-json\/wp\/v2\/pages\/37990\/revisions"}],"wp:featuredmedia":[{"embeddable":true,"href":"https:\/\/shrimataji.org\/test\/wp-json\/wp\/v2\/media\/37991"}],"wp:attachment":[{"href":"https:\/\/shrimataji.org\/test\/wp-json\/wp\/v2\/media?parent=37990"}],"curies":[{"name":"wp","href":"https:\/\/api.w.org\/{rel}","templated":true}]}}