{"id":37992,"date":"2022-03-05T07:37:21","date_gmt":"2022-03-05T07:37:21","guid":{"rendered":"https:\/\/test.shrimataji.org\/?page_id=6487"},"modified":"2026-04-23T17:37:41","modified_gmt":"2026-04-23T17:37:41","slug":"czakra-nabhi","status":"publish","type":"page","link":"https:\/\/shrimataji.org\/test\/pl\/czakra-nabhi\/","title":{"rendered":"Czakra Nabhi"},"content":{"rendered":"\n\n\t<h1>Czakra Nabhi<\/h1>\n<h2>Zadowolenie, ewolucja, dobrostan<\/h2>\n<h4>Dorastaj\u0105c i przechodz\u0105c od uwarunkowa\u0144 dzieci\u0144stwa i wychowania do reali\u00f3w \u017cycia, stajemy w obliczu wyzwa\u0144, jakie stawia przed nami gra \u017cycia. Posiadamy jednak zbi\u00f3r zasad etycznych, kt\u00f3re daj\u0105 nam jasne wskaz\u00f3wki, jak zachowywa\u0107 si\u0119 i funkcjonowa\u0107 w spo\u0142ecze\u0144stwie w spos\u00f3b godny i pozytywny.<\/h4>\n<p>Trzeci o\u015brodek \u015bwiadomo\u015bci daje nam wrodzone poczucie etycznego post\u0119powania. Ten wewn\u0119trzny kodeks by\u0142 na przestrzeni wiek\u00f3w wyra\u017cany w \u017cyciu i dzie\u0142ach wielu \u015bwi\u0119tych, wizjoner\u00f3w i prorok\u00f3w, takich jak Moj\u017cesz, Jezus, Mahomet, Abraham Lincoln i wielu innych. O\u015brodek ten daje nam r\u00f3wnie\u017c poczucie zadowolenia z \u017cycia oraz zdolno\u015b\u0107 odczuwania rado\u015bci z dzielenia si\u0119 z innymi.<\/p>\n<p>Ponadto drug\u0105 i trzeci\u0105 czakr\u0119 otacza Pustka (Void). Symbolizuje ona duchow\u0105 przepa\u015b\u0107 mi\u0119dzy ludzk\u0105 \u015bwiadomo\u015bci\u0105 a \u015bwiadomo\u015bci\u0105 bosk\u0105 oraz reprezentuje zasad\u0119 mistrzostwa w nas. W Sahad\u017aa Jodze rozwijamy zdolno\u015b\u0107 stawania si\u0119 w\u0142asnym mistrzem dzi\u0119ki o\u015bwieconej \u015bwiadomo\u015bci naszego subtelnego systemu, kt\u00f3r\u0105 odczuwamy zar\u00f3wno w ciele, jak i na opuszkach palc\u00f3w.<\/p>\n\t\t<iframe loading=\"lazy\" title=\"Nabhi Chakra\" width=\"1920\" height=\"1080\" src=\"https:\/\/www.youtube.com\/embed\/ZAdSAl2AKEw?feature=oembed\" frameborder=\"0\" allow=\"accelerometer; autoplay; clipboard-write; encrypted-media; gyroscope; picture-in-picture; web-share\" referrerpolicy=\"strict-origin-when-cross-origin\" allowfullscreen><\/iframe>\t\n\t\t<iframe loading=\"lazy\" title=\"Void\" width=\"1920\" height=\"1080\" src=\"https:\/\/www.youtube.com\/embed\/Sa5uQpqfOrQ?feature=oembed\" frameborder=\"0\" allow=\"accelerometer; autoplay; clipboard-write; encrypted-media; gyroscope; picture-in-picture; web-share\" referrerpolicy=\"strict-origin-when-cross-origin\" allowfullscreen><\/iframe>\t\n\t<strong>Lokalizacja<\/strong>:<strong><br \/>\n<\/strong>Czakra Nabhi znajduje si\u0119 w obr\u0119bie kr\u0119gos\u0142upa, mniej wi\u0119cej na wysoko\u015bci p\u0119pka. Na poziomie fizycznym wp\u0142ywa na funkcjonowanie splotu s\u0142onecznego. Wibracje czakry Nabhi mo\u017cna odczu\u0107 na \u015brodkowych palcach obu d\u0142oni. Funkcjonowanie narz\u0105d\u00f3w jamy brzusznej (\u017co\u0142\u0105dka, w\u0105troby, nerek i jelit) jest regulowane przez czakry Nabhi i Swadhiszthan oraz przez Pustk\u0119. Te trzy subtelne o\u015brodki dzia\u0142aj\u0105 wsp\u00f3lnie jako zintegrowany system, zapewniaj\u0105c harmonijne funkcjonowanie organizmu.\n<strong>Kolor<\/strong>:<strong><br \/>\n<\/strong>Czakra Nabhi reprezentowana jest przez kolor zielony. Jest powi\u0105zana z \u017cywio\u0142em wody.\n<strong>Cechy czakry Nabhi obejmuj\u0105:<\/strong><br \/>\n\u2022 Hojno\u015b\u0107<br \/>\n\u2022 Opieku\u0144czo\u015b\u0107<br \/>\n\u2022 Zadowolenie \/ satysfakcj\u0119<br \/>\n\u2022 Pok\u00f3j<br \/>\n\u2022 Rado\u015b\u0107<br \/>\n\u2022 R\u00f3wnowag\u0119<br \/>\n\u2022 Prawo\u015b\u0107 (dharma)<br \/>\n\u2022 Uczciwo\u015b\u0107<br \/>\n\u2022 Czyst\u0105 uwag\u0119<br \/>\n\u2022 Godno\u015b\u0107<br \/>\n\u2022 Ewolucj\u0119\n<figure itemscope itemtype=\"https:\/\/schema.org\/ImageObject\">\n\t\t\t\t<img decoding=\"async\" src=\"https:\/\/shrimataji.org\/test\/wp-content\/uploads\/2026\/04\/pl-3-Nabhi-Void-01-scaled.png\" alt=\"pl-3-Nabhi Void-01\" height=\"2560\" width=\"2402\" title=\"pl-3-Nabhi Void-01\" onerror=\"this.style.display='none'\" loading=\"lazy\" \/>\n\t<\/figure>\n\t<p>Czakra Nabhi obdarza nas podstawowymi cechami, takimi jak hojno\u015b\u0107 oraz zdolno\u015b\u0107 do ewolucji. To dzi\u0119ki niej odczuwamy pragnienie rozwoju, doskonalenia si\u0119 i osi\u0105gania cel\u00f3w. Wp\u0142ywa na ka\u017cde nasze \u201eposzukiwanie&#8221; &#8211; od podstawowych potrzeb, takich jak jedzenie i woda, a\u017c po d\u0105\u017cenie do pokoju i duchowo\u015bci. Dzi\u0119ki tej czakrze mo\u017cemy stopniowo wznosi\u0107 si\u0119 na wy\u017cszy poziom \u017cycia.<\/p>\n<p>Kolejn\u0105 kluczow\u0105 cech\u0105 czakry Nabhi jest zadowolenie (satysfakcja). To dzi\u0119ki niej jeste\u015bmy w stanie osi\u0105gn\u0105\u0107 r\u00f3wnowag\u0119 we wszystkich obszarach \u017cycia (rodzina, praca, duchowo\u015b\u0107). \u015ari Matad\u017ai wyja\u015bni\u0142a, \u017ce wa\u017cny aspekt lewej czakry Nabhi, kt\u00f3ry daje cechy opieku\u0144czo\u015bci, troski i mi\u0142o\u015bci, cz\u0119sto przejawia si\u0119 u kochaj\u0105cych \u017con i matek, pomagaj\u0105c im dba\u0107 o swoje rodziny.<\/p>\n<strong>Do\u015bwiadczenie i korzy\u015bci:<\/strong><br \/>\nNajwa\u017cniejsz\u0105 funkcj\u0105 fizjologiczn\u0105 czakry Nabhi jest regulacja pracy wielu narz\u0105d\u00f3w wewn\u0119trznych. Lewa Nabhi reguluje trzustk\u0119 i \u015bledzion\u0119. Centralna Nabhi reguluje \u017co\u0142\u0105dek i jelita. Prawa Nabhi odpowiada za w\u0105trob\u0119 i p\u0119cherzyk \u017c\u00f3\u0142ciowy. Rola w\u0105troby w medytacji jest niezwykle istotna &#8211; ma kluczowe znaczenie dla osi\u0105gni\u0119cia stanu bezmy\u015blnej \u015bwiadomo\u015bci i czystej uwagi. Ze wzgl\u0119du na stresuj\u0105cy tryb \u017cycia w\u0105troba \u0142atwo ulega przegrzaniu i wyczerpaniu. Praktyka Sahad\u017aa Jogi pomaga j\u0105 zr\u00f3wnowa\u017cy\u0107 i chroni\u0107.\n<p>Czakra Nabhi odgrywa r\u00f3wnie\u017c wa\u017cn\u0105 rol\u0119 w prawid\u0142owym trawieniu i metabolizmie. Nadmierne jedzenie zaburza jej r\u00f3wnowag\u0119. Zdrowa, warto\u015bciowa \u017cywno\u015b\u0107 spo\u017cywana regularnie pomaga utrzyma\u0107 czakr\u0119 Nabhi w harmonii.<\/p>\n<p>Czakra Nabhi jest tak\u017ce kluczowa dla \u017cycia rodzinnego. Gdy j\u0105 wzmacniasz i r\u00f3wnowa\u017cysz poprzez medytacj\u0119, pojawia si\u0119 nowa si\u0142a do podejmowania obowi\u0105zk\u00f3w rodzinnych. Mo\u017cesz nawet zacz\u0105\u0107 odczuwa\u0107 rado\u015b\u0107 z rzeczy, kt\u00f3rych wcze\u015bniej unika\u0142e\u015b.<\/p>\n<p>Osi\u0105gni\u0119cie dobrobytu jest wa\u017cnym etapem ewolucji. Czakra Nabhi le\u017cy u podstaw dobrobytu materialnego i pomaga zaspokoi\u0107 podstawowe potrzeby oraz pragnienia. Ka\u017cdy z nas posiada zdolno\u015bci intelektualne i fizyczne, kt\u00f3re umo\u017cliwiaj\u0105 zdobycie \u015brodk\u00f3w do \u017cycia. Silna czakra Nabhi sprawia, \u017ce po zaspokojeniu potrzeb materialnych zaczynamy koncentrowa\u0107 si\u0119 na rozwoju duchowym.<\/p>\n<strong>Samoocena:<\/strong><br \/>\nJe\u015bli lewa Nabhi jest zablokowana lub niezr\u00f3wnowa\u017cona, mog\u0105 pojawi\u0107 si\u0119 trudno\u015bci w \u017cyciu rodzinnym i domowym oraz obawy zwi\u0105zane z finansami. Blokada centralnej Nabhi mo\u017ce powodowa\u0107 problemy z trawieniem i metabolizmem. Nier\u00f3wnowaga prawej Nabhi mo\u017ce prowadzi\u0107 do nadmiernych zmartwie\u0144 i niepokoju, a tak\u017ce braku hojno\u015bci. Na szcz\u0119\u015bcie praktyka Sahad\u017aa Jogi pomaga przywr\u00f3ci\u0107 r\u00f3wnowag\u0119 i energi\u0119 tej wa\u017cnej czakry.\n<p><strong>Przyczyny braku r\u00f3wnowagi:<\/strong><\/p>\n<ul>\n<li>Nadmierne zamartwianie si\u0119, stres i brak r\u00f3wnowagi w relacjach rodzinnych<\/li>\n<li>Nadmierne skupienie na pracy, nadu\u017cywanie substancji oraz wszelkiego rodzaju fanatyzm<\/li>\n<\/ul>\n<strong>Jak r\u00f3wnowa\u017cy\u0107:<\/strong><br \/>\nR\u00f3wnowa\u017cenie prawej czakry Nabhi jest proste. Trzymaj praw\u0105 r\u0119k\u0119, d\u0142oni\u0105 skierowan\u0105 do wewn\u0105trz, kilka centymetr\u00f3w przed obszarem czakry Nabhi. Gdy poczujesz przep\u0142yw energii, wykonuj ni\u0105 ruchy okr\u0119\u017cne zgodnie z ruchem wskaz\u00f3wek zegara. Powt\u00f3rz kilka razy. Mo\u017cesz r\u00f3wnie\u017c przy\u0142o\u017cy\u0107 ch\u0142odny ok\u0142ad po prawej stronie, nad w\u0105trob\u0105. Aby zr\u00f3wnowa\u017cy\u0107 lew\u0105 czakr\u0119 Nabhi, <a href=\"https:\/\/shrimataji.org\/test\/wp-content\/uploads\/2026\/04\/PL_Footsoaking.pdf\" target=\"_blank\" rel=\"noopener\">mocz stopy<\/a> w ciep\u0142ej wodzie podczas medytacji.\n\n","protected":false},"excerpt":{"rendered":"<p>Czakra Nabhi Zadowolenie, ewolucja, dobrostan Dorastaj\u0105c i przechodz\u0105c od uwarunkowa\u0144 dzieci\u0144stwa i wychowania do reali\u00f3w \u017cycia, stajemy w obliczu wyzwa\u0144, jakie stawia przed nami gra \u017cycia. Posiadamy jednak zbi\u00f3r zasad etycznych, kt\u00f3re daj\u0105 nam jasne wskaz\u00f3wki, jak zachowywa\u0107 si\u0119 i funkcjonowa\u0107 w spo\u0142ecze\u0144stwie w spos\u00f3b godny i pozytywny. Trzeci o\u015brodek \u015bwiadomo\u015bci daje nam wrodzone poczucie&hellip; <br \/> <a class=\"read-more\" href=\"https:\/\/shrimataji.org\/test\/pl\/czakra-nabhi\/\">Read more<\/a><\/p>\n","protected":false},"author":1,"featured_media":37993,"parent":0,"menu_order":0,"comment_status":"closed","ping_status":"closed","template":"","meta":{"inline_featured_image":false,"footnotes":""},"class_list":["post-37992","page","type-page","status-publish","has-post-thumbnail","hentry"],"yoast_head":"<!-- This site is optimized with the Yoast SEO plugin v27.4 - https:\/\/yoast.com\/product\/yoast-seo-wordpress\/ -->\n<title>Czakra Nabhi - TEST - SMND<\/title>\n<meta name=\"robots\" content=\"noindex, follow, max-snippet:-1, max-image-preview:large, max-video-preview:-1\" \/>\n<meta property=\"og:locale\" content=\"en_US\" \/>\n<meta property=\"og:type\" content=\"article\" \/>\n<meta property=\"og:title\" content=\"Czakra Nabhi - TEST - SMND\" \/>\n<meta property=\"og:description\" content=\"Czakra Nabhi Zadowolenie, ewolucja, dobrostan Dorastaj\u0105c i przechodz\u0105c od uwarunkowa\u0144 dzieci\u0144stwa i wychowania do reali\u00f3w \u017cycia, stajemy w obliczu wyzwa\u0144, jakie stawia przed nami gra \u017cycia. Posiadamy jednak zbi\u00f3r zasad etycznych, kt\u00f3re daj\u0105 nam jasne wskaz\u00f3wki, jak zachowywa\u0107 si\u0119 i funkcjonowa\u0107 w spo\u0142ecze\u0144stwie w spos\u00f3b godny i pozytywny. Trzeci o\u015brodek \u015bwiadomo\u015bci daje nam wrodzone poczucie&hellip; Read more\" \/>\n<meta property=\"og:url\" content=\"https:\/\/shrimataji.org\/test\/pl\/czakra-nabhi\/\" \/>\n<meta property=\"og:site_name\" content=\"TEST - SMND\" \/>\n<meta property=\"article:publisher\" content=\"https:\/\/www.facebook.com\/shrimataji\" \/>\n<meta property=\"article:modified_time\" content=\"2026-04-23T17:37:41+00:00\" \/>\n<meta property=\"og:image\" content=\"https:\/\/shrimataji.org\/test\/wp-content\/uploads\/2023\/03\/18_Banner-SY-Chakra-nabhi-scaled.jpg\" \/>\n\t<meta property=\"og:image:width\" content=\"2560\" \/>\n\t<meta property=\"og:image:height\" content=\"905\" \/>\n\t<meta property=\"og:image:type\" content=\"image\/jpeg\" \/>\n<meta name=\"twitter:card\" content=\"summary_large_image\" \/>\n<meta name=\"twitter:site\" content=\"@shrimataji\" \/>\n<meta name=\"twitter:label1\" content=\"Est. reading time\" \/>\n\t<meta name=\"twitter:data1\" content=\"5 minutes\" \/>\n<script type=\"application\/ld+json\" class=\"yoast-schema-graph\">{\"@context\":\"https:\\\/\\\/schema.org\",\"@graph\":[{\"@type\":\"WebPage\",\"@id\":\"https:\\\/\\\/shrimataji.org\\\/test\\\/pl\\\/czakra-nabhi\\\/\",\"url\":\"https:\\\/\\\/shrimataji.org\\\/test\\\/pl\\\/czakra-nabhi\\\/\",\"name\":\"Czakra Nabhi - TEST - SMND\",\"isPartOf\":{\"@id\":\"https:\\\/\\\/shrimataji.org\\\/test\\\/#website\"},\"primaryImageOfPage\":{\"@id\":\"https:\\\/\\\/shrimataji.org\\\/test\\\/pl\\\/czakra-nabhi\\\/#primaryimage\"},\"image\":{\"@id\":\"https:\\\/\\\/shrimataji.org\\\/test\\\/pl\\\/czakra-nabhi\\\/#primaryimage\"},\"thumbnailUrl\":\"https:\\\/\\\/shrimataji.org\\\/test\\\/wp-content\\\/uploads\\\/2023\\\/03\\\/18_Banner-SY-Chakra-nabhi-scaled.jpg\",\"datePublished\":\"2022-03-05T07:37:21+00:00\",\"dateModified\":\"2026-04-23T17:37:41+00:00\",\"breadcrumb\":{\"@id\":\"https:\\\/\\\/shrimataji.org\\\/test\\\/pl\\\/czakra-nabhi\\\/#breadcrumb\"},\"inLanguage\":\"en-US\",\"potentialAction\":[{\"@type\":\"ReadAction\",\"target\":[\"https:\\\/\\\/shrimataji.org\\\/test\\\/pl\\\/czakra-nabhi\\\/\"]}]},{\"@type\":\"ImageObject\",\"inLanguage\":\"en-US\",\"@id\":\"https:\\\/\\\/shrimataji.org\\\/test\\\/pl\\\/czakra-nabhi\\\/#primaryimage\",\"url\":\"https:\\\/\\\/shrimataji.org\\\/test\\\/wp-content\\\/uploads\\\/2023\\\/03\\\/18_Banner-SY-Chakra-nabhi-scaled.jpg\",\"contentUrl\":\"https:\\\/\\\/shrimataji.org\\\/test\\\/wp-content\\\/uploads\\\/2023\\\/03\\\/18_Banner-SY-Chakra-nabhi-scaled.jpg\",\"width\":2560,\"height\":905},{\"@type\":\"BreadcrumbList\",\"@id\":\"https:\\\/\\\/shrimataji.org\\\/test\\\/pl\\\/czakra-nabhi\\\/#breadcrumb\",\"itemListElement\":[{\"@type\":\"ListItem\",\"position\":1,\"name\":\"Home\",\"item\":\"https:\\\/\\\/shrimataji.org\\\/test\\\/uk\\\/home-en\\\/\"},{\"@type\":\"ListItem\",\"position\":2,\"name\":\"Czakra Nabhi\"}]},{\"@type\":\"WebSite\",\"@id\":\"https:\\\/\\\/shrimataji.org\\\/test\\\/#website\",\"url\":\"https:\\\/\\\/shrimataji.org\\\/test\\\/\",\"name\":\"Shri Mataji Nirmala Devi\",\"description\":\"A Life Dedicated to Humanity\",\"publisher\":{\"@id\":\"https:\\\/\\\/shrimataji.org\\\/test\\\/#\\\/schema\\\/person\\\/a1b3419c6585f164aa96da1ff85715d1\"},\"potentialAction\":[{\"@type\":\"SearchAction\",\"target\":{\"@type\":\"EntryPoint\",\"urlTemplate\":\"https:\\\/\\\/shrimataji.org\\\/test\\\/?s={search_term_string}\"},\"query-input\":{\"@type\":\"PropertyValueSpecification\",\"valueRequired\":true,\"valueName\":\"search_term_string\"}}],\"inLanguage\":\"en-US\"},{\"@type\":[\"Person\",\"Organization\"],\"@id\":\"https:\\\/\\\/shrimataji.org\\\/test\\\/#\\\/schema\\\/person\\\/a1b3419c6585f164aa96da1ff85715d1\",\"name\":\"Nirmala Shrivastava\",\"image\":{\"@type\":\"ImageObject\",\"inLanguage\":\"en-US\",\"@id\":\"https:\\\/\\\/shrimataji.org\\\/test\\\/wp-content\\\/uploads\\\/2023\\\/02\\\/SMO_LOGO-03.svg\",\"url\":\"https:\\\/\\\/shrimataji.org\\\/test\\\/wp-content\\\/uploads\\\/2023\\\/02\\\/SMO_LOGO-03.svg\",\"contentUrl\":\"https:\\\/\\\/shrimataji.org\\\/test\\\/wp-content\\\/uploads\\\/2023\\\/02\\\/SMO_LOGO-03.svg\",\"width\":\"1024\",\"height\":\"1024\",\"caption\":\"Nirmala Shrivastava\"},\"logo\":{\"@id\":\"https:\\\/\\\/shrimataji.org\\\/test\\\/wp-content\\\/uploads\\\/2023\\\/02\\\/SMO_LOGO-03.svg\"},\"sameAs\":[\"https:\\\/\\\/shrimataji.org\\\/test\",\"https:\\\/\\\/www.facebook.com\\\/shrimataji\",\"https:\\\/\\\/x.com\\\/shrimataji\",\"https:\\\/\\\/www.youtube.com\\\/@Shri_Mataji_Nirmala_Devi\\\/featured\"]}]}<\/script>\n<!-- \/ Yoast SEO plugin. -->","yoast_head_json":{"title":"Czakra Nabhi - TEST - SMND","robots":{"index":"noindex","follow":"follow","max-snippet":"max-snippet:-1","max-image-preview":"max-image-preview:large","max-video-preview":"max-video-preview:-1"},"og_locale":"en_US","og_type":"article","og_title":"Czakra Nabhi - TEST - SMND","og_description":"Czakra Nabhi Zadowolenie, ewolucja, dobrostan Dorastaj\u0105c i przechodz\u0105c od uwarunkowa\u0144 dzieci\u0144stwa i wychowania do reali\u00f3w \u017cycia, stajemy w obliczu wyzwa\u0144, jakie stawia przed nami gra \u017cycia. Posiadamy jednak zbi\u00f3r zasad etycznych, kt\u00f3re daj\u0105 nam jasne wskaz\u00f3wki, jak zachowywa\u0107 si\u0119 i funkcjonowa\u0107 w spo\u0142ecze\u0144stwie w spos\u00f3b godny i pozytywny. Trzeci o\u015brodek \u015bwiadomo\u015bci daje nam wrodzone poczucie&hellip; Read more","og_url":"https:\/\/shrimataji.org\/test\/pl\/czakra-nabhi\/","og_site_name":"TEST - SMND","article_publisher":"https:\/\/www.facebook.com\/shrimataji","article_modified_time":"2026-04-23T17:37:41+00:00","og_image":[{"width":2560,"height":905,"url":"https:\/\/shrimataji.org\/test\/wp-content\/uploads\/2023\/03\/18_Banner-SY-Chakra-nabhi-scaled.jpg","type":"image\/jpeg"}],"twitter_card":"summary_large_image","twitter_site":"@shrimataji","twitter_misc":{"Est. reading time":"5 minutes"},"schema":{"@context":"https:\/\/schema.org","@graph":[{"@type":"WebPage","@id":"https:\/\/shrimataji.org\/test\/pl\/czakra-nabhi\/","url":"https:\/\/shrimataji.org\/test\/pl\/czakra-nabhi\/","name":"Czakra Nabhi - TEST - SMND","isPartOf":{"@id":"https:\/\/shrimataji.org\/test\/#website"},"primaryImageOfPage":{"@id":"https:\/\/shrimataji.org\/test\/pl\/czakra-nabhi\/#primaryimage"},"image":{"@id":"https:\/\/shrimataji.org\/test\/pl\/czakra-nabhi\/#primaryimage"},"thumbnailUrl":"https:\/\/shrimataji.org\/test\/wp-content\/uploads\/2023\/03\/18_Banner-SY-Chakra-nabhi-scaled.jpg","datePublished":"2022-03-05T07:37:21+00:00","dateModified":"2026-04-23T17:37:41+00:00","breadcrumb":{"@id":"https:\/\/shrimataji.org\/test\/pl\/czakra-nabhi\/#breadcrumb"},"inLanguage":"en-US","potentialAction":[{"@type":"ReadAction","target":["https:\/\/shrimataji.org\/test\/pl\/czakra-nabhi\/"]}]},{"@type":"ImageObject","inLanguage":"en-US","@id":"https:\/\/shrimataji.org\/test\/pl\/czakra-nabhi\/#primaryimage","url":"https:\/\/shrimataji.org\/test\/wp-content\/uploads\/2023\/03\/18_Banner-SY-Chakra-nabhi-scaled.jpg","contentUrl":"https:\/\/shrimataji.org\/test\/wp-content\/uploads\/2023\/03\/18_Banner-SY-Chakra-nabhi-scaled.jpg","width":2560,"height":905},{"@type":"BreadcrumbList","@id":"https:\/\/shrimataji.org\/test\/pl\/czakra-nabhi\/#breadcrumb","itemListElement":[{"@type":"ListItem","position":1,"name":"Home","item":"https:\/\/shrimataji.org\/test\/uk\/home-en\/"},{"@type":"ListItem","position":2,"name":"Czakra Nabhi"}]},{"@type":"WebSite","@id":"https:\/\/shrimataji.org\/test\/#website","url":"https:\/\/shrimataji.org\/test\/","name":"Shri Mataji Nirmala Devi","description":"A Life Dedicated to Humanity","publisher":{"@id":"https:\/\/shrimataji.org\/test\/#\/schema\/person\/a1b3419c6585f164aa96da1ff85715d1"},"potentialAction":[{"@type":"SearchAction","target":{"@type":"EntryPoint","urlTemplate":"https:\/\/shrimataji.org\/test\/?s={search_term_string}"},"query-input":{"@type":"PropertyValueSpecification","valueRequired":true,"valueName":"search_term_string"}}],"inLanguage":"en-US"},{"@type":["Person","Organization"],"@id":"https:\/\/shrimataji.org\/test\/#\/schema\/person\/a1b3419c6585f164aa96da1ff85715d1","name":"Nirmala Shrivastava","image":{"@type":"ImageObject","inLanguage":"en-US","@id":"https:\/\/shrimataji.org\/test\/wp-content\/uploads\/2023\/02\/SMO_LOGO-03.svg","url":"https:\/\/shrimataji.org\/test\/wp-content\/uploads\/2023\/02\/SMO_LOGO-03.svg","contentUrl":"https:\/\/shrimataji.org\/test\/wp-content\/uploads\/2023\/02\/SMO_LOGO-03.svg","width":"1024","height":"1024","caption":"Nirmala Shrivastava"},"logo":{"@id":"https:\/\/shrimataji.org\/test\/wp-content\/uploads\/2023\/02\/SMO_LOGO-03.svg"},"sameAs":["https:\/\/shrimataji.org\/test","https:\/\/www.facebook.com\/shrimataji","https:\/\/x.com\/shrimataji","https:\/\/www.youtube.com\/@Shri_Mataji_Nirmala_Devi\/featured"]}]}},"lang":"pl","translations":{"pl":37992,"ur":37468,"en":6487,"am":18040,"th":20003,"hu":19522,"sq":18441,"zh":17338,"hi":8327,"tr":10187,"pt":10397,"de":10671,"fr":10769,"it":10867,"es":10964,"ja":11261,"ru":11449,"bn":11641,"te":11749,"sw":11872,"he":12020,"el":12312,"sk":12410,"fa":12508,"fi":12606,"bg":13372,"ro":14446,"cs":14639,"nl":16601,"ku":16761,"ar":16937,"be":18648,"kn":18922,"mr":20367,"uk":20661,"ml":20956,"ta":22759,"sv":23030,"gu":28873,"pa":29033,"fil":29478,"da":37780,"nn":38332},"pll_sync_post":[],"_links":{"self":[{"href":"https:\/\/shrimataji.org\/test\/wp-json\/wp\/v2\/pages\/37992","targetHints":{"allow":["GET"]}}],"collection":[{"href":"https:\/\/shrimataji.org\/test\/wp-json\/wp\/v2\/pages"}],"about":[{"href":"https:\/\/shrimataji.org\/test\/wp-json\/wp\/v2\/types\/page"}],"author":[{"embeddable":true,"href":"https:\/\/shrimataji.org\/test\/wp-json\/wp\/v2\/users\/1"}],"replies":[{"embeddable":true,"href":"https:\/\/shrimataji.org\/test\/wp-json\/wp\/v2\/comments?post=37992"}],"version-history":[{"count":0,"href":"https:\/\/shrimataji.org\/test\/wp-json\/wp\/v2\/pages\/37992\/revisions"}],"wp:featuredmedia":[{"embeddable":true,"href":"https:\/\/shrimataji.org\/test\/wp-json\/wp\/v2\/media\/37993"}],"wp:attachment":[{"href":"https:\/\/shrimataji.org\/test\/wp-json\/wp\/v2\/media?parent=37992"}],"curies":[{"name":"wp","href":"https:\/\/api.w.org\/{rel}","templated":true}]}}