{"id":37994,"date":"2022-01-29T10:25:21","date_gmt":"2022-01-29T10:25:21","guid":{"rendered":"https:\/\/test.shrimataji.org\/?page_id=6406"},"modified":"2026-04-22T05:39:07","modified_gmt":"2026-04-22T05:39:07","slug":"nadi-i-trzy-usposobienia","status":"publish","type":"page","link":"https:\/\/shrimataji.org\/test\/pl\/nadi-i-trzy-usposobienia\/","title":{"rendered":"Nadi i trzy usposobienia"},"content":{"rendered":"\n\n\t<h1>Nadi i trzy usposobienia<\/h1>\n<h2>Osi\u0105gni\u0119cie r\u00f3wnowagi<\/h2>\n<div class=\"su-quote su-quote-style-default\"><div class=\"su-quote-inner su-u-clearfix su-u-trim\"> Tych subtelnych Nadi nie mo\u017cna zobaczy\u0107. Mog\u0105 si\u0119 one przejawi\u0107 jedynie w Sahad\u017aa Jodze. <\/div><\/div>\n<h4>Ludzki system subtelny jest niezwykle z\u0142o\u017cony i sk\u0142ada si\u0119 z tysi\u0119cy kana\u0142\u00f3w umo\u017cliwiaj\u0105cych przep\u0142yw subtelnej energii w ca\u0142ym ciele. Przejawy subtelnej energii przep\u0142ywaj\u0105cej tymi kana\u0142ami w okre\u015blonych miejscach systemu subtelnego nazywane s\u0105 \u201e<a href=\"https:\/\/shrimataji.org\/test\/pl\/czakry-i-ich-cechy\/\" target=\"_blank\" rel=\"noopener\">czakrami<\/a>&#8221; (co w sanskrycie oznacza \u201eko\u0142a&#8221;). Ca\u0142y nasz system subtelny jest zarz\u0105dzany przez trzy g\u0142\u00f3wne pionowe kana\u0142y energii, zwane w sanskrycie \u201eNadi&#8221;, kt\u00f3re oddzia\u0142uj\u0105 poprzez siedem g\u0142\u00f3wnych czakr.<\/h4>\n<p>Tylko poprzez samorealizacj\u0119 nasz subtelny system zostaje w pe\u0142ni aktywowany dzi\u0119ki przebudzeniu <a href=\"https:\/\/shrimataji.org\/test\/pl\/kundalini\/\" target=\"_blank\" rel=\"noopener\">Kundalini<\/a>, kt\u00f3ra nast\u0119pnie oczyszcza i r\u00f3wnowa\u017cy ca\u0142y system subtelny oraz o\u015bwieca czyste jako\u015bci czakr w nas.<\/p>\n<figure itemscope itemtype=\"https:\/\/schema.org\/ImageObject\">\n\t\t\t\t<img decoding=\"async\" src=\"https:\/\/shrimataji.org\/test\/wp-content\/uploads\/2026\/04\/pl-All-Nadis-01-scaled.png\" alt=\"pl-All Nadis-01\" height=\"2560\" width=\"2390\" title=\"pl-All Nadis-01\" onerror=\"this.style.display='none'\" loading=\"lazy\" \/>\n\t<\/figure>\n\t<p>Ka\u017cdy z kana\u0142\u00f3w energetycznych odpowiada okre\u015blonym stanom lub cechom naszej psychiki i wspiera pe\u0142ny rozw\u00f3j dojrza\u0142ej osobowo\u015bci. W codziennym \u017cyciu mamy tendencj\u0119 do korzystania z lewego kana\u0142u (zwanego w sanskrycie Ida Nadi), kt\u00f3ry odpowiada za nasze pragnienia i uczucia, lub prawego kana\u0142u (zwanego w sanskrycie Pingala Nadi), kt\u00f3ry odpowiada za nasze my\u015bli i dzia\u0142ania. Nadmierne sk\u0142onno\u015bci w naszym stylu \u017cycia cz\u0119sto zak\u0142\u00f3caj\u0105 naturaln\u0105 r\u00f3wnowag\u0119 w tych kana\u0142ach, co prowadzi do problem\u00f3w fizycznych, psychicznych i emocjonalnych. Trzeci kana\u0142 energetyczny, Suszumna, kt\u00f3ry znajduje si\u0119 pomi\u0119dzy lewym i prawym kana\u0142em, jest aktywowany jedynie poprzez samorealizacj\u0119, gdy Kundalini si\u0119 wznosi i o\u015bwieca wszystkie nasze Nadi i czakry, prowadz\u0105c nas do stanu wewn\u0119trznej r\u00f3wnowagi.<\/p>\n<p>Te subtelne kana\u0142y s\u0105 odwzorowane nie tylko w naszym rdzeniu kr\u0119gowym, kt\u00f3ry na poziomie fizycznym przejawia si\u0119 jako uk\u0142ad nerwowy wsp\u00f3\u0142czulny i przywsp\u00f3\u0142czulny, ale odpowiadaj\u0105 r\u00f3wnie\u017c okre\u015blonym miejscom na naszych d\u0142oniach i nogach.<\/p>\n<figure itemscope itemtype=\"https:\/\/schema.org\/ImageObject\">\n\t\t\t\t<img decoding=\"async\" src=\"https:\/\/shrimataji.org\/test\/wp-content\/uploads\/2024\/11\/EN_Nadi_Handsketch.jpg\" alt=\"Original drawing by Shri Mataji\" height=\"511\" width=\"1246\" title=\"EN_Nadi_Handsketch\" onerror=\"this.style.display='none'\" loading=\"lazy\" \/>\n\t\t<figcaption>Oryginalny rysunek autorstwa \u015ari Matad\u017ai<\/figcaption>\n\t<\/figure>\n\t<p>Po samorealizacji stajemy si\u0119 wyra\u017anie \u015bwiadomi braku r\u00f3wnowagi w naszych Nadi i czakrach, kt\u00f3ry odczuwamy jako ciep\u0142o, silne zimno lub dr\u0119twienie, odpowiadaj\u0105ce odpowiednim obszarom rdzenia kr\u0119gowego lub ko\u0144czyn cia\u0142a.<\/p>\n<p>\u015ari Matad\u017ai szczeg\u00f3\u0142owo opisa\u0142a r\u00f3\u017cne techniki oczyszczania, cz\u0119sto wykorzystuj\u0105ce elementy takie jak ziemia, woda, ogie\u0144, powietrze i eter, aby usuwa\u0107 blokady w Nadi i czakrach oraz przywraca\u0107 ich naturaln\u0105 r\u00f3wnowag\u0119.<\/p>\n\t\t<img decoding=\"async\" data-spai-excluded=\"true\" loading=\"lazy\"  alt=\"YouTube player\"  src=\"https:\/\/i.ytimg.com\/vi\/9phkP0MMMEI\/maxresdefault.jpg\"  \/><button aria-label=\"Play\"><\/button><meta itemprop=\"embedUrl\" content=\"https:\/\/www.youtube.com\/embed\/9phkP0MMMEI\"\/><meta itemprop=\"name\" content=\"The importance of a balanced life\"\/><meta itemprop=\"description\" content=\"YouTube video\"\/><meta itemprop=\"thumbnailUrl\" content=\"https:\/\/i.ytimg.com\/vi\/9phkP0MMMEI\/0.jpg\"\/><meta itemprop=\"duration\" content=\"PT2M5S\"\/><meta itemprop=\"uploadDate\" content=\"2022-11-12T03:31:03Z\"\/>\t\n\n","protected":false},"excerpt":{"rendered":"<p>Nadi i trzy usposobienia Osi\u0105gni\u0119cie r\u00f3wnowagi Ludzki system subtelny jest niezwykle z\u0142o\u017cony i sk\u0142ada si\u0119 z tysi\u0119cy kana\u0142\u00f3w umo\u017cliwiaj\u0105cych przep\u0142yw subtelnej energii w ca\u0142ym ciele. Przejawy subtelnej energii przep\u0142ywaj\u0105cej tymi kana\u0142ami w okre\u015blonych miejscach systemu subtelnego nazywane s\u0105 \u201eczakrami&#8221; (co w sanskrycie oznacza \u201eko\u0142a&#8221;). Ca\u0142y nasz system subtelny jest zarz\u0105dzany przez trzy g\u0142\u00f3wne pionowe kana\u0142y&hellip; <br \/> <a class=\"read-more\" href=\"https:\/\/shrimataji.org\/test\/pl\/nadi-i-trzy-usposobienia\/\">Read more<\/a><\/p>\n","protected":false},"author":1,"featured_media":37995,"parent":0,"menu_order":0,"comment_status":"closed","ping_status":"closed","template":"","meta":{"inline_featured_image":false,"footnotes":""},"class_list":["post-37994","page","type-page","status-publish","has-post-thumbnail","hentry"],"yoast_head":"<!-- This site is optimized with the Yoast SEO plugin v27.4 - https:\/\/yoast.com\/product\/yoast-seo-wordpress\/ -->\n<title>Nadi i trzy usposobienia - TEST - SMND<\/title>\n<meta name=\"robots\" content=\"noindex, follow, max-snippet:-1, max-image-preview:large, max-video-preview:-1\" \/>\n<meta property=\"og:locale\" content=\"en_US\" \/>\n<meta property=\"og:type\" content=\"article\" \/>\n<meta property=\"og:title\" content=\"Nadi i trzy usposobienia - TEST - SMND\" \/>\n<meta property=\"og:description\" content=\"Nadi i trzy usposobienia Osi\u0105gni\u0119cie r\u00f3wnowagi Ludzki system subtelny jest niezwykle z\u0142o\u017cony i sk\u0142ada si\u0119 z tysi\u0119cy kana\u0142\u00f3w umo\u017cliwiaj\u0105cych przep\u0142yw subtelnej energii w ca\u0142ym ciele. Przejawy subtelnej energii przep\u0142ywaj\u0105cej tymi kana\u0142ami w okre\u015blonych miejscach systemu subtelnego nazywane s\u0105 \u201eczakrami&#8221; (co w sanskrycie oznacza \u201eko\u0142a&#8221;). Ca\u0142y nasz system subtelny jest zarz\u0105dzany przez trzy g\u0142\u00f3wne pionowe kana\u0142y&hellip; Read more\" \/>\n<meta property=\"og:url\" content=\"https:\/\/shrimataji.org\/test\/pl\/nadi-i-trzy-usposobienia\/\" \/>\n<meta property=\"og:site_name\" content=\"TEST - SMND\" \/>\n<meta property=\"article:publisher\" content=\"https:\/\/www.facebook.com\/shrimataji\" \/>\n<meta property=\"article:modified_time\" content=\"2026-04-22T05:39:07+00:00\" \/>\n<meta property=\"og:image\" content=\"https:\/\/shrimataji.org\/test\/wp-content\/uploads\/2023\/03\/11_Banner-SY-Nadis-2-scaled.jpg\" \/>\n\t<meta property=\"og:image:width\" content=\"2560\" \/>\n\t<meta property=\"og:image:height\" content=\"905\" \/>\n\t<meta property=\"og:image:type\" content=\"image\/jpeg\" \/>\n<meta name=\"twitter:card\" content=\"summary_large_image\" \/>\n<meta name=\"twitter:site\" content=\"@shrimataji\" \/>\n<meta name=\"twitter:label1\" content=\"Est. reading time\" \/>\n\t<meta name=\"twitter:data1\" content=\"3 minutes\" \/>\n<script type=\"application\/ld+json\" class=\"yoast-schema-graph\">{\"@context\":\"https:\\\/\\\/schema.org\",\"@graph\":[{\"@type\":\"WebPage\",\"@id\":\"https:\\\/\\\/shrimataji.org\\\/test\\\/pl\\\/nadi-i-trzy-usposobienia\\\/\",\"url\":\"https:\\\/\\\/shrimataji.org\\\/test\\\/pl\\\/nadi-i-trzy-usposobienia\\\/\",\"name\":\"Nadi i trzy usposobienia - TEST - SMND\",\"isPartOf\":{\"@id\":\"https:\\\/\\\/shrimataji.org\\\/test\\\/#website\"},\"primaryImageOfPage\":{\"@id\":\"https:\\\/\\\/shrimataji.org\\\/test\\\/pl\\\/nadi-i-trzy-usposobienia\\\/#primaryimage\"},\"image\":{\"@id\":\"https:\\\/\\\/shrimataji.org\\\/test\\\/pl\\\/nadi-i-trzy-usposobienia\\\/#primaryimage\"},\"thumbnailUrl\":\"https:\\\/\\\/shrimataji.org\\\/test\\\/wp-content\\\/uploads\\\/2023\\\/03\\\/11_Banner-SY-Nadis-2-scaled.jpg\",\"datePublished\":\"2022-01-29T10:25:21+00:00\",\"dateModified\":\"2026-04-22T05:39:07+00:00\",\"breadcrumb\":{\"@id\":\"https:\\\/\\\/shrimataji.org\\\/test\\\/pl\\\/nadi-i-trzy-usposobienia\\\/#breadcrumb\"},\"inLanguage\":\"en-US\",\"potentialAction\":[{\"@type\":\"ReadAction\",\"target\":[\"https:\\\/\\\/shrimataji.org\\\/test\\\/pl\\\/nadi-i-trzy-usposobienia\\\/\"]}]},{\"@type\":\"ImageObject\",\"inLanguage\":\"en-US\",\"@id\":\"https:\\\/\\\/shrimataji.org\\\/test\\\/pl\\\/nadi-i-trzy-usposobienia\\\/#primaryimage\",\"url\":\"https:\\\/\\\/shrimataji.org\\\/test\\\/wp-content\\\/uploads\\\/2023\\\/03\\\/11_Banner-SY-Nadis-2-scaled.jpg\",\"contentUrl\":\"https:\\\/\\\/shrimataji.org\\\/test\\\/wp-content\\\/uploads\\\/2023\\\/03\\\/11_Banner-SY-Nadis-2-scaled.jpg\",\"width\":2560,\"height\":905},{\"@type\":\"BreadcrumbList\",\"@id\":\"https:\\\/\\\/shrimataji.org\\\/test\\\/pl\\\/nadi-i-trzy-usposobienia\\\/#breadcrumb\",\"itemListElement\":[{\"@type\":\"ListItem\",\"position\":1,\"name\":\"Home\",\"item\":\"https:\\\/\\\/shrimataji.org\\\/test\\\/uk\\\/home-en\\\/\"},{\"@type\":\"ListItem\",\"position\":2,\"name\":\"Nadi i trzy usposobienia\"}]},{\"@type\":\"WebSite\",\"@id\":\"https:\\\/\\\/shrimataji.org\\\/test\\\/#website\",\"url\":\"https:\\\/\\\/shrimataji.org\\\/test\\\/\",\"name\":\"Shri Mataji Nirmala Devi\",\"description\":\"A Life Dedicated to Humanity\",\"publisher\":{\"@id\":\"https:\\\/\\\/shrimataji.org\\\/test\\\/#\\\/schema\\\/person\\\/a1b3419c6585f164aa96da1ff85715d1\"},\"potentialAction\":[{\"@type\":\"SearchAction\",\"target\":{\"@type\":\"EntryPoint\",\"urlTemplate\":\"https:\\\/\\\/shrimataji.org\\\/test\\\/?s={search_term_string}\"},\"query-input\":{\"@type\":\"PropertyValueSpecification\",\"valueRequired\":true,\"valueName\":\"search_term_string\"}}],\"inLanguage\":\"en-US\"},{\"@type\":[\"Person\",\"Organization\"],\"@id\":\"https:\\\/\\\/shrimataji.org\\\/test\\\/#\\\/schema\\\/person\\\/a1b3419c6585f164aa96da1ff85715d1\",\"name\":\"Nirmala Shrivastava\",\"image\":{\"@type\":\"ImageObject\",\"inLanguage\":\"en-US\",\"@id\":\"https:\\\/\\\/shrimataji.org\\\/test\\\/wp-content\\\/uploads\\\/2023\\\/02\\\/SMO_LOGO-03.svg\",\"url\":\"https:\\\/\\\/shrimataji.org\\\/test\\\/wp-content\\\/uploads\\\/2023\\\/02\\\/SMO_LOGO-03.svg\",\"contentUrl\":\"https:\\\/\\\/shrimataji.org\\\/test\\\/wp-content\\\/uploads\\\/2023\\\/02\\\/SMO_LOGO-03.svg\",\"width\":\"1024\",\"height\":\"1024\",\"caption\":\"Nirmala Shrivastava\"},\"logo\":{\"@id\":\"https:\\\/\\\/shrimataji.org\\\/test\\\/wp-content\\\/uploads\\\/2023\\\/02\\\/SMO_LOGO-03.svg\"},\"sameAs\":[\"https:\\\/\\\/shrimataji.org\\\/test\",\"https:\\\/\\\/www.facebook.com\\\/shrimataji\",\"https:\\\/\\\/x.com\\\/shrimataji\",\"https:\\\/\\\/www.youtube.com\\\/@Shri_Mataji_Nirmala_Devi\\\/featured\"]}]}<\/script>\n<!-- \/ Yoast SEO plugin. -->","yoast_head_json":{"title":"Nadi i trzy usposobienia - TEST - SMND","robots":{"index":"noindex","follow":"follow","max-snippet":"max-snippet:-1","max-image-preview":"max-image-preview:large","max-video-preview":"max-video-preview:-1"},"og_locale":"en_US","og_type":"article","og_title":"Nadi i trzy usposobienia - TEST - SMND","og_description":"Nadi i trzy usposobienia Osi\u0105gni\u0119cie r\u00f3wnowagi Ludzki system subtelny jest niezwykle z\u0142o\u017cony i sk\u0142ada si\u0119 z tysi\u0119cy kana\u0142\u00f3w umo\u017cliwiaj\u0105cych przep\u0142yw subtelnej energii w ca\u0142ym ciele. Przejawy subtelnej energii przep\u0142ywaj\u0105cej tymi kana\u0142ami w okre\u015blonych miejscach systemu subtelnego nazywane s\u0105 \u201eczakrami&#8221; (co w sanskrycie oznacza \u201eko\u0142a&#8221;). Ca\u0142y nasz system subtelny jest zarz\u0105dzany przez trzy g\u0142\u00f3wne pionowe kana\u0142y&hellip; Read more","og_url":"https:\/\/shrimataji.org\/test\/pl\/nadi-i-trzy-usposobienia\/","og_site_name":"TEST - SMND","article_publisher":"https:\/\/www.facebook.com\/shrimataji","article_modified_time":"2026-04-22T05:39:07+00:00","og_image":[{"width":2560,"height":905,"url":"https:\/\/shrimataji.org\/test\/wp-content\/uploads\/2023\/03\/11_Banner-SY-Nadis-2-scaled.jpg","type":"image\/jpeg"}],"twitter_card":"summary_large_image","twitter_site":"@shrimataji","twitter_misc":{"Est. reading time":"3 minutes"},"schema":{"@context":"https:\/\/schema.org","@graph":[{"@type":"WebPage","@id":"https:\/\/shrimataji.org\/test\/pl\/nadi-i-trzy-usposobienia\/","url":"https:\/\/shrimataji.org\/test\/pl\/nadi-i-trzy-usposobienia\/","name":"Nadi i trzy usposobienia - TEST - SMND","isPartOf":{"@id":"https:\/\/shrimataji.org\/test\/#website"},"primaryImageOfPage":{"@id":"https:\/\/shrimataji.org\/test\/pl\/nadi-i-trzy-usposobienia\/#primaryimage"},"image":{"@id":"https:\/\/shrimataji.org\/test\/pl\/nadi-i-trzy-usposobienia\/#primaryimage"},"thumbnailUrl":"https:\/\/shrimataji.org\/test\/wp-content\/uploads\/2023\/03\/11_Banner-SY-Nadis-2-scaled.jpg","datePublished":"2022-01-29T10:25:21+00:00","dateModified":"2026-04-22T05:39:07+00:00","breadcrumb":{"@id":"https:\/\/shrimataji.org\/test\/pl\/nadi-i-trzy-usposobienia\/#breadcrumb"},"inLanguage":"en-US","potentialAction":[{"@type":"ReadAction","target":["https:\/\/shrimataji.org\/test\/pl\/nadi-i-trzy-usposobienia\/"]}]},{"@type":"ImageObject","inLanguage":"en-US","@id":"https:\/\/shrimataji.org\/test\/pl\/nadi-i-trzy-usposobienia\/#primaryimage","url":"https:\/\/shrimataji.org\/test\/wp-content\/uploads\/2023\/03\/11_Banner-SY-Nadis-2-scaled.jpg","contentUrl":"https:\/\/shrimataji.org\/test\/wp-content\/uploads\/2023\/03\/11_Banner-SY-Nadis-2-scaled.jpg","width":2560,"height":905},{"@type":"BreadcrumbList","@id":"https:\/\/shrimataji.org\/test\/pl\/nadi-i-trzy-usposobienia\/#breadcrumb","itemListElement":[{"@type":"ListItem","position":1,"name":"Home","item":"https:\/\/shrimataji.org\/test\/uk\/home-en\/"},{"@type":"ListItem","position":2,"name":"Nadi i trzy usposobienia"}]},{"@type":"WebSite","@id":"https:\/\/shrimataji.org\/test\/#website","url":"https:\/\/shrimataji.org\/test\/","name":"Shri Mataji Nirmala Devi","description":"A Life Dedicated to Humanity","publisher":{"@id":"https:\/\/shrimataji.org\/test\/#\/schema\/person\/a1b3419c6585f164aa96da1ff85715d1"},"potentialAction":[{"@type":"SearchAction","target":{"@type":"EntryPoint","urlTemplate":"https:\/\/shrimataji.org\/test\/?s={search_term_string}"},"query-input":{"@type":"PropertyValueSpecification","valueRequired":true,"valueName":"search_term_string"}}],"inLanguage":"en-US"},{"@type":["Person","Organization"],"@id":"https:\/\/shrimataji.org\/test\/#\/schema\/person\/a1b3419c6585f164aa96da1ff85715d1","name":"Nirmala Shrivastava","image":{"@type":"ImageObject","inLanguage":"en-US","@id":"https:\/\/shrimataji.org\/test\/wp-content\/uploads\/2023\/02\/SMO_LOGO-03.svg","url":"https:\/\/shrimataji.org\/test\/wp-content\/uploads\/2023\/02\/SMO_LOGO-03.svg","contentUrl":"https:\/\/shrimataji.org\/test\/wp-content\/uploads\/2023\/02\/SMO_LOGO-03.svg","width":"1024","height":"1024","caption":"Nirmala Shrivastava"},"logo":{"@id":"https:\/\/shrimataji.org\/test\/wp-content\/uploads\/2023\/02\/SMO_LOGO-03.svg"},"sameAs":["https:\/\/shrimataji.org\/test","https:\/\/www.facebook.com\/shrimataji","https:\/\/x.com\/shrimataji","https:\/\/www.youtube.com\/@Shri_Mataji_Nirmala_Devi\/featured"]}]}},"lang":"pl","translations":{"pl":37994,"ur":37470,"en":6406,"am":18042,"th":20006,"hu":19524,"sq":18443,"zh":17340,"hi":8302,"tr":10188,"pt":10398,"de":10672,"fr":10770,"it":10868,"es":10965,"ja":11262,"ru":11450,"bn":11642,"te":11750,"sw":11873,"he":12021,"el":12313,"sk":12411,"fa":12509,"fi":12607,"bg":13386,"ro":14460,"cs":14653,"nl":16603,"ku":16763,"ar":16939,"be":18650,"kn":18924,"mr":20370,"uk":20664,"ml":20959,"ta":22761,"sv":23032,"gu":28875,"pa":29035,"fil":29480,"da":37782,"nn":38334},"pll_sync_post":[],"_links":{"self":[{"href":"https:\/\/shrimataji.org\/test\/wp-json\/wp\/v2\/pages\/37994","targetHints":{"allow":["GET"]}}],"collection":[{"href":"https:\/\/shrimataji.org\/test\/wp-json\/wp\/v2\/pages"}],"about":[{"href":"https:\/\/shrimataji.org\/test\/wp-json\/wp\/v2\/types\/page"}],"author":[{"embeddable":true,"href":"https:\/\/shrimataji.org\/test\/wp-json\/wp\/v2\/users\/1"}],"replies":[{"embeddable":true,"href":"https:\/\/shrimataji.org\/test\/wp-json\/wp\/v2\/comments?post=37994"}],"version-history":[{"count":0,"href":"https:\/\/shrimataji.org\/test\/wp-json\/wp\/v2\/pages\/37994\/revisions"}],"wp:featuredmedia":[{"embeddable":true,"href":"https:\/\/shrimataji.org\/test\/wp-json\/wp\/v2\/media\/37995"}],"wp:attachment":[{"href":"https:\/\/shrimataji.org\/test\/wp-json\/wp\/v2\/media?parent=37994"}],"curies":[{"name":"wp","href":"https:\/\/api.w.org\/{rel}","templated":true}]}}