{"id":37996,"date":"2012-09-02T10:00:00","date_gmt":"2012-09-02T10:00:00","guid":{"rendered":"http:\/\/testwordpress.nirmalnagari.org\/smnd\/index.php\/our-spiritual-ascent\/"},"modified":"2026-04-14T17:16:17","modified_gmt":"2026-04-14T17:16:17","slug":"nasz-duchowy-wzrost","status":"publish","type":"page","link":"https:\/\/shrimataji.org\/test\/pl\/nasz-duchowy-wzrost\/","title":{"rendered":"Nasz duchowy wzrost"},"content":{"rendered":"\n\n\t<h1>Nasz duchowy wzrost<\/h1>\n<h2>Fragment wyk\u0142adu wyg\u0142oszonego na seminarium w Chianciano Terme we W\u0142oszech, 16 lutego 1991 r.<\/h2>\n\t<p>Kt\u00f3rego\u015b dnia czyta\u0142am ksi\u0105\u017cki o tym, jak dawniej osi\u0105gano samorealizacj\u0119, jak poznawano Ducha i jak ludzie byli przy tym dr\u0119czeni.<\/p>\n\t<p>Przede wszystkim wymagano od ludzi, by zaprzeczyli swojemu cia\u0142u, sprzeciwili si\u0119 mu i je pot\u0119pili. Je\u015bli cia\u0142o pragn\u0119\u0142o wygody, m\u00f3wiono: najpierw spr\u00f3buj spa\u0107 na dywanie, nie na \u0142\u00f3\u017cku. To jednak nie wystarcza\u0142o &#8211; potem przechodzi\u0142o si\u0119 na mat\u0119, co wci\u0105\u017c by\u0142o za ma\u0142o. Nast\u0119pnie schodzi\u0142o si\u0119 na Matk\u0119 Ziemi\u0119 i spa\u0142o bezpo\u015brednio na niej. Je\u015bli to nadal nie wystarcza\u0142o, zaczynano spa\u0107 na kamieniu. A poniewa\u017c \u015aiwa przebywa w Kailaszy, nale\u017ca\u0142o uda\u0107 si\u0119 w Himalaje i spa\u0107 na lodzie. To by\u0142o minimum wymaga\u0144.<\/p>\n<p>Nast\u0119pnie m\u00f3wiono: lubicie dobre jedzenie, obfite posi\u0142ki, lubicie je\u015b\u0107 &#8211; wi\u0119c na pocz\u0105tek wyrzeknijcie si\u0119 wszystkiego, co lubicie. Na przyk\u0142ad W\u0142osi nie powinni je\u015b\u0107 makaronu. Trzeba to odrzuci\u0107. Ale to wci\u0105\u017c za ma\u0142o. Potem zaczynacie je\u015b\u0107 rzeczy bardzo gorzkie. Podobnie jak w systemie Zen, podaje si\u0119 co\u015b, co jest jak chinina podniesiona do pot\u0119gi 108 &#8211; skrajnie gorzkie albo skrajnie s\u0142odkie. W ten spos\u00f3b wystawia si\u0119 j\u0119zyk na pr\u00f3b\u0119.<\/p>\n<p>Ale \u017co\u0142\u0105dek nadal istnieje. Je\u015bli wi\u0119c jesz za du\u017co, po\u015bcisz jeden dzie\u0144. To nie wystarcza. Potem siedem dni. Nast\u0119pnie czterdzie\u015bci dni. A przecie\u017c miesi\u0105c ma tylko trzydzie\u015bci dni &#8211; czterdziestodniowy post oznacza, \u017ce jeste\u015b ju\u017c wyczerpany do granic. Tak wygl\u0105da\u0142a pokuta prowadz\u0105ca do Nirwany. W istocie osi\u0105ga si\u0119 j\u0105, bo cz\u0142owiek jest wyniszczony i bliski \u015bmierci &#8211; nic z niego nie pozostaje, tylko ko\u015bci, kt\u00f3re \u201estaj\u0105 si\u0119&#8221; Nirwan\u0105. Ostatecznie przychodzi \u015bmier\u0107, wi\u0119c rzeczywi\u015bcie nast\u0119puje Nirwana &#8211; bez w\u0105tpienia.<\/p>\n<figure itemscope itemtype=\"https:\/\/schema.org\/ImageObject\">\n\t\t\t\t<img decoding=\"async\" src=\"https:\/\/shrimataji.org\/test\/wp-content\/uploads\/2018\/07\/media_originals\/images\/shri-mataji-portraits\/shri-mataji-explaining-742x1024.jpg\" alt=\"shri-mataji-explaining\" height=\"1024\" width=\"742\" title=\"shri-mataji-explaining\" onerror=\"this.style.display='none'\" loading=\"lazy\" \/>\n\t<\/figure>\n\t<p>Nast\u0119pnie nie wolno by\u0142o mieszka\u0107 w domu, bo dom oznacza wygod\u0119. Trzeba by\u0142o porzuci\u0107 \u017con\u0119, dzieci &#8211; wszystkich. Nosi\u0107 jedynie kawa\u0142ek materia\u0142u i chodzi\u0107 po ja\u0142mu\u017cn\u0119. Ale nawet to by\u0142o problemem, bo pojawia\u0142o si\u0119 przywi\u0105zanie do ubrania. Dlatego nale\u017ca\u0142o uda\u0107 si\u0119 w Himalaje, gdzie nikt nie widzi, zdj\u0105\u0107 ubranie i trwa\u0107 tam w zimnie, dr\u017c\u0105c. Wtedy &#8211; jak m\u00f3wiono &#8211; osi\u0105ga si\u0119 Nirwan\u0119. Wszystkie te warunki mia\u0142y na celu zniszczenie potrzeb cia\u0142a. M\u00f3wiono cia\u0142u: \u201eNie, nie ma mowy. Samo wypracuj swoj\u0105 Nirwan\u0119&#8221;.<\/p>\n\t<div class=\"su-quote su-quote-style-default\"><div class=\"su-quote-inner su-u-clearfix su-u-trim\">Zaczyna si\u0119 w waszym sercu i wznosi do m\u00f3zgu &#8211; jako co\u015b, co wyp\u0142ywa z do\u015bwiadczenia rado\u015bci i przenika ca\u0142y umys\u0142.<\/p>\n<p>Wtedy wasz umys\u0142 nie mo\u017ce ju\u017c temu zaprzeczy\u0107. Dlatego szczeg\u00f3lnie dla ludzi Zachodu wa\u017cne jest, aby otworzy\u0107 serca, bo wszystko zaczyna si\u0119 w sercu, a nie w umy\u015ble.<\/div><\/div>\n\t<p>Drugim krokiem by\u0142o zniszczenie umys\u0142u, kt\u00f3ry prowadzi do zmys\u0142\u00f3w i przyjemno\u015bci. Je\u015bli czego\u015b bardzo pragniecie &#8211; zaprzeczcie temu. Cokolwiek podpowiada umys\u0142, odpowiadajcie: \u201eNie, nie, nie&#8221;. W sanskrycie wyra\u017ca to \u015bloka: \u201eYan neti neti vachane, nigamo vacha&#8221; &#8211; czyli powtarzanie: \u201eneti, neti&#8221; &#8211; \u201enie to, nie to, nie to&#8221;.<\/p>\n<p>Dopiero wtedy mo\u017cna m\u00f3wi\u0107 &#8211; tylko m\u00f3wi\u0107 &#8211; o Nirwanie. Wcze\u015bniej cz\u0142owiek nie jest nawet godny, by o niej dyskutowa\u0107. Gdy to przeczyta\u0142am, powiedzia\u0142am: \u201eBaba, poddaj\u0119 si\u0119. To zbyt wiele&#8221;.<\/p>\n\t<p>W Sahad\u017aa Jodze jest odwrotnie &#8211; jakby najpierw budowa\u0107 szczyt budowli, a dopiero potem fundamenty. Najpierw nast\u0119puje otwarcie Sahasrary.<\/p>\n<p>A potem, w \u015bwietle Sahasrary, obserwujecie siebie i poznajecie samych siebie. Stopniowo rozwija si\u0119 introspekcja &#8211; poprzez wibracje zaczynacie rozumie\u0107: dlaczego tego chc\u0119? Dlaczego moja uwaga kieruje si\u0119 ku wygodzie, jedzeniu, rodzinie, dzieciom, skoro mam osi\u0105gn\u0105\u0107 to, co najwy\u017csze? W ten spos\u00f3b zaczynacie si\u0119 przygl\u0105da\u0107 sobie. Poprzez wibracje dostrzegacie te\u017c, \u017ce co\u015b jest w was do poprawy. Nie skupiacie si\u0119 ju\u017c na innych, lecz na sobie, bo to wasze w\u0142asne wzniesienie musicie osi\u0105gn\u0105\u0107.<\/p>\n\t<p>W dawnych czasach wszystko odbywa\u0142o si\u0119 indywidualnie. Cz\u0142owiek, kt\u00f3ry wchodzi\u0142 na \u015bcie\u017ck\u0119 Nirwany, udawa\u0142 si\u0119 w ekant &#8211; w odosobnienie &#8211; unika\u0142 ludzi i w samotno\u015bci d\u0105\u017cy\u0142 do samorealizacji tylko dla siebie. Nie by\u0142o to dla innych.<\/p>\n<p>Taki cz\u0142owiek stawa\u0142 si\u0119 ca\u0142kowicie odizolowany. Nie rozmawia\u0142 z nikim, nie spotyka\u0142 nikogo, siedzia\u0142 gdzie\u015b na szczycie odleg\u0142ej g\u00f3ry. Ka\u017cdego, kto pr\u00f3bowa\u0142 si\u0119 do niego zbli\u017cy\u0107, odp\u0119dza\u0142 &#8211; rzucaj\u0105c kamieniami lub m\u00f3wi\u0105c przykre rzeczy.<\/p>\n<p>Ale Sahad\u017aa Joga jest czym\u015b zupe\u0142nie innym. To wzniesienie ca\u0142ej ludzko\u015bci. Indywidualne osi\u0105gni\u0119cia nie prowadzi\u0142y donik\u0105d. \u015awi\u0119ci pr\u00f3bowali naucza\u0107 ludzi o samorealizacji, o Bogu, o prawo\u015bci i warto\u015bciach, lecz byli postrzegani jako dziwni i cz\u0119sto prze\u015bladowani.<\/p>\n<p>Na poziomie indywidualnego wzniesienia nie mogli zrobi\u0107 nic dla innych poza m\u00f3wieniem o tym &#8211; a\u017c do pojawienia si\u0119 Sahad\u017aa Jogi. Nawet m\u00f3wienie o tym by\u0142o zakazane. Do XII wieku w Indiach nie przekazywano tej wiedzy publicznie. Istnia\u0142a jedynie w trudnych tekstach sanskryckich, dost\u0119pnych dla nielicznych aspirant\u00f3w. Wyja\u015bniano j\u0105 bardzo w\u0105skiej grupie ludzi, lecz dawanie Realizacji by\u0142o zabronione.<\/p>\n<figure itemscope itemtype=\"https:\/\/schema.org\/ImageObject\">\n\t\t\t\t<img decoding=\"async\" src=\"https:\/\/shrimataji.org\/test\/wp-content\/uploads\/2024\/11\/EN_william-blake-jakobs-ladder.jpg\" alt=\"Jacobs Ladder of spiritual ascent by William Blake\" height=\"1000\" width=\"787\" title=\"EN_william-blake-jakobs-ladder\" onerror=\"this.style.display='none'\" loading=\"lazy\" \/>\n\t\t<figcaption>Drabina duchowego wzniesienia Jakuba &#8211; William Blake<\/figcaption>\n\t<\/figure>\n\t<p>Zatem jeden mistrz mia\u0142 jednego ucznia i wszystko odbywa\u0142o si\u0119 indywidualnie. Taki ucze\u0144 by\u0142 odseparowany od innych i prowadzony w tajemnicy. M\u00f3g\u0142 \u015bpiewa\u0107, pisa\u0107 wiersze, m\u00f3wi\u0107 o swojej rado\u015bci, lecz nie mia\u0142 prawa dawa\u0107 Realizacji innym &#8211; ani nawet nie wiedzia\u0142, jak to zrobi\u0107.<\/p>\n<p>Teraz widzicie, jak daleko zaszli\u015bcie. Otrzymali\u015bcie Realizacj\u0119, nie wyrzekaj\u0105c si\u0119 wiele. Mo\u017cecie dzia\u0142a\u0107 na szerok\u0105 skal\u0119 i dawa\u0107 Realizacj\u0119 innym. Znacie subteln\u0105 wiedz\u0119 Sahad\u017aa Jogi&#8230;<\/p>\n<p>&#8230; na przyk\u0142ad \u015aankaraczarja napisa\u0142 pi\u0119kny traktat \u201eViveka Chudamani&#8221;, w kt\u00f3rym opisa\u0142 natur\u0119 Boga; \u201eviveka&#8221; oznacza rozeznanie i \u015bwiadomo\u015b\u0107. Jednak pewien cz\u0142owiek imieniem Sarma zacz\u0105\u0142 si\u0119 z nim spiera\u0107, a\u017c \u015aankaraczarja mia\u0142 tego do\u015b\u0107 i powiedzia\u0142: \u201eNie ma sensu z nimi rozmawia\u0107&#8221;.<\/p>\n<p>Wtedy napisa\u0142 \u201eSaundarya Lahari&#8221; &#8211; zbi\u00f3r mantr wychwalaj\u0105cych Matk\u0119. Powiedzia\u0142: \u201eZnam Matk\u0119, wi\u0119c b\u0119d\u0119 J\u0105 wychwala\u0142. Po co rozmawia\u0107 z tymi lud\u017ami? Jak maj\u0105 to zrozumie\u0107?&#8221; Zrozumia\u0142, \u017ce brakuje im zdolno\u015bci i wra\u017cliwo\u015bci, by poj\u0105\u0107 to, co on wie.<\/p>\n<figure itemscope itemtype=\"https:\/\/schema.org\/ImageObject\">\n\t\t\t\t<img decoding=\"async\" src=\"https:\/\/shrimataji.org\/test\/wp-content\/uploads\/2024\/11\/EN_shri-mataji-speaking-about-spirituality-and-sahaja-yoga.jpg\" alt=\"Shri Mataji speaking about Spirituality and Sahaja Yoga\" height=\"2310\" width=\"1500\" title=\"EN_shri-mataji-speaking-about-spirituality-and-sahaja-yoga\" onerror=\"this.style.display='none'\" loading=\"lazy\" \/>\n\t\t<figcaption>\u015ari Matad\u017ai m\u00f3wi o duchowo\u015bci i Sahad\u017aa Jodze<\/figcaption>\n\t<\/figure>\n\t<p>Prawdziwa wiedza polega na poznaniu Boga. A je\u015bli to jest B\u00f3g, jak mo\u017cna w\u0105tpi\u0107 lub analizowa\u0107? To B\u00f3g &#8211; Wszechmog\u0105cy, kt\u00f3ry wie wszystko, czyni wszystko i wszystkiego do\u015bwiadcza.<\/p>\n<p>To w\u0142a\u015bnie jest gjana &#8211; prawdziwa, czysta wiedza. Nie jest to wiedza o czakrach, ani o wibracjach, ani o Kundalini, lecz wiedza o Bogu Wszechmog\u0105cym. I nie jest to wiedza umys\u0142owa.<\/p>\n<p>Powtarzam: zaczyna si\u0119 w sercu i wznosi do m\u00f3zgu &#8211; jako do\u015bwiadczenie rado\u015bci, kt\u00f3re przenika umys\u0142. I wtedy umys\u0142 nie mo\u017ce ju\u017c temu zaprzeczy\u0107.<\/p>\n<p>Tak jak w przypadku matki &#8211; znacie jej mi\u0142o\u015b\u0107, cho\u0107 trudno j\u0105 wyja\u015bni\u0107. Czujecie j\u0105 w sercu i m\u00f3wicie: \u201eTo moja mama, ona by tak nie zrobi\u0142a&#8221;. Ta wiedza jest naturalna. Podobnie wiedza o Bogu &#8211; \u017ce jest mi\u0142o\u015bci\u0105, prawd\u0105 i wszechwiedz\u0105 &#8211; staje si\u0119 integraln\u0105 cz\u0119\u015bci\u0105 waszej istoty. I ten stan nazywamy Nirwan\u0105.<\/p>\n<p>Dlatego szczeg\u00f3lnie dla ludzi Zachodu wa\u017cne jest, aby otworzy\u0107 serca &#8211; bo wszystko zaczyna si\u0119 w sercu, a nie w umy\u015ble.<\/p>\n\n","protected":false},"excerpt":{"rendered":"<p>Nasz duchowy wzrost Fragment wyk\u0142adu wyg\u0142oszonego na seminarium w Chianciano Terme we W\u0142oszech, 16 lutego 1991 r. Kt\u00f3rego\u015b dnia czyta\u0142am ksi\u0105\u017cki o tym, jak dawniej osi\u0105gano samorealizacj\u0119, jak poznawano Ducha i jak ludzie byli przy tym dr\u0119czeni. Przede wszystkim wymagano od ludzi, by zaprzeczyli swojemu cia\u0142u, sprzeciwili si\u0119 mu i je pot\u0119pili. Je\u015bli cia\u0142o pragn\u0119\u0142o&hellip; <br \/> <a class=\"read-more\" href=\"https:\/\/shrimataji.org\/test\/pl\/nasz-duchowy-wzrost\/\">Read more<\/a><\/p>\n","protected":false},"author":1,"featured_media":37997,"parent":0,"menu_order":0,"comment_status":"closed","ping_status":"closed","template":"","meta":{"inline_featured_image":false,"footnotes":""},"class_list":["post-37996","page","type-page","status-publish","has-post-thumbnail","hentry"],"yoast_head":"<!-- This site is optimized with the Yoast SEO plugin v27.4 - https:\/\/yoast.com\/product\/yoast-seo-wordpress\/ -->\n<title>Nasz duchowy wzrost - TEST - SMND<\/title>\n<meta name=\"robots\" content=\"noindex, follow, max-snippet:-1, max-image-preview:large, max-video-preview:-1\" \/>\n<meta property=\"og:locale\" content=\"en_US\" \/>\n<meta property=\"og:type\" content=\"article\" \/>\n<meta property=\"og:title\" content=\"Nasz duchowy wzrost - TEST - SMND\" \/>\n<meta property=\"og:description\" content=\"Nasz duchowy wzrost Fragment wyk\u0142adu wyg\u0142oszonego na seminarium w Chianciano Terme we W\u0142oszech, 16 lutego 1991 r. Kt\u00f3rego\u015b dnia czyta\u0142am ksi\u0105\u017cki o tym, jak dawniej osi\u0105gano samorealizacj\u0119, jak poznawano Ducha i jak ludzie byli przy tym dr\u0119czeni. Przede wszystkim wymagano od ludzi, by zaprzeczyli swojemu cia\u0142u, sprzeciwili si\u0119 mu i je pot\u0119pili. Je\u015bli cia\u0142o pragn\u0119\u0142o&hellip; Read more\" \/>\n<meta property=\"og:url\" content=\"https:\/\/shrimataji.org\/test\/pl\/nasz-duchowy-wzrost\/\" \/>\n<meta property=\"og:site_name\" content=\"TEST - SMND\" \/>\n<meta property=\"article:publisher\" content=\"https:\/\/www.facebook.com\/shrimataji\" \/>\n<meta property=\"article:modified_time\" content=\"2026-04-14T17:16:17+00:00\" \/>\n<meta property=\"og:image\" content=\"https:\/\/shrimataji.org\/test\/wp-content\/uploads\/2018\/07\/media_originals\/images\/headers-general\/jacobs-ladder-by-william-blake-spiritual-ascent.jpg\" \/>\n\t<meta property=\"og:image:width\" content=\"990\" \/>\n\t<meta property=\"og:image:height\" content=\"350\" \/>\n\t<meta property=\"og:image:type\" content=\"image\/jpeg\" \/>\n<meta name=\"twitter:card\" content=\"summary_large_image\" \/>\n<meta name=\"twitter:site\" content=\"@shrimataji\" \/>\n<meta name=\"twitter:label1\" content=\"Est. reading time\" \/>\n\t<meta name=\"twitter:data1\" content=\"8 minutes\" \/>\n<script type=\"application\/ld+json\" class=\"yoast-schema-graph\">{\"@context\":\"https:\\\/\\\/schema.org\",\"@graph\":[{\"@type\":\"WebPage\",\"@id\":\"https:\\\/\\\/shrimataji.org\\\/test\\\/pl\\\/nasz-duchowy-wzrost\\\/\",\"url\":\"https:\\\/\\\/shrimataji.org\\\/test\\\/pl\\\/nasz-duchowy-wzrost\\\/\",\"name\":\"Nasz duchowy wzrost - TEST - SMND\",\"isPartOf\":{\"@id\":\"https:\\\/\\\/shrimataji.org\\\/test\\\/#website\"},\"primaryImageOfPage\":{\"@id\":\"https:\\\/\\\/shrimataji.org\\\/test\\\/pl\\\/nasz-duchowy-wzrost\\\/#primaryimage\"},\"image\":{\"@id\":\"https:\\\/\\\/shrimataji.org\\\/test\\\/pl\\\/nasz-duchowy-wzrost\\\/#primaryimage\"},\"thumbnailUrl\":\"https:\\\/\\\/shrimataji.org\\\/test\\\/wp-content\\\/uploads\\\/2018\\\/07\\\/media_originals\\\/images\\\/headers-general\\\/jacobs-ladder-by-william-blake-spiritual-ascent.jpg\",\"datePublished\":\"2012-09-02T10:00:00+00:00\",\"dateModified\":\"2026-04-14T17:16:17+00:00\",\"breadcrumb\":{\"@id\":\"https:\\\/\\\/shrimataji.org\\\/test\\\/pl\\\/nasz-duchowy-wzrost\\\/#breadcrumb\"},\"inLanguage\":\"en-US\",\"potentialAction\":[{\"@type\":\"ReadAction\",\"target\":[\"https:\\\/\\\/shrimataji.org\\\/test\\\/pl\\\/nasz-duchowy-wzrost\\\/\"]}]},{\"@type\":\"ImageObject\",\"inLanguage\":\"en-US\",\"@id\":\"https:\\\/\\\/shrimataji.org\\\/test\\\/pl\\\/nasz-duchowy-wzrost\\\/#primaryimage\",\"url\":\"https:\\\/\\\/shrimataji.org\\\/test\\\/wp-content\\\/uploads\\\/2018\\\/07\\\/media_originals\\\/images\\\/headers-general\\\/jacobs-ladder-by-william-blake-spiritual-ascent.jpg\",\"contentUrl\":\"https:\\\/\\\/shrimataji.org\\\/test\\\/wp-content\\\/uploads\\\/2018\\\/07\\\/media_originals\\\/images\\\/headers-general\\\/jacobs-ladder-by-william-blake-spiritual-ascent.jpg\",\"width\":990,\"height\":350},{\"@type\":\"BreadcrumbList\",\"@id\":\"https:\\\/\\\/shrimataji.org\\\/test\\\/pl\\\/nasz-duchowy-wzrost\\\/#breadcrumb\",\"itemListElement\":[{\"@type\":\"ListItem\",\"position\":1,\"name\":\"Home\",\"item\":\"https:\\\/\\\/shrimataji.org\\\/test\\\/uk\\\/home-en\\\/\"},{\"@type\":\"ListItem\",\"position\":2,\"name\":\"Nasz duchowy wzrost\"}]},{\"@type\":\"WebSite\",\"@id\":\"https:\\\/\\\/shrimataji.org\\\/test\\\/#website\",\"url\":\"https:\\\/\\\/shrimataji.org\\\/test\\\/\",\"name\":\"Shri Mataji Nirmala Devi\",\"description\":\"A Life Dedicated to Humanity\",\"publisher\":{\"@id\":\"https:\\\/\\\/shrimataji.org\\\/test\\\/#\\\/schema\\\/person\\\/a1b3419c6585f164aa96da1ff85715d1\"},\"potentialAction\":[{\"@type\":\"SearchAction\",\"target\":{\"@type\":\"EntryPoint\",\"urlTemplate\":\"https:\\\/\\\/shrimataji.org\\\/test\\\/?s={search_term_string}\"},\"query-input\":{\"@type\":\"PropertyValueSpecification\",\"valueRequired\":true,\"valueName\":\"search_term_string\"}}],\"inLanguage\":\"en-US\"},{\"@type\":[\"Person\",\"Organization\"],\"@id\":\"https:\\\/\\\/shrimataji.org\\\/test\\\/#\\\/schema\\\/person\\\/a1b3419c6585f164aa96da1ff85715d1\",\"name\":\"Nirmala Shrivastava\",\"image\":{\"@type\":\"ImageObject\",\"inLanguage\":\"en-US\",\"@id\":\"https:\\\/\\\/shrimataji.org\\\/test\\\/wp-content\\\/uploads\\\/2023\\\/02\\\/SMO_LOGO-03.svg\",\"url\":\"https:\\\/\\\/shrimataji.org\\\/test\\\/wp-content\\\/uploads\\\/2023\\\/02\\\/SMO_LOGO-03.svg\",\"contentUrl\":\"https:\\\/\\\/shrimataji.org\\\/test\\\/wp-content\\\/uploads\\\/2023\\\/02\\\/SMO_LOGO-03.svg\",\"width\":\"1024\",\"height\":\"1024\",\"caption\":\"Nirmala Shrivastava\"},\"logo\":{\"@id\":\"https:\\\/\\\/shrimataji.org\\\/test\\\/wp-content\\\/uploads\\\/2023\\\/02\\\/SMO_LOGO-03.svg\"},\"sameAs\":[\"https:\\\/\\\/shrimataji.org\\\/test\",\"https:\\\/\\\/www.facebook.com\\\/shrimataji\",\"https:\\\/\\\/x.com\\\/shrimataji\",\"https:\\\/\\\/www.youtube.com\\\/@Shri_Mataji_Nirmala_Devi\\\/featured\"]}]}<\/script>\n<!-- \/ Yoast SEO plugin. -->","yoast_head_json":{"title":"Nasz duchowy wzrost - TEST - SMND","robots":{"index":"noindex","follow":"follow","max-snippet":"max-snippet:-1","max-image-preview":"max-image-preview:large","max-video-preview":"max-video-preview:-1"},"og_locale":"en_US","og_type":"article","og_title":"Nasz duchowy wzrost - TEST - SMND","og_description":"Nasz duchowy wzrost Fragment wyk\u0142adu wyg\u0142oszonego na seminarium w Chianciano Terme we W\u0142oszech, 16 lutego 1991 r. Kt\u00f3rego\u015b dnia czyta\u0142am ksi\u0105\u017cki o tym, jak dawniej osi\u0105gano samorealizacj\u0119, jak poznawano Ducha i jak ludzie byli przy tym dr\u0119czeni. Przede wszystkim wymagano od ludzi, by zaprzeczyli swojemu cia\u0142u, sprzeciwili si\u0119 mu i je pot\u0119pili. Je\u015bli cia\u0142o pragn\u0119\u0142o&hellip; Read more","og_url":"https:\/\/shrimataji.org\/test\/pl\/nasz-duchowy-wzrost\/","og_site_name":"TEST - SMND","article_publisher":"https:\/\/www.facebook.com\/shrimataji","article_modified_time":"2026-04-14T17:16:17+00:00","og_image":[{"width":990,"height":350,"url":"https:\/\/shrimataji.org\/test\/wp-content\/uploads\/2018\/07\/media_originals\/images\/headers-general\/jacobs-ladder-by-william-blake-spiritual-ascent.jpg","type":"image\/jpeg"}],"twitter_card":"summary_large_image","twitter_site":"@shrimataji","twitter_misc":{"Est. reading time":"8 minutes"},"schema":{"@context":"https:\/\/schema.org","@graph":[{"@type":"WebPage","@id":"https:\/\/shrimataji.org\/test\/pl\/nasz-duchowy-wzrost\/","url":"https:\/\/shrimataji.org\/test\/pl\/nasz-duchowy-wzrost\/","name":"Nasz duchowy wzrost - TEST - SMND","isPartOf":{"@id":"https:\/\/shrimataji.org\/test\/#website"},"primaryImageOfPage":{"@id":"https:\/\/shrimataji.org\/test\/pl\/nasz-duchowy-wzrost\/#primaryimage"},"image":{"@id":"https:\/\/shrimataji.org\/test\/pl\/nasz-duchowy-wzrost\/#primaryimage"},"thumbnailUrl":"https:\/\/shrimataji.org\/test\/wp-content\/uploads\/2018\/07\/media_originals\/images\/headers-general\/jacobs-ladder-by-william-blake-spiritual-ascent.jpg","datePublished":"2012-09-02T10:00:00+00:00","dateModified":"2026-04-14T17:16:17+00:00","breadcrumb":{"@id":"https:\/\/shrimataji.org\/test\/pl\/nasz-duchowy-wzrost\/#breadcrumb"},"inLanguage":"en-US","potentialAction":[{"@type":"ReadAction","target":["https:\/\/shrimataji.org\/test\/pl\/nasz-duchowy-wzrost\/"]}]},{"@type":"ImageObject","inLanguage":"en-US","@id":"https:\/\/shrimataji.org\/test\/pl\/nasz-duchowy-wzrost\/#primaryimage","url":"https:\/\/shrimataji.org\/test\/wp-content\/uploads\/2018\/07\/media_originals\/images\/headers-general\/jacobs-ladder-by-william-blake-spiritual-ascent.jpg","contentUrl":"https:\/\/shrimataji.org\/test\/wp-content\/uploads\/2018\/07\/media_originals\/images\/headers-general\/jacobs-ladder-by-william-blake-spiritual-ascent.jpg","width":990,"height":350},{"@type":"BreadcrumbList","@id":"https:\/\/shrimataji.org\/test\/pl\/nasz-duchowy-wzrost\/#breadcrumb","itemListElement":[{"@type":"ListItem","position":1,"name":"Home","item":"https:\/\/shrimataji.org\/test\/uk\/home-en\/"},{"@type":"ListItem","position":2,"name":"Nasz duchowy wzrost"}]},{"@type":"WebSite","@id":"https:\/\/shrimataji.org\/test\/#website","url":"https:\/\/shrimataji.org\/test\/","name":"Shri Mataji Nirmala Devi","description":"A Life Dedicated to Humanity","publisher":{"@id":"https:\/\/shrimataji.org\/test\/#\/schema\/person\/a1b3419c6585f164aa96da1ff85715d1"},"potentialAction":[{"@type":"SearchAction","target":{"@type":"EntryPoint","urlTemplate":"https:\/\/shrimataji.org\/test\/?s={search_term_string}"},"query-input":{"@type":"PropertyValueSpecification","valueRequired":true,"valueName":"search_term_string"}}],"inLanguage":"en-US"},{"@type":["Person","Organization"],"@id":"https:\/\/shrimataji.org\/test\/#\/schema\/person\/a1b3419c6585f164aa96da1ff85715d1","name":"Nirmala Shrivastava","image":{"@type":"ImageObject","inLanguage":"en-US","@id":"https:\/\/shrimataji.org\/test\/wp-content\/uploads\/2023\/02\/SMO_LOGO-03.svg","url":"https:\/\/shrimataji.org\/test\/wp-content\/uploads\/2023\/02\/SMO_LOGO-03.svg","contentUrl":"https:\/\/shrimataji.org\/test\/wp-content\/uploads\/2023\/02\/SMO_LOGO-03.svg","width":"1024","height":"1024","caption":"Nirmala Shrivastava"},"logo":{"@id":"https:\/\/shrimataji.org\/test\/wp-content\/uploads\/2023\/02\/SMO_LOGO-03.svg"},"sameAs":["https:\/\/shrimataji.org\/test","https:\/\/www.facebook.com\/shrimataji","https:\/\/x.com\/shrimataji","https:\/\/www.youtube.com\/@Shri_Mataji_Nirmala_Devi\/featured"]}]}},"lang":"pl","translations":{"pl":37996,"ur":37473,"en":429,"am":18046,"th":20013,"hu":19530,"sq":18447,"zh":17344,"tr":10191,"pt":10401,"de":10675,"fr":10773,"it":10871,"es":10968,"ja":11265,"ru":11453,"bn":11645,"te":11753,"sw":11876,"he":12024,"el":12316,"sk":12414,"fa":12512,"fi":12610,"bg":13500,"ro":14575,"cs":14768,"nl":16607,"ku":16767,"ar":16943,"be":18654,"kn":18928,"mr":20377,"uk":20671,"ml":20966,"ta":22765,"sv":23035,"gu":28879,"pa":29039,"fil":29483,"da":37784,"nn":38336},"pll_sync_post":[],"_links":{"self":[{"href":"https:\/\/shrimataji.org\/test\/wp-json\/wp\/v2\/pages\/37996","targetHints":{"allow":["GET"]}}],"collection":[{"href":"https:\/\/shrimataji.org\/test\/wp-json\/wp\/v2\/pages"}],"about":[{"href":"https:\/\/shrimataji.org\/test\/wp-json\/wp\/v2\/types\/page"}],"author":[{"embeddable":true,"href":"https:\/\/shrimataji.org\/test\/wp-json\/wp\/v2\/users\/1"}],"replies":[{"embeddable":true,"href":"https:\/\/shrimataji.org\/test\/wp-json\/wp\/v2\/comments?post=37996"}],"version-history":[{"count":0,"href":"https:\/\/shrimataji.org\/test\/wp-json\/wp\/v2\/pages\/37996\/revisions"}],"wp:featuredmedia":[{"embeddable":true,"href":"https:\/\/shrimataji.org\/test\/wp-json\/wp\/v2\/media\/37997"}],"wp:attachment":[{"href":"https:\/\/shrimataji.org\/test\/wp-json\/wp\/v2\/media?parent=37996"}],"curies":[{"name":"wp","href":"https:\/\/api.w.org\/{rel}","templated":true}]}}