{"id":37998,"date":"2022-01-29T10:23:24","date_gmt":"2022-01-29T10:23:24","guid":{"rendered":"https:\/\/test.shrimataji.org\/?page_id=6404"},"modified":"2026-04-22T05:40:30","modified_gmt":"2026-04-22T05:40:30","slug":"paramczajtania","status":"publish","type":"page","link":"https:\/\/shrimataji.org\/test\/pl\/paramczajtania\/","title":{"rendered":"Paramczajtania"},"content":{"rendered":"\n\n\t<h1>Paramczajtania<\/h1>\n<h2>Boski, ch\u0142odny powiew ponad\u015bwiadomo\u015bci<\/h2>\n<div class=\"su-quote su-quote-style-default\"><div class=\"su-quote-inner su-u-clearfix su-u-trim\">Ka\u017cdego dnia widzimy, jak nasiona kie\u0142kuj\u0105, kwiaty rozkwitaj\u0105, a owoce dojrzewaj\u0105, lecz rzadko zastanawiamy si\u0119, jak to si\u0119 dzieje. Istnieje si\u0142a, kt\u00f3ra to wszystko urzeczywistnia &#8211; jest to wszechprzenikaj\u0105ca moc Boskiej Mi\u0142o\u015bci. Nadszed\u0142 czas, aby poczu\u0107 t\u0119 moc poprzez instrument, kt\u00f3ry znajduje si\u0119 w nas. Ten instrument nie ma \u017cadnej warto\u015bci, dop\u00f3ki nie zostanie pod\u0142\u0105czony do \u017ar\u00f3d\u0142a. Nie znamy swojego potencja\u0142u ani swojego pi\u0119kna, lecz gdy to po\u0142\u0105czenie zostanie nawi\u0105zane, zdumiej\u0105 nas jego \u017cywe i dynamiczne rezultaty.<\/div><\/div>\n<h4>W r\u00f3\u017cnych kulturach istnieje wiele nazw tej uniwersalnej mocy Bo\u017cej mi\u0142o\u015bci: Phneuma, Ruah, Assas, Tao, wiatr Ducha \u015awi\u0119tego, woda \u017cycia. Wszystkie one oznaczaj\u0105 to samo &#8211; kochaj\u0105c\u0105, inteligentn\u0105, wszechogarniaj\u0105c\u0105 energi\u0119 stworzenia. Podstawowymi elementami s\u0105 \u015bwiadomo\u015b\u0107 i energia, wszystko inne jest drugorz\u0119dne. Ta przyczynowa energia przenika ca\u0142y kosmos. \u015ari Matad\u017ai nazywa t\u0119 wszechprzenikaj\u0105c\u0105 energi\u0119 \u201eParamczajtania&#8221;.<\/h4>\n<p>Ta wszechprzenikaj\u0105ca energia jest odczuwana po samorealizacji jako ch\u0142odny powiew lub \u201ewibracje&#8221;, szczeg\u00f3lnie nad czubkiem g\u0142owy i na d\u0142oniach. Podczas medytacji, gdy <a href=\"https:\/\/shrimataji.org\/test\/pl\/kundalini\/\" target=\"_blank\" rel=\"noopener\">Kundalini<\/a> wznosi si\u0119 przez r\u00f3\u017cne czakry, mo\u017cemy odczuwa\u0107 j\u0105 wzd\u0142u\u017c kr\u0119gos\u0142upa, w miejscach odpowiadaj\u0105cych poszczeg\u00f3lnym <a href=\"https:\/\/shrimataji.org\/test\/pl\/czakry-i-ich-cechy\/\" target=\"_blank\" rel=\"noopener\">czakrom<\/a>, a czasem tak\u017ce na palcach, kt\u00f3re s\u0105 z nimi powi\u0105zane. Wibracje te nie tylko daj\u0105 nam pe\u0142ne poznanie rzeczywisto\u015bci, lecz tak\u017ce harmonizuj\u0105 sytuacje w spos\u00f3b korzystny dla nas, dla innych ludzi oraz dla ca\u0142ej otaczaj\u0105cej nas natury.<\/p>\n<p>Wielu praktykuj\u0105cych Sahad\u017aa Jogin\u00f3w by\u0142o zdumionych precyzj\u0105 i skuteczno\u015bci\u0105 tych wibracji Boskiej Mi\u0142o\u015bci, kt\u00f3re ca\u0142kowicie nas otaczaj\u0105 i prowadz\u0105 w codziennym \u017cyciu, nie naruszaj\u0105c naszej wolnej woli. Prost\u0105 analogi\u0105 jest wszechobecny internet, kt\u00f3ry umo\u017cliwia rozwi\u0105zywanie wielu problem\u00f3w dnia codziennego bez potrzeby posiadania specjalistycznej wiedzy. Podobnie jak w przypadku internetu, wystarczy by\u0107 w\u0142a\u015bciwie po\u0142\u0105czonym z t\u0105 wszechprzenikaj\u0105c\u0105 moc\u0105, co mo\u017cemy \u0142atwo osi\u0105gn\u0105\u0107 poprzez codzienn\u0105 medytacj\u0119.<\/p>\n<div class=\"su-quote su-quote-style-default\"><div class=\"su-quote-inner su-u-clearfix su-u-trim\">Dla Sahad\u017aa Jogin\u00f3w bardzo \u0142atwe staje si\u0119 rozpoznanie, czy co\u015b jest prawdziwe czy fa\u0142szywe, czy jest mi\u0142o\u015bci\u0105 czy jej brakiem. Poznanie to przychodzi poprzez wibracje. Id\u0105c jednak g\u0142\u0119biej, trzeba zrozumie\u0107, czym s\u0105 te wibracje i jaka jest ich istota. Jaka subtelna si\u0142a za nimi stoi? Nazywamy j\u0105 Paramczajtani\u0105.<\/div><\/div>\n\t\t<iframe loading=\"lazy\" title=\"Paramchaitanya\" width=\"1920\" height=\"1080\" src=\"https:\/\/www.youtube.com\/embed\/Er_H-whvfWQ?feature=oembed\" frameborder=\"0\" allow=\"accelerometer; autoplay; clipboard-write; encrypted-media; gyroscope; picture-in-picture; web-share\" allowfullscreen><\/iframe>\t\n\n","protected":false},"excerpt":{"rendered":"<p>Paramczajtania Boski, ch\u0142odny powiew ponad\u015bwiadomo\u015bci W r\u00f3\u017cnych kulturach istnieje wiele nazw tej uniwersalnej mocy Bo\u017cej mi\u0142o\u015bci: Phneuma, Ruah, Assas, Tao, wiatr Ducha \u015awi\u0119tego, woda \u017cycia. Wszystkie one oznaczaj\u0105 to samo &#8211; kochaj\u0105c\u0105, inteligentn\u0105, wszechogarniaj\u0105c\u0105 energi\u0119 stworzenia. Podstawowymi elementami s\u0105 \u015bwiadomo\u015b\u0107 i energia, wszystko inne jest drugorz\u0119dne. Ta przyczynowa energia przenika ca\u0142y kosmos. \u015ari Matad\u017ai nazywa&hellip; <br \/> <a class=\"read-more\" href=\"https:\/\/shrimataji.org\/test\/pl\/paramczajtania\/\">Read more<\/a><\/p>\n","protected":false},"author":1,"featured_media":37999,"parent":0,"menu_order":0,"comment_status":"closed","ping_status":"closed","template":"","meta":{"inline_featured_image":false,"footnotes":""},"class_list":["post-37998","page","type-page","status-publish","has-post-thumbnail","hentry"],"yoast_head":"<!-- This site is optimized with the Yoast SEO plugin v27.4 - https:\/\/yoast.com\/product\/yoast-seo-wordpress\/ -->\n<title>Paramczajtania - TEST - SMND<\/title>\n<meta name=\"robots\" content=\"noindex, follow, max-snippet:-1, max-image-preview:large, max-video-preview:-1\" \/>\n<meta property=\"og:locale\" content=\"en_US\" \/>\n<meta property=\"og:type\" content=\"article\" \/>\n<meta property=\"og:title\" content=\"Paramczajtania - TEST - SMND\" \/>\n<meta property=\"og:description\" content=\"Paramczajtania Boski, ch\u0142odny powiew ponad\u015bwiadomo\u015bci W r\u00f3\u017cnych kulturach istnieje wiele nazw tej uniwersalnej mocy Bo\u017cej mi\u0142o\u015bci: Phneuma, Ruah, Assas, Tao, wiatr Ducha \u015awi\u0119tego, woda \u017cycia. Wszystkie one oznaczaj\u0105 to samo &#8211; kochaj\u0105c\u0105, inteligentn\u0105, wszechogarniaj\u0105c\u0105 energi\u0119 stworzenia. Podstawowymi elementami s\u0105 \u015bwiadomo\u015b\u0107 i energia, wszystko inne jest drugorz\u0119dne. Ta przyczynowa energia przenika ca\u0142y kosmos. \u015ari Matad\u017ai nazywa&hellip; Read more\" \/>\n<meta property=\"og:url\" content=\"https:\/\/shrimataji.org\/test\/pl\/paramczajtania\/\" \/>\n<meta property=\"og:site_name\" content=\"TEST - SMND\" \/>\n<meta property=\"article:publisher\" content=\"https:\/\/www.facebook.com\/shrimataji\" \/>\n<meta property=\"article:modified_time\" content=\"2026-04-22T05:40:30+00:00\" \/>\n<meta property=\"og:image\" content=\"https:\/\/shrimataji.org\/test\/wp-content\/uploads\/2023\/03\/10_Banner-SY-Paramchaitanya-scaled.jpg\" \/>\n\t<meta property=\"og:image:width\" content=\"2560\" \/>\n\t<meta property=\"og:image:height\" content=\"905\" \/>\n\t<meta property=\"og:image:type\" content=\"image\/jpeg\" \/>\n<meta name=\"twitter:card\" content=\"summary_large_image\" \/>\n<meta name=\"twitter:site\" content=\"@shrimataji\" \/>\n<meta name=\"twitter:label1\" content=\"Est. reading time\" \/>\n\t<meta name=\"twitter:data1\" content=\"2 minutes\" \/>\n<script type=\"application\/ld+json\" class=\"yoast-schema-graph\">{\"@context\":\"https:\\\/\\\/schema.org\",\"@graph\":[{\"@type\":\"WebPage\",\"@id\":\"https:\\\/\\\/shrimataji.org\\\/test\\\/pl\\\/paramczajtania\\\/\",\"url\":\"https:\\\/\\\/shrimataji.org\\\/test\\\/pl\\\/paramczajtania\\\/\",\"name\":\"Paramczajtania - TEST - SMND\",\"isPartOf\":{\"@id\":\"https:\\\/\\\/shrimataji.org\\\/test\\\/#website\"},\"primaryImageOfPage\":{\"@id\":\"https:\\\/\\\/shrimataji.org\\\/test\\\/pl\\\/paramczajtania\\\/#primaryimage\"},\"image\":{\"@id\":\"https:\\\/\\\/shrimataji.org\\\/test\\\/pl\\\/paramczajtania\\\/#primaryimage\"},\"thumbnailUrl\":\"https:\\\/\\\/shrimataji.org\\\/test\\\/wp-content\\\/uploads\\\/2023\\\/03\\\/10_Banner-SY-Paramchaitanya-scaled.jpg\",\"datePublished\":\"2022-01-29T10:23:24+00:00\",\"dateModified\":\"2026-04-22T05:40:30+00:00\",\"breadcrumb\":{\"@id\":\"https:\\\/\\\/shrimataji.org\\\/test\\\/pl\\\/paramczajtania\\\/#breadcrumb\"},\"inLanguage\":\"en-US\",\"potentialAction\":[{\"@type\":\"ReadAction\",\"target\":[\"https:\\\/\\\/shrimataji.org\\\/test\\\/pl\\\/paramczajtania\\\/\"]}]},{\"@type\":\"ImageObject\",\"inLanguage\":\"en-US\",\"@id\":\"https:\\\/\\\/shrimataji.org\\\/test\\\/pl\\\/paramczajtania\\\/#primaryimage\",\"url\":\"https:\\\/\\\/shrimataji.org\\\/test\\\/wp-content\\\/uploads\\\/2023\\\/03\\\/10_Banner-SY-Paramchaitanya-scaled.jpg\",\"contentUrl\":\"https:\\\/\\\/shrimataji.org\\\/test\\\/wp-content\\\/uploads\\\/2023\\\/03\\\/10_Banner-SY-Paramchaitanya-scaled.jpg\",\"width\":2560,\"height\":905},{\"@type\":\"BreadcrumbList\",\"@id\":\"https:\\\/\\\/shrimataji.org\\\/test\\\/pl\\\/paramczajtania\\\/#breadcrumb\",\"itemListElement\":[{\"@type\":\"ListItem\",\"position\":1,\"name\":\"Home\",\"item\":\"https:\\\/\\\/shrimataji.org\\\/test\\\/uk\\\/home-en\\\/\"},{\"@type\":\"ListItem\",\"position\":2,\"name\":\"Paramczajtania\"}]},{\"@type\":\"WebSite\",\"@id\":\"https:\\\/\\\/shrimataji.org\\\/test\\\/#website\",\"url\":\"https:\\\/\\\/shrimataji.org\\\/test\\\/\",\"name\":\"Shri Mataji Nirmala Devi\",\"description\":\"A Life Dedicated to Humanity\",\"publisher\":{\"@id\":\"https:\\\/\\\/shrimataji.org\\\/test\\\/#\\\/schema\\\/person\\\/a1b3419c6585f164aa96da1ff85715d1\"},\"potentialAction\":[{\"@type\":\"SearchAction\",\"target\":{\"@type\":\"EntryPoint\",\"urlTemplate\":\"https:\\\/\\\/shrimataji.org\\\/test\\\/?s={search_term_string}\"},\"query-input\":{\"@type\":\"PropertyValueSpecification\",\"valueRequired\":true,\"valueName\":\"search_term_string\"}}],\"inLanguage\":\"en-US\"},{\"@type\":[\"Person\",\"Organization\"],\"@id\":\"https:\\\/\\\/shrimataji.org\\\/test\\\/#\\\/schema\\\/person\\\/a1b3419c6585f164aa96da1ff85715d1\",\"name\":\"Nirmala Shrivastava\",\"image\":{\"@type\":\"ImageObject\",\"inLanguage\":\"en-US\",\"@id\":\"https:\\\/\\\/shrimataji.org\\\/test\\\/wp-content\\\/uploads\\\/2023\\\/02\\\/SMO_LOGO-03.svg\",\"url\":\"https:\\\/\\\/shrimataji.org\\\/test\\\/wp-content\\\/uploads\\\/2023\\\/02\\\/SMO_LOGO-03.svg\",\"contentUrl\":\"https:\\\/\\\/shrimataji.org\\\/test\\\/wp-content\\\/uploads\\\/2023\\\/02\\\/SMO_LOGO-03.svg\",\"width\":\"1024\",\"height\":\"1024\",\"caption\":\"Nirmala Shrivastava\"},\"logo\":{\"@id\":\"https:\\\/\\\/shrimataji.org\\\/test\\\/wp-content\\\/uploads\\\/2023\\\/02\\\/SMO_LOGO-03.svg\"},\"sameAs\":[\"https:\\\/\\\/shrimataji.org\\\/test\",\"https:\\\/\\\/www.facebook.com\\\/shrimataji\",\"https:\\\/\\\/x.com\\\/shrimataji\",\"https:\\\/\\\/www.youtube.com\\\/@Shri_Mataji_Nirmala_Devi\\\/featured\"]}]}<\/script>\n<!-- \/ Yoast SEO plugin. -->","yoast_head_json":{"title":"Paramczajtania - TEST - SMND","robots":{"index":"noindex","follow":"follow","max-snippet":"max-snippet:-1","max-image-preview":"max-image-preview:large","max-video-preview":"max-video-preview:-1"},"og_locale":"en_US","og_type":"article","og_title":"Paramczajtania - TEST - SMND","og_description":"Paramczajtania Boski, ch\u0142odny powiew ponad\u015bwiadomo\u015bci W r\u00f3\u017cnych kulturach istnieje wiele nazw tej uniwersalnej mocy Bo\u017cej mi\u0142o\u015bci: Phneuma, Ruah, Assas, Tao, wiatr Ducha \u015awi\u0119tego, woda \u017cycia. Wszystkie one oznaczaj\u0105 to samo &#8211; kochaj\u0105c\u0105, inteligentn\u0105, wszechogarniaj\u0105c\u0105 energi\u0119 stworzenia. Podstawowymi elementami s\u0105 \u015bwiadomo\u015b\u0107 i energia, wszystko inne jest drugorz\u0119dne. Ta przyczynowa energia przenika ca\u0142y kosmos. \u015ari Matad\u017ai nazywa&hellip; Read more","og_url":"https:\/\/shrimataji.org\/test\/pl\/paramczajtania\/","og_site_name":"TEST - SMND","article_publisher":"https:\/\/www.facebook.com\/shrimataji","article_modified_time":"2026-04-22T05:40:30+00:00","og_image":[{"width":2560,"height":905,"url":"https:\/\/shrimataji.org\/test\/wp-content\/uploads\/2023\/03\/10_Banner-SY-Paramchaitanya-scaled.jpg","type":"image\/jpeg"}],"twitter_card":"summary_large_image","twitter_site":"@shrimataji","twitter_misc":{"Est. reading time":"2 minutes"},"schema":{"@context":"https:\/\/schema.org","@graph":[{"@type":"WebPage","@id":"https:\/\/shrimataji.org\/test\/pl\/paramczajtania\/","url":"https:\/\/shrimataji.org\/test\/pl\/paramczajtania\/","name":"Paramczajtania - TEST - SMND","isPartOf":{"@id":"https:\/\/shrimataji.org\/test\/#website"},"primaryImageOfPage":{"@id":"https:\/\/shrimataji.org\/test\/pl\/paramczajtania\/#primaryimage"},"image":{"@id":"https:\/\/shrimataji.org\/test\/pl\/paramczajtania\/#primaryimage"},"thumbnailUrl":"https:\/\/shrimataji.org\/test\/wp-content\/uploads\/2023\/03\/10_Banner-SY-Paramchaitanya-scaled.jpg","datePublished":"2022-01-29T10:23:24+00:00","dateModified":"2026-04-22T05:40:30+00:00","breadcrumb":{"@id":"https:\/\/shrimataji.org\/test\/pl\/paramczajtania\/#breadcrumb"},"inLanguage":"en-US","potentialAction":[{"@type":"ReadAction","target":["https:\/\/shrimataji.org\/test\/pl\/paramczajtania\/"]}]},{"@type":"ImageObject","inLanguage":"en-US","@id":"https:\/\/shrimataji.org\/test\/pl\/paramczajtania\/#primaryimage","url":"https:\/\/shrimataji.org\/test\/wp-content\/uploads\/2023\/03\/10_Banner-SY-Paramchaitanya-scaled.jpg","contentUrl":"https:\/\/shrimataji.org\/test\/wp-content\/uploads\/2023\/03\/10_Banner-SY-Paramchaitanya-scaled.jpg","width":2560,"height":905},{"@type":"BreadcrumbList","@id":"https:\/\/shrimataji.org\/test\/pl\/paramczajtania\/#breadcrumb","itemListElement":[{"@type":"ListItem","position":1,"name":"Home","item":"https:\/\/shrimataji.org\/test\/uk\/home-en\/"},{"@type":"ListItem","position":2,"name":"Paramczajtania"}]},{"@type":"WebSite","@id":"https:\/\/shrimataji.org\/test\/#website","url":"https:\/\/shrimataji.org\/test\/","name":"Shri Mataji Nirmala Devi","description":"A Life Dedicated to Humanity","publisher":{"@id":"https:\/\/shrimataji.org\/test\/#\/schema\/person\/a1b3419c6585f164aa96da1ff85715d1"},"potentialAction":[{"@type":"SearchAction","target":{"@type":"EntryPoint","urlTemplate":"https:\/\/shrimataji.org\/test\/?s={search_term_string}"},"query-input":{"@type":"PropertyValueSpecification","valueRequired":true,"valueName":"search_term_string"}}],"inLanguage":"en-US"},{"@type":["Person","Organization"],"@id":"https:\/\/shrimataji.org\/test\/#\/schema\/person\/a1b3419c6585f164aa96da1ff85715d1","name":"Nirmala Shrivastava","image":{"@type":"ImageObject","inLanguage":"en-US","@id":"https:\/\/shrimataji.org\/test\/wp-content\/uploads\/2023\/02\/SMO_LOGO-03.svg","url":"https:\/\/shrimataji.org\/test\/wp-content\/uploads\/2023\/02\/SMO_LOGO-03.svg","contentUrl":"https:\/\/shrimataji.org\/test\/wp-content\/uploads\/2023\/02\/SMO_LOGO-03.svg","width":"1024","height":"1024","caption":"Nirmala Shrivastava"},"logo":{"@id":"https:\/\/shrimataji.org\/test\/wp-content\/uploads\/2023\/02\/SMO_LOGO-03.svg"},"sameAs":["https:\/\/shrimataji.org\/test","https:\/\/www.facebook.com\/shrimataji","https:\/\/x.com\/shrimataji","https:\/\/www.youtube.com\/@Shri_Mataji_Nirmala_Devi\/featured"]}]}},"lang":"pl","translations":{"pl":37998,"ur":37475,"en":6404,"am":18048,"th":20016,"hu":19532,"sq":18449,"zh":17346,"hi":8298,"tr":10192,"pt":10402,"de":10676,"fr":10774,"it":10872,"es":10969,"ja":11266,"ru":11454,"bn":11646,"te":11754,"sw":11877,"he":12025,"el":12317,"sk":12415,"fa":12513,"fi":12611,"bg":13388,"ro":14462,"cs":14655,"nl":16609,"ku":16769,"ar":16945,"be":18656,"kn":18930,"mr":20380,"uk":20674,"ml":20969,"ta":22767,"sv":23037,"gu":28881,"pa":29041,"fil":29485,"da":37786,"nn":38338},"pll_sync_post":[],"_links":{"self":[{"href":"https:\/\/shrimataji.org\/test\/wp-json\/wp\/v2\/pages\/37998","targetHints":{"allow":["GET"]}}],"collection":[{"href":"https:\/\/shrimataji.org\/test\/wp-json\/wp\/v2\/pages"}],"about":[{"href":"https:\/\/shrimataji.org\/test\/wp-json\/wp\/v2\/types\/page"}],"author":[{"embeddable":true,"href":"https:\/\/shrimataji.org\/test\/wp-json\/wp\/v2\/users\/1"}],"replies":[{"embeddable":true,"href":"https:\/\/shrimataji.org\/test\/wp-json\/wp\/v2\/comments?post=37998"}],"version-history":[{"count":0,"href":"https:\/\/shrimataji.org\/test\/wp-json\/wp\/v2\/pages\/37998\/revisions"}],"wp:featuredmedia":[{"embeddable":true,"href":"https:\/\/shrimataji.org\/test\/wp-json\/wp\/v2\/media\/37999"}],"wp:attachment":[{"href":"https:\/\/shrimataji.org\/test\/wp-json\/wp\/v2\/media?parent=37998"}],"curies":[{"name":"wp","href":"https:\/\/api.w.org\/{rel}","templated":true}]}}