{"id":38004,"date":"2018-07-10T06:54:50","date_gmt":"2018-07-10T06:54:50","guid":{"rendered":"http:\/\/testwordpress.nirmalnagari.org\/smnd\/index.php\/public-life\/"},"modified":"2026-04-22T11:15:31","modified_gmt":"2026-04-22T11:15:31","slug":"zycie-publiczne","status":"publish","type":"page","link":"https:\/\/shrimataji.org\/test\/pl\/zycie-publiczne\/","title":{"rendered":"\u017bycie publiczne"},"content":{"rendered":"\n\n\t<h1>\u017bycie publiczne<\/h1>\n<h2>Nios\u0105c to na ca\u0142y \u015bwiat<\/h2>\n\t<h4>Gdy jej dzieci doros\u0142y i si\u0119 usamodzielni\u0142y, Nirmala Srivastava mog\u0142a po\u015bwi\u0119ci\u0107 wi\u0119cej uwagi i czasu dzia\u0142alno\u015bci publicznej. Podczas gdy jej m\u0105\u017c kierowa\u0142 Mi\u0119dzynarodow\u0105 Organizacj\u0105 Morsk\u0105 ONZ w Londynie, rozpocz\u0119\u0142a swoj\u0105 duchow\u0105 prac\u0119 z niewielk\u0105 grup\u0105 os\u00f3b. Zacz\u0119\u0142a tak\u017ce podr\u00f3\u017cowa\u0107 po kraju, wyg\u0142aszaj\u0105c wyk\u0142ady oraz przekazuj\u0105c do\u015bwiadczenie samorealizacji. Wkr\u00f3tce zacz\u0119to nazywa\u0107 j\u0105 honorowym tytu\u0142em \u015ari Matad\u017ai, co oznacza \u201eCzcigodna Matka&#8221;, gdy ludzie dostrzegli jej niezwyk\u0142e duchowe i matczyne cechy.<\/h4>\n\t<p>Nigdy nie pobiera\u0142a op\u0142at ani za wyk\u0142ady, ani za samorealizacj\u0119, podkre\u015blaj\u0105c, \u017ce przebudzenie duchowej energii, obecnej w ka\u017cdym cz\u0142owieku, jest naszym przyrodzonym prawem i nie mo\u017ce by\u0107 przedmiotem zap\u0142aty. Metoda medytacji poprzez samorealizacj\u0119, rozwini\u0119ta przez \u015ari Matad\u017ai, zosta\u0142a nazwana <a href=\"https:\/\/shrimataji.org\/test\/pl\/medytacja-sahadza-joga\/\" target=\"_blank\" rel=\"noopener\">Sahad\u017aa Jog\u0105<\/a>. Pocz\u0105tkowo koncentruj\u0105c swoj\u0105 dzia\u0142alno\u015b\u0107 w Wielkiej Brytanii, dociera\u0142a ze swoim przes\u0142aniem zar\u00f3wno do mieszka\u0144c\u00f3w ma\u0142ych miejscowo\u015bci, jak i wielkich miast. Podr\u00f3\u017cowa\u0142a po kraju, udzielaj\u0105c wywiad\u00f3w radiowych i telewizyjnych, prowadz\u0105c wyk\u0142ady w salach publicznych, a tak\u017ce po\u015bwi\u0119caj\u0105c wiele czasu na indywidualne spotkania z uczestnikami, cierpliwie s\u0142uchaj\u0105c ich historii i problem\u00f3w oraz udzielaj\u0105c im wskaz\u00f3wek.<\/p>\n\t\t<iframe loading=\"lazy\" title=\"The Time For Realization Is Now\" width=\"1920\" height=\"1080\" src=\"https:\/\/www.youtube.com\/embed\/4X6QxLepxT0?feature=oembed\" frameborder=\"0\" allow=\"accelerometer; autoplay; clipboard-write; encrypted-media; gyroscope; picture-in-picture; web-share\" referrerpolicy=\"strict-origin-when-cross-origin\" allowfullscreen><\/iframe>\t\n\t<p>Ten spos\u00f3b dzia\u0142ania kontynuowa\u0142a w latach 80., kiedy rozpocz\u0119\u0142a podr\u00f3\u017ce po Europie, Australii i Ameryce P\u00f3\u0142nocnej. Naucza\u0142a Sahad\u017aa Jogi bezp\u0142atnie wszystkich zainteresowanych, a tak\u017ce bra\u0142a udzia\u0142 w \u017cywych dyskusjach oraz sesjach pyta\u0144 i odpowiedzi dotycz\u0105cych roli duchowo\u015bci we wsp\u00f3\u0142czesnym \u015bwiecie.<\/p>\n<p>W latach 90. jej dzia\u0142alno\u015b\u0107 rozszerzy\u0142a si\u0119 na Ameryk\u0119 Po\u0142udniow\u0105, Europ\u0119 Wschodni\u0105, Azj\u0119 oraz region Pacyfiku.<\/p>\n<p>Otrzyma\u0142a <a href=\"https:\/\/shrimataji.org\/test\/pl\/nagrody\/\" target=\"_blank\" rel=\"noopener\">liczne wyr\u00f3\u017cnienia<\/a> i doktoraty honorowe od instytucji z ca\u0142ego \u015bwiata. W 1995 roku przemawia\u0142a na Czwartej <a href=\"https:\/\/shrimataji.org\/test\/pl\/swiatowa-konferencja-onz-w-sprawie-kobiet\/\" target=\"_blank\" rel=\"noopener\">\u015awiatowej Konferencji Kobiet w Pekinie<\/a>, a tak\u017ce wyg\u0142asza\u0142a przem\u00f3wienia na temat pokoju na \u015bwiecie w Organizacji Narod\u00f3w Zjednoczonych.<\/p>\n<figure itemscope itemtype=\"https:\/\/schema.org\/ImageObject\">\n\t\t\t\t<img decoding=\"async\" src=\"https:\/\/shrimataji.org\/test\/wp-content\/uploads\/2024\/11\/EN_shri-mataji-greeting-the-queen-2.jpg\" alt=\"Shri Mataji with Queen Elizabeth II\" height=\"320\" width=\"460\" title=\"EN_shri-mataji-greeting-the-queen-2\" onerror=\"this.style.display='none'\" loading=\"lazy\" \/>\n\t\t<figcaption>\u015ari Matad\u017ai z kr\u00f3low\u0105 El\u017cbiet\u0105 II<\/figcaption>\n\t<\/figure>\n\t<p>W 1997 roku Claes Nobel wyrazi\u0142 sw\u00f3j podziw dla \u015ari Matad\u017ai i Sahad\u017aa Jogi, okre\u015blaj\u0105c j\u0105 jako \u201epunkt odniesienia w rozr\u00f3\u017cnianiu dobra od z\u0142a&#8221; oraz \u201e\u017ar\u00f3d\u0142o nadziei dla ludzko\u015bci&#8221;.<\/p>\n\t<div class=\"su-quote su-quote-style-default\"><div class=\"su-quote-inner su-u-clearfix su-u-trim\">Prawdziwym zyskiem jest pok\u00f3j, kt\u00f3ry osi\u0105gn\u0119li\u015bcie, mi\u0142o\u015b\u0107, kt\u00f3r\u0105 rozwin\u0119li\u015bcie, wsp\u00f3\u0142czucie, kt\u00f3rym mo\u017cecie emanowa\u0107, oraz g\u0142\u0119bia relacji i wi\u0119zi, jakie potraficie nawi\u0105zywa\u0107 z innymi.<\/div><\/div>\n\n","protected":false},"excerpt":{"rendered":"<p>\u017bycie publiczne Nios\u0105c to na ca\u0142y \u015bwiat Gdy jej dzieci doros\u0142y i si\u0119 usamodzielni\u0142y, Nirmala Srivastava mog\u0142a po\u015bwi\u0119ci\u0107 wi\u0119cej uwagi i czasu dzia\u0142alno\u015bci publicznej. Podczas gdy jej m\u0105\u017c kierowa\u0142 Mi\u0119dzynarodow\u0105 Organizacj\u0105 Morsk\u0105 ONZ w Londynie, rozpocz\u0119\u0142a swoj\u0105 duchow\u0105 prac\u0119 z niewielk\u0105 grup\u0105 os\u00f3b. Zacz\u0119\u0142a tak\u017ce podr\u00f3\u017cowa\u0107 po kraju, wyg\u0142aszaj\u0105c wyk\u0142ady oraz przekazuj\u0105c do\u015bwiadczenie samorealizacji. Wkr\u00f3tce&hellip; <br \/> <a class=\"read-more\" href=\"https:\/\/shrimataji.org\/test\/pl\/zycie-publiczne\/\">Read more<\/a><\/p>\n","protected":false},"author":1,"featured_media":38005,"parent":0,"menu_order":0,"comment_status":"closed","ping_status":"closed","template":"","meta":{"inline_featured_image":false,"footnotes":""},"class_list":["post-38004","page","type-page","status-publish","has-post-thumbnail","hentry"],"yoast_head":"<!-- This site is optimized with the Yoast SEO plugin v27.4 - https:\/\/yoast.com\/product\/yoast-seo-wordpress\/ -->\n<title>\u017bycie publiczne - TEST - SMND<\/title>\n<meta name=\"robots\" content=\"noindex, follow, max-snippet:-1, max-image-preview:large, max-video-preview:-1\" \/>\n<meta property=\"og:locale\" content=\"en_US\" \/>\n<meta property=\"og:type\" content=\"article\" \/>\n<meta property=\"og:title\" content=\"\u017bycie publiczne - TEST - SMND\" \/>\n<meta property=\"og:description\" content=\"\u017bycie publiczne Nios\u0105c to na ca\u0142y \u015bwiat Gdy jej dzieci doros\u0142y i si\u0119 usamodzielni\u0142y, Nirmala Srivastava mog\u0142a po\u015bwi\u0119ci\u0107 wi\u0119cej uwagi i czasu dzia\u0142alno\u015bci publicznej. Podczas gdy jej m\u0105\u017c kierowa\u0142 Mi\u0119dzynarodow\u0105 Organizacj\u0105 Morsk\u0105 ONZ w Londynie, rozpocz\u0119\u0142a swoj\u0105 duchow\u0105 prac\u0119 z niewielk\u0105 grup\u0105 os\u00f3b. Zacz\u0119\u0142a tak\u017ce podr\u00f3\u017cowa\u0107 po kraju, wyg\u0142aszaj\u0105c wyk\u0142ady oraz przekazuj\u0105c do\u015bwiadczenie samorealizacji. Wkr\u00f3tce&hellip; Read more\" \/>\n<meta property=\"og:url\" content=\"https:\/\/shrimataji.org\/test\/pl\/zycie-publiczne\/\" \/>\n<meta property=\"og:site_name\" content=\"TEST - SMND\" \/>\n<meta property=\"article:publisher\" content=\"https:\/\/www.facebook.com\/shrimataji\" \/>\n<meta property=\"article:modified_time\" content=\"2026-04-22T11:15:31+00:00\" \/>\n<meta property=\"og:image\" content=\"https:\/\/shrimataji.org\/test\/wp-content\/uploads\/2023\/03\/9_Banner-PublicLife-2-scaled.jpg\" \/>\n\t<meta property=\"og:image:width\" content=\"2560\" \/>\n\t<meta property=\"og:image:height\" content=\"905\" \/>\n\t<meta property=\"og:image:type\" content=\"image\/jpeg\" \/>\n<meta name=\"twitter:card\" content=\"summary_large_image\" \/>\n<meta name=\"twitter:site\" content=\"@shrimataji\" \/>\n<script type=\"application\/ld+json\" class=\"yoast-schema-graph\">{\"@context\":\"https:\\\/\\\/schema.org\",\"@graph\":[{\"@type\":\"WebPage\",\"@id\":\"https:\\\/\\\/shrimataji.org\\\/test\\\/pl\\\/zycie-publiczne\\\/\",\"url\":\"https:\\\/\\\/shrimataji.org\\\/test\\\/pl\\\/zycie-publiczne\\\/\",\"name\":\"\u017bycie publiczne - TEST - SMND\",\"isPartOf\":{\"@id\":\"https:\\\/\\\/shrimataji.org\\\/test\\\/#website\"},\"primaryImageOfPage\":{\"@id\":\"https:\\\/\\\/shrimataji.org\\\/test\\\/pl\\\/zycie-publiczne\\\/#primaryimage\"},\"image\":{\"@id\":\"https:\\\/\\\/shrimataji.org\\\/test\\\/pl\\\/zycie-publiczne\\\/#primaryimage\"},\"thumbnailUrl\":\"https:\\\/\\\/shrimataji.org\\\/test\\\/wp-content\\\/uploads\\\/2023\\\/03\\\/9_Banner-PublicLife-2-scaled.jpg\",\"datePublished\":\"2018-07-10T06:54:50+00:00\",\"dateModified\":\"2026-04-22T11:15:31+00:00\",\"breadcrumb\":{\"@id\":\"https:\\\/\\\/shrimataji.org\\\/test\\\/pl\\\/zycie-publiczne\\\/#breadcrumb\"},\"inLanguage\":\"en-US\",\"potentialAction\":[{\"@type\":\"ReadAction\",\"target\":[\"https:\\\/\\\/shrimataji.org\\\/test\\\/pl\\\/zycie-publiczne\\\/\"]}]},{\"@type\":\"ImageObject\",\"inLanguage\":\"en-US\",\"@id\":\"https:\\\/\\\/shrimataji.org\\\/test\\\/pl\\\/zycie-publiczne\\\/#primaryimage\",\"url\":\"https:\\\/\\\/shrimataji.org\\\/test\\\/wp-content\\\/uploads\\\/2023\\\/03\\\/9_Banner-PublicLife-2-scaled.jpg\",\"contentUrl\":\"https:\\\/\\\/shrimataji.org\\\/test\\\/wp-content\\\/uploads\\\/2023\\\/03\\\/9_Banner-PublicLife-2-scaled.jpg\",\"width\":2560,\"height\":905},{\"@type\":\"BreadcrumbList\",\"@id\":\"https:\\\/\\\/shrimataji.org\\\/test\\\/pl\\\/zycie-publiczne\\\/#breadcrumb\",\"itemListElement\":[{\"@type\":\"ListItem\",\"position\":1,\"name\":\"Home\",\"item\":\"https:\\\/\\\/shrimataji.org\\\/test\\\/uk\\\/home-en\\\/\"},{\"@type\":\"ListItem\",\"position\":2,\"name\":\"\u017bycie publiczne\"}]},{\"@type\":\"WebSite\",\"@id\":\"https:\\\/\\\/shrimataji.org\\\/test\\\/#website\",\"url\":\"https:\\\/\\\/shrimataji.org\\\/test\\\/\",\"name\":\"Shri Mataji Nirmala Devi\",\"description\":\"A Life Dedicated to Humanity\",\"publisher\":{\"@id\":\"https:\\\/\\\/shrimataji.org\\\/test\\\/#\\\/schema\\\/person\\\/a1b3419c6585f164aa96da1ff85715d1\"},\"potentialAction\":[{\"@type\":\"SearchAction\",\"target\":{\"@type\":\"EntryPoint\",\"urlTemplate\":\"https:\\\/\\\/shrimataji.org\\\/test\\\/?s={search_term_string}\"},\"query-input\":{\"@type\":\"PropertyValueSpecification\",\"valueRequired\":true,\"valueName\":\"search_term_string\"}}],\"inLanguage\":\"en-US\"},{\"@type\":[\"Person\",\"Organization\"],\"@id\":\"https:\\\/\\\/shrimataji.org\\\/test\\\/#\\\/schema\\\/person\\\/a1b3419c6585f164aa96da1ff85715d1\",\"name\":\"Nirmala Shrivastava\",\"image\":{\"@type\":\"ImageObject\",\"inLanguage\":\"en-US\",\"@id\":\"https:\\\/\\\/shrimataji.org\\\/test\\\/wp-content\\\/uploads\\\/2023\\\/02\\\/SMO_LOGO-03.svg\",\"url\":\"https:\\\/\\\/shrimataji.org\\\/test\\\/wp-content\\\/uploads\\\/2023\\\/02\\\/SMO_LOGO-03.svg\",\"contentUrl\":\"https:\\\/\\\/shrimataji.org\\\/test\\\/wp-content\\\/uploads\\\/2023\\\/02\\\/SMO_LOGO-03.svg\",\"width\":\"1024\",\"height\":\"1024\",\"caption\":\"Nirmala Shrivastava\"},\"logo\":{\"@id\":\"https:\\\/\\\/shrimataji.org\\\/test\\\/wp-content\\\/uploads\\\/2023\\\/02\\\/SMO_LOGO-03.svg\"},\"sameAs\":[\"https:\\\/\\\/shrimataji.org\\\/test\",\"https:\\\/\\\/www.facebook.com\\\/shrimataji\",\"https:\\\/\\\/x.com\\\/shrimataji\",\"https:\\\/\\\/www.youtube.com\\\/@Shri_Mataji_Nirmala_Devi\\\/featured\"]}]}<\/script>\n<!-- \/ Yoast SEO plugin. -->","yoast_head_json":{"title":"\u017bycie publiczne - TEST - SMND","robots":{"index":"noindex","follow":"follow","max-snippet":"max-snippet:-1","max-image-preview":"max-image-preview:large","max-video-preview":"max-video-preview:-1"},"og_locale":"en_US","og_type":"article","og_title":"\u017bycie publiczne - TEST - SMND","og_description":"\u017bycie publiczne Nios\u0105c to na ca\u0142y \u015bwiat Gdy jej dzieci doros\u0142y i si\u0119 usamodzielni\u0142y, Nirmala Srivastava mog\u0142a po\u015bwi\u0119ci\u0107 wi\u0119cej uwagi i czasu dzia\u0142alno\u015bci publicznej. Podczas gdy jej m\u0105\u017c kierowa\u0142 Mi\u0119dzynarodow\u0105 Organizacj\u0105 Morsk\u0105 ONZ w Londynie, rozpocz\u0119\u0142a swoj\u0105 duchow\u0105 prac\u0119 z niewielk\u0105 grup\u0105 os\u00f3b. Zacz\u0119\u0142a tak\u017ce podr\u00f3\u017cowa\u0107 po kraju, wyg\u0142aszaj\u0105c wyk\u0142ady oraz przekazuj\u0105c do\u015bwiadczenie samorealizacji. Wkr\u00f3tce&hellip; Read more","og_url":"https:\/\/shrimataji.org\/test\/pl\/zycie-publiczne\/","og_site_name":"TEST - SMND","article_publisher":"https:\/\/www.facebook.com\/shrimataji","article_modified_time":"2026-04-22T11:15:31+00:00","og_image":[{"width":2560,"height":905,"url":"https:\/\/shrimataji.org\/test\/wp-content\/uploads\/2023\/03\/9_Banner-PublicLife-2-scaled.jpg","type":"image\/jpeg"}],"twitter_card":"summary_large_image","twitter_site":"@shrimataji","schema":{"@context":"https:\/\/schema.org","@graph":[{"@type":"WebPage","@id":"https:\/\/shrimataji.org\/test\/pl\/zycie-publiczne\/","url":"https:\/\/shrimataji.org\/test\/pl\/zycie-publiczne\/","name":"\u017bycie publiczne - TEST - SMND","isPartOf":{"@id":"https:\/\/shrimataji.org\/test\/#website"},"primaryImageOfPage":{"@id":"https:\/\/shrimataji.org\/test\/pl\/zycie-publiczne\/#primaryimage"},"image":{"@id":"https:\/\/shrimataji.org\/test\/pl\/zycie-publiczne\/#primaryimage"},"thumbnailUrl":"https:\/\/shrimataji.org\/test\/wp-content\/uploads\/2023\/03\/9_Banner-PublicLife-2-scaled.jpg","datePublished":"2018-07-10T06:54:50+00:00","dateModified":"2026-04-22T11:15:31+00:00","breadcrumb":{"@id":"https:\/\/shrimataji.org\/test\/pl\/zycie-publiczne\/#breadcrumb"},"inLanguage":"en-US","potentialAction":[{"@type":"ReadAction","target":["https:\/\/shrimataji.org\/test\/pl\/zycie-publiczne\/"]}]},{"@type":"ImageObject","inLanguage":"en-US","@id":"https:\/\/shrimataji.org\/test\/pl\/zycie-publiczne\/#primaryimage","url":"https:\/\/shrimataji.org\/test\/wp-content\/uploads\/2023\/03\/9_Banner-PublicLife-2-scaled.jpg","contentUrl":"https:\/\/shrimataji.org\/test\/wp-content\/uploads\/2023\/03\/9_Banner-PublicLife-2-scaled.jpg","width":2560,"height":905},{"@type":"BreadcrumbList","@id":"https:\/\/shrimataji.org\/test\/pl\/zycie-publiczne\/#breadcrumb","itemListElement":[{"@type":"ListItem","position":1,"name":"Home","item":"https:\/\/shrimataji.org\/test\/uk\/home-en\/"},{"@type":"ListItem","position":2,"name":"\u017bycie publiczne"}]},{"@type":"WebSite","@id":"https:\/\/shrimataji.org\/test\/#website","url":"https:\/\/shrimataji.org\/test\/","name":"Shri Mataji Nirmala Devi","description":"A Life Dedicated to Humanity","publisher":{"@id":"https:\/\/shrimataji.org\/test\/#\/schema\/person\/a1b3419c6585f164aa96da1ff85715d1"},"potentialAction":[{"@type":"SearchAction","target":{"@type":"EntryPoint","urlTemplate":"https:\/\/shrimataji.org\/test\/?s={search_term_string}"},"query-input":{"@type":"PropertyValueSpecification","valueRequired":true,"valueName":"search_term_string"}}],"inLanguage":"en-US"},{"@type":["Person","Organization"],"@id":"https:\/\/shrimataji.org\/test\/#\/schema\/person\/a1b3419c6585f164aa96da1ff85715d1","name":"Nirmala Shrivastava","image":{"@type":"ImageObject","inLanguage":"en-US","@id":"https:\/\/shrimataji.org\/test\/wp-content\/uploads\/2023\/02\/SMO_LOGO-03.svg","url":"https:\/\/shrimataji.org\/test\/wp-content\/uploads\/2023\/02\/SMO_LOGO-03.svg","contentUrl":"https:\/\/shrimataji.org\/test\/wp-content\/uploads\/2023\/02\/SMO_LOGO-03.svg","width":"1024","height":"1024","caption":"Nirmala Shrivastava"},"logo":{"@id":"https:\/\/shrimataji.org\/test\/wp-content\/uploads\/2023\/02\/SMO_LOGO-03.svg"},"sameAs":["https:\/\/shrimataji.org\/test","https:\/\/www.facebook.com\/shrimataji","https:\/\/x.com\/shrimataji","https:\/\/www.youtube.com\/@Shri_Mataji_Nirmala_Devi\/featured"]}]}},"lang":"pl","translations":{"pl":38004,"ur":37481,"en":438,"am":18056,"th":20029,"hu":19542,"sq":18457,"zh":17354,"tr":10197,"pt":10407,"de":10681,"fr":10779,"it":10877,"es":10974,"ja":11271,"ru":11459,"bn":11651,"te":11759,"sw":11882,"he":12030,"el":12322,"sk":12420,"fa":12518,"fi":12616,"bg":13440,"ro":14514,"cs":14707,"nl":16617,"ku":16777,"ar":16953,"be":18664,"kn":18938,"mr":20393,"uk":20687,"ml":20982,"ta":22775,"sv":23045,"gu":28889,"pa":29049,"fil":29493,"da":37792,"nn":38344},"pll_sync_post":[],"_links":{"self":[{"href":"https:\/\/shrimataji.org\/test\/wp-json\/wp\/v2\/pages\/38004","targetHints":{"allow":["GET"]}}],"collection":[{"href":"https:\/\/shrimataji.org\/test\/wp-json\/wp\/v2\/pages"}],"about":[{"href":"https:\/\/shrimataji.org\/test\/wp-json\/wp\/v2\/types\/page"}],"author":[{"embeddable":true,"href":"https:\/\/shrimataji.org\/test\/wp-json\/wp\/v2\/users\/1"}],"replies":[{"embeddable":true,"href":"https:\/\/shrimataji.org\/test\/wp-json\/wp\/v2\/comments?post=38004"}],"version-history":[{"count":0,"href":"https:\/\/shrimataji.org\/test\/wp-json\/wp\/v2\/pages\/38004\/revisions"}],"wp:featuredmedia":[{"embeddable":true,"href":"https:\/\/shrimataji.org\/test\/wp-json\/wp\/v2\/media\/38005"}],"wp:attachment":[{"href":"https:\/\/shrimataji.org\/test\/wp-json\/wp\/v2\/media?parent=38004"}],"curies":[{"name":"wp","href":"https:\/\/api.w.org\/{rel}","templated":true}]}}