{"id":38008,"date":"2020-04-20T17:46:08","date_gmt":"2020-04-20T17:46:08","guid":{"rendered":"https:\/\/testwordpress.nirmalnagari.org\/smnd\/?page_id=3434"},"modified":"2026-04-22T16:51:42","modified_gmt":"2026-04-22T16:51:42","slug":"sahadza-joga","status":"publish","type":"page","link":"https:\/\/shrimataji.org\/test\/pl\/sahadza-joga\/","title":{"rendered":"Sahad\u017aa Joga"},"content":{"rendered":"\n\n\t<h1>Sahad\u017aa Joga<\/h1>\n<h2>Wewn\u0119trzne przebudzenie poprzez samorealizacj\u0119 i medytacj\u0119<\/h2>\n<h4>\u015ari Matad\u017ai Nirmala Dewi zrewolucjonizowa\u0142a praktyk\u0119 jogi poprzez urzeczywistnienie <a href=\"https:\/\/shrimataji.org\/test\/pl\/doswiadcz-swojej-samorealizacji\/\" target=\"_blank\" rel=\"noopener\">samorealizacji<\/a> na poziomie centralnego uk\u0142adu nerwowego. W historii duchowo\u015bci by\u0142a pierwsz\u0105 i jedyn\u0105 osob\u0105, kt\u00f3ra zaoferowa\u0142a do\u015bwiadczenie samorealizacji na masow\u0105 skal\u0119. Og\u0142osi\u0142a, \u017ce jest to przyrodzone prawo ka\u017cdego cz\u0142owieka &#8211; niezale\u017cnie od religii, rasy, narodowo\u015bci czy okoliczno\u015bci. Podkre\u015bla\u0142a r\u00f3wnie\u017c, \u017ce za prawd\u0119 ani samopoznanie nie mo\u017cna p\u0142aci\u0107, dlatego samorealizacja zawsze by\u0142a i pozostaje dost\u0119pna bezp\u0142atnie.<\/h4>\n<p>\u015ari Matad\u017ai urodzi\u0142a si\u0119 z pe\u0142n\u0105 \u015bwiadomo\u015bci\u0105 samorealizacji i od najm\u0142odszych lat pragn\u0119\u0142a dzieli\u0107 si\u0119 tym bezcennym darem ze wszystkimi. To jej ojciec dostrzeg\u0142 ten duchowy potencja\u0142 i doradzi\u0142 jej, by najpierw odkry\u0142a spos\u00f3b przekazywania samorealizacji na szerok\u0105 skal\u0119, aby mog\u0142a dotrze\u0107 do ludzi na ca\u0142ym \u015bwiecie dla dobra ludzko\u015bci. Zainspirowa\u0142o j\u0105 to do g\u0142\u0119bokiego poznawania natury cz\u0142owieka przez czterdzie\u015bci siedem lat &#8211; poprzez \u017cycie i bezpo\u015bredni kontakt z lud\u017ami. Dopiero gdy w pe\u0142ni pozna\u0142a z\u0142o\u017cono\u015b\u0107 ludzkiej psychiki, podj\u0119\u0142a ostateczn\u0105 decyzj\u0119 o otwarciu <a href=\"https:\/\/shrimataji.org\/test\/pl\/czakra-sahasrara\/\" target=\"_blank\" rel=\"noopener\">Sahasrary<\/a> (si\u00f3dmego o\u015brodka duchowego na czubku g\u0142owy) w swoim w\u0142asnym istnieniu, co umo\u017cliwi\u0142o jej wype\u0142nienie \u017cyciowej misji: rozwini\u0119cia i rozpowszechnienia masowej samorealizacji oraz praktyki medytacji Sahad\u017aa Jogi.<\/p>\n<p><a href=\"https:\/\/shrimataji.org\/test\/pl\/przelomowy-moment\/\" target=\"_blank\" rel=\"noopener\">5 maja 1970<\/a> roku by\u0142 prze\u0142omowym momentem w duchowej ewolucji ludzko\u015bci. Dost\u0119p do wewn\u0119trznego przebudzenia poprzez samorealizacj\u0119 i prawdziw\u0105 medytacj\u0119 przesta\u0142 by\u0107 ograniczony do nielicznych, zaawansowanych mistrz\u00f3w jogi i sta\u0142 si\u0119 dost\u0119pny dla wszystkich poszukuj\u0105cych wy\u017cszej \u015bwiadomo\u015bci. Wyj\u0105tkowo\u015b\u0107 podej\u015bcia \u015ari Matad\u017ai polega\u0142a na tym, \u017ce urzeczywistnienie samorealizacji nast\u0119powa\u0142o ju\u017c od pierwszego dnia. Wcze\u015bniej by\u0142o to rzadko osi\u0105galne nawet po wielu latach &#8211; a czasem dziesi\u0119cioleciach &#8211; intensywnej praktyki pod \u015bcis\u0142ym przewodnictwem guru. \u015ari Matad\u017ai ujawni\u0142a, \u017ce ludzka \u015bwiadomo\u015b\u0107 osi\u0105gn\u0119\u0142a punkt dojrza\u0142o\u015bci w procesie ewolucji i jest gotowa na spontaniczne otrzymanie samorealizacji &#8211; pod warunkiem, \u017ce prawdziwy mistrz potrafi obudzi\u0107 u\u015bpion\u0105, pierwotn\u0105 energi\u0119 duchow\u0105 <a href=\"https:\/\/shrimataji.org\/test\/pl\/kundalini\/\" target=\"_blank\" rel=\"noopener\">Kundalini<\/a> (czyli zwini\u0119t\u0105 energi\u0119 wszechprzenikaj\u0105cej Boskiej mocy), znajduj\u0105c\u0105 si\u0119 u podstawy kr\u0119gos\u0142upa.<\/p>\n<p>W ci\u0105gu kolejnych czterech dekad \u015ari Matad\u017ai ugruntowa\u0142a i rozpowszechni\u0142a praktyk\u0119 medytacji <a href=\"https:\/\/shrimataji.org\/test\/pl\/medytacja-sahadza-joga\/\" target=\"_blank\" rel=\"noopener\">Sahad\u017aa Jogi<\/a>. Ka\u017cdy &#8211; niezale\u017cnie od pochodzenia kulturowego, religii, wieku czy wykszta\u0142cenia &#8211; m\u00f3g\u0142 z \u0142atwo\u015bci\u0105 j\u0105 praktykowa\u0107. Co wi\u0119cej, wielu praktykuj\u0105cych mog\u0142o naturalnie przekazywa\u0107 dar samorealizacji innym, niczym p\u0142omie\u0144 \u015bwiecy zapalaj\u0105cy kolejne \u015bwiece. \u015ari Matad\u017ai szczeg\u00f3lnie podkre\u015bla\u0142a, \u017ce nie wolno pobiera\u0107 op\u0142at za przekazywanie samorealizacji ani za nauczanie wiedzy Sahad\u017aa Jogi, poniewa\u017c sama nigdy nie pobiera\u0142a za to \u017cadnych op\u0142at. Sta\u0142o si\u0119 to podstaw\u0105 prawdziwej, masowej samorealizacji, kt\u00f3r\u0105 jej ojciec przeczuwa\u0142 ju\u017c w jej dzieci\u0144stwie.<\/p>\n<p><a href=\"https:\/\/shrimataji.org\/test\/pl\/medytacja-sahadza-joga\/\" target=\"_blank\" rel=\"noopener\">Medytacja Sahad\u017aa Jogi<\/a> to prosta i niewymagaj\u0105ca wysi\u0142ku technika, opracowana w celu podtrzymania wrodzonego przebudzenia, kt\u00f3re nast\u0119puje wraz z samorealizacj\u0105. S\u0142owo \u201eSahad\u017aa&#8221; oznacza zar\u00f3wno \u201espontaniczny&#8221;, jak i \u201ewrodzony&#8221;, odnosz\u0105c si\u0119 do subtelnej energii Kundalini, obecnej w ka\u017cdym cz\u0142owieku. Wbrew powszechnym przekonaniom joga nie oznacza zestawu \u0107wicze\u0144 czy pozycji, lecz \u201ezjednoczenie&#8221;, \u201epo\u0142\u0105czenie&#8221; &#8211; osi\u0105gni\u0119cie jedno\u015bci. Celem jogi jest u\u015bwiadomienie sobie prawdziwej natury w\u0142asnej Ja\u017ani &#8211; \u201e<a href=\"https:\/\/shrimataji.org\/test\/pl\/atma\/\" target=\"_blank\" rel=\"noopener\">Atmy<\/a>&#8221; (odbicia wszechprzenikaj\u0105cego Ducha) &#8211; oraz osi\u0105gni\u0119cie pe\u0142nego zjednoczenia z t\u0105 \u015bwiadomo\u015bci\u0105. Tak jak kropla wody \u0142\u0105czy si\u0119 z oceanem, tak \u015bwiadomo\u015b\u0107 indywidualna jednoczy si\u0119 ze \u015bwiadomo\u015bci\u0105 zbiorow\u0105. Gdy to zjednoczenie nast\u0119puje, integruj\u0105ca si\u0142a Kundalini przynosi r\u00f3wnowag\u0119 i pok\u00f3j zar\u00f3wno na poziomie jednostki, jak i ca\u0142ej zbiorowo\u015bci.<\/p>\n<div class=\"su-quote su-quote-style-default\"><div class=\"su-quote-inner su-u-clearfix su-u-trim\">Znaczenie poj\u0119cia \u201eSahad\u017aa Joga&#8221; mo\u017cna lepiej zrozumie\u0107, rozk\u0142adaj\u0105c je na cz\u0119\u015bci: \u201esaha&#8221; oznacza \u201ez&#8221;, \u201eja&#8221; &#8211; \u201ezrodzony&#8221;, a \u201ejoga&#8221; to \u201ezjednoczenie&#8221; lub \u201emetoda&#8221;. Oznacza to, \u017ce mo\u017cliwo\u015b\u0107 duchowego rozwoju jest wrodzona w ka\u017cdym z nas.<\/div><\/div>\n\t\t<img decoding=\"async\" data-spai-excluded=\"true\" loading=\"lazy\"  alt=\"YouTube player\"  src=\"https:\/\/i.ytimg.com\/vi\/0isS36I-zu8\/maxresdefault.jpg\"  \/><button aria-label=\"Play\"><\/button><meta itemprop=\"embedUrl\" content=\"https:\/\/www.youtube.com\/embed\/0isS36I-zu8\"\/><meta itemprop=\"name\" content=\"Sahaja Yoga is your birthright\"\/><meta itemprop=\"description\" content=\"YouTube video\"\/><meta itemprop=\"thumbnailUrl\" content=\"https:\/\/i.ytimg.com\/vi\/0isS36I-zu8\/0.jpg\"\/><meta itemprop=\"duration\" content=\"PT1M44S\"\/><meta itemprop=\"uploadDate\" content=\"2022-11-12T03:16:18Z\"\/>\t\n\n","protected":false},"excerpt":{"rendered":"<p>Sahad\u017aa Joga Wewn\u0119trzne przebudzenie poprzez samorealizacj\u0119 i medytacj\u0119 \u015ari Matad\u017ai Nirmala Dewi zrewolucjonizowa\u0142a praktyk\u0119 jogi poprzez urzeczywistnienie samorealizacji na poziomie centralnego uk\u0142adu nerwowego. W historii duchowo\u015bci by\u0142a pierwsz\u0105 i jedyn\u0105 osob\u0105, kt\u00f3ra zaoferowa\u0142a do\u015bwiadczenie samorealizacji na masow\u0105 skal\u0119. Og\u0142osi\u0142a, \u017ce jest to przyrodzone prawo ka\u017cdego cz\u0142owieka &#8211; niezale\u017cnie od religii, rasy, narodowo\u015bci czy okoliczno\u015bci. Podkre\u015bla\u0142a&hellip; <br \/> <a class=\"read-more\" href=\"https:\/\/shrimataji.org\/test\/pl\/sahadza-joga\/\">Read more<\/a><\/p>\n","protected":false},"author":1,"featured_media":38009,"parent":0,"menu_order":0,"comment_status":"closed","ping_status":"closed","template":"","meta":{"inline_featured_image":false,"footnotes":""},"class_list":["post-38008","page","type-page","status-publish","has-post-thumbnail","hentry"],"yoast_head":"<!-- This site is optimized with the Yoast SEO plugin v27.4 - https:\/\/yoast.com\/product\/yoast-seo-wordpress\/ -->\n<title>Sahad\u017aa Joga - TEST - SMND<\/title>\n<meta name=\"robots\" content=\"noindex, follow, max-snippet:-1, max-image-preview:large, max-video-preview:-1\" \/>\n<meta property=\"og:locale\" content=\"en_US\" \/>\n<meta property=\"og:type\" content=\"article\" \/>\n<meta property=\"og:title\" content=\"Sahad\u017aa Joga - TEST - SMND\" \/>\n<meta property=\"og:description\" content=\"Sahad\u017aa Joga Wewn\u0119trzne przebudzenie poprzez samorealizacj\u0119 i medytacj\u0119 \u015ari Matad\u017ai Nirmala Dewi zrewolucjonizowa\u0142a praktyk\u0119 jogi poprzez urzeczywistnienie samorealizacji na poziomie centralnego uk\u0142adu nerwowego. W historii duchowo\u015bci by\u0142a pierwsz\u0105 i jedyn\u0105 osob\u0105, kt\u00f3ra zaoferowa\u0142a do\u015bwiadczenie samorealizacji na masow\u0105 skal\u0119. Og\u0142osi\u0142a, \u017ce jest to przyrodzone prawo ka\u017cdego cz\u0142owieka &#8211; niezale\u017cnie od religii, rasy, narodowo\u015bci czy okoliczno\u015bci. Podkre\u015bla\u0142a&hellip; Read more\" \/>\n<meta property=\"og:url\" content=\"https:\/\/shrimataji.org\/test\/pl\/sahadza-joga\/\" \/>\n<meta property=\"og:site_name\" content=\"TEST - SMND\" \/>\n<meta property=\"article:publisher\" content=\"https:\/\/www.facebook.com\/shrimataji\" \/>\n<meta property=\"article:modified_time\" content=\"2026-04-22T16:51:42+00:00\" \/>\n<meta property=\"og:image\" content=\"https:\/\/shrimataji.org\/test\/wp-content\/uploads\/2023\/02\/Banner-SY-SY-scaled.jpg\" \/>\n\t<meta property=\"og:image:width\" content=\"2560\" \/>\n\t<meta property=\"og:image:height\" content=\"905\" \/>\n\t<meta property=\"og:image:type\" content=\"image\/jpeg\" \/>\n<meta name=\"twitter:card\" content=\"summary_large_image\" \/>\n<meta name=\"twitter:site\" content=\"@shrimataji\" \/>\n<meta name=\"twitter:label1\" content=\"Est. reading time\" \/>\n\t<meta name=\"twitter:data1\" content=\"4 minutes\" \/>\n<script type=\"application\/ld+json\" class=\"yoast-schema-graph\">{\"@context\":\"https:\\\/\\\/schema.org\",\"@graph\":[{\"@type\":\"WebPage\",\"@id\":\"https:\\\/\\\/shrimataji.org\\\/test\\\/pl\\\/sahadza-joga\\\/\",\"url\":\"https:\\\/\\\/shrimataji.org\\\/test\\\/pl\\\/sahadza-joga\\\/\",\"name\":\"Sahad\u017aa Joga - TEST - SMND\",\"isPartOf\":{\"@id\":\"https:\\\/\\\/shrimataji.org\\\/test\\\/#website\"},\"primaryImageOfPage\":{\"@id\":\"https:\\\/\\\/shrimataji.org\\\/test\\\/pl\\\/sahadza-joga\\\/#primaryimage\"},\"image\":{\"@id\":\"https:\\\/\\\/shrimataji.org\\\/test\\\/pl\\\/sahadza-joga\\\/#primaryimage\"},\"thumbnailUrl\":\"https:\\\/\\\/shrimataji.org\\\/test\\\/wp-content\\\/uploads\\\/2023\\\/02\\\/Banner-SY-SY-scaled.jpg\",\"datePublished\":\"2020-04-20T17:46:08+00:00\",\"dateModified\":\"2026-04-22T16:51:42+00:00\",\"breadcrumb\":{\"@id\":\"https:\\\/\\\/shrimataji.org\\\/test\\\/pl\\\/sahadza-joga\\\/#breadcrumb\"},\"inLanguage\":\"en-US\",\"potentialAction\":[{\"@type\":\"ReadAction\",\"target\":[\"https:\\\/\\\/shrimataji.org\\\/test\\\/pl\\\/sahadza-joga\\\/\"]}]},{\"@type\":\"ImageObject\",\"inLanguage\":\"en-US\",\"@id\":\"https:\\\/\\\/shrimataji.org\\\/test\\\/pl\\\/sahadza-joga\\\/#primaryimage\",\"url\":\"https:\\\/\\\/shrimataji.org\\\/test\\\/wp-content\\\/uploads\\\/2023\\\/02\\\/Banner-SY-SY-scaled.jpg\",\"contentUrl\":\"https:\\\/\\\/shrimataji.org\\\/test\\\/wp-content\\\/uploads\\\/2023\\\/02\\\/Banner-SY-SY-scaled.jpg\",\"width\":2560,\"height\":905},{\"@type\":\"BreadcrumbList\",\"@id\":\"https:\\\/\\\/shrimataji.org\\\/test\\\/pl\\\/sahadza-joga\\\/#breadcrumb\",\"itemListElement\":[{\"@type\":\"ListItem\",\"position\":1,\"name\":\"Home\",\"item\":\"https:\\\/\\\/shrimataji.org\\\/test\\\/uk\\\/home-en\\\/\"},{\"@type\":\"ListItem\",\"position\":2,\"name\":\"Sahad\u017aa Joga\"}]},{\"@type\":\"WebSite\",\"@id\":\"https:\\\/\\\/shrimataji.org\\\/test\\\/#website\",\"url\":\"https:\\\/\\\/shrimataji.org\\\/test\\\/\",\"name\":\"Shri Mataji Nirmala Devi\",\"description\":\"A Life Dedicated to Humanity\",\"publisher\":{\"@id\":\"https:\\\/\\\/shrimataji.org\\\/test\\\/#\\\/schema\\\/person\\\/a1b3419c6585f164aa96da1ff85715d1\"},\"potentialAction\":[{\"@type\":\"SearchAction\",\"target\":{\"@type\":\"EntryPoint\",\"urlTemplate\":\"https:\\\/\\\/shrimataji.org\\\/test\\\/?s={search_term_string}\"},\"query-input\":{\"@type\":\"PropertyValueSpecification\",\"valueRequired\":true,\"valueName\":\"search_term_string\"}}],\"inLanguage\":\"en-US\"},{\"@type\":[\"Person\",\"Organization\"],\"@id\":\"https:\\\/\\\/shrimataji.org\\\/test\\\/#\\\/schema\\\/person\\\/a1b3419c6585f164aa96da1ff85715d1\",\"name\":\"Nirmala Shrivastava\",\"image\":{\"@type\":\"ImageObject\",\"inLanguage\":\"en-US\",\"@id\":\"https:\\\/\\\/shrimataji.org\\\/test\\\/wp-content\\\/uploads\\\/2023\\\/02\\\/SMO_LOGO-03.svg\",\"url\":\"https:\\\/\\\/shrimataji.org\\\/test\\\/wp-content\\\/uploads\\\/2023\\\/02\\\/SMO_LOGO-03.svg\",\"contentUrl\":\"https:\\\/\\\/shrimataji.org\\\/test\\\/wp-content\\\/uploads\\\/2023\\\/02\\\/SMO_LOGO-03.svg\",\"width\":\"1024\",\"height\":\"1024\",\"caption\":\"Nirmala Shrivastava\"},\"logo\":{\"@id\":\"https:\\\/\\\/shrimataji.org\\\/test\\\/wp-content\\\/uploads\\\/2023\\\/02\\\/SMO_LOGO-03.svg\"},\"sameAs\":[\"https:\\\/\\\/shrimataji.org\\\/test\",\"https:\\\/\\\/www.facebook.com\\\/shrimataji\",\"https:\\\/\\\/x.com\\\/shrimataji\",\"https:\\\/\\\/www.youtube.com\\\/@Shri_Mataji_Nirmala_Devi\\\/featured\"]}]}<\/script>\n<!-- \/ Yoast SEO plugin. -->","yoast_head_json":{"title":"Sahad\u017aa Joga - TEST - SMND","robots":{"index":"noindex","follow":"follow","max-snippet":"max-snippet:-1","max-image-preview":"max-image-preview:large","max-video-preview":"max-video-preview:-1"},"og_locale":"en_US","og_type":"article","og_title":"Sahad\u017aa Joga - TEST - SMND","og_description":"Sahad\u017aa Joga Wewn\u0119trzne przebudzenie poprzez samorealizacj\u0119 i medytacj\u0119 \u015ari Matad\u017ai Nirmala Dewi zrewolucjonizowa\u0142a praktyk\u0119 jogi poprzez urzeczywistnienie samorealizacji na poziomie centralnego uk\u0142adu nerwowego. W historii duchowo\u015bci by\u0142a pierwsz\u0105 i jedyn\u0105 osob\u0105, kt\u00f3ra zaoferowa\u0142a do\u015bwiadczenie samorealizacji na masow\u0105 skal\u0119. Og\u0142osi\u0142a, \u017ce jest to przyrodzone prawo ka\u017cdego cz\u0142owieka &#8211; niezale\u017cnie od religii, rasy, narodowo\u015bci czy okoliczno\u015bci. Podkre\u015bla\u0142a&hellip; Read more","og_url":"https:\/\/shrimataji.org\/test\/pl\/sahadza-joga\/","og_site_name":"TEST - SMND","article_publisher":"https:\/\/www.facebook.com\/shrimataji","article_modified_time":"2026-04-22T16:51:42+00:00","og_image":[{"width":2560,"height":905,"url":"https:\/\/shrimataji.org\/test\/wp-content\/uploads\/2023\/02\/Banner-SY-SY-scaled.jpg","type":"image\/jpeg"}],"twitter_card":"summary_large_image","twitter_site":"@shrimataji","twitter_misc":{"Est. reading time":"4 minutes"},"schema":{"@context":"https:\/\/schema.org","@graph":[{"@type":"WebPage","@id":"https:\/\/shrimataji.org\/test\/pl\/sahadza-joga\/","url":"https:\/\/shrimataji.org\/test\/pl\/sahadza-joga\/","name":"Sahad\u017aa Joga - TEST - SMND","isPartOf":{"@id":"https:\/\/shrimataji.org\/test\/#website"},"primaryImageOfPage":{"@id":"https:\/\/shrimataji.org\/test\/pl\/sahadza-joga\/#primaryimage"},"image":{"@id":"https:\/\/shrimataji.org\/test\/pl\/sahadza-joga\/#primaryimage"},"thumbnailUrl":"https:\/\/shrimataji.org\/test\/wp-content\/uploads\/2023\/02\/Banner-SY-SY-scaled.jpg","datePublished":"2020-04-20T17:46:08+00:00","dateModified":"2026-04-22T16:51:42+00:00","breadcrumb":{"@id":"https:\/\/shrimataji.org\/test\/pl\/sahadza-joga\/#breadcrumb"},"inLanguage":"en-US","potentialAction":[{"@type":"ReadAction","target":["https:\/\/shrimataji.org\/test\/pl\/sahadza-joga\/"]}]},{"@type":"ImageObject","inLanguage":"en-US","@id":"https:\/\/shrimataji.org\/test\/pl\/sahadza-joga\/#primaryimage","url":"https:\/\/shrimataji.org\/test\/wp-content\/uploads\/2023\/02\/Banner-SY-SY-scaled.jpg","contentUrl":"https:\/\/shrimataji.org\/test\/wp-content\/uploads\/2023\/02\/Banner-SY-SY-scaled.jpg","width":2560,"height":905},{"@type":"BreadcrumbList","@id":"https:\/\/shrimataji.org\/test\/pl\/sahadza-joga\/#breadcrumb","itemListElement":[{"@type":"ListItem","position":1,"name":"Home","item":"https:\/\/shrimataji.org\/test\/uk\/home-en\/"},{"@type":"ListItem","position":2,"name":"Sahad\u017aa Joga"}]},{"@type":"WebSite","@id":"https:\/\/shrimataji.org\/test\/#website","url":"https:\/\/shrimataji.org\/test\/","name":"Shri Mataji Nirmala Devi","description":"A Life Dedicated to Humanity","publisher":{"@id":"https:\/\/shrimataji.org\/test\/#\/schema\/person\/a1b3419c6585f164aa96da1ff85715d1"},"potentialAction":[{"@type":"SearchAction","target":{"@type":"EntryPoint","urlTemplate":"https:\/\/shrimataji.org\/test\/?s={search_term_string}"},"query-input":{"@type":"PropertyValueSpecification","valueRequired":true,"valueName":"search_term_string"}}],"inLanguage":"en-US"},{"@type":["Person","Organization"],"@id":"https:\/\/shrimataji.org\/test\/#\/schema\/person\/a1b3419c6585f164aa96da1ff85715d1","name":"Nirmala Shrivastava","image":{"@type":"ImageObject","inLanguage":"en-US","@id":"https:\/\/shrimataji.org\/test\/wp-content\/uploads\/2023\/02\/SMO_LOGO-03.svg","url":"https:\/\/shrimataji.org\/test\/wp-content\/uploads\/2023\/02\/SMO_LOGO-03.svg","contentUrl":"https:\/\/shrimataji.org\/test\/wp-content\/uploads\/2023\/02\/SMO_LOGO-03.svg","width":"1024","height":"1024","caption":"Nirmala Shrivastava"},"logo":{"@id":"https:\/\/shrimataji.org\/test\/wp-content\/uploads\/2023\/02\/SMO_LOGO-03.svg"},"sameAs":["https:\/\/shrimataji.org\/test","https:\/\/www.facebook.com\/shrimataji","https:\/\/x.com\/shrimataji","https:\/\/www.youtube.com\/@Shri_Mataji_Nirmala_Devi\/featured"]}]}},"lang":"pl","translations":{"pl":38008,"ur":37488,"en":3434,"pa":25904,"gu":25507,"th":20040,"hu":19550,"sq":18464,"zh":17361,"tr":10201,"pt":10411,"de":10685,"fr":10783,"it":10881,"es":10978,"ja":11276,"ru":11464,"bn":11655,"te":11763,"sw":11886,"he":12034,"el":12326,"sk":12424,"fa":12522,"fi":12620,"bg":13428,"ro":14502,"cs":14695,"nl":16624,"ku":16784,"ar":16960,"be":18671,"kn":18945,"mr":20404,"uk":20698,"ml":20993,"ta":22782,"sv":23052,"bs":27292,"fil":29500,"sd":31004,"da":37798,"nn":38350},"pll_sync_post":[],"_links":{"self":[{"href":"https:\/\/shrimataji.org\/test\/wp-json\/wp\/v2\/pages\/38008","targetHints":{"allow":["GET"]}}],"collection":[{"href":"https:\/\/shrimataji.org\/test\/wp-json\/wp\/v2\/pages"}],"about":[{"href":"https:\/\/shrimataji.org\/test\/wp-json\/wp\/v2\/types\/page"}],"author":[{"embeddable":true,"href":"https:\/\/shrimataji.org\/test\/wp-json\/wp\/v2\/users\/1"}],"replies":[{"embeddable":true,"href":"https:\/\/shrimataji.org\/test\/wp-json\/wp\/v2\/comments?post=38008"}],"version-history":[{"count":0,"href":"https:\/\/shrimataji.org\/test\/wp-json\/wp\/v2\/pages\/38008\/revisions"}],"wp:featuredmedia":[{"embeddable":true,"href":"https:\/\/shrimataji.org\/test\/wp-json\/wp\/v2\/media\/38009"}],"wp:attachment":[{"href":"https:\/\/shrimataji.org\/test\/wp-json\/wp\/v2\/media?parent=38008"}],"curies":[{"name":"wp","href":"https:\/\/api.w.org\/{rel}","templated":true}]}}