{"id":38018,"date":"2018-07-10T06:54:42","date_gmt":"2018-07-10T06:54:42","guid":{"rendered":"http:\/\/testwordpress.nirmalnagari.org\/smnd\/index.php\/self-empowerment\/"},"modified":"2026-04-15T08:28:31","modified_gmt":"2026-04-15T08:28:31","slug":"odblokowanie-waszego-potencjalu","status":"publish","type":"page","link":"https:\/\/shrimataji.org\/test\/pl\/odblokowanie-waszego-potencjalu\/","title":{"rendered":"Odblokowanie waszego potencja\u0142u"},"content":{"rendered":"\n\n\t<h1>Odblokowanie waszego potencja\u0142u<\/h1>\n<h2>Poprzez samopoznanie<\/h2>\n\t<h4>Je\u015bli wzmocnienie jednostki mo\u017cna zdefiniowa\u0107 jako proces uzyskiwania coraz wi\u0119kszej kontroli nad w\u0142asnym \u017cyciem, wi\u0119kszej si\u0142y lub g\u0142\u0119bszej wiary we w\u0142asne mo\u017cliwo\u015bci, metoda opracowana przez \u015ari Matad\u017ai jest najwy\u017cszym sposobem osi\u0105gni\u0119cia wewn\u0119trznej mocy, pozwalaj\u0105c ludziom odkry\u0107 w sobie ogromny potencja\u0142, kt\u00f3ry po przebudzeniu prowadzi do prawdziwej transformacji.<\/h4>\n\t<div class=\"su-quote su-quote-style-default\"><div class=\"su-quote-inner su-u-clearfix su-u-trim\">To wszystko jest ju\u017c w was zawarte. Pozw\u00f3lcie temu si\u0119 rozwija\u0107, tak jak kwiaty naturalnie staj\u0105 si\u0119 owocami. <\/div><\/div>\n\t<p>W\u015br\u00f3d korzy\u015bci, takich jak og\u00f3lna poprawa samopoczucia oraz wi\u0119ksza odporno\u015b\u0107 na stres i negatywne wp\u0142ywy, regularna praktyka medytacji Sahad\u017aa Joga pozwala praktykuj\u0105cym lepiej zrozumie\u0107 stan w\u0142asnego cia\u0142a subtelnego &#8211; z\u0142o\u017conego z sieci kana\u0142\u00f3w energetycznych i czakr &#8211; oraz stopniowo opanowa\u0107 proste techniki przywracania wewn\u0119trznej r\u00f3wnowagi i harmonii.<\/p>\n\t<p>\u015ari Matad\u017ai podkre\u015bla\u0142a, \u017ce samorealizacja zaczyna si\u0119 od samopoznania. W ci\u0105gu kilku tygodni praktykuj\u0105cy medytacj\u0119 Sahad\u017aa Joga rozwijaj\u0105 now\u0105, subtelniejsz\u0105 \u015bwiadomo\u015b\u0107 rzeczywisto\u015bci, zwan\u0105 \u015bwiadomo\u015bci\u0105 wibracyjn\u0105, kt\u00f3ra daje zdolno\u015b\u0107 odczuwania jako\u015bci energii w otoczeniu, jak r\u00f3wnie\u017c rozpoznawania w\u0142asnego stanu wewn\u0119trznego. Przy u\u017cyciu \u017cywio\u0142\u00f3w (powietrza, wody, ognia, ziemi) mo\u017cna stosowa\u0107 r\u00f3\u017cnorodne techniki i metody r\u00f3wnowa\u017cenia nadmiaru lub niedoboru energii, opieraj\u0105c si\u0119 na rzeczywistych odczuciach w d\u0142oniach i okre\u015blonych obszarach cia\u0142a.<\/p>\n\t<p>Co najwa\u017cniejsze, osi\u0105gni\u0119cie stanu prawdziwej medytacji &#8211; rozumianego jako \u015bwiadomo\u015b\u0107 bez my\u015bli i wewn\u0119trzny spok\u00f3j &#8211; pomaga neutralizowa\u0107 zaburzenia r\u00f3wnowagi, cz\u0119sto powstaj\u0105ce w wyniku nadmiernego my\u015blenia lub zamartwiania si\u0119. W efekcie wzrasta samokontrola, zdolno\u015b\u0107 koncentracji oraz poczucie w\u0142asnej warto\u015bci.<\/p>\n<p>Wraz z pog\u0142\u0119bieniem praktyki \u015bwiadomo\u015b\u0107 subtelnych wibracji mo\u017ce sta\u0107 si\u0119 narz\u0119dziem podejmowania decyzji, zwi\u0119kszaj\u0105c zdolno\u015b\u0107 dok\u0142adniejszej oceny r\u00f3\u017cnych aspekt\u00f3w sytuacji. Medytacja oraz towarzysz\u0105ce jej wskaz\u00f3wki i techniki prowadz\u0105 do stopniowej wewn\u0119trznej przemiany oraz rozwijaj\u0105 zdolno\u015b\u0107 pozytywnego oddzia\u0142ywania na otoczenie.<\/p>\n<figure itemscope itemtype=\"https:\/\/schema.org\/ImageObject\">\n\t\t\t\t<img decoding=\"async\" src=\"https:\/\/shrimataji.org\/test\/wp-content\/uploads\/2020\/08\/self-empowerment-through-meditation.jpg\" alt=\"self-empowerment-through-meditation\" height=\"321\" width=\"489\" title=\"self-empowerment-through-meditation\" onerror=\"this.style.display='none'\" loading=\"lazy\" \/>\n\t<\/figure>\n\t<div class=\"su-quote su-quote-style-default\"><div class=\"su-quote-inner su-u-clearfix su-u-trim\">Trzeba wyj\u015b\u0107 poza umys\u0142, a w tym najbardziej pomocne jest przebudzenie Kundalini, poniewa\u017c Ona przechodzi przez obszar limbiczny, przenika przez obszar ko\u015bci ciemi\u0105czkowej i wznosi was ponad to, wprowadzaj\u0105c do sfery rzeczywisto\u015bci. Wtedy nast\u0119puje joga &#8211; po\u0142\u0105czenie mi\u0119dzy waszym m\u00f3zgiem, a raczej sercem, i t\u0105 wszechprzenikaj\u0105c\u0105 moc\u0105.<\/div><\/div>\n\t<p>Prawdziwe wewn\u0119trzne wzmocnienie osi\u0105ga si\u0119 poprzez praktyk\u0119 medytacji Sahad\u017aa Joga, kt\u00f3ra w naturalny spos\u00f3b \u0142\u0105czy nas z najwy\u017cszym \u017ar\u00f3d\u0142em wszechprzenikaj\u0105cej mocy &#8211; wiecznym Duchem obecnym w naszym sercu.<\/p>\n\t<div class=\"su-quote su-quote-style-default\"><div class=\"su-quote-inner su-u-clearfix su-u-trim\">O\u015bwiecony oznacza osobowo\u015b\u0107, kt\u00f3ra wykracza poza umys\u0142, pozostaj\u0105c w kontakcie z wszechprzenikaj\u0105c\u0105 moc\u0105 boskiej mi\u0142o\u015bci. W rezultacie wszystko w takiej osobie jest prowadzone i wspierane&#8230; Ta moc jest tak wielka, \u017ce troszczy si\u0119 o was, wszystko organizuje, my\u015bli, rozumie &#8211; jest sam\u0105 m\u0105dro\u015bci\u0105.<\/div><\/div>\n\n","protected":false},"excerpt":{"rendered":"<p>Odblokowanie waszego potencja\u0142u Poprzez samopoznanie Je\u015bli wzmocnienie jednostki mo\u017cna zdefiniowa\u0107 jako proces uzyskiwania coraz wi\u0119kszej kontroli nad w\u0142asnym \u017cyciem, wi\u0119kszej si\u0142y lub g\u0142\u0119bszej wiary we w\u0142asne mo\u017cliwo\u015bci, metoda opracowana przez \u015ari Matad\u017ai jest najwy\u017cszym sposobem osi\u0105gni\u0119cia wewn\u0119trznej mocy, pozwalaj\u0105c ludziom odkry\u0107 w sobie ogromny potencja\u0142, kt\u00f3ry po przebudzeniu prowadzi do prawdziwej transformacji. W\u015br\u00f3d korzy\u015bci, takich&hellip; <br \/> <a class=\"read-more\" href=\"https:\/\/shrimataji.org\/test\/pl\/odblokowanie-waszego-potencjalu\/\">Read more<\/a><\/p>\n","protected":false},"author":1,"featured_media":38019,"parent":0,"menu_order":0,"comment_status":"closed","ping_status":"closed","template":"","meta":{"inline_featured_image":false,"footnotes":""},"class_list":["post-38018","page","type-page","status-publish","has-post-thumbnail","hentry"],"yoast_head":"<!-- This site is optimized with the Yoast SEO plugin v27.4 - https:\/\/yoast.com\/product\/yoast-seo-wordpress\/ -->\n<title>Odblokowanie waszego potencja\u0142u - TEST - SMND<\/title>\n<meta name=\"robots\" content=\"noindex, follow, max-snippet:-1, max-image-preview:large, max-video-preview:-1\" \/>\n<meta property=\"og:locale\" content=\"en_US\" \/>\n<meta property=\"og:type\" content=\"article\" \/>\n<meta property=\"og:title\" content=\"Odblokowanie waszego potencja\u0142u - TEST - SMND\" \/>\n<meta property=\"og:description\" content=\"Odblokowanie waszego potencja\u0142u Poprzez samopoznanie Je\u015bli wzmocnienie jednostki mo\u017cna zdefiniowa\u0107 jako proces uzyskiwania coraz wi\u0119kszej kontroli nad w\u0142asnym \u017cyciem, wi\u0119kszej si\u0142y lub g\u0142\u0119bszej wiary we w\u0142asne mo\u017cliwo\u015bci, metoda opracowana przez \u015ari Matad\u017ai jest najwy\u017cszym sposobem osi\u0105gni\u0119cia wewn\u0119trznej mocy, pozwalaj\u0105c ludziom odkry\u0107 w sobie ogromny potencja\u0142, kt\u00f3ry po przebudzeniu prowadzi do prawdziwej transformacji. W\u015br\u00f3d korzy\u015bci, takich&hellip; Read more\" \/>\n<meta property=\"og:url\" content=\"https:\/\/shrimataji.org\/test\/pl\/odblokowanie-waszego-potencjalu\/\" \/>\n<meta property=\"og:site_name\" content=\"TEST - SMND\" \/>\n<meta property=\"article:publisher\" content=\"https:\/\/www.facebook.com\/shrimataji\" \/>\n<meta property=\"article:modified_time\" content=\"2026-04-15T08:28:31+00:00\" \/>\n<meta property=\"og:image\" content=\"https:\/\/shrimataji.org\/test\/wp-content\/uploads\/2023\/03\/24_Banner-SY-Empower-scaled.jpg\" \/>\n\t<meta property=\"og:image:width\" content=\"2560\" \/>\n\t<meta property=\"og:image:height\" content=\"905\" \/>\n\t<meta property=\"og:image:type\" content=\"image\/jpeg\" \/>\n<meta name=\"twitter:card\" content=\"summary_large_image\" \/>\n<meta name=\"twitter:site\" content=\"@shrimataji\" \/>\n<script type=\"application\/ld+json\" class=\"yoast-schema-graph\">{\"@context\":\"https:\\\/\\\/schema.org\",\"@graph\":[{\"@type\":\"WebPage\",\"@id\":\"https:\\\/\\\/shrimataji.org\\\/test\\\/pl\\\/odblokowanie-waszego-potencjalu\\\/\",\"url\":\"https:\\\/\\\/shrimataji.org\\\/test\\\/pl\\\/odblokowanie-waszego-potencjalu\\\/\",\"name\":\"Odblokowanie waszego potencja\u0142u - TEST - SMND\",\"isPartOf\":{\"@id\":\"https:\\\/\\\/shrimataji.org\\\/test\\\/#website\"},\"primaryImageOfPage\":{\"@id\":\"https:\\\/\\\/shrimataji.org\\\/test\\\/pl\\\/odblokowanie-waszego-potencjalu\\\/#primaryimage\"},\"image\":{\"@id\":\"https:\\\/\\\/shrimataji.org\\\/test\\\/pl\\\/odblokowanie-waszego-potencjalu\\\/#primaryimage\"},\"thumbnailUrl\":\"https:\\\/\\\/shrimataji.org\\\/test\\\/wp-content\\\/uploads\\\/2023\\\/03\\\/24_Banner-SY-Empower-scaled.jpg\",\"datePublished\":\"2018-07-10T06:54:42+00:00\",\"dateModified\":\"2026-04-15T08:28:31+00:00\",\"breadcrumb\":{\"@id\":\"https:\\\/\\\/shrimataji.org\\\/test\\\/pl\\\/odblokowanie-waszego-potencjalu\\\/#breadcrumb\"},\"inLanguage\":\"en-US\",\"potentialAction\":[{\"@type\":\"ReadAction\",\"target\":[\"https:\\\/\\\/shrimataji.org\\\/test\\\/pl\\\/odblokowanie-waszego-potencjalu\\\/\"]}]},{\"@type\":\"ImageObject\",\"inLanguage\":\"en-US\",\"@id\":\"https:\\\/\\\/shrimataji.org\\\/test\\\/pl\\\/odblokowanie-waszego-potencjalu\\\/#primaryimage\",\"url\":\"https:\\\/\\\/shrimataji.org\\\/test\\\/wp-content\\\/uploads\\\/2023\\\/03\\\/24_Banner-SY-Empower-scaled.jpg\",\"contentUrl\":\"https:\\\/\\\/shrimataji.org\\\/test\\\/wp-content\\\/uploads\\\/2023\\\/03\\\/24_Banner-SY-Empower-scaled.jpg\",\"width\":2560,\"height\":905},{\"@type\":\"BreadcrumbList\",\"@id\":\"https:\\\/\\\/shrimataji.org\\\/test\\\/pl\\\/odblokowanie-waszego-potencjalu\\\/#breadcrumb\",\"itemListElement\":[{\"@type\":\"ListItem\",\"position\":1,\"name\":\"Home\",\"item\":\"https:\\\/\\\/shrimataji.org\\\/test\\\/uk\\\/home-en\\\/\"},{\"@type\":\"ListItem\",\"position\":2,\"name\":\"Odblokowanie waszego potencja\u0142u\"}]},{\"@type\":\"WebSite\",\"@id\":\"https:\\\/\\\/shrimataji.org\\\/test\\\/#website\",\"url\":\"https:\\\/\\\/shrimataji.org\\\/test\\\/\",\"name\":\"Shri Mataji Nirmala Devi\",\"description\":\"A Life Dedicated to Humanity\",\"publisher\":{\"@id\":\"https:\\\/\\\/shrimataji.org\\\/test\\\/#\\\/schema\\\/person\\\/a1b3419c6585f164aa96da1ff85715d1\"},\"potentialAction\":[{\"@type\":\"SearchAction\",\"target\":{\"@type\":\"EntryPoint\",\"urlTemplate\":\"https:\\\/\\\/shrimataji.org\\\/test\\\/?s={search_term_string}\"},\"query-input\":{\"@type\":\"PropertyValueSpecification\",\"valueRequired\":true,\"valueName\":\"search_term_string\"}}],\"inLanguage\":\"en-US\"},{\"@type\":[\"Person\",\"Organization\"],\"@id\":\"https:\\\/\\\/shrimataji.org\\\/test\\\/#\\\/schema\\\/person\\\/a1b3419c6585f164aa96da1ff85715d1\",\"name\":\"Nirmala Shrivastava\",\"image\":{\"@type\":\"ImageObject\",\"inLanguage\":\"en-US\",\"@id\":\"https:\\\/\\\/shrimataji.org\\\/test\\\/wp-content\\\/uploads\\\/2023\\\/02\\\/SMO_LOGO-03.svg\",\"url\":\"https:\\\/\\\/shrimataji.org\\\/test\\\/wp-content\\\/uploads\\\/2023\\\/02\\\/SMO_LOGO-03.svg\",\"contentUrl\":\"https:\\\/\\\/shrimataji.org\\\/test\\\/wp-content\\\/uploads\\\/2023\\\/02\\\/SMO_LOGO-03.svg\",\"width\":\"1024\",\"height\":\"1024\",\"caption\":\"Nirmala Shrivastava\"},\"logo\":{\"@id\":\"https:\\\/\\\/shrimataji.org\\\/test\\\/wp-content\\\/uploads\\\/2023\\\/02\\\/SMO_LOGO-03.svg\"},\"sameAs\":[\"https:\\\/\\\/shrimataji.org\\\/test\",\"https:\\\/\\\/www.facebook.com\\\/shrimataji\",\"https:\\\/\\\/x.com\\\/shrimataji\",\"https:\\\/\\\/www.youtube.com\\\/@Shri_Mataji_Nirmala_Devi\\\/featured\"]}]}<\/script>\n<!-- \/ Yoast SEO plugin. -->","yoast_head_json":{"title":"Odblokowanie waszego potencja\u0142u - TEST - SMND","robots":{"index":"noindex","follow":"follow","max-snippet":"max-snippet:-1","max-image-preview":"max-image-preview:large","max-video-preview":"max-video-preview:-1"},"og_locale":"en_US","og_type":"article","og_title":"Odblokowanie waszego potencja\u0142u - TEST - SMND","og_description":"Odblokowanie waszego potencja\u0142u Poprzez samopoznanie Je\u015bli wzmocnienie jednostki mo\u017cna zdefiniowa\u0107 jako proces uzyskiwania coraz wi\u0119kszej kontroli nad w\u0142asnym \u017cyciem, wi\u0119kszej si\u0142y lub g\u0142\u0119bszej wiary we w\u0142asne mo\u017cliwo\u015bci, metoda opracowana przez \u015ari Matad\u017ai jest najwy\u017cszym sposobem osi\u0105gni\u0119cia wewn\u0119trznej mocy, pozwalaj\u0105c ludziom odkry\u0107 w sobie ogromny potencja\u0142, kt\u00f3ry po przebudzeniu prowadzi do prawdziwej transformacji. W\u015br\u00f3d korzy\u015bci, takich&hellip; Read more","og_url":"https:\/\/shrimataji.org\/test\/pl\/odblokowanie-waszego-potencjalu\/","og_site_name":"TEST - SMND","article_publisher":"https:\/\/www.facebook.com\/shrimataji","article_modified_time":"2026-04-15T08:28:31+00:00","og_image":[{"width":2560,"height":905,"url":"https:\/\/shrimataji.org\/test\/wp-content\/uploads\/2023\/03\/24_Banner-SY-Empower-scaled.jpg","type":"image\/jpeg"}],"twitter_card":"summary_large_image","twitter_site":"@shrimataji","schema":{"@context":"https:\/\/schema.org","@graph":[{"@type":"WebPage","@id":"https:\/\/shrimataji.org\/test\/pl\/odblokowanie-waszego-potencjalu\/","url":"https:\/\/shrimataji.org\/test\/pl\/odblokowanie-waszego-potencjalu\/","name":"Odblokowanie waszego potencja\u0142u - TEST - SMND","isPartOf":{"@id":"https:\/\/shrimataji.org\/test\/#website"},"primaryImageOfPage":{"@id":"https:\/\/shrimataji.org\/test\/pl\/odblokowanie-waszego-potencjalu\/#primaryimage"},"image":{"@id":"https:\/\/shrimataji.org\/test\/pl\/odblokowanie-waszego-potencjalu\/#primaryimage"},"thumbnailUrl":"https:\/\/shrimataji.org\/test\/wp-content\/uploads\/2023\/03\/24_Banner-SY-Empower-scaled.jpg","datePublished":"2018-07-10T06:54:42+00:00","dateModified":"2026-04-15T08:28:31+00:00","breadcrumb":{"@id":"https:\/\/shrimataji.org\/test\/pl\/odblokowanie-waszego-potencjalu\/#breadcrumb"},"inLanguage":"en-US","potentialAction":[{"@type":"ReadAction","target":["https:\/\/shrimataji.org\/test\/pl\/odblokowanie-waszego-potencjalu\/"]}]},{"@type":"ImageObject","inLanguage":"en-US","@id":"https:\/\/shrimataji.org\/test\/pl\/odblokowanie-waszego-potencjalu\/#primaryimage","url":"https:\/\/shrimataji.org\/test\/wp-content\/uploads\/2023\/03\/24_Banner-SY-Empower-scaled.jpg","contentUrl":"https:\/\/shrimataji.org\/test\/wp-content\/uploads\/2023\/03\/24_Banner-SY-Empower-scaled.jpg","width":2560,"height":905},{"@type":"BreadcrumbList","@id":"https:\/\/shrimataji.org\/test\/pl\/odblokowanie-waszego-potencjalu\/#breadcrumb","itemListElement":[{"@type":"ListItem","position":1,"name":"Home","item":"https:\/\/shrimataji.org\/test\/uk\/home-en\/"},{"@type":"ListItem","position":2,"name":"Odblokowanie waszego potencja\u0142u"}]},{"@type":"WebSite","@id":"https:\/\/shrimataji.org\/test\/#website","url":"https:\/\/shrimataji.org\/test\/","name":"Shri Mataji Nirmala Devi","description":"A Life Dedicated to Humanity","publisher":{"@id":"https:\/\/shrimataji.org\/test\/#\/schema\/person\/a1b3419c6585f164aa96da1ff85715d1"},"potentialAction":[{"@type":"SearchAction","target":{"@type":"EntryPoint","urlTemplate":"https:\/\/shrimataji.org\/test\/?s={search_term_string}"},"query-input":{"@type":"PropertyValueSpecification","valueRequired":true,"valueName":"search_term_string"}}],"inLanguage":"en-US"},{"@type":["Person","Organization"],"@id":"https:\/\/shrimataji.org\/test\/#\/schema\/person\/a1b3419c6585f164aa96da1ff85715d1","name":"Nirmala Shrivastava","image":{"@type":"ImageObject","inLanguage":"en-US","@id":"https:\/\/shrimataji.org\/test\/wp-content\/uploads\/2023\/02\/SMO_LOGO-03.svg","url":"https:\/\/shrimataji.org\/test\/wp-content\/uploads\/2023\/02\/SMO_LOGO-03.svg","contentUrl":"https:\/\/shrimataji.org\/test\/wp-content\/uploads\/2023\/02\/SMO_LOGO-03.svg","width":"1024","height":"1024","caption":"Nirmala Shrivastava"},"logo":{"@id":"https:\/\/shrimataji.org\/test\/wp-content\/uploads\/2023\/02\/SMO_LOGO-03.svg"},"sameAs":["https:\/\/shrimataji.org\/test","https:\/\/www.facebook.com\/shrimataji","https:\/\/x.com\/shrimataji","https:\/\/www.youtube.com\/@Shri_Mataji_Nirmala_Devi\/featured"]}]}},"lang":"pl","translations":{"pl":38018,"ur":37498,"en":401,"am":18073,"th":20055,"hu":19562,"sq":18474,"zh":17371,"hi":8356,"tr":10208,"pt":10418,"de":10692,"fr":10790,"it":10888,"es":10985,"ja":11283,"ru":11471,"bn":11662,"te":11770,"sw":11893,"he":12041,"el":12333,"sk":12431,"fa":12529,"fi":12627,"bg":13476,"ro":14548,"cs":14741,"nl":16634,"ku":16794,"ar":16970,"be":18681,"kn":18955,"mr":20419,"uk":20713,"ml":21008,"ta":22792,"sv":23062,"gu":28902,"pa":29062,"fil":29510,"da":37808,"nn":38360},"pll_sync_post":[],"_links":{"self":[{"href":"https:\/\/shrimataji.org\/test\/wp-json\/wp\/v2\/pages\/38018","targetHints":{"allow":["GET"]}}],"collection":[{"href":"https:\/\/shrimataji.org\/test\/wp-json\/wp\/v2\/pages"}],"about":[{"href":"https:\/\/shrimataji.org\/test\/wp-json\/wp\/v2\/types\/page"}],"author":[{"embeddable":true,"href":"https:\/\/shrimataji.org\/test\/wp-json\/wp\/v2\/users\/1"}],"replies":[{"embeddable":true,"href":"https:\/\/shrimataji.org\/test\/wp-json\/wp\/v2\/comments?post=38018"}],"version-history":[{"count":0,"href":"https:\/\/shrimataji.org\/test\/wp-json\/wp\/v2\/pages\/38018\/revisions"}],"wp:featuredmedia":[{"embeddable":true,"href":"https:\/\/shrimataji.org\/test\/wp-json\/wp\/v2\/media\/38019"}],"wp:attachment":[{"href":"https:\/\/shrimataji.org\/test\/wp-json\/wp\/v2\/media?parent=38018"}],"curies":[{"name":"wp","href":"https:\/\/api.w.org\/{rel}","templated":true}]}}