{"id":38022,"date":"2018-07-10T06:54:42","date_gmt":"2018-07-10T06:54:42","guid":{"rendered":"http:\/\/testwordpress.nirmalnagari.org\/smnd\/index.php\/life\/"},"modified":"2026-04-23T17:42:43","modified_gmt":"2026-04-23T17:42:43","slug":"sri-matadzi","status":"publish","type":"page","link":"https:\/\/shrimataji.org\/test\/pl\/sri-matadzi\/","title":{"rendered":"\u015ari Matad\u017ai"},"content":{"rendered":"\n\n\t<h1>\u015ari Matad\u017ai<\/h1>\n<h2>Biografia \u017cycia po\u015bwi\u0119conego s\u0142u\u017cbie<\/h2>\n<h4>Niestrudzenie przemierzaj\u0105c tysi\u0105ce kilometr\u00f3w po ca\u0142ym \u015bwiecie &#8211; od odleg\u0142ych wiosek po wielkie miasta i metropolie &#8211; bezinteresownie dziel\u0105c si\u0119 swoim wyj\u0105tkowym odkryciem prawdziwego duchowego o\u015bwiecenia poprzez do\u015bwiadczenie <a href=\"https:\/\/shrimataji.org\/test\/pl\/doswiadcz-swojej-samorealizacji\/\" target=\"_blank\" rel=\"noopener\">samorealizacji<\/a> z milionami ludzi oraz inspiruj\u0105c przemiany spo\u0142eczne oparte na wewn\u0119trznej transformacji &#8211; wszystkie te i wiele innych bezcennych chwil ukazuj\u0105 g\u0142\u0119bi\u0119 \u017cyciowego po\u015bwi\u0119cenia \u015ari Matad\u017ai dla dobra ludzko\u015bci.<\/h4>\n\t<p>Nirmala Shrivastava, znana pod honorowym tytu\u0142em \u015ari Matad\u017ai Nirmala Dewi, urodzi\u0142a si\u0119 21 marca 1923 roku w Chhindwara w Indiach. Pochodzi\u0142a z rodziny chrze\u015bcija\u0144skiej, a jej rodzice, Prasad i Cornelia Salve, nadali jej imi\u0119 Nirmala, kt\u00f3re oznacza \u201eniepokalana&#8221;. Jej ojciec, prawnik i uczony biegle w\u0142adaj\u0105cy 14 j\u0119zykami, przet\u0142umaczy\u0142 Koran na j\u0119zyk hindi. Jej matka by\u0142a pierwsz\u0105 kobiet\u0105 w Indiach, kt\u00f3ra uzyska\u0142a dyplom z matematyki z wyr\u00f3\u017cnieniem.<\/p>\n<p>Od najm\u0142odszych lat \u015ari Matad\u017ai by\u0142a g\u0142\u0119boko zaanga\u017cowana w \u017cycie otaczaj\u0105cego j\u0105 \u015bwiata. Podczas gdy jej rodzice aktywnie uczestniczyli w walce o niepodleg\u0142o\u015b\u0107 Indii, ona ju\u017c jako dziecko bra\u0142a odpowiedzialno\u015b\u0107 za dom. Mahatma Gandhi, kt\u00f3rego aszram cz\u0119sto odwiedza\u0142a, rozpozna\u0142 w niej niezwyk\u0142y duchowy potencja\u0142. Niejednokrotnie konsultowa\u0142 si\u0119 z ni\u0105 w sprawie codziennych modlitw. R\u00f3wnie\u017c jej szkolni przyjaciele zwracali si\u0119 do niej po rad\u0119 i wsparcie.<\/p>\n<p>\u015ari Matad\u017ai studiowa\u0142a medycyn\u0119 w Christian Medical College w Ludhianie oraz w Balakram Medical College w Lahaurze. Jako m\u0142oda kobieta bra\u0142a r\u00f3wnie\u017c udzia\u0142 w walce o niepodleg\u0142o\u015b\u0107, przewodz\u0105c swoim r\u00f3wie\u015bnikom w ruchu Quit India. W 1942 roku zosta\u0142a uwi\u0119ziona za udzia\u0142 w tym ruchu.<\/p>\n<figure itemscope itemtype=\"https:\/\/schema.org\/ImageObject\">\n\t\t\t\t<img decoding=\"async\" src=\"https:\/\/shrimataji.org\/test\/wp-content\/uploads\/2018\/07\/media_originals\/images\/shri-mataji-portraits\/shri-mataji-in-delhi-india-feb-1983-683x1024.jpg\" alt=\"Shri Mataji in Delhi, ca. 09.02.1983\" height=\"1024\" width=\"683\" title=\"shri-mataji-in-delhi-india-feb-1983\" onerror=\"this.style.display='none'\" loading=\"lazy\" \/>\n\t\t\n\t<\/figure>\n\t<p>W 1947 roku po\u015blubi\u0142a <a href=\"https:\/\/shrimataji.org\/test\/pl\/sir-c-p-srivastava\/\" target=\"_blank\" rel=\"noopener\">Chandrik\u0119 Prasada Shrivastav\u0119<\/a>, wysokiego rang\u0105 indyjskiego urz\u0119dnika pa\u0144stwowego, kt\u00f3ry pe\u0142ni\u0142 m.in. funkcj\u0119 osobistego sekretarza premiera Indii Lala Bahadura Shastriego oraz przez cztery kadencje by\u0142 Sekretarzem Generalnym Mi\u0119dzynarodowej Organizacji Morskiej ONZ. Mieli dwie c\u00f3rki. W tym czasie, wychowuj\u0105c dzieci i wspieraj\u0105c karier\u0119 m\u0119\u017ca, \u015ari Matad\u017ai nieustannie troszczy\u0142a si\u0119 o dobro ludzi wok\u00f3\u0142 siebie. Spotyka\u0142a si\u0119 z osobami z r\u00f3\u017cnych kraj\u00f3w, kultur i \u015brodowisk, odnosz\u0105c si\u0119 do nich z autentycznym szacunkiem. Niezale\u017cnie od tego, czy rozmawia\u0142a z przyw\u00f3dcami o sprawach pa\u0144stwowych, czy z taks\u00f3wkarzem o sprawach rodzinnych, zawsze by\u0142a otwarta na s\u0142uchanie i zrozumienie. Sprzeciwia\u0142a si\u0119 uprzedzeniom, wspiera\u0142a potrzebuj\u0105cych, anga\u017cowa\u0142a si\u0119 w dzia\u0142alno\u015b\u0107 charytatywn\u0105, promowa\u0142a kultur\u0119 poprzez muzyk\u0119 i film, zajmowa\u0142a si\u0119 upraw\u0105 ziemi i prowadzi\u0142a aktywne \u017cycie rodzinne. By\u0142a kochaj\u0105c\u0105 \u017con\u0105, matk\u0105 i siostr\u0105, a p\u00f3\u017aniej tak\u017ce babci\u0105.<\/p>\n<p>Przez ca\u0142y ten czas pog\u0142\u0119bia\u0142a swoje zrozumienie natury ludzkiej, koncentruj\u0105c si\u0119 na tym, jak pom\u00f3c ludziom osi\u0105gn\u0105\u0107 ich najwy\u017cszy potencja\u0142. Zrozumia\u0142a, \u017ce taka przemiana mo\u017ce dokona\u0107 si\u0119 jedynie poprzez samorealizacj\u0119 &#8211; czyli przebudzenie wrodzonej subtelnej energii, zwanej <a href=\"https:\/\/shrimataji.org\/test\/pl\/kundalini\/\" target=\"_blank\" rel=\"noopener\">Kundalini<\/a>, obecnej w ka\u017cdym z nas. Sama do\u015bwiadczy\u0142a tego przebudzenia, zanim po\u015bwi\u0119ci\u0142a swoje \u017cycie, by dzieli\u0107 si\u0119 nim z innymi.<\/p>\n<p><a href=\"https:\/\/shrimataji.org\/test\/pl\/przelomowy-moment\/\" target=\"_blank\" rel=\"noopener\">5 maja 1970 roku \u015ari Matad\u017ai rozpocz\u0119\u0142a swoje duchowe dzie\u0142o \u017cycia<\/a>. W wieku 47 lat odkry\u0142a i rozwin\u0119\u0142a metod\u0119 przekazywania samorealizacji na szerok\u0105 skal\u0119. Pragn\u0119\u0142a da\u0107 ludziom autentyczne do\u015bwiadczenie, dzi\u0119ki kt\u00f3remu mog\u0105 si\u0119 przemienia\u0107 i uzdrawia\u0107. W przeciwie\u0144stwie do wielu tak zwanych guru, kt\u00f3rzy wykorzystywali osoby poszukuj\u0105ce duchowej wiedzy, \u015ari Matad\u017ai pragn\u0119\u0142a, aby ka\u017cdy sam sta\u0142 si\u0119 \u015bwiadomy i samodzielny. Zdecydowanie pot\u0119pia\u0142a fa\u0142szywych guru i przez ca\u0142e \u017cycie ostrzega\u0142a przed zwodniczymi i nadu\u017cywaj\u0105cymi praktykami duchowymi.<\/p>\n<p>Gdy jej m\u0105\u017c zosta\u0142 Sekretarzem Generalnym Mi\u0119dzynarodowej Organizacji Morskiej ONZ, \u015ari Matad\u017ai przenios\u0142a si\u0119 z nim do Londynu i rozpocz\u0119\u0142a swoj\u0105 dzia\u0142alno\u015b\u0107 duchow\u0105 od ma\u0142ej grupy ludzi. Podr\u00f3\u017cowa\u0142a po Wielkiej Brytanii, prowadz\u0105c wyk\u0142ady i daj\u0105c do\u015bwiadczenie samorealizacji. Nigdy nie pobiera\u0142a za to op\u0142at, podkre\u015blaj\u0105c, \u017ce przebudzenie tej duchowej energii, obecnej w ka\u017cdym cz\u0142owieku, jest jego prawem od urodzenia i nie mo\u017ce by\u0107 przedmiotem zap\u0142aty. Z czasem, dostrzegaj\u0105c jej niezwyk\u0142e duchowe i macierzy\u0144skie cechy, ludzie zacz\u0119li nazywa\u0107 j\u0105 \u201e\u015ari Matad\u017ai&#8221;, czyli \u201eSzanowan\u0105 Matk\u0105&#8221;.<\/p>\n<p>Metoda medytacji poprzez samorealizacj\u0119 opracowana przez \u015ari Matad\u017ai zosta\u0142a nazwana <a href=\"https:\/\/shrimataji.org\/test\/pl\/sahadza-joga\/\" target=\"_blank\" rel=\"noopener\">Sahad\u017aa Joga<\/a>. W latach 80. niestrudzenie podr\u00f3\u017cowa\u0142a po Europie, Australii i Ameryce P\u00f3\u0142nocnej, ucz\u0105c tej metody bezp\u0142atnie wszystkich zainteresowanych. W latach 90. jej dzia\u0142alno\u015b\u0107 rozszerzy\u0142a si\u0119 na Ameryk\u0119 Po\u0142udniow\u0105, Afryk\u0119, Rosj\u0119, Europ\u0119 Wschodni\u0105 oraz region Azji i Pacyfiku.<\/p>\n<p>Instytucje na ca\u0142ym \u015bwiecie przyzna\u0142y jej liczne <a href=\"https:\/\/shrimataji.org\/test\/pl\/nagrody-i-wyroznienia\/\" target=\"_blank\" rel=\"noopener\">wyr\u00f3\u017cnienia<\/a> i doktoraty honorowe. W 1995 roku przemawia\u0142a na IV <a href=\"https:\/\/shrimataji.org\/test\/pl\/swiatowa-konferencja-onz-w-sprawie-kobiet\/\" target=\"_blank\" rel=\"noopener\">\u015awiatowej Konferencji w sprawie Kobiet w Pekinie<\/a>. Claes Nobel wspomnia\u0142 o jej nominacji do Pokojowej Nagrody Nobla w 1997 roku w Royal Albert Hall w Londynie. Jako wielki admirator \u015ari Matad\u017ai i Sahad\u017aa Joga nazwa\u0142 j\u0105 \u201e\u017ar\u00f3d\u0142em nadziei dla ludzko\u015bci&#8221; oraz \u201epunktem odniesienia w rozr\u00f3\u017cnianiu dobra od z\u0142a&#8221;.<\/p>\n<div class=\"su-quote su-quote-style-default\"><div class=\"su-quote-inner su-u-clearfix su-u-trim\">Moje \u017cycie jest teraz ca\u0142kowicie po\u015bwi\u0119cone dobru i pomy\u015blno\u015bci ludzko\u015bci..<\/div><\/div>\n<p>\u015ari Matad\u017ai wierzy\u0142a, \u017ce potencja\u0142 powszechnej samorealizacji oraz ca\u0142o\u015bciowe korzy\u015bci p\u0142yn\u0105ce z medytacji Sahad\u017aa Joga dla \u017cycia osobistego i spo\u0142ecznego stanowi\u0105 fundament prawdziwej <a href=\"https:\/\/shrimataji.org\/test\/pl\/transformacja-spoleczna\/\" target=\"_blank\" rel=\"noopener\">przemiany spo\u0142ecze\u0144stwa<\/a>. Za\u0142o\u017cy\u0142a wiele organizacji pozarz\u0105dowych opartych na zasadach tej wyj\u0105tkowej wewn\u0119trznej transformacji, w tym dom dla potrzebuj\u0105cych kobiet i dzieci, mi\u0119dzynarodowe szko\u0142y, o\u015brodek zdrowia i bada\u0144 holistycznych oraz mi\u0119dzynarodow\u0105 akademi\u0119 promuj\u0105c\u0105 muzyk\u0119 klasyczn\u0105 i sztuki pi\u0119kne.<\/p>\n<p>23 lutego 2011 roku \u015ari Matad\u017ai odesz\u0142a spokojnie w wieku 87 lat w Genui we W\u0142oszech.<\/p>\n<p>Jej dziedzictwo trwa nadal, a do\u015bwiadczenie samorealizacji wci\u0105\u017c przemienia \u017cycie niezliczonych ludzi pod pe\u0142n\u0105 mi\u0142o\u015bci opiek\u0105 praktykuj\u0105cych Sahad\u017aa Joga oraz w o\u015brodkach medytacyjnych dzia\u0142aj\u0105cych w ponad 100 krajach, gdzie nauczanie zawsze pozostaje bezp\u0142atne.<\/p>\n<div class=\"su-quote su-quote-style-default\"><div class=\"su-quote-inner su-u-clearfix su-u-trim\">I jak ocean, kt\u00f3ry uderza o wszystkie brzegi, a potem fale powracaj\u0105, tworz\u0105c wz\u00f3r &#8211; tak ca\u0142e moje \u017cycie jawi si\u0119 jako pi\u0119kna tkanina. A tego pi\u0119kna nie da si\u0119 opisa\u0107 s\u0142owami.<\/div><\/div>\n\t<h4>Do pobrania<\/h4>\n<p><a href=\"https:\/\/shrimataji.org\/test\/wp-content\/uploads\/2026\/04\/PL-Shri-mataji-nirmala-devi-short-biography-and-awards.pdf\" target=\"_blank\" rel=\"noopener\">\u015ari Matad\u017ai Nirmala Devi: Kr\u00f3tka biografia i lista nagr\u00f3d (pdf\/679kb)<\/a>\u00a0(pdf\/679kb)<\/p>\n<p><a href=\"https:\/\/shrimataji.org\/test\/wp-content\/uploads\/2026\/04\/PL_Shri-mataji-nirmala-devi-timeline-of-life-events.pdf\" target=\"_blank\" rel=\"noopener\">\u015ari Matad\u017ai Nirmala Devi: Kalendarium wydarze\u0144 (pdf\/623 kb)<\/a>\u00a0(pdf\/623kb)<\/p>\n\n","protected":false},"excerpt":{"rendered":"<p>\u015ari Matad\u017ai Biografia \u017cycia po\u015bwi\u0119conego s\u0142u\u017cbie Niestrudzenie przemierzaj\u0105c tysi\u0105ce kilometr\u00f3w po ca\u0142ym \u015bwiecie &#8211; od odleg\u0142ych wiosek po wielkie miasta i metropolie &#8211; bezinteresownie dziel\u0105c si\u0119 swoim wyj\u0105tkowym odkryciem prawdziwego duchowego o\u015bwiecenia poprzez do\u015bwiadczenie samorealizacji z milionami ludzi oraz inspiruj\u0105c przemiany spo\u0142eczne oparte na wewn\u0119trznej transformacji &#8211; wszystkie te i wiele innych bezcennych chwil ukazuj\u0105&hellip; <br \/> <a class=\"read-more\" href=\"https:\/\/shrimataji.org\/test\/pl\/sri-matadzi\/\">Read more<\/a><\/p>\n","protected":false},"author":1,"featured_media":38023,"parent":0,"menu_order":0,"comment_status":"closed","ping_status":"closed","template":"","meta":{"inline_featured_image":false,"footnotes":""},"class_list":["post-38022","page","type-page","status-publish","has-post-thumbnail","hentry"],"yoast_head":"<!-- This site is optimized with the Yoast SEO plugin v27.4 - https:\/\/yoast.com\/product\/yoast-seo-wordpress\/ -->\n<title>\u015ari Matad\u017ai - TEST - SMND<\/title>\n<meta name=\"robots\" content=\"noindex, follow, max-snippet:-1, max-image-preview:large, max-video-preview:-1\" \/>\n<meta property=\"og:locale\" content=\"en_US\" \/>\n<meta property=\"og:type\" content=\"article\" \/>\n<meta property=\"og:title\" content=\"\u015ari Matad\u017ai - TEST - SMND\" \/>\n<meta property=\"og:description\" content=\"\u015ari Matad\u017ai Biografia \u017cycia po\u015bwi\u0119conego s\u0142u\u017cbie Niestrudzenie przemierzaj\u0105c tysi\u0105ce kilometr\u00f3w po ca\u0142ym \u015bwiecie &#8211; od odleg\u0142ych wiosek po wielkie miasta i metropolie &#8211; bezinteresownie dziel\u0105c si\u0119 swoim wyj\u0105tkowym odkryciem prawdziwego duchowego o\u015bwiecenia poprzez do\u015bwiadczenie samorealizacji z milionami ludzi oraz inspiruj\u0105c przemiany spo\u0142eczne oparte na wewn\u0119trznej transformacji &#8211; wszystkie te i wiele innych bezcennych chwil ukazuj\u0105&hellip; Read more\" \/>\n<meta property=\"og:url\" content=\"https:\/\/shrimataji.org\/test\/pl\/sri-matadzi\/\" \/>\n<meta property=\"og:site_name\" content=\"TEST - SMND\" \/>\n<meta property=\"article:publisher\" content=\"https:\/\/www.facebook.com\/shrimataji\" \/>\n<meta property=\"article:modified_time\" content=\"2026-04-23T17:42:43+00:00\" \/>\n<meta property=\"og:image\" content=\"https:\/\/shrimataji.org\/test\/wp-content\/uploads\/2023\/03\/test_banner_inner_shrimataji-scaled.jpg\" \/>\n\t<meta property=\"og:image:width\" content=\"2560\" \/>\n\t<meta property=\"og:image:height\" content=\"1067\" \/>\n\t<meta property=\"og:image:type\" content=\"image\/jpeg\" \/>\n<meta name=\"twitter:card\" content=\"summary_large_image\" \/>\n<meta name=\"twitter:site\" content=\"@shrimataji\" \/>\n<meta name=\"twitter:label1\" content=\"Est. reading time\" \/>\n\t<meta name=\"twitter:data1\" content=\"5 minutes\" \/>\n<script type=\"application\/ld+json\" class=\"yoast-schema-graph\">{\"@context\":\"https:\\\/\\\/schema.org\",\"@graph\":[{\"@type\":\"WebPage\",\"@id\":\"https:\\\/\\\/shrimataji.org\\\/test\\\/pl\\\/sri-matadzi\\\/\",\"url\":\"https:\\\/\\\/shrimataji.org\\\/test\\\/pl\\\/sri-matadzi\\\/\",\"name\":\"\u015ari Matad\u017ai - TEST - SMND\",\"isPartOf\":{\"@id\":\"https:\\\/\\\/shrimataji.org\\\/test\\\/#website\"},\"primaryImageOfPage\":{\"@id\":\"https:\\\/\\\/shrimataji.org\\\/test\\\/pl\\\/sri-matadzi\\\/#primaryimage\"},\"image\":{\"@id\":\"https:\\\/\\\/shrimataji.org\\\/test\\\/pl\\\/sri-matadzi\\\/#primaryimage\"},\"thumbnailUrl\":\"https:\\\/\\\/shrimataji.org\\\/test\\\/wp-content\\\/uploads\\\/2023\\\/03\\\/test_banner_inner_shrimataji-scaled.jpg\",\"datePublished\":\"2018-07-10T06:54:42+00:00\",\"dateModified\":\"2026-04-23T17:42:43+00:00\",\"breadcrumb\":{\"@id\":\"https:\\\/\\\/shrimataji.org\\\/test\\\/pl\\\/sri-matadzi\\\/#breadcrumb\"},\"inLanguage\":\"en-US\",\"potentialAction\":[{\"@type\":\"ReadAction\",\"target\":[\"https:\\\/\\\/shrimataji.org\\\/test\\\/pl\\\/sri-matadzi\\\/\"]}]},{\"@type\":\"ImageObject\",\"inLanguage\":\"en-US\",\"@id\":\"https:\\\/\\\/shrimataji.org\\\/test\\\/pl\\\/sri-matadzi\\\/#primaryimage\",\"url\":\"https:\\\/\\\/shrimataji.org\\\/test\\\/wp-content\\\/uploads\\\/2023\\\/03\\\/test_banner_inner_shrimataji-scaled.jpg\",\"contentUrl\":\"https:\\\/\\\/shrimataji.org\\\/test\\\/wp-content\\\/uploads\\\/2023\\\/03\\\/test_banner_inner_shrimataji-scaled.jpg\",\"width\":2560,\"height\":1067},{\"@type\":\"BreadcrumbList\",\"@id\":\"https:\\\/\\\/shrimataji.org\\\/test\\\/pl\\\/sri-matadzi\\\/#breadcrumb\",\"itemListElement\":[{\"@type\":\"ListItem\",\"position\":1,\"name\":\"Home\",\"item\":\"https:\\\/\\\/shrimataji.org\\\/test\\\/uk\\\/home-en\\\/\"},{\"@type\":\"ListItem\",\"position\":2,\"name\":\"\u015ari Matad\u017ai\"}]},{\"@type\":\"WebSite\",\"@id\":\"https:\\\/\\\/shrimataji.org\\\/test\\\/#website\",\"url\":\"https:\\\/\\\/shrimataji.org\\\/test\\\/\",\"name\":\"Shri Mataji Nirmala Devi\",\"description\":\"A Life Dedicated to Humanity\",\"publisher\":{\"@id\":\"https:\\\/\\\/shrimataji.org\\\/test\\\/#\\\/schema\\\/person\\\/a1b3419c6585f164aa96da1ff85715d1\"},\"potentialAction\":[{\"@type\":\"SearchAction\",\"target\":{\"@type\":\"EntryPoint\",\"urlTemplate\":\"https:\\\/\\\/shrimataji.org\\\/test\\\/?s={search_term_string}\"},\"query-input\":{\"@type\":\"PropertyValueSpecification\",\"valueRequired\":true,\"valueName\":\"search_term_string\"}}],\"inLanguage\":\"en-US\"},{\"@type\":[\"Person\",\"Organization\"],\"@id\":\"https:\\\/\\\/shrimataji.org\\\/test\\\/#\\\/schema\\\/person\\\/a1b3419c6585f164aa96da1ff85715d1\",\"name\":\"Nirmala Shrivastava\",\"image\":{\"@type\":\"ImageObject\",\"inLanguage\":\"en-US\",\"@id\":\"https:\\\/\\\/shrimataji.org\\\/test\\\/wp-content\\\/uploads\\\/2023\\\/02\\\/SMO_LOGO-03.svg\",\"url\":\"https:\\\/\\\/shrimataji.org\\\/test\\\/wp-content\\\/uploads\\\/2023\\\/02\\\/SMO_LOGO-03.svg\",\"contentUrl\":\"https:\\\/\\\/shrimataji.org\\\/test\\\/wp-content\\\/uploads\\\/2023\\\/02\\\/SMO_LOGO-03.svg\",\"width\":\"1024\",\"height\":\"1024\",\"caption\":\"Nirmala Shrivastava\"},\"logo\":{\"@id\":\"https:\\\/\\\/shrimataji.org\\\/test\\\/wp-content\\\/uploads\\\/2023\\\/02\\\/SMO_LOGO-03.svg\"},\"sameAs\":[\"https:\\\/\\\/shrimataji.org\\\/test\",\"https:\\\/\\\/www.facebook.com\\\/shrimataji\",\"https:\\\/\\\/x.com\\\/shrimataji\",\"https:\\\/\\\/www.youtube.com\\\/@Shri_Mataji_Nirmala_Devi\\\/featured\"]}]}<\/script>\n<!-- \/ Yoast SEO plugin. -->","yoast_head_json":{"title":"\u015ari Matad\u017ai - TEST - SMND","robots":{"index":"noindex","follow":"follow","max-snippet":"max-snippet:-1","max-image-preview":"max-image-preview:large","max-video-preview":"max-video-preview:-1"},"og_locale":"en_US","og_type":"article","og_title":"\u015ari Matad\u017ai - TEST - SMND","og_description":"\u015ari Matad\u017ai Biografia \u017cycia po\u015bwi\u0119conego s\u0142u\u017cbie Niestrudzenie przemierzaj\u0105c tysi\u0105ce kilometr\u00f3w po ca\u0142ym \u015bwiecie &#8211; od odleg\u0142ych wiosek po wielkie miasta i metropolie &#8211; bezinteresownie dziel\u0105c si\u0119 swoim wyj\u0105tkowym odkryciem prawdziwego duchowego o\u015bwiecenia poprzez do\u015bwiadczenie samorealizacji z milionami ludzi oraz inspiruj\u0105c przemiany spo\u0142eczne oparte na wewn\u0119trznej transformacji &#8211; wszystkie te i wiele innych bezcennych chwil ukazuj\u0105&hellip; Read more","og_url":"https:\/\/shrimataji.org\/test\/pl\/sri-matadzi\/","og_site_name":"TEST - SMND","article_publisher":"https:\/\/www.facebook.com\/shrimataji","article_modified_time":"2026-04-23T17:42:43+00:00","og_image":[{"width":2560,"height":1067,"url":"https:\/\/shrimataji.org\/test\/wp-content\/uploads\/2023\/03\/test_banner_inner_shrimataji-scaled.jpg","type":"image\/jpeg"}],"twitter_card":"summary_large_image","twitter_site":"@shrimataji","twitter_misc":{"Est. reading time":"5 minutes"},"schema":{"@context":"https:\/\/schema.org","@graph":[{"@type":"WebPage","@id":"https:\/\/shrimataji.org\/test\/pl\/sri-matadzi\/","url":"https:\/\/shrimataji.org\/test\/pl\/sri-matadzi\/","name":"\u015ari Matad\u017ai - TEST - SMND","isPartOf":{"@id":"https:\/\/shrimataji.org\/test\/#website"},"primaryImageOfPage":{"@id":"https:\/\/shrimataji.org\/test\/pl\/sri-matadzi\/#primaryimage"},"image":{"@id":"https:\/\/shrimataji.org\/test\/pl\/sri-matadzi\/#primaryimage"},"thumbnailUrl":"https:\/\/shrimataji.org\/test\/wp-content\/uploads\/2023\/03\/test_banner_inner_shrimataji-scaled.jpg","datePublished":"2018-07-10T06:54:42+00:00","dateModified":"2026-04-23T17:42:43+00:00","breadcrumb":{"@id":"https:\/\/shrimataji.org\/test\/pl\/sri-matadzi\/#breadcrumb"},"inLanguage":"en-US","potentialAction":[{"@type":"ReadAction","target":["https:\/\/shrimataji.org\/test\/pl\/sri-matadzi\/"]}]},{"@type":"ImageObject","inLanguage":"en-US","@id":"https:\/\/shrimataji.org\/test\/pl\/sri-matadzi\/#primaryimage","url":"https:\/\/shrimataji.org\/test\/wp-content\/uploads\/2023\/03\/test_banner_inner_shrimataji-scaled.jpg","contentUrl":"https:\/\/shrimataji.org\/test\/wp-content\/uploads\/2023\/03\/test_banner_inner_shrimataji-scaled.jpg","width":2560,"height":1067},{"@type":"BreadcrumbList","@id":"https:\/\/shrimataji.org\/test\/pl\/sri-matadzi\/#breadcrumb","itemListElement":[{"@type":"ListItem","position":1,"name":"Home","item":"https:\/\/shrimataji.org\/test\/uk\/home-en\/"},{"@type":"ListItem","position":2,"name":"\u015ari Matad\u017ai"}]},{"@type":"WebSite","@id":"https:\/\/shrimataji.org\/test\/#website","url":"https:\/\/shrimataji.org\/test\/","name":"Shri Mataji Nirmala Devi","description":"A Life Dedicated to Humanity","publisher":{"@id":"https:\/\/shrimataji.org\/test\/#\/schema\/person\/a1b3419c6585f164aa96da1ff85715d1"},"potentialAction":[{"@type":"SearchAction","target":{"@type":"EntryPoint","urlTemplate":"https:\/\/shrimataji.org\/test\/?s={search_term_string}"},"query-input":{"@type":"PropertyValueSpecification","valueRequired":true,"valueName":"search_term_string"}}],"inLanguage":"en-US"},{"@type":["Person","Organization"],"@id":"https:\/\/shrimataji.org\/test\/#\/schema\/person\/a1b3419c6585f164aa96da1ff85715d1","name":"Nirmala Shrivastava","image":{"@type":"ImageObject","inLanguage":"en-US","@id":"https:\/\/shrimataji.org\/test\/wp-content\/uploads\/2023\/02\/SMO_LOGO-03.svg","url":"https:\/\/shrimataji.org\/test\/wp-content\/uploads\/2023\/02\/SMO_LOGO-03.svg","contentUrl":"https:\/\/shrimataji.org\/test\/wp-content\/uploads\/2023\/02\/SMO_LOGO-03.svg","width":"1024","height":"1024","caption":"Nirmala Shrivastava"},"logo":{"@id":"https:\/\/shrimataji.org\/test\/wp-content\/uploads\/2023\/02\/SMO_LOGO-03.svg"},"sameAs":["https:\/\/shrimataji.org\/test","https:\/\/www.facebook.com\/shrimataji","https:\/\/x.com\/shrimataji","https:\/\/www.youtube.com\/@Shri_Mataji_Nirmala_Devi\/featured"]}]}},"lang":"pl","translations":{"pl":38022,"ur":37503,"en":391,"pa":25918,"gu":25521,"th":20061,"hu":19566,"sq":18478,"zh":17375,"hi":8496,"tr":10210,"pt":10420,"de":10694,"fr":10792,"it":10890,"es":10987,"ja":11285,"ru":11473,"bn":11664,"te":11772,"sw":11895,"he":12043,"el":12335,"sk":12433,"fa":12531,"fi":12629,"bg":13463,"ro":14535,"cs":14728,"nl":16638,"ku":16798,"ar":16974,"be":18685,"kn":18959,"mr":20425,"uk":20719,"ml":21014,"ta":22796,"sv":23066,"bs":27296,"fil":29515,"sd":31010,"da":37812,"nn":38364},"pll_sync_post":[],"_links":{"self":[{"href":"https:\/\/shrimataji.org\/test\/wp-json\/wp\/v2\/pages\/38022","targetHints":{"allow":["GET"]}}],"collection":[{"href":"https:\/\/shrimataji.org\/test\/wp-json\/wp\/v2\/pages"}],"about":[{"href":"https:\/\/shrimataji.org\/test\/wp-json\/wp\/v2\/types\/page"}],"author":[{"embeddable":true,"href":"https:\/\/shrimataji.org\/test\/wp-json\/wp\/v2\/users\/1"}],"replies":[{"embeddable":true,"href":"https:\/\/shrimataji.org\/test\/wp-json\/wp\/v2\/comments?post=38022"}],"version-history":[{"count":0,"href":"https:\/\/shrimataji.org\/test\/wp-json\/wp\/v2\/pages\/38022\/revisions"}],"wp:featuredmedia":[{"embeddable":true,"href":"https:\/\/shrimataji.org\/test\/wp-json\/wp\/v2\/media\/38023"}],"wp:attachment":[{"href":"https:\/\/shrimataji.org\/test\/wp-json\/wp\/v2\/media?parent=38022"}],"curies":[{"name":"wp","href":"https:\/\/api.w.org\/{rel}","templated":true}]}}