{"id":38026,"date":"2018-07-10T06:54:42","date_gmt":"2018-07-10T06:54:42","guid":{"rendered":"http:\/\/testwordpress.nirmalnagari.org\/smnd\/index.php\/work\/"},"modified":"2026-04-22T17:21:44","modified_gmt":"2026-04-22T17:21:44","slug":"transformacja-spoleczna","status":"publish","type":"page","link":"https:\/\/shrimataji.org\/test\/pl\/transformacja-spoleczna\/","title":{"rendered":"Transformacja spo\u0142eczna"},"content":{"rendered":"\n\n\t<h1>Transformacja spo\u0142eczna<\/h1>\n<h2>Dzie\u0142o mi\u0142o\u015bci<\/h2>\n\t<h4>Wychowana w rodzinie, w kt\u00f3rej po\u015bwi\u0119cenie uznawano za najwy\u017csze powo\u0142anie, \u015ari Matad\u017ai po\u015bwi\u0119ci\u0142a swoje \u017cycie nieustannej pracy spo\u0142ecznej i duchowej.<\/h4>\n\t<p>Od najm\u0142odszych lat aktywnie uczestniczy\u0142a w walce o wolno\u015b\u0107 Indii. P\u00f3\u017aniej, nawet prowadz\u0105c intensywne \u017cycie jako \u017cona wybitnego indyjskiego dyplomaty i wychowuj\u0105c dwie c\u00f3rki, nie przestawa\u0142a z trosk\u0105 interesowa\u0107 si\u0119 otaczaj\u0105cym j\u0105 \u015bwiatem. W 1961 roku \u015ari Matad\u017ai za\u0142o\u017cy\u0142a \u201eYouth Society for Films&#8221;, aby wspiera\u0107 rozw\u00f3j warto\u015bci narodowych, spo\u0142ecznych i moralnych w\u015br\u00f3d m\u0142odzie\u017cy. By\u0142a r\u00f3wnie\u017c cz\u0142onkiem Rady Cenzury Filmowej w Mumbaju.<\/p>\n<p>Jako za\u0142o\u017cycielka medytacji Sahad\u017aa Joga, podr\u00f3\u017cuj\u0105c po ca\u0142ym \u015bwiecie, spotyka\u0142a ludzi z r\u00f3\u017cnych kraj\u00f3w, kultur i \u015brodowisk, nawi\u0105zuj\u0105c z nimi relacje pe\u0142ne autentycznego zainteresowania i szczero\u015bci. Dostrzeg\u0142a, \u017ce wszystkie problemy ludzko\u015bci wynikaj\u0105 z nieznajomo\u015bci w\u0142asnego, wewn\u0119trznego potencja\u0142u duchowego, kt\u00f3ry mo\u017cna \u0142atwo urzeczywistni\u0107 poprzez samorealizacj\u0119. Wewn\u0119trzna przemiana &#8211; b\u0119d\u0105ca kluczem do transformacji spo\u0142ecznej &#8211; sta\u0142a si\u0119 fundamentem wszystkich globalnych organizacji pozarz\u0105dowych zapocz\u0105tkowanych przez \u015ari Matad\u017ai.<\/p>\n<p>Za\u0142o\u017cy\u0142a organizacje charytatywne, takie jak <a href=\"https:\/\/www.nirmalprem.org\/\" target=\"_blank\" rel=\"noopener\">Vishwa Nirmala Prem Ashram<\/a> dla potrzebuj\u0105cych kobiet i osieroconych dzieci, tworzy\u0142a mi\u0119dzynarodowe szko\u0142y promuj\u0105ce o\u015bwiecon\u0105 edukacj\u0119, powo\u0142a\u0142a do \u017cycia o\u015brodki zdrowia holistycznego, a tak\u017ce mi\u0119dzynarodow\u0105 akademi\u0119 promuj\u0105c\u0105 muzyk\u0119 klasyczn\u0105 i sztuki pi\u0119kne. Wszystkie te inicjatywy stanowi\u0142y naturalne uzupe\u0142nienie jej globalnej dzia\u0142alno\u015bci na rzecz duchowej transformacji.<\/p>\n<p>XXI wiek stawia przed nami z\u0142o\u017cone wyzwania, a odpowiedzi na nie b\u0119d\u0105 kszta\u0142towa\u0107 normy przysz\u0142ego spo\u0142ecze\u0144stwa. Ludzie na ca\u0142ym \u015bwiecie poszukuj\u0105 rozwi\u0105za\u0144 problem\u00f3w takich jak globalne pandemie, zmiany klimatyczne, trudno\u015bci spo\u0142eczno-ekonomiczne, konflikty kulturowe czy fanatyzm religijny &#8211; a wszystkie one wp\u0142ywaj\u0105 na \u015blad, jaki ludzko\u015b\u0107 pozostawi na Ziemi.<\/p>\n<p>Wiele wsp\u00f3\u0142czesnych problem\u00f3w spo\u0142ecznych i ekonomicznych wynika z chciwo\u015bci i materializmu. \u015ari Matad\u017ai podkre\u015bla\u0142a, \u017ce materializm jest niew\u0142a\u015bciwym podej\u015bciem do materii, kt\u00f3ra sama w sobie ma sw\u00f3j cel &#8211; przynosi\u0107 nam rado\u015b\u0107. Na przyk\u0142ad, gdy widzimy pi\u0119kne dzie\u0142o sztuki, mo\u017cemy je podziwia\u0107, nie odczuwaj\u0105c potrzeby jego posiadania. Podobnie, gdy obdarowujemy kogo\u015b prezentem jako wyraz mi\u0142o\u015bci, korzystamy z materii we w\u0142a\u015bciwy spos\u00f3b, do\u015bwiadczaj\u0105c prawdziwej satysfakcji, wykraczaj\u0105cej poza przemijaj\u0105c\u0105 przyjemno\u015b\u0107 posiadania.<\/p>\n<p>Kiedy trzeci o\u015brodek subtelny &#8211; <a href=\"https:\/\/shrimataji.org\/test\/pl\/czakra-nabhi\/\" target=\"_blank\" rel=\"noopener\">czakra Nabhi<\/a> &#8211; zostaje o\u015bwiecony po <a href=\"https:\/\/shrimataji.org\/test\/pl\/doswiadcz-swojej-samorealizacji\/\" target=\"_blank\" rel=\"noopener\">samorealizacji<\/a> poprzez przebudzenie <a href=\"https:\/\/shrimataji.org\/test\/pl\/kundalini\/\" target=\"_blank\" rel=\"noopener\">Kundalini<\/a>, odczuwamy g\u0142\u0119bokie spe\u0142nienie i uwalniamy si\u0119 od tendencji do chciwo\u015bci i przywi\u0105zania. Zaczynamy dostrzega\u0107 duchow\u0105 warto\u015b\u0107 materii jako pozytywn\u0105 energi\u0119 emanuj\u0105c\u0105 z przedmiot\u00f3w wykonanych z naturalnych materia\u0142\u00f3w, a tak\u017ce z pi\u0119knego r\u0119kodzie\u0142a czy malarstwa. \u015ari Matad\u017ai okre\u015bla\u0142a to jako duchowy wymiar materii, mo\u017cliwy do odczucia po samorealizacji.<\/p>\n<p>Co ciekawe, o\u015bwiecenie drugiego o\u015brodka &#8211; czakry <a href=\"https:\/\/shrimataji.org\/test\/pl\/czakra-swadhiszthana\/\" target=\"_blank\" rel=\"noopener\">Swadhiszthana<\/a> &#8211; w naszym subtelnym systemie wzmacnia nasz\u0105 kreatywno\u015b\u0107, pozwalaj\u0105c nie tylko docenia\u0107 tw\u00f3rczo\u015b\u0107 innych, lecz tak\u017ce odkrywa\u0107 w\u0142asny, wrodzony potencja\u0142 tw\u00f3rczy. Wielu praktykuj\u0105cych medytacj\u0119 Sahad\u017aa Joga do\u015bwiadcza zdumiewaj\u0105cego rozwoju swoich talent\u00f3w, kt\u00f3re pojawiaj\u0105 si\u0119 spontanicznie jako czysta inspiracja i intuicja.<\/p>\n<p>\u015ari Matad\u017ai przewidywa\u0142a, \u017ce te pi\u0119kne, subtelne cechy przejawi\u0105 si\u0119 nie tylko w jednostkach, lecz tak\u017ce jako si\u0142a zbiorowa, zdolna przemieni\u0107 spo\u0142ecze\u0144stwo i skierowa\u0107 ludzko\u015b\u0107 z drogi samozniszczenia ku zr\u00f3wnowa\u017conemu \u017cyciu na Ziemi.<\/p>\n<p>Wsp\u00f3\u0142czucie i troska \u015ari Matad\u017ai o ludzko\u015b\u0107 by\u0142y \u017ar\u00f3d\u0142em wszystkich jej dzia\u0142a\u0144. Nigdy nie nazywa\u0142a tego, co robi\u0142a, \u201eprac\u0105&#8221; &#8211; by\u0142o to dla niej raczej dzie\u0142o mi\u0142o\u015bci, kt\u00f3re przynosi\u0142o jej g\u0142\u0119bok\u0105 rado\u015b\u0107.<\/p>\n\n","protected":false},"excerpt":{"rendered":"<p>Transformacja spo\u0142eczna Dzie\u0142o mi\u0142o\u015bci Wychowana w rodzinie, w kt\u00f3rej po\u015bwi\u0119cenie uznawano za najwy\u017csze powo\u0142anie, \u015ari Matad\u017ai po\u015bwi\u0119ci\u0142a swoje \u017cycie nieustannej pracy spo\u0142ecznej i duchowej. Od najm\u0142odszych lat aktywnie uczestniczy\u0142a w walce o wolno\u015b\u0107 Indii. P\u00f3\u017aniej, nawet prowadz\u0105c intensywne \u017cycie jako \u017cona wybitnego indyjskiego dyplomaty i wychowuj\u0105c dwie c\u00f3rki, nie przestawa\u0142a z trosk\u0105 interesowa\u0107 si\u0119 otaczaj\u0105cym&hellip; <br \/> <a class=\"read-more\" href=\"https:\/\/shrimataji.org\/test\/pl\/transformacja-spoleczna\/\">Read more<\/a><\/p>\n","protected":false},"author":1,"featured_media":38027,"parent":0,"menu_order":0,"comment_status":"closed","ping_status":"closed","template":"","meta":{"inline_featured_image":false,"footnotes":""},"class_list":["post-38026","page","type-page","status-publish","has-post-thumbnail","hentry"],"yoast_head":"<!-- This site is optimized with the Yoast SEO plugin v27.4 - https:\/\/yoast.com\/product\/yoast-seo-wordpress\/ -->\n<title>Transformacja spo\u0142eczna - TEST - SMND<\/title>\n<meta name=\"robots\" content=\"noindex, follow, max-snippet:-1, max-image-preview:large, max-video-preview:-1\" \/>\n<meta property=\"og:locale\" content=\"en_US\" \/>\n<meta property=\"og:type\" content=\"article\" \/>\n<meta property=\"og:title\" content=\"Transformacja spo\u0142eczna - TEST - SMND\" \/>\n<meta property=\"og:description\" content=\"Transformacja spo\u0142eczna Dzie\u0142o mi\u0142o\u015bci Wychowana w rodzinie, w kt\u00f3rej po\u015bwi\u0119cenie uznawano za najwy\u017csze powo\u0142anie, \u015ari Matad\u017ai po\u015bwi\u0119ci\u0142a swoje \u017cycie nieustannej pracy spo\u0142ecznej i duchowej. Od najm\u0142odszych lat aktywnie uczestniczy\u0142a w walce o wolno\u015b\u0107 Indii. P\u00f3\u017aniej, nawet prowadz\u0105c intensywne \u017cycie jako \u017cona wybitnego indyjskiego dyplomaty i wychowuj\u0105c dwie c\u00f3rki, nie przestawa\u0142a z trosk\u0105 interesowa\u0107 si\u0119 otaczaj\u0105cym&hellip; Read more\" \/>\n<meta property=\"og:url\" content=\"https:\/\/shrimataji.org\/test\/pl\/transformacja-spoleczna\/\" \/>\n<meta property=\"og:site_name\" content=\"TEST - SMND\" \/>\n<meta property=\"article:publisher\" content=\"https:\/\/www.facebook.com\/shrimataji\" \/>\n<meta property=\"article:modified_time\" content=\"2026-04-22T17:21:44+00:00\" \/>\n<meta property=\"og:image\" content=\"https:\/\/shrimataji.org\/test\/wp-content\/uploads\/2018\/07\/media_originals\/images\/headers-general\/shri-mataji-arrival-in-rome-may-1985.jpg\" \/>\n\t<meta property=\"og:image:width\" content=\"990\" \/>\n\t<meta property=\"og:image:height\" content=\"350\" \/>\n\t<meta property=\"og:image:type\" content=\"image\/jpeg\" \/>\n<meta name=\"twitter:card\" content=\"summary_large_image\" \/>\n<meta name=\"twitter:site\" content=\"@shrimataji\" \/>\n<meta name=\"twitter:label1\" content=\"Est. reading time\" \/>\n\t<meta name=\"twitter:data1\" content=\"3 minutes\" \/>\n<script type=\"application\/ld+json\" class=\"yoast-schema-graph\">{\"@context\":\"https:\\\/\\\/schema.org\",\"@graph\":[{\"@type\":\"WebPage\",\"@id\":\"https:\\\/\\\/shrimataji.org\\\/test\\\/pl\\\/transformacja-spoleczna\\\/\",\"url\":\"https:\\\/\\\/shrimataji.org\\\/test\\\/pl\\\/transformacja-spoleczna\\\/\",\"name\":\"Transformacja spo\u0142eczna - TEST - SMND\",\"isPartOf\":{\"@id\":\"https:\\\/\\\/shrimataji.org\\\/test\\\/#website\"},\"primaryImageOfPage\":{\"@id\":\"https:\\\/\\\/shrimataji.org\\\/test\\\/pl\\\/transformacja-spoleczna\\\/#primaryimage\"},\"image\":{\"@id\":\"https:\\\/\\\/shrimataji.org\\\/test\\\/pl\\\/transformacja-spoleczna\\\/#primaryimage\"},\"thumbnailUrl\":\"https:\\\/\\\/shrimataji.org\\\/test\\\/wp-content\\\/uploads\\\/2018\\\/07\\\/media_originals\\\/images\\\/headers-general\\\/shri-mataji-arrival-in-rome-may-1985.jpg\",\"datePublished\":\"2018-07-10T06:54:42+00:00\",\"dateModified\":\"2026-04-22T17:21:44+00:00\",\"breadcrumb\":{\"@id\":\"https:\\\/\\\/shrimataji.org\\\/test\\\/pl\\\/transformacja-spoleczna\\\/#breadcrumb\"},\"inLanguage\":\"en-US\",\"potentialAction\":[{\"@type\":\"ReadAction\",\"target\":[\"https:\\\/\\\/shrimataji.org\\\/test\\\/pl\\\/transformacja-spoleczna\\\/\"]}]},{\"@type\":\"ImageObject\",\"inLanguage\":\"en-US\",\"@id\":\"https:\\\/\\\/shrimataji.org\\\/test\\\/pl\\\/transformacja-spoleczna\\\/#primaryimage\",\"url\":\"https:\\\/\\\/shrimataji.org\\\/test\\\/wp-content\\\/uploads\\\/2018\\\/07\\\/media_originals\\\/images\\\/headers-general\\\/shri-mataji-arrival-in-rome-may-1985.jpg\",\"contentUrl\":\"https:\\\/\\\/shrimataji.org\\\/test\\\/wp-content\\\/uploads\\\/2018\\\/07\\\/media_originals\\\/images\\\/headers-general\\\/shri-mataji-arrival-in-rome-may-1985.jpg\",\"width\":990,\"height\":350},{\"@type\":\"BreadcrumbList\",\"@id\":\"https:\\\/\\\/shrimataji.org\\\/test\\\/pl\\\/transformacja-spoleczna\\\/#breadcrumb\",\"itemListElement\":[{\"@type\":\"ListItem\",\"position\":1,\"name\":\"Home\",\"item\":\"https:\\\/\\\/shrimataji.org\\\/test\\\/uk\\\/home-en\\\/\"},{\"@type\":\"ListItem\",\"position\":2,\"name\":\"Transformacja spo\u0142eczna\"}]},{\"@type\":\"WebSite\",\"@id\":\"https:\\\/\\\/shrimataji.org\\\/test\\\/#website\",\"url\":\"https:\\\/\\\/shrimataji.org\\\/test\\\/\",\"name\":\"Shri Mataji Nirmala Devi\",\"description\":\"A Life Dedicated to Humanity\",\"publisher\":{\"@id\":\"https:\\\/\\\/shrimataji.org\\\/test\\\/#\\\/schema\\\/person\\\/a1b3419c6585f164aa96da1ff85715d1\"},\"potentialAction\":[{\"@type\":\"SearchAction\",\"target\":{\"@type\":\"EntryPoint\",\"urlTemplate\":\"https:\\\/\\\/shrimataji.org\\\/test\\\/?s={search_term_string}\"},\"query-input\":{\"@type\":\"PropertyValueSpecification\",\"valueRequired\":true,\"valueName\":\"search_term_string\"}}],\"inLanguage\":\"en-US\"},{\"@type\":[\"Person\",\"Organization\"],\"@id\":\"https:\\\/\\\/shrimataji.org\\\/test\\\/#\\\/schema\\\/person\\\/a1b3419c6585f164aa96da1ff85715d1\",\"name\":\"Nirmala Shrivastava\",\"image\":{\"@type\":\"ImageObject\",\"inLanguage\":\"en-US\",\"@id\":\"https:\\\/\\\/shrimataji.org\\\/test\\\/wp-content\\\/uploads\\\/2023\\\/02\\\/SMO_LOGO-03.svg\",\"url\":\"https:\\\/\\\/shrimataji.org\\\/test\\\/wp-content\\\/uploads\\\/2023\\\/02\\\/SMO_LOGO-03.svg\",\"contentUrl\":\"https:\\\/\\\/shrimataji.org\\\/test\\\/wp-content\\\/uploads\\\/2023\\\/02\\\/SMO_LOGO-03.svg\",\"width\":\"1024\",\"height\":\"1024\",\"caption\":\"Nirmala Shrivastava\"},\"logo\":{\"@id\":\"https:\\\/\\\/shrimataji.org\\\/test\\\/wp-content\\\/uploads\\\/2023\\\/02\\\/SMO_LOGO-03.svg\"},\"sameAs\":[\"https:\\\/\\\/shrimataji.org\\\/test\",\"https:\\\/\\\/www.facebook.com\\\/shrimataji\",\"https:\\\/\\\/x.com\\\/shrimataji\",\"https:\\\/\\\/www.youtube.com\\\/@Shri_Mataji_Nirmala_Devi\\\/featured\"]}]}<\/script>\n<!-- \/ Yoast SEO plugin. -->","yoast_head_json":{"title":"Transformacja spo\u0142eczna - TEST - SMND","robots":{"index":"noindex","follow":"follow","max-snippet":"max-snippet:-1","max-image-preview":"max-image-preview:large","max-video-preview":"max-video-preview:-1"},"og_locale":"en_US","og_type":"article","og_title":"Transformacja spo\u0142eczna - TEST - SMND","og_description":"Transformacja spo\u0142eczna Dzie\u0142o mi\u0142o\u015bci Wychowana w rodzinie, w kt\u00f3rej po\u015bwi\u0119cenie uznawano za najwy\u017csze powo\u0142anie, \u015ari Matad\u017ai po\u015bwi\u0119ci\u0142a swoje \u017cycie nieustannej pracy spo\u0142ecznej i duchowej. Od najm\u0142odszych lat aktywnie uczestniczy\u0142a w walce o wolno\u015b\u0107 Indii. P\u00f3\u017aniej, nawet prowadz\u0105c intensywne \u017cycie jako \u017cona wybitnego indyjskiego dyplomaty i wychowuj\u0105c dwie c\u00f3rki, nie przestawa\u0142a z trosk\u0105 interesowa\u0107 si\u0119 otaczaj\u0105cym&hellip; Read more","og_url":"https:\/\/shrimataji.org\/test\/pl\/transformacja-spoleczna\/","og_site_name":"TEST - SMND","article_publisher":"https:\/\/www.facebook.com\/shrimataji","article_modified_time":"2026-04-22T17:21:44+00:00","og_image":[{"width":990,"height":350,"url":"https:\/\/shrimataji.org\/test\/wp-content\/uploads\/2018\/07\/media_originals\/images\/headers-general\/shri-mataji-arrival-in-rome-may-1985.jpg","type":"image\/jpeg"}],"twitter_card":"summary_large_image","twitter_site":"@shrimataji","twitter_misc":{"Est. reading time":"3 minutes"},"schema":{"@context":"https:\/\/schema.org","@graph":[{"@type":"WebPage","@id":"https:\/\/shrimataji.org\/test\/pl\/transformacja-spoleczna\/","url":"https:\/\/shrimataji.org\/test\/pl\/transformacja-spoleczna\/","name":"Transformacja spo\u0142eczna - TEST - SMND","isPartOf":{"@id":"https:\/\/shrimataji.org\/test\/#website"},"primaryImageOfPage":{"@id":"https:\/\/shrimataji.org\/test\/pl\/transformacja-spoleczna\/#primaryimage"},"image":{"@id":"https:\/\/shrimataji.org\/test\/pl\/transformacja-spoleczna\/#primaryimage"},"thumbnailUrl":"https:\/\/shrimataji.org\/test\/wp-content\/uploads\/2018\/07\/media_originals\/images\/headers-general\/shri-mataji-arrival-in-rome-may-1985.jpg","datePublished":"2018-07-10T06:54:42+00:00","dateModified":"2026-04-22T17:21:44+00:00","breadcrumb":{"@id":"https:\/\/shrimataji.org\/test\/pl\/transformacja-spoleczna\/#breadcrumb"},"inLanguage":"en-US","potentialAction":[{"@type":"ReadAction","target":["https:\/\/shrimataji.org\/test\/pl\/transformacja-spoleczna\/"]}]},{"@type":"ImageObject","inLanguage":"en-US","@id":"https:\/\/shrimataji.org\/test\/pl\/transformacja-spoleczna\/#primaryimage","url":"https:\/\/shrimataji.org\/test\/wp-content\/uploads\/2018\/07\/media_originals\/images\/headers-general\/shri-mataji-arrival-in-rome-may-1985.jpg","contentUrl":"https:\/\/shrimataji.org\/test\/wp-content\/uploads\/2018\/07\/media_originals\/images\/headers-general\/shri-mataji-arrival-in-rome-may-1985.jpg","width":990,"height":350},{"@type":"BreadcrumbList","@id":"https:\/\/shrimataji.org\/test\/pl\/transformacja-spoleczna\/#breadcrumb","itemListElement":[{"@type":"ListItem","position":1,"name":"Home","item":"https:\/\/shrimataji.org\/test\/uk\/home-en\/"},{"@type":"ListItem","position":2,"name":"Transformacja spo\u0142eczna"}]},{"@type":"WebSite","@id":"https:\/\/shrimataji.org\/test\/#website","url":"https:\/\/shrimataji.org\/test\/","name":"Shri Mataji Nirmala Devi","description":"A Life Dedicated to Humanity","publisher":{"@id":"https:\/\/shrimataji.org\/test\/#\/schema\/person\/a1b3419c6585f164aa96da1ff85715d1"},"potentialAction":[{"@type":"SearchAction","target":{"@type":"EntryPoint","urlTemplate":"https:\/\/shrimataji.org\/test\/?s={search_term_string}"},"query-input":{"@type":"PropertyValueSpecification","valueRequired":true,"valueName":"search_term_string"}}],"inLanguage":"en-US"},{"@type":["Person","Organization"],"@id":"https:\/\/shrimataji.org\/test\/#\/schema\/person\/a1b3419c6585f164aa96da1ff85715d1","name":"Nirmala Shrivastava","image":{"@type":"ImageObject","inLanguage":"en-US","@id":"https:\/\/shrimataji.org\/test\/wp-content\/uploads\/2023\/02\/SMO_LOGO-03.svg","url":"https:\/\/shrimataji.org\/test\/wp-content\/uploads\/2023\/02\/SMO_LOGO-03.svg","contentUrl":"https:\/\/shrimataji.org\/test\/wp-content\/uploads\/2023\/02\/SMO_LOGO-03.svg","width":"1024","height":"1024","caption":"Nirmala Shrivastava"},"logo":{"@id":"https:\/\/shrimataji.org\/test\/wp-content\/uploads\/2023\/02\/SMO_LOGO-03.svg"},"sameAs":["https:\/\/shrimataji.org\/test","https:\/\/www.facebook.com\/shrimataji","https:\/\/x.com\/shrimataji","https:\/\/www.youtube.com\/@Shri_Mataji_Nirmala_Devi\/featured"]}]}},"lang":"pl","translations":{"pl":38026,"ur":37508,"en":392,"pa":25922,"gu":25525,"th":20067,"hu":19570,"sq":18482,"zh":17379,"tr":10214,"pt":10422,"de":10696,"fr":10794,"it":10892,"es":10989,"ja":11287,"ru":11475,"bn":11666,"te":11774,"sw":11897,"he":12045,"el":12337,"sk":12435,"fa":12533,"fi":12631,"bg":13465,"ro":14537,"cs":14730,"nl":16642,"ku":16802,"ar":16978,"be":18689,"kn":18963,"mr":20431,"uk":20725,"ml":21020,"ta":22801,"sv":23070,"bs":27298,"fil":29519,"sd":31012,"da":37816,"nn":38368},"pll_sync_post":[],"_links":{"self":[{"href":"https:\/\/shrimataji.org\/test\/wp-json\/wp\/v2\/pages\/38026","targetHints":{"allow":["GET"]}}],"collection":[{"href":"https:\/\/shrimataji.org\/test\/wp-json\/wp\/v2\/pages"}],"about":[{"href":"https:\/\/shrimataji.org\/test\/wp-json\/wp\/v2\/types\/page"}],"author":[{"embeddable":true,"href":"https:\/\/shrimataji.org\/test\/wp-json\/wp\/v2\/users\/1"}],"replies":[{"embeddable":true,"href":"https:\/\/shrimataji.org\/test\/wp-json\/wp\/v2\/comments?post=38026"}],"version-history":[{"count":0,"href":"https:\/\/shrimataji.org\/test\/wp-json\/wp\/v2\/pages\/38026\/revisions"}],"wp:featuredmedia":[{"embeddable":true,"href":"https:\/\/shrimataji.org\/test\/wp-json\/wp\/v2\/media\/38027"}],"wp:attachment":[{"href":"https:\/\/shrimataji.org\/test\/wp-json\/wp\/v2\/media?parent=38026"}],"curies":[{"name":"wp","href":"https:\/\/api.w.org\/{rel}","templated":true}]}}