{"id":38028,"date":"2020-04-13T17:41:10","date_gmt":"2020-04-13T17:41:10","guid":{"rendered":"https:\/\/testwordpress.nirmalnagari.org\/smnd\/?page_id=3082"},"modified":"2026-04-22T16:31:23","modified_gmt":"2026-04-22T16:31:23","slug":"duchowe-przebudzenie-na-masowa-skale","status":"publish","type":"page","link":"https:\/\/shrimataji.org\/test\/pl\/duchowe-przebudzenie-na-masowa-skale\/","title":{"rendered":"Duchowe przebudzenie na masow\u0105 skal\u0119"},"content":{"rendered":"\n\n\t<h1>Duchowe przebudzenie na masow\u0105 skal\u0119<\/h1>\n<h2>Rewolucyjna zmiana w kierunku globalnego o\u015bwiecenia<\/h2>\n\t<h4>\u015ari Matad\u017ai urodzi\u0142a si\u0119 w chrze\u015bcija\u0144skiej rodzinie, kt\u00f3ra darzy\u0142a g\u0142\u0119bokim szacunkiem wszystkie religie. Jej ojciec, Prasad K. Salve, pasjonowa\u0142 si\u0119 teologi\u0105 i zach\u0119ca\u0142 swoje dzieci do zg\u0142\u0119biania zasad najwa\u017cniejszych wyzna\u0144. Dostrzega\u0142 on, \u017ce ostateczna jedno\u015b\u0107 ludzko\u015bci zale\u017cy od powszechnego duchowego o\u015bwiecenia, kt\u00f3re po\u0142o\u017cy kres trwaj\u0105cym od tysi\u0105cleci konfliktom na tle religijnym.<\/h4>\n<p>SRodzice \u015ari Matad\u017ai czerpali inspiracj\u0119 z filozofii pokojowego oporu Mahatmy Gandhiego i aktywnie uczestniczyli w ruchu \u201eOpu\u015bcie Indie<a href=\"#citation-note-1\"><sup>[1]<\/sup><\/a>. Jako m\u0142oda dziewczyna mieszkaj\u0105ca w a\u015bramie Gandhiego, \u015ari Matad\u017ai przebywa\u0142a w otoczeniu Hindus\u00f3w, Sikh\u00f3w, chrze\u015bcijan i muzu\u0142man\u00f3w &#8211; wszystkich zjednoczonych wsp\u00f3lnym celem: wolno\u015bci\u0105 i niepodleg\u0142o\u015bci\u0105 narodu. P\u00f3\u017aniej, podczas tragicznego podzia\u0142u Indii, gdy kraj by\u0142 rozdarty przemoc\u0105 religijn\u0105, \u015ari Matad\u017ai wraz z rodzin\u0105 udziela\u0142a schronienia uciekinierom, bez wzgl\u0119du na ich wyznanie.<\/p>\n<p>Prze\u017cywszy te trudne i intensywne lata, \u015ari Matad\u017ai zrozumia\u0142a, \u017ce wolno\u015b\u0107 polityczna nie jest rozwi\u0105zaniem ostatecznym. Uzna\u0142a, \u017ce Jej prawdziw\u0105 \u017cyciow\u0105 misj\u0105 jest przyczynienie si\u0119 do duchowej przemiany ludzko\u015bci. Czeka\u0142a jednak na w\u0142a\u015bciwy moment &#8211; po \u015blubie z C.P. \u015arivastav\u0105 zapowiedzia\u0142a m\u0119\u017cowi, \u017ce podejmie si\u0119 swojego powo\u0142ania dopiero wtedy, gdy ich dzieci dorosn\u0105 i za\u0142o\u017c\u0105 w\u0142asne rodziny.<\/p>\n<p>Dopiero w 1970 roku \u015ari Matad\u017ai poczu\u0142a, \u017ce nadszed\u0142 czas, by rozpocz\u0105\u0107 swoj\u0105 w\u0142a\u015bciw\u0105 misj\u0119 na Ziemi. Przez lata obserwowa\u0142a ludzi i ich problemy, wiedz\u0105c, \u017ce klucz do nich le\u017cy w duchowym przebudzeniu &#8211; potencjale, kt\u00f3ry tylko czeka na aktywacj\u0119. Widzia\u0142a, \u017ce tradycyjne religie, mimo i\u017c oparte na naukach prawdziwych prorok\u00f3w, nie potrafi\u0142y wywo\u0142a\u0107 tego duchowego impulsu w ludzkiej \u015bwiadomo\u015bci. Pewnego wieczoru, zniesmaczona post\u0119powaniem fa\u0142szywych guru, kt\u00f3rzy wy\u0142udzali od ludzi pieni\u0105dze w zamian za obietnice duchowo\u015bci, postanowi\u0142a nie zwleka\u0107 d\u0142u\u017cej. Podczas medytacji na opustosza\u0142ej pla\u017cy, rankiem <a href=\"https:\/\/shrimataji.org\/test\/pl\/przelomowy-moment\/\" target=\"_blank\" rel=\"noopener\">5 maja 1970 roku<\/a>, u progu nowiu, poczu\u0142a w swojej subtelnej istocie przebudzenie pierwotnej mocy stworzenia. To g\u0142\u0119bokie do\u015bwiadczenie da\u0142o Jej wszystkie odpowiedzi, kt\u00f3rych poszukiwa\u0142a &#8211; jak wyzwoli\u0107 \u015bwiadomo\u015b\u0107 wiecznego Ducha w ludziach szukaj\u0105cych prawdy. To historyczne wydarzenie sta\u0142o si\u0119 punktem zwrotnym w Jej \u017cyciu i doprowadzi\u0142o do odkrycia metody masowego duchowego przebudzenia. Nazwa\u0142a j\u0105 <a href=\"https:\/\/shrimataji.org\/test\/pl\/sahadza-joga\/\" target=\"_blank\" rel=\"noopener\">Sahad\u017aa Jog\u0105<\/a>, co dos\u0142ownie oznacza zjednoczenie z bosk\u0105, wieczn\u0105 moc\u0105, z kt\u00f3r\u0105 ka\u017cdy cz\u0142owiek si\u0119 rodzi, cho\u0107 nie jest tego \u015bwiadomy.<\/p>\n\t<p>Sahad\u017aa Joga to prosta i przyst\u0119pna forma medytacji, budz\u0105ca subteln\u0105, lecz pot\u0119\u017cn\u0105 energi\u0119 duchow\u0105 drzemi\u0105c\u0105 w ka\u017cdym z nas. Ten moment prawdy znany jest jako <a href=\"https:\/\/shrimataji.org\/test\/pl\/samorealizacja-i-medytacja\/\" target=\"_blank\" rel=\"noopener\">samorealizacja<\/a> &#8211; cel, kt\u00f3ry od niepami\u0119tnych czas\u00f3w by\u0142 nieuchwytnym marzeniem mistyk\u00f3w religijnych na ca\u0142ym \u015bwiecie.<\/p>\n\t<div class=\"su-quote su-quote-style-default\"><div class=\"su-quote-inner su-u-clearfix su-u-trim\">Istnieje subtelna, \u017cywa moc &#8211; boska mi\u0142o\u015b\u0107 &#8211; kt\u00f3ra dokonuje wszelkich cud\u00f3w \u017cycia.<\/div><\/div>\n\t<p>\u015ari Matad\u017ai g\u0142osi\u0142a, \u017ce samorealizacj\u0119 mo\u017cna osi\u0105gn\u0105\u0107 tu i teraz, a nie jako odleg\u0142y cel dost\u0119pny jedynie po latach pokuty i wyrzecze\u0144. Podczas swoich spotka\u0144 zawsze powtarza\u0142a: \u201eJeste\u015bcie swoimi w\u0142asnymi mistrzami&#8221;, podkre\u015blaj\u0105c, \u017ce ka\u017cdy powinien by\u0107 w\u0142asnym nauczycielem, polega\u0107 na bezpo\u015brednim do\u015bwiadczeniu prawdy i nie potrzebuje po\u015brednik\u00f3w, by osi\u0105gn\u0105\u0107 o\u015bwiecenie. Co wi\u0119cej, \u015ari Matad\u017ai zawsze zaznacza\u0142a, \u017ce Jej s\u0142owa s\u0105 hipotez\u0105, kt\u00f3r\u0105 ka\u017cdy powinien sprawdzi\u0107 sam, poniewa\u017c \u015blepa wiara donik\u0105d nie prowadzi.<\/p>\n<p>\u015ari Matad\u017ai uwa\u017ca\u0142a, \u017ce prawdziwa religia opiera si\u0119 nie na dogmatach i hierarchii, lecz na absolutnej wiedzy o sobie jako o Duchu. Jak to uj\u0119\u0142a: \u201eWszystkie religie wyros\u0142y z jednego drzewa \u017cycia, kt\u00f3rym jest duchowo\u015b\u0107&#8230; Religia ma dawa\u0107 pok\u00f3j, rado\u015b\u0107 i szcz\u0119\u015bcie&#8230; Nie ma mi\u0119dzy nimi \u017cadnej r\u00f3\u017cnicy, lecz dop\u00f3ki nie znacie samych siebie, jak mo\u017cecie pozna\u0107 cokolwiek na temat religii? Dlatego najwa\u017cniejsze jest, by\u015bcie najpierw poznali siebie&#8221;. Rozpoznaj\u0105c w sobie istot\u0119 duchow\u0105, \u201ezrozumiecie ka\u017cd\u0105 religi\u0119, kt\u00f3r\u0105 wyznajecie, oraz wielko\u015b\u0107 wszystkich prorok\u00f3w i guru&#8221;.<\/p>\n<p>\u015ari Matad\u017ai by\u0142a kim\u015b wi\u0119cej ni\u017c guru czy nauczycielk\u0105 &#8211; mo\u017cna J\u0105 opisa\u0107 jako \u201educhow\u0105 matk\u0119&#8221;, kieruj\u0105c\u0105 si\u0119 mi\u0142o\u015bci\u0105 i g\u0142\u0119bok\u0105 trosk\u0105 o dobro oraz ewolucj\u0119 ca\u0142ej ludzko\u015bci. Dzi\u0119ki Jej wizji i niestrudzonej pracy <a href=\"https:\/\/shrimataji.org\/test\/pl\/medytacja-sahadza-joga\/\" target=\"_blank\" rel=\"noopener\">Sahad\u017aa Joga<\/a> dotar\u0142a do ponad stu kraj\u00f3w. Miliony ludzi odnalaz\u0142o w \u017cyciu r\u00f3wnowag\u0119 i spe\u0142nienie, a wielu dzi\u0119ki do\u015bwiadczeniu samorealizacji oraz regularnej medytacji pokona\u0142o powa\u017cne problemy psychiczne i fizyczne.<\/p>\n\t<p>&nbsp;<\/p>\n<hr \/>\n<h3>1. <a href=\"#citation-ref-1\">^<\/a> <a name=\"citation-note-1\"><\/a>Ruch obywatelskiego niepos\u0142usze\u0144stwa zainicjowany w sierpniu 1942 roku przez M.K. Gandhiego i Indyjski Kongres Narodowy, wzywaj\u0105cy do zdecydowanego, lecz pokojowego oporu wobec brytyjskich rz\u0105d\u00f3w oraz do \u201euporz\u0105dkowanego wycofania si\u0119 Brytyjczyk\u00f3w&#8221; z Indii (Wikipedia, wolna encyklopedia).<\/h3>\n\n","protected":false},"excerpt":{"rendered":"<p>Duchowe przebudzenie na masow\u0105 skal\u0119 Rewolucyjna zmiana w kierunku globalnego o\u015bwiecenia \u015ari Matad\u017ai urodzi\u0142a si\u0119 w chrze\u015bcija\u0144skiej rodzinie, kt\u00f3ra darzy\u0142a g\u0142\u0119bokim szacunkiem wszystkie religie. Jej ojciec, Prasad K. Salve, pasjonowa\u0142 si\u0119 teologi\u0105 i zach\u0119ca\u0142 swoje dzieci do zg\u0142\u0119biania zasad najwa\u017cniejszych wyzna\u0144. Dostrzega\u0142 on, \u017ce ostateczna jedno\u015b\u0107 ludzko\u015bci zale\u017cy od powszechnego duchowego o\u015bwiecenia, kt\u00f3re po\u0142o\u017cy kres&hellip; <br \/> <a class=\"read-more\" href=\"https:\/\/shrimataji.org\/test\/pl\/duchowe-przebudzenie-na-masowa-skale\/\">Read more<\/a><\/p>\n","protected":false},"author":1,"featured_media":37951,"parent":0,"menu_order":0,"comment_status":"closed","ping_status":"closed","template":"","meta":{"inline_featured_image":false,"footnotes":""},"class_list":["post-38028","page","type-page","status-publish","has-post-thumbnail","hentry"],"yoast_head":"<!-- This site is optimized with the Yoast SEO plugin v27.4 - https:\/\/yoast.com\/product\/yoast-seo-wordpress\/ -->\n<title>Duchowe przebudzenie na masow\u0105 skal\u0119 - TEST - SMND<\/title>\n<meta name=\"robots\" content=\"noindex, follow, max-snippet:-1, max-image-preview:large, max-video-preview:-1\" \/>\n<meta property=\"og:locale\" content=\"en_US\" \/>\n<meta property=\"og:type\" content=\"article\" \/>\n<meta property=\"og:title\" content=\"Duchowe przebudzenie na masow\u0105 skal\u0119 - TEST - SMND\" \/>\n<meta property=\"og:description\" content=\"Duchowe przebudzenie na masow\u0105 skal\u0119 Rewolucyjna zmiana w kierunku globalnego o\u015bwiecenia \u015ari Matad\u017ai urodzi\u0142a si\u0119 w chrze\u015bcija\u0144skiej rodzinie, kt\u00f3ra darzy\u0142a g\u0142\u0119bokim szacunkiem wszystkie religie. Jej ojciec, Prasad K. Salve, pasjonowa\u0142 si\u0119 teologi\u0105 i zach\u0119ca\u0142 swoje dzieci do zg\u0142\u0119biania zasad najwa\u017cniejszych wyzna\u0144. Dostrzega\u0142 on, \u017ce ostateczna jedno\u015b\u0107 ludzko\u015bci zale\u017cy od powszechnego duchowego o\u015bwiecenia, kt\u00f3re po\u0142o\u017cy kres&hellip; Read more\" \/>\n<meta property=\"og:url\" content=\"https:\/\/shrimataji.org\/test\/pl\/duchowe-przebudzenie-na-masowa-skale\/\" \/>\n<meta property=\"og:site_name\" content=\"TEST - SMND\" \/>\n<meta property=\"article:publisher\" content=\"https:\/\/www.facebook.com\/shrimataji\" \/>\n<meta property=\"article:modified_time\" content=\"2026-04-22T16:31:23+00:00\" \/>\n<meta property=\"og:image\" content=\"https:\/\/shrimataji.org\/test\/wp-content\/uploads\/2018\/07\/media_originals\/images\/headers-people\/shri-mataji-nirmala-devi-with-village-people-in-india.jpg\" \/>\n\t<meta property=\"og:image:width\" content=\"990\" \/>\n\t<meta property=\"og:image:height\" content=\"350\" \/>\n\t<meta property=\"og:image:type\" content=\"image\/jpeg\" \/>\n<meta name=\"twitter:card\" content=\"summary_large_image\" \/>\n<meta name=\"twitter:site\" content=\"@shrimataji\" \/>\n<script type=\"application\/ld+json\" class=\"yoast-schema-graph\">{\"@context\":\"https:\\\/\\\/schema.org\",\"@graph\":[{\"@type\":\"WebPage\",\"@id\":\"https:\\\/\\\/shrimataji.org\\\/test\\\/pl\\\/duchowe-przebudzenie-na-masowa-skale\\\/\",\"url\":\"https:\\\/\\\/shrimataji.org\\\/test\\\/pl\\\/duchowe-przebudzenie-na-masowa-skale\\\/\",\"name\":\"Duchowe przebudzenie na masow\u0105 skal\u0119 - TEST - SMND\",\"isPartOf\":{\"@id\":\"https:\\\/\\\/shrimataji.org\\\/test\\\/#website\"},\"primaryImageOfPage\":{\"@id\":\"https:\\\/\\\/shrimataji.org\\\/test\\\/pl\\\/duchowe-przebudzenie-na-masowa-skale\\\/#primaryimage\"},\"image\":{\"@id\":\"https:\\\/\\\/shrimataji.org\\\/test\\\/pl\\\/duchowe-przebudzenie-na-masowa-skale\\\/#primaryimage\"},\"thumbnailUrl\":\"https:\\\/\\\/shrimataji.org\\\/test\\\/wp-content\\\/uploads\\\/2018\\\/07\\\/media_originals\\\/images\\\/headers-people\\\/shri-mataji-nirmala-devi-with-village-people-in-india.jpg\",\"datePublished\":\"2020-04-13T17:41:10+00:00\",\"dateModified\":\"2026-04-22T16:31:23+00:00\",\"breadcrumb\":{\"@id\":\"https:\\\/\\\/shrimataji.org\\\/test\\\/pl\\\/duchowe-przebudzenie-na-masowa-skale\\\/#breadcrumb\"},\"inLanguage\":\"en-US\",\"potentialAction\":[{\"@type\":\"ReadAction\",\"target\":[\"https:\\\/\\\/shrimataji.org\\\/test\\\/pl\\\/duchowe-przebudzenie-na-masowa-skale\\\/\"]}]},{\"@type\":\"ImageObject\",\"inLanguage\":\"en-US\",\"@id\":\"https:\\\/\\\/shrimataji.org\\\/test\\\/pl\\\/duchowe-przebudzenie-na-masowa-skale\\\/#primaryimage\",\"url\":\"https:\\\/\\\/shrimataji.org\\\/test\\\/wp-content\\\/uploads\\\/2018\\\/07\\\/media_originals\\\/images\\\/headers-people\\\/shri-mataji-nirmala-devi-with-village-people-in-india.jpg\",\"contentUrl\":\"https:\\\/\\\/shrimataji.org\\\/test\\\/wp-content\\\/uploads\\\/2018\\\/07\\\/media_originals\\\/images\\\/headers-people\\\/shri-mataji-nirmala-devi-with-village-people-in-india.jpg\",\"width\":990,\"height\":350},{\"@type\":\"BreadcrumbList\",\"@id\":\"https:\\\/\\\/shrimataji.org\\\/test\\\/pl\\\/duchowe-przebudzenie-na-masowa-skale\\\/#breadcrumb\",\"itemListElement\":[{\"@type\":\"ListItem\",\"position\":1,\"name\":\"Home\",\"item\":\"https:\\\/\\\/shrimataji.org\\\/test\\\/uk\\\/home-en\\\/\"},{\"@type\":\"ListItem\",\"position\":2,\"name\":\"Duchowe przebudzenie na masow\u0105 skal\u0119\"}]},{\"@type\":\"WebSite\",\"@id\":\"https:\\\/\\\/shrimataji.org\\\/test\\\/#website\",\"url\":\"https:\\\/\\\/shrimataji.org\\\/test\\\/\",\"name\":\"Shri Mataji Nirmala Devi\",\"description\":\"A Life Dedicated to Humanity\",\"publisher\":{\"@id\":\"https:\\\/\\\/shrimataji.org\\\/test\\\/#\\\/schema\\\/person\\\/a1b3419c6585f164aa96da1ff85715d1\"},\"potentialAction\":[{\"@type\":\"SearchAction\",\"target\":{\"@type\":\"EntryPoint\",\"urlTemplate\":\"https:\\\/\\\/shrimataji.org\\\/test\\\/?s={search_term_string}\"},\"query-input\":{\"@type\":\"PropertyValueSpecification\",\"valueRequired\":true,\"valueName\":\"search_term_string\"}}],\"inLanguage\":\"en-US\"},{\"@type\":[\"Person\",\"Organization\"],\"@id\":\"https:\\\/\\\/shrimataji.org\\\/test\\\/#\\\/schema\\\/person\\\/a1b3419c6585f164aa96da1ff85715d1\",\"name\":\"Nirmala Shrivastava\",\"image\":{\"@type\":\"ImageObject\",\"inLanguage\":\"en-US\",\"@id\":\"https:\\\/\\\/shrimataji.org\\\/test\\\/wp-content\\\/uploads\\\/2023\\\/02\\\/SMO_LOGO-03.svg\",\"url\":\"https:\\\/\\\/shrimataji.org\\\/test\\\/wp-content\\\/uploads\\\/2023\\\/02\\\/SMO_LOGO-03.svg\",\"contentUrl\":\"https:\\\/\\\/shrimataji.org\\\/test\\\/wp-content\\\/uploads\\\/2023\\\/02\\\/SMO_LOGO-03.svg\",\"width\":\"1024\",\"height\":\"1024\",\"caption\":\"Nirmala Shrivastava\"},\"logo\":{\"@id\":\"https:\\\/\\\/shrimataji.org\\\/test\\\/wp-content\\\/uploads\\\/2023\\\/02\\\/SMO_LOGO-03.svg\"},\"sameAs\":[\"https:\\\/\\\/shrimataji.org\\\/test\",\"https:\\\/\\\/www.facebook.com\\\/shrimataji\",\"https:\\\/\\\/x.com\\\/shrimataji\",\"https:\\\/\\\/www.youtube.com\\\/@Shri_Mataji_Nirmala_Devi\\\/featured\"]}]}<\/script>\n<!-- \/ Yoast SEO plugin. -->","yoast_head_json":{"title":"Duchowe przebudzenie na masow\u0105 skal\u0119 - TEST - SMND","robots":{"index":"noindex","follow":"follow","max-snippet":"max-snippet:-1","max-image-preview":"max-image-preview:large","max-video-preview":"max-video-preview:-1"},"og_locale":"en_US","og_type":"article","og_title":"Duchowe przebudzenie na masow\u0105 skal\u0119 - TEST - SMND","og_description":"Duchowe przebudzenie na masow\u0105 skal\u0119 Rewolucyjna zmiana w kierunku globalnego o\u015bwiecenia \u015ari Matad\u017ai urodzi\u0142a si\u0119 w chrze\u015bcija\u0144skiej rodzinie, kt\u00f3ra darzy\u0142a g\u0142\u0119bokim szacunkiem wszystkie religie. Jej ojciec, Prasad K. Salve, pasjonowa\u0142 si\u0119 teologi\u0105 i zach\u0119ca\u0142 swoje dzieci do zg\u0142\u0119biania zasad najwa\u017cniejszych wyzna\u0144. Dostrzega\u0142 on, \u017ce ostateczna jedno\u015b\u0107 ludzko\u015bci zale\u017cy od powszechnego duchowego o\u015bwiecenia, kt\u00f3re po\u0142o\u017cy kres&hellip; Read more","og_url":"https:\/\/shrimataji.org\/test\/pl\/duchowe-przebudzenie-na-masowa-skale\/","og_site_name":"TEST - SMND","article_publisher":"https:\/\/www.facebook.com\/shrimataji","article_modified_time":"2026-04-22T16:31:23+00:00","og_image":[{"width":990,"height":350,"url":"https:\/\/shrimataji.org\/test\/wp-content\/uploads\/2018\/07\/media_originals\/images\/headers-people\/shri-mataji-nirmala-devi-with-village-people-in-india.jpg","type":"image\/jpeg"}],"twitter_card":"summary_large_image","twitter_site":"@shrimataji","schema":{"@context":"https:\/\/schema.org","@graph":[{"@type":"WebPage","@id":"https:\/\/shrimataji.org\/test\/pl\/duchowe-przebudzenie-na-masowa-skale\/","url":"https:\/\/shrimataji.org\/test\/pl\/duchowe-przebudzenie-na-masowa-skale\/","name":"Duchowe przebudzenie na masow\u0105 skal\u0119 - TEST - SMND","isPartOf":{"@id":"https:\/\/shrimataji.org\/test\/#website"},"primaryImageOfPage":{"@id":"https:\/\/shrimataji.org\/test\/pl\/duchowe-przebudzenie-na-masowa-skale\/#primaryimage"},"image":{"@id":"https:\/\/shrimataji.org\/test\/pl\/duchowe-przebudzenie-na-masowa-skale\/#primaryimage"},"thumbnailUrl":"https:\/\/shrimataji.org\/test\/wp-content\/uploads\/2018\/07\/media_originals\/images\/headers-people\/shri-mataji-nirmala-devi-with-village-people-in-india.jpg","datePublished":"2020-04-13T17:41:10+00:00","dateModified":"2026-04-22T16:31:23+00:00","breadcrumb":{"@id":"https:\/\/shrimataji.org\/test\/pl\/duchowe-przebudzenie-na-masowa-skale\/#breadcrumb"},"inLanguage":"en-US","potentialAction":[{"@type":"ReadAction","target":["https:\/\/shrimataji.org\/test\/pl\/duchowe-przebudzenie-na-masowa-skale\/"]}]},{"@type":"ImageObject","inLanguage":"en-US","@id":"https:\/\/shrimataji.org\/test\/pl\/duchowe-przebudzenie-na-masowa-skale\/#primaryimage","url":"https:\/\/shrimataji.org\/test\/wp-content\/uploads\/2018\/07\/media_originals\/images\/headers-people\/shri-mataji-nirmala-devi-with-village-people-in-india.jpg","contentUrl":"https:\/\/shrimataji.org\/test\/wp-content\/uploads\/2018\/07\/media_originals\/images\/headers-people\/shri-mataji-nirmala-devi-with-village-people-in-india.jpg","width":990,"height":350},{"@type":"BreadcrumbList","@id":"https:\/\/shrimataji.org\/test\/pl\/duchowe-przebudzenie-na-masowa-skale\/#breadcrumb","itemListElement":[{"@type":"ListItem","position":1,"name":"Home","item":"https:\/\/shrimataji.org\/test\/uk\/home-en\/"},{"@type":"ListItem","position":2,"name":"Duchowe przebudzenie na masow\u0105 skal\u0119"}]},{"@type":"WebSite","@id":"https:\/\/shrimataji.org\/test\/#website","url":"https:\/\/shrimataji.org\/test\/","name":"Shri Mataji Nirmala Devi","description":"A Life Dedicated to Humanity","publisher":{"@id":"https:\/\/shrimataji.org\/test\/#\/schema\/person\/a1b3419c6585f164aa96da1ff85715d1"},"potentialAction":[{"@type":"SearchAction","target":{"@type":"EntryPoint","urlTemplate":"https:\/\/shrimataji.org\/test\/?s={search_term_string}"},"query-input":{"@type":"PropertyValueSpecification","valueRequired":true,"valueName":"search_term_string"}}],"inLanguage":"en-US"},{"@type":["Person","Organization"],"@id":"https:\/\/shrimataji.org\/test\/#\/schema\/person\/a1b3419c6585f164aa96da1ff85715d1","name":"Nirmala Shrivastava","image":{"@type":"ImageObject","inLanguage":"en-US","@id":"https:\/\/shrimataji.org\/test\/wp-content\/uploads\/2023\/02\/SMO_LOGO-03.svg","url":"https:\/\/shrimataji.org\/test\/wp-content\/uploads\/2023\/02\/SMO_LOGO-03.svg","contentUrl":"https:\/\/shrimataji.org\/test\/wp-content\/uploads\/2023\/02\/SMO_LOGO-03.svg","width":"1024","height":"1024","caption":"Nirmala Shrivastava"},"logo":{"@id":"https:\/\/shrimataji.org\/test\/wp-content\/uploads\/2023\/02\/SMO_LOGO-03.svg"},"sameAs":["https:\/\/shrimataji.org\/test","https:\/\/www.facebook.com\/shrimataji","https:\/\/x.com\/shrimataji","https:\/\/www.youtube.com\/@Shri_Mataji_Nirmala_Devi\/featured"]}]}},"lang":"pl","translations":{"pl":38028,"ur":37510,"en":3082,"am":18083,"th":20070,"hu":19572,"sq":18484,"zh":17381,"tr":10215,"pt":10423,"de":10697,"fr":10795,"it":10893,"es":10990,"ja":11288,"ru":11476,"bn":11667,"te":11775,"sw":11898,"he":12046,"el":12338,"sk":12436,"fa":12534,"fi":12632,"bg":13430,"ro":14504,"cs":14697,"nl":16644,"ku":16804,"ar":16980,"be":18691,"kn":18965,"mr":20434,"uk":20728,"ml":21023,"ta":22803,"sv":23072,"gu":28906,"pa":29066,"fil":29521,"da":37818,"nn":38370},"pll_sync_post":[],"_links":{"self":[{"href":"https:\/\/shrimataji.org\/test\/wp-json\/wp\/v2\/pages\/38028","targetHints":{"allow":["GET"]}}],"collection":[{"href":"https:\/\/shrimataji.org\/test\/wp-json\/wp\/v2\/pages"}],"about":[{"href":"https:\/\/shrimataji.org\/test\/wp-json\/wp\/v2\/types\/page"}],"author":[{"embeddable":true,"href":"https:\/\/shrimataji.org\/test\/wp-json\/wp\/v2\/users\/1"}],"replies":[{"embeddable":true,"href":"https:\/\/shrimataji.org\/test\/wp-json\/wp\/v2\/comments?post=38028"}],"version-history":[{"count":0,"href":"https:\/\/shrimataji.org\/test\/wp-json\/wp\/v2\/pages\/38028\/revisions"}],"wp:featuredmedia":[{"embeddable":true,"href":"https:\/\/shrimataji.org\/test\/wp-json\/wp\/v2\/media\/37951"}],"wp:attachment":[{"href":"https:\/\/shrimataji.org\/test\/wp-json\/wp\/v2\/media?parent=38028"}],"curies":[{"name":"wp","href":"https:\/\/api.w.org\/{rel}","templated":true}]}}