{"id":38029,"date":"2022-01-29T10:35:29","date_gmt":"2022-01-29T10:35:29","guid":{"rendered":"https:\/\/test.shrimataji.org\/?page_id=6416"},"modified":"2026-04-22T11:21:42","modified_gmt":"2026-04-22T11:21:42","slug":"suszumna-nadi","status":"publish","type":"page","link":"https:\/\/shrimataji.org\/test\/pl\/suszumna-nadi\/","title":{"rendered":"Suszumna Nadi"},"content":{"rendered":"\n\n\t<h1>Suszumna Nadi<\/h1>\n<h2>R\u00f3wnowaga i ewolucja<\/h2>\n\t<h4>Nasz centralny kana\u0142 energetyczny (Sushumna Nadi w sanskrycie), zwany r\u00f3wnie\u017c \u015bcie\u017ck\u0105 centraln\u0105, rozpoczyna si\u0119 w ko\u015bci krzy\u017cowej u podstawy kr\u0119gos\u0142upa (gdzie znajduje si\u0119 energia <a href=\"https:\/\/shrimataji.org\/test\/pl\/kundalini\/\" target=\"_blank\" rel=\"noopener\">Kundalini<\/a>) i wznosi si\u0119 a\u017c do czakry <a href=\"https:\/\/shrimataji.org\/test\/pl\/czakra-sahasrara\/\" target=\"_blank\" rel=\"noopener\">Sahasrara<\/a> w obszarze ciemi\u0105czka na szczycie g\u0142owy.<\/h4>\n<p>Centralny kana\u0142 energetyczny wspiera nasz rozw\u00f3j duchowy. Jest on szczeg\u00f3lnie rozwini\u0119ty u os\u00f3b zrealizowanych oraz u tych, kt\u00f3rzy pod\u0105\u017caj\u0105 \u015bcie\u017ck\u0105 prawo\u015bci i \u017cyj\u0105 zgodnie z warto\u015bciami. Aktywacja Suszumna Nadi po samorealizacji przejawia w naszej \u015bwiadomo\u015bci pi\u0119kne cechy Sattwa Guny (stanu harmonii i prawo\u015bci). Dzi\u0119ki temu mo\u017cemy stale si\u0119 rozwija\u0107, kieruj\u0105c uwag\u0119 ku subtelniejszym wymiarom \u017cycia.<\/p>\n<figure itemscope itemtype=\"https:\/\/schema.org\/ImageObject\">\n\t\t\t\t<img decoding=\"async\" src=\"https:\/\/shrimataji.org\/test\/wp-content\/uploads\/2026\/04\/pl-Sushumna-Nadi-01-scaled.png\" alt=\"pl-Sushumna Nadi-01\" height=\"2560\" width=\"2418\" title=\"pl-Sushumna Nadi-01\" onerror=\"this.style.display='none'\" loading=\"lazy\" \/>\n\t<\/figure>\n\t\t<iframe loading=\"lazy\" title=\"Sushumna Nadi\" width=\"1920\" height=\"1080\" src=\"https:\/\/www.youtube.com\/embed\/1nBAQZ-X5Lk?feature=oembed\" frameborder=\"0\" allow=\"accelerometer; autoplay; clipboard-write; encrypted-media; gyroscope; picture-in-picture; web-share\" referrerpolicy=\"strict-origin-when-cross-origin\" allowfullscreen><\/iframe>\t\n\t<p>Ca\u0142y nasz system subtelny znajduje swoje zintegrowane odzwierciedlenie w czakrze Sahasrara, kt\u00f3ra jest najwa\u017cniejszym o\u015brodkiem dla naszego duchowego wzrostu i medytacji. To w\u0142a\u015bnie w niej Kundalini najpe\u0142niej rozwija si\u0119 i manifestuje wy\u017csze stany \u015bwiadomo\u015bci. Oczyszczanie centralnego kana\u0142u energetycznego stanowi kluczowy element medytacji Sahad\u017aa Joga. Gdy kana\u0142 ten jest czysty, \u0142atwo utrzyma\u0107 stan wewn\u0119trznej r\u00f3wnowagi, co umo\u017cliwia Kundalini swobodne wznoszenie si\u0119 do czakry Sahasrara. W tym stanie Kundalini jednoczy si\u0119 z wszechprzenikaj\u0105c\u0105 bosk\u0105 energi\u0105, znan\u0105 w r\u00f3\u017cnych tradycjach duchowych pod wieloma nazwami, kt\u00f3r\u0105 \u015ari Matad\u017ai okre\u015bla\u0142a jako <a href=\"https:\/\/shrimataji.org\/test\/pl\/paramczajtania\/\" target=\"_blank\" rel=\"noopener\">Paramczajtanj\u0119<\/a>. Prawid\u0142owe funkcjonowanie Suszumna Nadi jest kluczowe dla utrzymania subtelnej r\u00f3wnowagi wszystkich <a href=\"https:\/\/shrimataji.org\/test\/pl\/czakry-i-ich-cechy\/\" target=\"_blank\" rel=\"noopener\">czakr<\/a> i nadi.<\/p>\n<p>Cho\u0107 mo\u017ce si\u0119 to wydawa\u0107 z\u0142o\u017cone, \u015ari Matad\u017ai pos\u0142ugiwa\u0142a si\u0119 bardzo prostymi analogiami, aby wyja\u015bni\u0107 \u201ejoga \u015bastra&#8221; (czyli wiedz\u0119 o duchowej dyscyplinie). W skr\u00f3cie mo\u017cna to uj\u0105\u0107 nast\u0119puj\u0105co: wykorzystujemy lewy i prawy kana\u0142 energetyczny, aby r\u00f3wnowa\u017cy\u0107 emocje, pragnienia i dzia\u0142ania, \u017cyj\u0105c pe\u0142ni\u0105 \u017cycia. Zr\u00f3wnowa\u017cone i spe\u0142nione \u017cycie daje nam mo\u017cliwo\u015b\u0107 w\u0142a\u015bciwego wykorzystania czasu poprzez skupienie si\u0119 na najwa\u017cniejszym celu naszego istnienia &#8211; osi\u0105gni\u0119ciu najwy\u017cszego potencja\u0142u duchowego. Utrzymuj\u0105c r\u00f3wnowag\u0119 i czysto\u015b\u0107 wszystkich trzech kana\u0142\u00f3w, zyskujemy zdolno\u015b\u0107 harmonijnego radzenia sobie z wyzwaniami \u017cycia oraz g\u0142\u0119bszego, bardziej \u015bwiadomego do\u015bwiadczania jego wszystkich aspekt\u00f3w.<\/p>\n\n","protected":false},"excerpt":{"rendered":"<p>Suszumna Nadi R\u00f3wnowaga i ewolucja Nasz centralny kana\u0142 energetyczny (Sushumna Nadi w sanskrycie), zwany r\u00f3wnie\u017c \u015bcie\u017ck\u0105 centraln\u0105, rozpoczyna si\u0119 w ko\u015bci krzy\u017cowej u podstawy kr\u0119gos\u0142upa (gdzie znajduje si\u0119 energia Kundalini) i wznosi si\u0119 a\u017c do czakry Sahasrara w obszarze ciemi\u0105czka na szczycie g\u0142owy. Centralny kana\u0142 energetyczny wspiera nasz rozw\u00f3j duchowy. Jest on szczeg\u00f3lnie rozwini\u0119ty u&hellip; <br \/> <a class=\"read-more\" href=\"https:\/\/shrimataji.org\/test\/pl\/suszumna-nadi\/\">Read more<\/a><\/p>\n","protected":false},"author":1,"featured_media":38030,"parent":0,"menu_order":0,"comment_status":"closed","ping_status":"closed","template":"","meta":{"inline_featured_image":false,"footnotes":""},"class_list":["post-38029","page","type-page","status-publish","has-post-thumbnail","hentry"],"yoast_head":"<!-- This site is optimized with the Yoast SEO plugin v27.4 - https:\/\/yoast.com\/product\/yoast-seo-wordpress\/ -->\n<title>Suszumna Nadi - TEST - SMND<\/title>\n<meta name=\"robots\" content=\"noindex, follow, max-snippet:-1, max-image-preview:large, max-video-preview:-1\" \/>\n<meta property=\"og:locale\" content=\"en_US\" \/>\n<meta property=\"og:type\" content=\"article\" \/>\n<meta property=\"og:title\" content=\"Suszumna Nadi - TEST - SMND\" \/>\n<meta property=\"og:description\" content=\"Suszumna Nadi R\u00f3wnowaga i ewolucja Nasz centralny kana\u0142 energetyczny (Sushumna Nadi w sanskrycie), zwany r\u00f3wnie\u017c \u015bcie\u017ck\u0105 centraln\u0105, rozpoczyna si\u0119 w ko\u015bci krzy\u017cowej u podstawy kr\u0119gos\u0142upa (gdzie znajduje si\u0119 energia Kundalini) i wznosi si\u0119 a\u017c do czakry Sahasrara w obszarze ciemi\u0105czka na szczycie g\u0142owy. Centralny kana\u0142 energetyczny wspiera nasz rozw\u00f3j duchowy. Jest on szczeg\u00f3lnie rozwini\u0119ty u&hellip; Read more\" \/>\n<meta property=\"og:url\" content=\"https:\/\/shrimataji.org\/test\/pl\/suszumna-nadi\/\" \/>\n<meta property=\"og:site_name\" content=\"TEST - SMND\" \/>\n<meta property=\"article:publisher\" content=\"https:\/\/www.facebook.com\/shrimataji\" \/>\n<meta property=\"article:modified_time\" content=\"2026-04-22T11:21:42+00:00\" \/>\n<meta property=\"og:image\" content=\"https:\/\/shrimataji.org\/test\/wp-content\/uploads\/2023\/03\/14_Banner-SY-Sushumna-scaled.jpg\" \/>\n\t<meta property=\"og:image:width\" content=\"2560\" \/>\n\t<meta property=\"og:image:height\" content=\"905\" \/>\n\t<meta property=\"og:image:type\" content=\"image\/jpeg\" \/>\n<meta name=\"twitter:card\" content=\"summary_large_image\" \/>\n<meta name=\"twitter:site\" content=\"@shrimataji\" \/>\n<meta name=\"twitter:label1\" content=\"Est. reading time\" \/>\n\t<meta name=\"twitter:data1\" content=\"2 minutes\" \/>\n<script type=\"application\/ld+json\" class=\"yoast-schema-graph\">{\"@context\":\"https:\\\/\\\/schema.org\",\"@graph\":[{\"@type\":\"WebPage\",\"@id\":\"https:\\\/\\\/shrimataji.org\\\/test\\\/pl\\\/suszumna-nadi\\\/\",\"url\":\"https:\\\/\\\/shrimataji.org\\\/test\\\/pl\\\/suszumna-nadi\\\/\",\"name\":\"Suszumna Nadi - TEST - SMND\",\"isPartOf\":{\"@id\":\"https:\\\/\\\/shrimataji.org\\\/test\\\/#website\"},\"primaryImageOfPage\":{\"@id\":\"https:\\\/\\\/shrimataji.org\\\/test\\\/pl\\\/suszumna-nadi\\\/#primaryimage\"},\"image\":{\"@id\":\"https:\\\/\\\/shrimataji.org\\\/test\\\/pl\\\/suszumna-nadi\\\/#primaryimage\"},\"thumbnailUrl\":\"https:\\\/\\\/shrimataji.org\\\/test\\\/wp-content\\\/uploads\\\/2023\\\/03\\\/14_Banner-SY-Sushumna-scaled.jpg\",\"datePublished\":\"2022-01-29T10:35:29+00:00\",\"dateModified\":\"2026-04-22T11:21:42+00:00\",\"breadcrumb\":{\"@id\":\"https:\\\/\\\/shrimataji.org\\\/test\\\/pl\\\/suszumna-nadi\\\/#breadcrumb\"},\"inLanguage\":\"en-US\",\"potentialAction\":[{\"@type\":\"ReadAction\",\"target\":[\"https:\\\/\\\/shrimataji.org\\\/test\\\/pl\\\/suszumna-nadi\\\/\"]}]},{\"@type\":\"ImageObject\",\"inLanguage\":\"en-US\",\"@id\":\"https:\\\/\\\/shrimataji.org\\\/test\\\/pl\\\/suszumna-nadi\\\/#primaryimage\",\"url\":\"https:\\\/\\\/shrimataji.org\\\/test\\\/wp-content\\\/uploads\\\/2023\\\/03\\\/14_Banner-SY-Sushumna-scaled.jpg\",\"contentUrl\":\"https:\\\/\\\/shrimataji.org\\\/test\\\/wp-content\\\/uploads\\\/2023\\\/03\\\/14_Banner-SY-Sushumna-scaled.jpg\",\"width\":2560,\"height\":905},{\"@type\":\"BreadcrumbList\",\"@id\":\"https:\\\/\\\/shrimataji.org\\\/test\\\/pl\\\/suszumna-nadi\\\/#breadcrumb\",\"itemListElement\":[{\"@type\":\"ListItem\",\"position\":1,\"name\":\"Home\",\"item\":\"https:\\\/\\\/shrimataji.org\\\/test\\\/uk\\\/home-en\\\/\"},{\"@type\":\"ListItem\",\"position\":2,\"name\":\"Suszumna Nadi\"}]},{\"@type\":\"WebSite\",\"@id\":\"https:\\\/\\\/shrimataji.org\\\/test\\\/#website\",\"url\":\"https:\\\/\\\/shrimataji.org\\\/test\\\/\",\"name\":\"Shri Mataji Nirmala Devi\",\"description\":\"A Life Dedicated to Humanity\",\"publisher\":{\"@id\":\"https:\\\/\\\/shrimataji.org\\\/test\\\/#\\\/schema\\\/person\\\/a1b3419c6585f164aa96da1ff85715d1\"},\"potentialAction\":[{\"@type\":\"SearchAction\",\"target\":{\"@type\":\"EntryPoint\",\"urlTemplate\":\"https:\\\/\\\/shrimataji.org\\\/test\\\/?s={search_term_string}\"},\"query-input\":{\"@type\":\"PropertyValueSpecification\",\"valueRequired\":true,\"valueName\":\"search_term_string\"}}],\"inLanguage\":\"en-US\"},{\"@type\":[\"Person\",\"Organization\"],\"@id\":\"https:\\\/\\\/shrimataji.org\\\/test\\\/#\\\/schema\\\/person\\\/a1b3419c6585f164aa96da1ff85715d1\",\"name\":\"Nirmala Shrivastava\",\"image\":{\"@type\":\"ImageObject\",\"inLanguage\":\"en-US\",\"@id\":\"https:\\\/\\\/shrimataji.org\\\/test\\\/wp-content\\\/uploads\\\/2023\\\/02\\\/SMO_LOGO-03.svg\",\"url\":\"https:\\\/\\\/shrimataji.org\\\/test\\\/wp-content\\\/uploads\\\/2023\\\/02\\\/SMO_LOGO-03.svg\",\"contentUrl\":\"https:\\\/\\\/shrimataji.org\\\/test\\\/wp-content\\\/uploads\\\/2023\\\/02\\\/SMO_LOGO-03.svg\",\"width\":\"1024\",\"height\":\"1024\",\"caption\":\"Nirmala Shrivastava\"},\"logo\":{\"@id\":\"https:\\\/\\\/shrimataji.org\\\/test\\\/wp-content\\\/uploads\\\/2023\\\/02\\\/SMO_LOGO-03.svg\"},\"sameAs\":[\"https:\\\/\\\/shrimataji.org\\\/test\",\"https:\\\/\\\/www.facebook.com\\\/shrimataji\",\"https:\\\/\\\/x.com\\\/shrimataji\",\"https:\\\/\\\/www.youtube.com\\\/@Shri_Mataji_Nirmala_Devi\\\/featured\"]}]}<\/script>\n<!-- \/ Yoast SEO plugin. -->","yoast_head_json":{"title":"Suszumna Nadi - TEST - SMND","robots":{"index":"noindex","follow":"follow","max-snippet":"max-snippet:-1","max-image-preview":"max-image-preview:large","max-video-preview":"max-video-preview:-1"},"og_locale":"en_US","og_type":"article","og_title":"Suszumna Nadi - TEST - SMND","og_description":"Suszumna Nadi R\u00f3wnowaga i ewolucja Nasz centralny kana\u0142 energetyczny (Sushumna Nadi w sanskrycie), zwany r\u00f3wnie\u017c \u015bcie\u017ck\u0105 centraln\u0105, rozpoczyna si\u0119 w ko\u015bci krzy\u017cowej u podstawy kr\u0119gos\u0142upa (gdzie znajduje si\u0119 energia Kundalini) i wznosi si\u0119 a\u017c do czakry Sahasrara w obszarze ciemi\u0105czka na szczycie g\u0142owy. Centralny kana\u0142 energetyczny wspiera nasz rozw\u00f3j duchowy. Jest on szczeg\u00f3lnie rozwini\u0119ty u&hellip; Read more","og_url":"https:\/\/shrimataji.org\/test\/pl\/suszumna-nadi\/","og_site_name":"TEST - SMND","article_publisher":"https:\/\/www.facebook.com\/shrimataji","article_modified_time":"2026-04-22T11:21:42+00:00","og_image":[{"width":2560,"height":905,"url":"https:\/\/shrimataji.org\/test\/wp-content\/uploads\/2023\/03\/14_Banner-SY-Sushumna-scaled.jpg","type":"image\/jpeg"}],"twitter_card":"summary_large_image","twitter_site":"@shrimataji","twitter_misc":{"Est. reading time":"2 minutes"},"schema":{"@context":"https:\/\/schema.org","@graph":[{"@type":"WebPage","@id":"https:\/\/shrimataji.org\/test\/pl\/suszumna-nadi\/","url":"https:\/\/shrimataji.org\/test\/pl\/suszumna-nadi\/","name":"Suszumna Nadi - TEST - SMND","isPartOf":{"@id":"https:\/\/shrimataji.org\/test\/#website"},"primaryImageOfPage":{"@id":"https:\/\/shrimataji.org\/test\/pl\/suszumna-nadi\/#primaryimage"},"image":{"@id":"https:\/\/shrimataji.org\/test\/pl\/suszumna-nadi\/#primaryimage"},"thumbnailUrl":"https:\/\/shrimataji.org\/test\/wp-content\/uploads\/2023\/03\/14_Banner-SY-Sushumna-scaled.jpg","datePublished":"2022-01-29T10:35:29+00:00","dateModified":"2026-04-22T11:21:42+00:00","breadcrumb":{"@id":"https:\/\/shrimataji.org\/test\/pl\/suszumna-nadi\/#breadcrumb"},"inLanguage":"en-US","potentialAction":[{"@type":"ReadAction","target":["https:\/\/shrimataji.org\/test\/pl\/suszumna-nadi\/"]}]},{"@type":"ImageObject","inLanguage":"en-US","@id":"https:\/\/shrimataji.org\/test\/pl\/suszumna-nadi\/#primaryimage","url":"https:\/\/shrimataji.org\/test\/wp-content\/uploads\/2023\/03\/14_Banner-SY-Sushumna-scaled.jpg","contentUrl":"https:\/\/shrimataji.org\/test\/wp-content\/uploads\/2023\/03\/14_Banner-SY-Sushumna-scaled.jpg","width":2560,"height":905},{"@type":"BreadcrumbList","@id":"https:\/\/shrimataji.org\/test\/pl\/suszumna-nadi\/#breadcrumb","itemListElement":[{"@type":"ListItem","position":1,"name":"Home","item":"https:\/\/shrimataji.org\/test\/uk\/home-en\/"},{"@type":"ListItem","position":2,"name":"Suszumna Nadi"}]},{"@type":"WebSite","@id":"https:\/\/shrimataji.org\/test\/#website","url":"https:\/\/shrimataji.org\/test\/","name":"Shri Mataji Nirmala Devi","description":"A Life Dedicated to Humanity","publisher":{"@id":"https:\/\/shrimataji.org\/test\/#\/schema\/person\/a1b3419c6585f164aa96da1ff85715d1"},"potentialAction":[{"@type":"SearchAction","target":{"@type":"EntryPoint","urlTemplate":"https:\/\/shrimataji.org\/test\/?s={search_term_string}"},"query-input":{"@type":"PropertyValueSpecification","valueRequired":true,"valueName":"search_term_string"}}],"inLanguage":"en-US"},{"@type":["Person","Organization"],"@id":"https:\/\/shrimataji.org\/test\/#\/schema\/person\/a1b3419c6585f164aa96da1ff85715d1","name":"Nirmala Shrivastava","image":{"@type":"ImageObject","inLanguage":"en-US","@id":"https:\/\/shrimataji.org\/test\/wp-content\/uploads\/2023\/02\/SMO_LOGO-03.svg","url":"https:\/\/shrimataji.org\/test\/wp-content\/uploads\/2023\/02\/SMO_LOGO-03.svg","contentUrl":"https:\/\/shrimataji.org\/test\/wp-content\/uploads\/2023\/02\/SMO_LOGO-03.svg","width":"1024","height":"1024","caption":"Nirmala Shrivastava"},"logo":{"@id":"https:\/\/shrimataji.org\/test\/wp-content\/uploads\/2023\/02\/SMO_LOGO-03.svg"},"sameAs":["https:\/\/shrimataji.org\/test","https:\/\/www.facebook.com\/shrimataji","https:\/\/x.com\/shrimataji","https:\/\/www.youtube.com\/@Shri_Mataji_Nirmala_Devi\/featured"]}]}},"lang":"pl","translations":{"pl":38029,"ur":37511,"en":6416,"am":18085,"th":20073,"hu":19574,"sq":18486,"zh":17383,"hi":8315,"tr":10216,"pt":10424,"de":10698,"fr":10796,"it":10894,"es":10991,"ja":11289,"ru":11477,"bn":11668,"te":11776,"sw":11899,"he":12047,"el":12339,"sk":12437,"fa":12535,"fi":12633,"bg":13380,"ro":14454,"cs":14647,"nl":16645,"ku":16805,"ar":16981,"be":18693,"kn":18967,"mr":20437,"uk":20730,"ml":21025,"ta":22804,"sv":23073,"gu":28908,"pa":29068,"fil":29522,"da":37819,"nn":38371},"pll_sync_post":[],"_links":{"self":[{"href":"https:\/\/shrimataji.org\/test\/wp-json\/wp\/v2\/pages\/38029","targetHints":{"allow":["GET"]}}],"collection":[{"href":"https:\/\/shrimataji.org\/test\/wp-json\/wp\/v2\/pages"}],"about":[{"href":"https:\/\/shrimataji.org\/test\/wp-json\/wp\/v2\/types\/page"}],"author":[{"embeddable":true,"href":"https:\/\/shrimataji.org\/test\/wp-json\/wp\/v2\/users\/1"}],"replies":[{"embeddable":true,"href":"https:\/\/shrimataji.org\/test\/wp-json\/wp\/v2\/comments?post=38029"}],"version-history":[{"count":0,"href":"https:\/\/shrimataji.org\/test\/wp-json\/wp\/v2\/pages\/38029\/revisions"}],"wp:featuredmedia":[{"embeddable":true,"href":"https:\/\/shrimataji.org\/test\/wp-json\/wp\/v2\/media\/38030"}],"wp:attachment":[{"href":"https:\/\/shrimataji.org\/test\/wp-json\/wp\/v2\/media?parent=38029"}],"curies":[{"name":"wp","href":"https:\/\/api.w.org\/{rel}","templated":true}]}}