{"id":38031,"date":"2022-03-05T07:25:31","date_gmt":"2022-03-05T07:25:31","guid":{"rendered":"https:\/\/test.shrimataji.org\/?page_id=6484"},"modified":"2026-04-23T17:39:25","modified_gmt":"2026-04-23T17:39:25","slug":"czakra-swadhiszthana","status":"publish","type":"page","link":"https:\/\/shrimataji.org\/test\/pl\/czakra-swadhiszthana\/","title":{"rendered":"Czakra Swadhiszthana"},"content":{"rendered":"\n\n\t<h1>Czakra Swadhiszthana<\/h1>\n<h2>Intuicja i kreatywno\u015b\u0107<\/h2>\n<h4>W miar\u0119 dorastania i rozwoju przechodzimy intensywny, tw\u00f3rczy proces uczenia si\u0119, wynikaj\u0105cy z naszych do\u015bwiadcze\u0144 i otoczenia. Nieustannie przyswajamy nowe rzeczy.<\/h4>\n<p>Drugi o\u015brodek \u0142\u0105czy nas ze \u017ar\u00f3d\u0142em kreatywno\u015bci oraz umo\u017cliwia klarown\u0105 uwag\u0119 i inteligencj\u0119 duchow\u0105. Kieruje nasz\u0105 tw\u00f3rcz\u0105 inspiracj\u0105 i pozwala do\u015bwiadcza\u0107 pi\u0119kna wok\u00f3\u0142 nas. Inteligencja duchowa, kt\u00f3r\u0105 daje ten o\u015brodek, nie jest natury umys\u0142owej &#8211; jest bezpo\u015brednim postrzeganiem rzeczywisto\u015bci. Mo\u017cna j\u0105 odczuwa\u0107 na opuszkach palc\u00f3w, gdzie wskazuje subtelne blokady. Jest to r\u00f3wnie\u017c o\u015brodek czystej uwagi, daj\u0105cy nam zdolno\u015b\u0107 koncentracji.<\/p>\n\t\t<iframe loading=\"lazy\" title=\"Swadhisthan Chakra\" width=\"1920\" height=\"1080\" src=\"https:\/\/www.youtube.com\/embed\/f4ta5ak6nMg?feature=oembed\" frameborder=\"0\" allow=\"accelerometer; autoplay; clipboard-write; encrypted-media; gyroscope; picture-in-picture; web-share\" referrerpolicy=\"strict-origin-when-cross-origin\" allowfullscreen><\/iframe>\t\n\t<strong>Lokalizacja:<br \/>\n<\/strong>Czakra Swadhiszthana znajduje si\u0119 w splocie aorty, nad ko\u015bci\u0105 krzy\u017cow\u0105. Odpowiada za funkcjonowanie w\u0105troby, nerek, \u015bledziony, trzustki oraz \u017ce\u0144skich narz\u0105d\u00f3w rozrodczych. Jej wibracje odczuwalne s\u0105 w kciukach obu d\u0142oni.\n<strong>Kolor:<\/strong><br \/>\nCzakra Swadhiszthana jest zwi\u0105zana z kolorem \u017c\u00f3\u0142tym oraz z oczyszczaj\u0105cym \u017cywio\u0142em ognia.\n<strong>Cechy czakry Swadhiszthana obejmuj\u0105:<\/strong><br \/>\n\u2022 Kreatywno\u015b\u0107<br \/>\n\u2022 Wra\u017cliwo\u015b\u0107 na pi\u0119kno<br \/>\n\u2022 Inspiracj\u0119<br \/>\n\u2022 Tworzenie pomys\u0142\u00f3w<br \/>\n\u2022 Niezak\u0142\u00f3con\u0105 uwag\u0119<br \/>\n\u2022 Wnikliw\u0105 percepcj\u0119 intelektualn\u0105<br \/>\n\u2022 Czyst\u0105 wiedz\u0119<br \/>\n\u2022 Wiedz\u0119 duchow\u0105&#8221;\n<figure itemscope itemtype=\"https:\/\/schema.org\/ImageObject\">\n\t\t\t\t<img decoding=\"async\" src=\"https:\/\/shrimataji.org\/test\/wp-content\/uploads\/2026\/04\/pl-2-Swadhisthan-01-scaled.png\" alt=\"pl-2-Swadhisthan-01\" height=\"2560\" width=\"2402\" title=\"pl-2-Swadhisthan-01\" onerror=\"this.style.display='none'\" loading=\"lazy\" \/>\n\t<\/figure>\n\t<p>Podstawow\u0105 cech\u0105 czakry Swadhiszthana jest kreatywno\u015b\u0107. To poprzez ten o\u015brodek generowana jest nasza tw\u00f3rcza energia. Czakra ta odpowiada r\u00f3wnie\u017c za uwag\u0119, inspiracj\u0119 i czyst\u0105 wiedz\u0119. Otwieraj\u0105c si\u0119 na jej jako\u015bci, odkrywamy pi\u0119kno i moc kreatywno\u015bci.<\/p>\n<strong>Do\u015bwiadczenie i korzy\u015bci:<\/strong><br \/>\nNajwa\u017cniejsz\u0105 funkcj\u0105 fizjologiczn\u0105 czakry Swadhiszthana jest rozk\u0142adanie cz\u0105steczek t\u0142uszczu w obr\u0119bie jamy brzusznej, aby wspiera\u0107 odnow\u0119 substancji szarej i bia\u0142ej m\u00f3zgu &#8211; odpowiedzialnych za proces my\u015blenia.\n<p>Nadmierne my\u015blenie i planowanie s\u0105 bardzo powszechne we wsp\u00f3\u0142czesnym \u015bwiecie. Z czasem prawa strona czakry Swadhiszthana mo\u017ce zosta\u0107 wyczerpana przez nadmiar aktywno\u015bci umys\u0142owej. W\u00f3wczas kreatywno\u015b\u0107 s\u0142abnie, a nasze dzia\u0142ania trac\u0105 \u017cywotno\u015b\u0107. Zanika spontaniczno\u015b\u0107 i rado\u015b\u0107.<\/p>\n<p>Dzieje si\u0119 tak, poniewa\u017c czakra Swadhiszthana zaniedbuje inne organy, kt\u00f3rymi powinna si\u0119 zajmowa\u0107, aby uzupe\u0142ni\u0107 zasoby zu\u017cyte przez nadmierne my\u015blenie.<\/p>\n<p>Na przyk\u0142ad w\u0105troba musi pracowa\u0107 intensywniej, aby wytwarza\u0107 potrzebne substancje. Poniewa\u017c w\u0105troba jest zwi\u0105zana z uwag\u0105, tracimy zdolno\u015b\u0107 skupienia, a czysto\u015b\u0107 my\u015blenia zostaje zaburzona.<\/p>\n<p>Wa\u017cne jest rozr\u00f3\u017cnienie mi\u0119dzy uwag\u0105 (kt\u00f3ra jest jako\u015bci\u0105 czakry Swadhiszthana) a my\u015bleniem (kt\u00f3re mo\u017ce jej szkodzi\u0107). Uwaga oznacza pe\u0142n\u0105, spokojn\u0105 obserwacj\u0119 lub s\u0142uchanie &#8211; czyste skupienie na obiekcie <strong>bez udzia\u0142u<\/strong> my\u015bli. Jest to stan koncentracji, obserwacji i \u015bwiadkowania.<\/p>\n<p>Na przyk\u0142ad mo\u017cesz skierowa\u0107 uwag\u0119 na kwiat, odczuwaj\u0105c jego pi\u0119kno i zapach, bez analizowania go. Po prostu go obserwujesz i podziwiasz, bez pojawiania si\u0119 my\u015bli typu: \u201eJak nazywa si\u0119 ten kwiat?&#8221; czy \u201eCzy to ro\u015blina jednoroczna czy wieloletnia?&#8221;.<\/p>\n<p>Zr\u00f3wnowa\u017cona w\u0105troba wspiera zdolno\u015b\u0107 utrzymania uwagi, filtruj\u0105c zanieczyszczenia, rozproszenia i nadmiar bod\u017ac\u00f3w. Spok\u00f3j i cisza, kt\u00f3re umo\u017cliwiaj\u0105 g\u0142\u0119bok\u0105 medytacj\u0119, wynikaj\u0105 z tej oczyszczonej uwagi.<\/p>\n<p>Gdy czakra Swadhiszthana jest w r\u00f3wnowadze, nadmierne my\u015blenie ust\u0119puje. Umys\u0142 staje si\u0119 spokojny, wolny od zmartwie\u0144, w\u0105tpliwo\u015bci, zam\u0119tu i rozproszenia. Tw\u00f3rcza praca wykonywana w tym stanie nabiera duchowej g\u0142\u0119bi &#8211; ma \u201eserce&#8221;.<\/p>\n<strong>Samoocena:<\/strong><br \/>\nJe\u015bli czakra Swadhiszthana jest niezr\u00f3wnowa\u017cona, mog\u0105 pojawi\u0107 si\u0119 trudno\u015bci w medytacji oraz brak kreatywno\u015bci. Mo\u017cliwe s\u0105 tak\u017ce bezsenno\u015b\u0107 i dra\u017cliwo\u015b\u0107. Do innych objaw\u00f3w nale\u017c\u0105 schorzenia takie jak cukrzyca, choroby krwi, alergie czy choroby serca.\n<p><strong>Przyczyny nier\u00f3wnowagi:<\/strong><\/p>\n<ul>\n<li>Nadmierne my\u015blenie, planowanie i przeci\u0105\u017cenie umys\u0142owe wyczerpuj\u0105 ten o\u015brodek. W skrajnych przypadkach prowadzi to do wyczerpania psychicznego i silnego zm\u0119czenia fizycznego.<\/li>\n<\/ul>\n<strong>Jak przywr\u00f3ci\u0107 r\u00f3wnowag\u0119:<\/strong><br \/>\nNa szcz\u0119\u015bcie medytacja stanowi prosty spos\u00f3b na przywr\u00f3cenie r\u00f3wnowagi tej czakry. Aby oczy\u015bci\u0107 czakr\u0119 Swadhiszthana, warto codziennie moczy\u0107 stopy w wodzie o umiarkowanej temperaturze.\n<p>Je\u015bli chcemy szczeg\u00f3lnie oczy\u015bci\u0107 praw\u0105 stron\u0119 czakry Swadhiszthana, podczas medytacji nale\u017cy moczy\u0107 stopy w misce z osolon\u0105, <strong>zimn\u0105<\/strong> (nawet lodowat\u0105) wod\u0105. Mo\u017cna r\u00f3wnie\u017c przy\u0142o\u017cy\u0107 ok\u0142ad z lodu w miejscu prawej Swadhiszthany &#8211; tu\u017c nad po\u0142\u0105czeniem tu\u0142owia z praw\u0105 nog\u0105.<\/p>\n<p>Aby oczy\u015bci\u0107 lew\u0105 stron\u0119 czakry Swadhiszthana, podczas medytacji nale\u017cy <a href=\"https:\/\/shrimataji.org\/test\/wp-content\/uploads\/2026\/04\/PL_Footsoaking.pdf\" target=\"_blank\" rel=\"noopener\">moczy\u0107 stopy<\/a> w misce z osolon\u0105 ciep\u0142\u0105 lub gor\u0105c\u0105 wod\u0105 (w temperaturze komfortowej dla sk\u00f3ry).<\/p>\n<p>W przypadku utrzymuj\u0105cych si\u0119 problem\u00f3w z r\u00f3wnowag\u0105 tej czakry mo\u017cna zastosowa\u0107 oczyszczanie p\u0142omieniem \u015bwiecy. Trzymaj\u0105c \u015bwiec\u0119 w prawej d\u0142oni, nale\u017cy przesuwa\u0107 j\u0105 kilka centymetr\u00f3w przed lew\u0105 czakr\u0105 Swadhiszthana, kt\u00f3ra znajduje si\u0119 tu\u017c nad miejscem po\u0142\u0105czenia tu\u0142owia z lew\u0105 nog\u0105.<\/p>\n\n","protected":false},"excerpt":{"rendered":"<p>Czakra Swadhiszthana Intuicja i kreatywno\u015b\u0107 W miar\u0119 dorastania i rozwoju przechodzimy intensywny, tw\u00f3rczy proces uczenia si\u0119, wynikaj\u0105cy z naszych do\u015bwiadcze\u0144 i otoczenia. Nieustannie przyswajamy nowe rzeczy. Drugi o\u015brodek \u0142\u0105czy nas ze \u017ar\u00f3d\u0142em kreatywno\u015bci oraz umo\u017cliwia klarown\u0105 uwag\u0119 i inteligencj\u0119 duchow\u0105. Kieruje nasz\u0105 tw\u00f3rcz\u0105 inspiracj\u0105 i pozwala do\u015bwiadcza\u0107 pi\u0119kna wok\u00f3\u0142 nas. Inteligencja duchowa, kt\u00f3r\u0105 daje ten&hellip; <br \/> <a class=\"read-more\" href=\"https:\/\/shrimataji.org\/test\/pl\/czakra-swadhiszthana\/\">Read more<\/a><\/p>\n","protected":false},"author":1,"featured_media":38032,"parent":0,"menu_order":0,"comment_status":"closed","ping_status":"closed","template":"","meta":{"inline_featured_image":false,"footnotes":""},"class_list":["post-38031","page","type-page","status-publish","has-post-thumbnail","hentry"],"yoast_head":"<!-- This site is optimized with the Yoast SEO plugin v27.4 - https:\/\/yoast.com\/product\/yoast-seo-wordpress\/ -->\n<title>Czakra Swadhiszthana - TEST - SMND<\/title>\n<meta name=\"robots\" content=\"noindex, follow, max-snippet:-1, max-image-preview:large, max-video-preview:-1\" \/>\n<meta property=\"og:locale\" content=\"en_US\" \/>\n<meta property=\"og:type\" content=\"article\" \/>\n<meta property=\"og:title\" content=\"Czakra Swadhiszthana - TEST - SMND\" \/>\n<meta property=\"og:description\" content=\"Czakra Swadhiszthana Intuicja i kreatywno\u015b\u0107 W miar\u0119 dorastania i rozwoju przechodzimy intensywny, tw\u00f3rczy proces uczenia si\u0119, wynikaj\u0105cy z naszych do\u015bwiadcze\u0144 i otoczenia. Nieustannie przyswajamy nowe rzeczy. Drugi o\u015brodek \u0142\u0105czy nas ze \u017ar\u00f3d\u0142em kreatywno\u015bci oraz umo\u017cliwia klarown\u0105 uwag\u0119 i inteligencj\u0119 duchow\u0105. Kieruje nasz\u0105 tw\u00f3rcz\u0105 inspiracj\u0105 i pozwala do\u015bwiadcza\u0107 pi\u0119kna wok\u00f3\u0142 nas. Inteligencja duchowa, kt\u00f3r\u0105 daje ten&hellip; Read more\" \/>\n<meta property=\"og:url\" content=\"https:\/\/shrimataji.org\/test\/pl\/czakra-swadhiszthana\/\" \/>\n<meta property=\"og:site_name\" content=\"TEST - SMND\" \/>\n<meta property=\"article:publisher\" content=\"https:\/\/www.facebook.com\/shrimataji\" \/>\n<meta property=\"article:modified_time\" content=\"2026-04-23T17:39:25+00:00\" \/>\n<meta property=\"og:image\" content=\"https:\/\/shrimataji.org\/test\/wp-content\/uploads\/2023\/03\/17_Banner-SY-Chakra-swad-scaled.jpg\" \/>\n\t<meta property=\"og:image:width\" content=\"2560\" \/>\n\t<meta property=\"og:image:height\" content=\"905\" \/>\n\t<meta property=\"og:image:type\" content=\"image\/jpeg\" \/>\n<meta name=\"twitter:card\" content=\"summary_large_image\" \/>\n<meta name=\"twitter:site\" content=\"@shrimataji\" \/>\n<script type=\"application\/ld+json\" class=\"yoast-schema-graph\">{\"@context\":\"https:\\\/\\\/schema.org\",\"@graph\":[{\"@type\":\"WebPage\",\"@id\":\"https:\\\/\\\/shrimataji.org\\\/test\\\/pl\\\/czakra-swadhiszthana\\\/\",\"url\":\"https:\\\/\\\/shrimataji.org\\\/test\\\/pl\\\/czakra-swadhiszthana\\\/\",\"name\":\"Czakra Swadhiszthana - TEST - SMND\",\"isPartOf\":{\"@id\":\"https:\\\/\\\/shrimataji.org\\\/test\\\/#website\"},\"primaryImageOfPage\":{\"@id\":\"https:\\\/\\\/shrimataji.org\\\/test\\\/pl\\\/czakra-swadhiszthana\\\/#primaryimage\"},\"image\":{\"@id\":\"https:\\\/\\\/shrimataji.org\\\/test\\\/pl\\\/czakra-swadhiszthana\\\/#primaryimage\"},\"thumbnailUrl\":\"https:\\\/\\\/shrimataji.org\\\/test\\\/wp-content\\\/uploads\\\/2023\\\/03\\\/17_Banner-SY-Chakra-swad-scaled.jpg\",\"datePublished\":\"2022-03-05T07:25:31+00:00\",\"dateModified\":\"2026-04-23T17:39:25+00:00\",\"breadcrumb\":{\"@id\":\"https:\\\/\\\/shrimataji.org\\\/test\\\/pl\\\/czakra-swadhiszthana\\\/#breadcrumb\"},\"inLanguage\":\"en-US\",\"potentialAction\":[{\"@type\":\"ReadAction\",\"target\":[\"https:\\\/\\\/shrimataji.org\\\/test\\\/pl\\\/czakra-swadhiszthana\\\/\"]}]},{\"@type\":\"ImageObject\",\"inLanguage\":\"en-US\",\"@id\":\"https:\\\/\\\/shrimataji.org\\\/test\\\/pl\\\/czakra-swadhiszthana\\\/#primaryimage\",\"url\":\"https:\\\/\\\/shrimataji.org\\\/test\\\/wp-content\\\/uploads\\\/2023\\\/03\\\/17_Banner-SY-Chakra-swad-scaled.jpg\",\"contentUrl\":\"https:\\\/\\\/shrimataji.org\\\/test\\\/wp-content\\\/uploads\\\/2023\\\/03\\\/17_Banner-SY-Chakra-swad-scaled.jpg\",\"width\":2560,\"height\":905},{\"@type\":\"BreadcrumbList\",\"@id\":\"https:\\\/\\\/shrimataji.org\\\/test\\\/pl\\\/czakra-swadhiszthana\\\/#breadcrumb\",\"itemListElement\":[{\"@type\":\"ListItem\",\"position\":1,\"name\":\"Home\",\"item\":\"https:\\\/\\\/shrimataji.org\\\/test\\\/uk\\\/home-en\\\/\"},{\"@type\":\"ListItem\",\"position\":2,\"name\":\"Czakra Swadhiszthana\"}]},{\"@type\":\"WebSite\",\"@id\":\"https:\\\/\\\/shrimataji.org\\\/test\\\/#website\",\"url\":\"https:\\\/\\\/shrimataji.org\\\/test\\\/\",\"name\":\"Shri Mataji Nirmala Devi\",\"description\":\"A Life Dedicated to Humanity\",\"publisher\":{\"@id\":\"https:\\\/\\\/shrimataji.org\\\/test\\\/#\\\/schema\\\/person\\\/a1b3419c6585f164aa96da1ff85715d1\"},\"potentialAction\":[{\"@type\":\"SearchAction\",\"target\":{\"@type\":\"EntryPoint\",\"urlTemplate\":\"https:\\\/\\\/shrimataji.org\\\/test\\\/?s={search_term_string}\"},\"query-input\":{\"@type\":\"PropertyValueSpecification\",\"valueRequired\":true,\"valueName\":\"search_term_string\"}}],\"inLanguage\":\"en-US\"},{\"@type\":[\"Person\",\"Organization\"],\"@id\":\"https:\\\/\\\/shrimataji.org\\\/test\\\/#\\\/schema\\\/person\\\/a1b3419c6585f164aa96da1ff85715d1\",\"name\":\"Nirmala Shrivastava\",\"image\":{\"@type\":\"ImageObject\",\"inLanguage\":\"en-US\",\"@id\":\"https:\\\/\\\/shrimataji.org\\\/test\\\/wp-content\\\/uploads\\\/2023\\\/02\\\/SMO_LOGO-03.svg\",\"url\":\"https:\\\/\\\/shrimataji.org\\\/test\\\/wp-content\\\/uploads\\\/2023\\\/02\\\/SMO_LOGO-03.svg\",\"contentUrl\":\"https:\\\/\\\/shrimataji.org\\\/test\\\/wp-content\\\/uploads\\\/2023\\\/02\\\/SMO_LOGO-03.svg\",\"width\":\"1024\",\"height\":\"1024\",\"caption\":\"Nirmala Shrivastava\"},\"logo\":{\"@id\":\"https:\\\/\\\/shrimataji.org\\\/test\\\/wp-content\\\/uploads\\\/2023\\\/02\\\/SMO_LOGO-03.svg\"},\"sameAs\":[\"https:\\\/\\\/shrimataji.org\\\/test\",\"https:\\\/\\\/www.facebook.com\\\/shrimataji\",\"https:\\\/\\\/x.com\\\/shrimataji\",\"https:\\\/\\\/www.youtube.com\\\/@Shri_Mataji_Nirmala_Devi\\\/featured\"]}]}<\/script>\n<!-- \/ Yoast SEO plugin. -->","yoast_head_json":{"title":"Czakra Swadhiszthana - TEST - SMND","robots":{"index":"noindex","follow":"follow","max-snippet":"max-snippet:-1","max-image-preview":"max-image-preview:large","max-video-preview":"max-video-preview:-1"},"og_locale":"en_US","og_type":"article","og_title":"Czakra Swadhiszthana - TEST - SMND","og_description":"Czakra Swadhiszthana Intuicja i kreatywno\u015b\u0107 W miar\u0119 dorastania i rozwoju przechodzimy intensywny, tw\u00f3rczy proces uczenia si\u0119, wynikaj\u0105cy z naszych do\u015bwiadcze\u0144 i otoczenia. Nieustannie przyswajamy nowe rzeczy. Drugi o\u015brodek \u0142\u0105czy nas ze \u017ar\u00f3d\u0142em kreatywno\u015bci oraz umo\u017cliwia klarown\u0105 uwag\u0119 i inteligencj\u0119 duchow\u0105. Kieruje nasz\u0105 tw\u00f3rcz\u0105 inspiracj\u0105 i pozwala do\u015bwiadcza\u0107 pi\u0119kna wok\u00f3\u0142 nas. Inteligencja duchowa, kt\u00f3r\u0105 daje ten&hellip; Read more","og_url":"https:\/\/shrimataji.org\/test\/pl\/czakra-swadhiszthana\/","og_site_name":"TEST - SMND","article_publisher":"https:\/\/www.facebook.com\/shrimataji","article_modified_time":"2026-04-23T17:39:25+00:00","og_image":[{"width":2560,"height":905,"url":"https:\/\/shrimataji.org\/test\/wp-content\/uploads\/2023\/03\/17_Banner-SY-Chakra-swad-scaled.jpg","type":"image\/jpeg"}],"twitter_card":"summary_large_image","twitter_site":"@shrimataji","schema":{"@context":"https:\/\/schema.org","@graph":[{"@type":"WebPage","@id":"https:\/\/shrimataji.org\/test\/pl\/czakra-swadhiszthana\/","url":"https:\/\/shrimataji.org\/test\/pl\/czakra-swadhiszthana\/","name":"Czakra Swadhiszthana - TEST - SMND","isPartOf":{"@id":"https:\/\/shrimataji.org\/test\/#website"},"primaryImageOfPage":{"@id":"https:\/\/shrimataji.org\/test\/pl\/czakra-swadhiszthana\/#primaryimage"},"image":{"@id":"https:\/\/shrimataji.org\/test\/pl\/czakra-swadhiszthana\/#primaryimage"},"thumbnailUrl":"https:\/\/shrimataji.org\/test\/wp-content\/uploads\/2023\/03\/17_Banner-SY-Chakra-swad-scaled.jpg","datePublished":"2022-03-05T07:25:31+00:00","dateModified":"2026-04-23T17:39:25+00:00","breadcrumb":{"@id":"https:\/\/shrimataji.org\/test\/pl\/czakra-swadhiszthana\/#breadcrumb"},"inLanguage":"en-US","potentialAction":[{"@type":"ReadAction","target":["https:\/\/shrimataji.org\/test\/pl\/czakra-swadhiszthana\/"]}]},{"@type":"ImageObject","inLanguage":"en-US","@id":"https:\/\/shrimataji.org\/test\/pl\/czakra-swadhiszthana\/#primaryimage","url":"https:\/\/shrimataji.org\/test\/wp-content\/uploads\/2023\/03\/17_Banner-SY-Chakra-swad-scaled.jpg","contentUrl":"https:\/\/shrimataji.org\/test\/wp-content\/uploads\/2023\/03\/17_Banner-SY-Chakra-swad-scaled.jpg","width":2560,"height":905},{"@type":"BreadcrumbList","@id":"https:\/\/shrimataji.org\/test\/pl\/czakra-swadhiszthana\/#breadcrumb","itemListElement":[{"@type":"ListItem","position":1,"name":"Home","item":"https:\/\/shrimataji.org\/test\/uk\/home-en\/"},{"@type":"ListItem","position":2,"name":"Czakra Swadhiszthana"}]},{"@type":"WebSite","@id":"https:\/\/shrimataji.org\/test\/#website","url":"https:\/\/shrimataji.org\/test\/","name":"Shri Mataji Nirmala Devi","description":"A Life Dedicated to Humanity","publisher":{"@id":"https:\/\/shrimataji.org\/test\/#\/schema\/person\/a1b3419c6585f164aa96da1ff85715d1"},"potentialAction":[{"@type":"SearchAction","target":{"@type":"EntryPoint","urlTemplate":"https:\/\/shrimataji.org\/test\/?s={search_term_string}"},"query-input":{"@type":"PropertyValueSpecification","valueRequired":true,"valueName":"search_term_string"}}],"inLanguage":"en-US"},{"@type":["Person","Organization"],"@id":"https:\/\/shrimataji.org\/test\/#\/schema\/person\/a1b3419c6585f164aa96da1ff85715d1","name":"Nirmala Shrivastava","image":{"@type":"ImageObject","inLanguage":"en-US","@id":"https:\/\/shrimataji.org\/test\/wp-content\/uploads\/2023\/02\/SMO_LOGO-03.svg","url":"https:\/\/shrimataji.org\/test\/wp-content\/uploads\/2023\/02\/SMO_LOGO-03.svg","contentUrl":"https:\/\/shrimataji.org\/test\/wp-content\/uploads\/2023\/02\/SMO_LOGO-03.svg","width":"1024","height":"1024","caption":"Nirmala Shrivastava"},"logo":{"@id":"https:\/\/shrimataji.org\/test\/wp-content\/uploads\/2023\/02\/SMO_LOGO-03.svg"},"sameAs":["https:\/\/shrimataji.org\/test","https:\/\/www.facebook.com\/shrimataji","https:\/\/x.com\/shrimataji","https:\/\/www.youtube.com\/@Shri_Mataji_Nirmala_Devi\/featured"]}]}},"lang":"pl","translations":{"pl":38031,"ur":37513,"en":6484,"am":18087,"th":20076,"hu":19576,"ar":16983,"sq":18488,"zh":17385,"hi":8323,"tr":10217,"pt":10425,"de":10699,"fr":10797,"it":10895,"es":10992,"ja":11290,"ru":11478,"bn":11669,"te":11777,"sw":11900,"he":12048,"el":12340,"sk":12438,"fa":12536,"fi":12634,"bg":13374,"ro":14448,"cs":14641,"nl":16647,"ku":16807,"be":18695,"kn":18969,"mr":20440,"uk":20733,"ml":21028,"ta":22806,"sv":23075,"gu":28910,"pa":29070,"fil":29524,"da":37821,"nn":38373},"pll_sync_post":[],"_links":{"self":[{"href":"https:\/\/shrimataji.org\/test\/wp-json\/wp\/v2\/pages\/38031","targetHints":{"allow":["GET"]}}],"collection":[{"href":"https:\/\/shrimataji.org\/test\/wp-json\/wp\/v2\/pages"}],"about":[{"href":"https:\/\/shrimataji.org\/test\/wp-json\/wp\/v2\/types\/page"}],"author":[{"embeddable":true,"href":"https:\/\/shrimataji.org\/test\/wp-json\/wp\/v2\/users\/1"}],"replies":[{"embeddable":true,"href":"https:\/\/shrimataji.org\/test\/wp-json\/wp\/v2\/comments?post=38031"}],"version-history":[{"count":0,"href":"https:\/\/shrimataji.org\/test\/wp-json\/wp\/v2\/pages\/38031\/revisions"}],"wp:featuredmedia":[{"embeddable":true,"href":"https:\/\/shrimataji.org\/test\/wp-json\/wp\/v2\/media\/38032"}],"wp:attachment":[{"href":"https:\/\/shrimataji.org\/test\/wp-json\/wp\/v2\/media?parent=38031"}],"curies":[{"name":"wp","href":"https:\/\/api.w.org\/{rel}","templated":true}]}}