{"id":38035,"date":"2022-01-29T09:27:08","date_gmt":"2022-01-29T09:27:08","guid":{"rendered":"https:\/\/test.shrimataji.org\/?page_id=6380"},"modified":"2026-04-22T11:24:04","modified_gmt":"2026-04-22T11:24:04","slug":"sztuka-wewnetrznego-wzrostu","status":"publish","type":"page","link":"https:\/\/shrimataji.org\/test\/pl\/sztuka-wewnetrznego-wzrostu\/","title":{"rendered":"Sztuka wewn\u0119trznego wzrostu"},"content":{"rendered":"\n\n\t<h1>Sztuka wewn\u0119trznego wzrostu<\/h1>\n<h2>Odkryj sw\u00f3j prawdziwy wewn\u0119trzny potencja\u0142<\/h2>\n<div class=\"su-quote su-quote-style-default\"><div class=\"su-quote-inner su-u-clearfix su-u-trim\"> Kiedy zaczynamy dostrzega\u0107 rozw\u00f3j zewn\u0119trzny, kt\u00f3ry naturalnie osi\u0105gamy, konieczny staje si\u0119 r\u00f3wnie\u017c rozw\u00f3j wewn\u0119trzny. Tak jak w przypadku drzewa &#8211; im wy\u017cej ro\u015bnie, tym g\u0142\u0119biej zapuszczaj\u0105 si\u0119 jego korzenie. <\/div><\/div>\n<h4>Nasz wewn\u0119trzny rozw\u00f3j w <a href=\"https:\/\/shrimataji.org\/test\/pl\/medytacja-sahadza-joga\/\" target=\"_blank\" rel=\"noopener\">medytacji Sahad\u017aa Jogi<\/a> jest ca\u0142kowicie naturalny i spontaniczny. Nie istnieje \u017cadna szczeg\u00f3lna technika, kt\u00f3r\u0105 mogliby\u015bmy zastosowa\u0107 za pomoc\u0105 umys\u0142u czy intelektu, aby wymusi\u0107 lub przyspieszy\u0107 ten proces. Tak jak nie ma metody, dzi\u0119ki kt\u00f3rej nasiono staje si\u0119 ro\u015blin\u0105, a kwiat owocem &#8211; to Matka Natura spontanicznie urzeczywistnia te procesy &#8211; tak samo nasza <a href=\"https:\/\/shrimataji.org\/test\/pl\/kundalini\/\" target=\"_blank\" rel=\"noopener\">Kundalini<\/a>, b\u0119d\u0105ca w nas matczyn\u0105, opieku\u0144cz\u0105 si\u0142\u0105, rozwija ca\u0142y subtelny system poprzez z\u0142o\u017con\u0105 sie\u0107 <a href=\"https:\/\/shrimataji.org\/test\/pl\/czakry-i-ich-cechy\/\" target=\"_blank\" rel=\"noopener\">czakr<\/a> i <a href=\"https:\/\/shrimataji.org\/test\/pl\/nadi-i-trzy-usposobienia\/\" target=\"_blank\" rel=\"noopener\">nadi<\/a>, prowadz\u0105c do pe\u0142nego rozkwitu naszej \u015bwiadomo\u015bci duchowej.<\/h4>\n<p>To w\u0142a\u015bnie poprzez pe\u0142ne przebudzenie duchowej \u015bwiadomo\u015bci jednoczymy si\u0119 z naszym prawdziwym wewn\u0119trznym potencja\u0142em, kt\u00f3ry harmonijnie integruje cia\u0142o, umys\u0142, emocje i intelekt. Przed samorealizacj\u0105 serce pragnie jednego, intelekt podpowiada co\u015b innego, a cia\u0142o reaguje jeszcze inaczej. Regularna praktyka medytacji Sahad\u017aa Jogi ustanawia subtelne po\u0142\u0105czenie mi\u0119dzy sercem, uwag\u0105, umys\u0142em, cia\u0142em i intelektem, co pozwala nam do\u015bwiadcza\u0107 stanu harmonijnego przep\u0142ywu we wszystkich aspektach \u017cycia.<\/p>\n<p>Osi\u0105gaj\u0105c t\u0119 wewn\u0119trzn\u0105 harmoni\u0119, dostrzegamy, \u017ce wywiera ona g\u0142\u0119boki wp\u0142yw na nasze otoczenie &#8211; zar\u00f3wno w pracy, w rodzinie, jak i w spo\u0142ecze\u0144stwie, w kt\u00f3rym \u017cyjemy. Nie musimy przyjmowa\u0107 okre\u015blonego sposobu my\u015blenia ani m\u00f3wi\u0107 w okre\u015blony spos\u00f3b &#8211; to nasze duchowe aury (siedem aur otaczaj\u0105cych serce i czakry) zostaj\u0105 o\u015bwiecone i zaczynaj\u0105 dynamicznie oddzia\u0142ywa\u0107 na wszystko, co nas otacza.<\/p>\n<div class=\"su-quote su-quote-style-default\"><div class=\"su-quote-inner su-u-clearfix su-u-trim\"> Jest to nic innego jak wewn\u0119trzny wzrost naszych korzeni, dokonuj\u0105cy si\u0119 poprzez wznoszenie si\u0119 Kundalini&#8230; Wystarczy po\u015bwi\u0119ci\u0107 troch\u0119 czasu, przychodzi\u0107 na spotkania kolektywne i rozwija\u0107 si\u0119 w Sahad\u017aa Jodze. <\/div><\/div>\n\n","protected":false},"excerpt":{"rendered":"<p>Sztuka wewn\u0119trznego wzrostu Odkryj sw\u00f3j prawdziwy wewn\u0119trzny potencja\u0142 Nasz wewn\u0119trzny rozw\u00f3j w medytacji Sahad\u017aa Jogi jest ca\u0142kowicie naturalny i spontaniczny. Nie istnieje \u017cadna szczeg\u00f3lna technika, kt\u00f3r\u0105 mogliby\u015bmy zastosowa\u0107 za pomoc\u0105 umys\u0142u czy intelektu, aby wymusi\u0107 lub przyspieszy\u0107 ten proces. Tak jak nie ma metody, dzi\u0119ki kt\u00f3rej nasiono staje si\u0119 ro\u015blin\u0105, a kwiat owocem &#8211; to&hellip; <br \/> <a class=\"read-more\" href=\"https:\/\/shrimataji.org\/test\/pl\/sztuka-wewnetrznego-wzrostu\/\">Read more<\/a><\/p>\n","protected":false},"author":1,"featured_media":38036,"parent":0,"menu_order":0,"comment_status":"closed","ping_status":"closed","template":"","meta":{"inline_featured_image":false,"footnotes":""},"class_list":["post-38035","page","type-page","status-publish","has-post-thumbnail","hentry"],"yoast_head":"<!-- This site is optimized with the Yoast SEO plugin v27.4 - https:\/\/yoast.com\/product\/yoast-seo-wordpress\/ -->\n<title>Sztuka wewn\u0119trznego wzrostu - TEST - SMND<\/title>\n<meta name=\"robots\" content=\"noindex, follow, max-snippet:-1, max-image-preview:large, max-video-preview:-1\" \/>\n<meta property=\"og:locale\" content=\"en_US\" \/>\n<meta property=\"og:type\" content=\"article\" \/>\n<meta property=\"og:title\" content=\"Sztuka wewn\u0119trznego wzrostu - TEST - SMND\" \/>\n<meta property=\"og:description\" content=\"Sztuka wewn\u0119trznego wzrostu Odkryj sw\u00f3j prawdziwy wewn\u0119trzny potencja\u0142 Nasz wewn\u0119trzny rozw\u00f3j w medytacji Sahad\u017aa Jogi jest ca\u0142kowicie naturalny i spontaniczny. Nie istnieje \u017cadna szczeg\u00f3lna technika, kt\u00f3r\u0105 mogliby\u015bmy zastosowa\u0107 za pomoc\u0105 umys\u0142u czy intelektu, aby wymusi\u0107 lub przyspieszy\u0107 ten proces. Tak jak nie ma metody, dzi\u0119ki kt\u00f3rej nasiono staje si\u0119 ro\u015blin\u0105, a kwiat owocem &#8211; to&hellip; Read more\" \/>\n<meta property=\"og:url\" content=\"https:\/\/shrimataji.org\/test\/pl\/sztuka-wewnetrznego-wzrostu\/\" \/>\n<meta property=\"og:site_name\" content=\"TEST - SMND\" \/>\n<meta property=\"article:publisher\" content=\"https:\/\/www.facebook.com\/shrimataji\" \/>\n<meta property=\"article:modified_time\" content=\"2026-04-22T11:24:04+00:00\" \/>\n<meta property=\"og:image\" content=\"https:\/\/shrimataji.org\/test\/wp-content\/uploads\/2023\/03\/23_Banner-SY-Growth-scaled.jpg\" \/>\n\t<meta property=\"og:image:width\" content=\"2560\" \/>\n\t<meta property=\"og:image:height\" content=\"905\" \/>\n\t<meta property=\"og:image:type\" content=\"image\/jpeg\" \/>\n<meta name=\"twitter:card\" content=\"summary_large_image\" \/>\n<meta name=\"twitter:site\" content=\"@shrimataji\" \/>\n<meta name=\"twitter:label1\" content=\"Est. reading time\" \/>\n\t<meta name=\"twitter:data1\" content=\"2 minutes\" \/>\n<script type=\"application\/ld+json\" class=\"yoast-schema-graph\">{\"@context\":\"https:\\\/\\\/schema.org\",\"@graph\":[{\"@type\":\"WebPage\",\"@id\":\"https:\\\/\\\/shrimataji.org\\\/test\\\/pl\\\/sztuka-wewnetrznego-wzrostu\\\/\",\"url\":\"https:\\\/\\\/shrimataji.org\\\/test\\\/pl\\\/sztuka-wewnetrznego-wzrostu\\\/\",\"name\":\"Sztuka wewn\u0119trznego wzrostu - TEST - SMND\",\"isPartOf\":{\"@id\":\"https:\\\/\\\/shrimataji.org\\\/test\\\/#website\"},\"primaryImageOfPage\":{\"@id\":\"https:\\\/\\\/shrimataji.org\\\/test\\\/pl\\\/sztuka-wewnetrznego-wzrostu\\\/#primaryimage\"},\"image\":{\"@id\":\"https:\\\/\\\/shrimataji.org\\\/test\\\/pl\\\/sztuka-wewnetrznego-wzrostu\\\/#primaryimage\"},\"thumbnailUrl\":\"https:\\\/\\\/shrimataji.org\\\/test\\\/wp-content\\\/uploads\\\/2023\\\/03\\\/23_Banner-SY-Growth-scaled.jpg\",\"datePublished\":\"2022-01-29T09:27:08+00:00\",\"dateModified\":\"2026-04-22T11:24:04+00:00\",\"breadcrumb\":{\"@id\":\"https:\\\/\\\/shrimataji.org\\\/test\\\/pl\\\/sztuka-wewnetrznego-wzrostu\\\/#breadcrumb\"},\"inLanguage\":\"en-US\",\"potentialAction\":[{\"@type\":\"ReadAction\",\"target\":[\"https:\\\/\\\/shrimataji.org\\\/test\\\/pl\\\/sztuka-wewnetrznego-wzrostu\\\/\"]}]},{\"@type\":\"ImageObject\",\"inLanguage\":\"en-US\",\"@id\":\"https:\\\/\\\/shrimataji.org\\\/test\\\/pl\\\/sztuka-wewnetrznego-wzrostu\\\/#primaryimage\",\"url\":\"https:\\\/\\\/shrimataji.org\\\/test\\\/wp-content\\\/uploads\\\/2023\\\/03\\\/23_Banner-SY-Growth-scaled.jpg\",\"contentUrl\":\"https:\\\/\\\/shrimataji.org\\\/test\\\/wp-content\\\/uploads\\\/2023\\\/03\\\/23_Banner-SY-Growth-scaled.jpg\",\"width\":2560,\"height\":905},{\"@type\":\"BreadcrumbList\",\"@id\":\"https:\\\/\\\/shrimataji.org\\\/test\\\/pl\\\/sztuka-wewnetrznego-wzrostu\\\/#breadcrumb\",\"itemListElement\":[{\"@type\":\"ListItem\",\"position\":1,\"name\":\"Home\",\"item\":\"https:\\\/\\\/shrimataji.org\\\/test\\\/uk\\\/home-en\\\/\"},{\"@type\":\"ListItem\",\"position\":2,\"name\":\"Sztuka wewn\u0119trznego wzrostu\"}]},{\"@type\":\"WebSite\",\"@id\":\"https:\\\/\\\/shrimataji.org\\\/test\\\/#website\",\"url\":\"https:\\\/\\\/shrimataji.org\\\/test\\\/\",\"name\":\"Shri Mataji Nirmala Devi\",\"description\":\"A Life Dedicated to Humanity\",\"publisher\":{\"@id\":\"https:\\\/\\\/shrimataji.org\\\/test\\\/#\\\/schema\\\/person\\\/a1b3419c6585f164aa96da1ff85715d1\"},\"potentialAction\":[{\"@type\":\"SearchAction\",\"target\":{\"@type\":\"EntryPoint\",\"urlTemplate\":\"https:\\\/\\\/shrimataji.org\\\/test\\\/?s={search_term_string}\"},\"query-input\":{\"@type\":\"PropertyValueSpecification\",\"valueRequired\":true,\"valueName\":\"search_term_string\"}}],\"inLanguage\":\"en-US\"},{\"@type\":[\"Person\",\"Organization\"],\"@id\":\"https:\\\/\\\/shrimataji.org\\\/test\\\/#\\\/schema\\\/person\\\/a1b3419c6585f164aa96da1ff85715d1\",\"name\":\"Nirmala Shrivastava\",\"image\":{\"@type\":\"ImageObject\",\"inLanguage\":\"en-US\",\"@id\":\"https:\\\/\\\/shrimataji.org\\\/test\\\/wp-content\\\/uploads\\\/2023\\\/02\\\/SMO_LOGO-03.svg\",\"url\":\"https:\\\/\\\/shrimataji.org\\\/test\\\/wp-content\\\/uploads\\\/2023\\\/02\\\/SMO_LOGO-03.svg\",\"contentUrl\":\"https:\\\/\\\/shrimataji.org\\\/test\\\/wp-content\\\/uploads\\\/2023\\\/02\\\/SMO_LOGO-03.svg\",\"width\":\"1024\",\"height\":\"1024\",\"caption\":\"Nirmala Shrivastava\"},\"logo\":{\"@id\":\"https:\\\/\\\/shrimataji.org\\\/test\\\/wp-content\\\/uploads\\\/2023\\\/02\\\/SMO_LOGO-03.svg\"},\"sameAs\":[\"https:\\\/\\\/shrimataji.org\\\/test\",\"https:\\\/\\\/www.facebook.com\\\/shrimataji\",\"https:\\\/\\\/x.com\\\/shrimataji\",\"https:\\\/\\\/www.youtube.com\\\/@Shri_Mataji_Nirmala_Devi\\\/featured\"]}]}<\/script>\n<!-- \/ Yoast SEO plugin. -->","yoast_head_json":{"title":"Sztuka wewn\u0119trznego wzrostu - TEST - SMND","robots":{"index":"noindex","follow":"follow","max-snippet":"max-snippet:-1","max-image-preview":"max-image-preview:large","max-video-preview":"max-video-preview:-1"},"og_locale":"en_US","og_type":"article","og_title":"Sztuka wewn\u0119trznego wzrostu - TEST - SMND","og_description":"Sztuka wewn\u0119trznego wzrostu Odkryj sw\u00f3j prawdziwy wewn\u0119trzny potencja\u0142 Nasz wewn\u0119trzny rozw\u00f3j w medytacji Sahad\u017aa Jogi jest ca\u0142kowicie naturalny i spontaniczny. Nie istnieje \u017cadna szczeg\u00f3lna technika, kt\u00f3r\u0105 mogliby\u015bmy zastosowa\u0107 za pomoc\u0105 umys\u0142u czy intelektu, aby wymusi\u0107 lub przyspieszy\u0107 ten proces. Tak jak nie ma metody, dzi\u0119ki kt\u00f3rej nasiono staje si\u0119 ro\u015blin\u0105, a kwiat owocem &#8211; to&hellip; Read more","og_url":"https:\/\/shrimataji.org\/test\/pl\/sztuka-wewnetrznego-wzrostu\/","og_site_name":"TEST - SMND","article_publisher":"https:\/\/www.facebook.com\/shrimataji","article_modified_time":"2026-04-22T11:24:04+00:00","og_image":[{"width":2560,"height":905,"url":"https:\/\/shrimataji.org\/test\/wp-content\/uploads\/2023\/03\/23_Banner-SY-Growth-scaled.jpg","type":"image\/jpeg"}],"twitter_card":"summary_large_image","twitter_site":"@shrimataji","twitter_misc":{"Est. reading time":"2 minutes"},"schema":{"@context":"https:\/\/schema.org","@graph":[{"@type":"WebPage","@id":"https:\/\/shrimataji.org\/test\/pl\/sztuka-wewnetrznego-wzrostu\/","url":"https:\/\/shrimataji.org\/test\/pl\/sztuka-wewnetrznego-wzrostu\/","name":"Sztuka wewn\u0119trznego wzrostu - TEST - SMND","isPartOf":{"@id":"https:\/\/shrimataji.org\/test\/#website"},"primaryImageOfPage":{"@id":"https:\/\/shrimataji.org\/test\/pl\/sztuka-wewnetrznego-wzrostu\/#primaryimage"},"image":{"@id":"https:\/\/shrimataji.org\/test\/pl\/sztuka-wewnetrznego-wzrostu\/#primaryimage"},"thumbnailUrl":"https:\/\/shrimataji.org\/test\/wp-content\/uploads\/2023\/03\/23_Banner-SY-Growth-scaled.jpg","datePublished":"2022-01-29T09:27:08+00:00","dateModified":"2026-04-22T11:24:04+00:00","breadcrumb":{"@id":"https:\/\/shrimataji.org\/test\/pl\/sztuka-wewnetrznego-wzrostu\/#breadcrumb"},"inLanguage":"en-US","potentialAction":[{"@type":"ReadAction","target":["https:\/\/shrimataji.org\/test\/pl\/sztuka-wewnetrznego-wzrostu\/"]}]},{"@type":"ImageObject","inLanguage":"en-US","@id":"https:\/\/shrimataji.org\/test\/pl\/sztuka-wewnetrznego-wzrostu\/#primaryimage","url":"https:\/\/shrimataji.org\/test\/wp-content\/uploads\/2023\/03\/23_Banner-SY-Growth-scaled.jpg","contentUrl":"https:\/\/shrimataji.org\/test\/wp-content\/uploads\/2023\/03\/23_Banner-SY-Growth-scaled.jpg","width":2560,"height":905},{"@type":"BreadcrumbList","@id":"https:\/\/shrimataji.org\/test\/pl\/sztuka-wewnetrznego-wzrostu\/#breadcrumb","itemListElement":[{"@type":"ListItem","position":1,"name":"Home","item":"https:\/\/shrimataji.org\/test\/uk\/home-en\/"},{"@type":"ListItem","position":2,"name":"Sztuka wewn\u0119trznego wzrostu"}]},{"@type":"WebSite","@id":"https:\/\/shrimataji.org\/test\/#website","url":"https:\/\/shrimataji.org\/test\/","name":"Shri Mataji Nirmala Devi","description":"A Life Dedicated to Humanity","publisher":{"@id":"https:\/\/shrimataji.org\/test\/#\/schema\/person\/a1b3419c6585f164aa96da1ff85715d1"},"potentialAction":[{"@type":"SearchAction","target":{"@type":"EntryPoint","urlTemplate":"https:\/\/shrimataji.org\/test\/?s={search_term_string}"},"query-input":{"@type":"PropertyValueSpecification","valueRequired":true,"valueName":"search_term_string"}}],"inLanguage":"en-US"},{"@type":["Person","Organization"],"@id":"https:\/\/shrimataji.org\/test\/#\/schema\/person\/a1b3419c6585f164aa96da1ff85715d1","name":"Nirmala Shrivastava","image":{"@type":"ImageObject","inLanguage":"en-US","@id":"https:\/\/shrimataji.org\/test\/wp-content\/uploads\/2023\/02\/SMO_LOGO-03.svg","url":"https:\/\/shrimataji.org\/test\/wp-content\/uploads\/2023\/02\/SMO_LOGO-03.svg","contentUrl":"https:\/\/shrimataji.org\/test\/wp-content\/uploads\/2023\/02\/SMO_LOGO-03.svg","width":"1024","height":"1024","caption":"Nirmala Shrivastava"},"logo":{"@id":"https:\/\/shrimataji.org\/test\/wp-content\/uploads\/2023\/02\/SMO_LOGO-03.svg"},"sameAs":["https:\/\/shrimataji.org\/test","https:\/\/www.facebook.com\/shrimataji","https:\/\/x.com\/shrimataji","https:\/\/www.youtube.com\/@Shri_Mataji_Nirmala_Devi\/featured"]}]}},"lang":"pl","translations":{"pl":38035,"ur":37517,"en":6380,"am":18092,"th":20084,"hu":19582,"ar":16988,"sq":18493,"zh":17390,"hi":7883,"tr":10220,"pt":10428,"de":10702,"fr":10800,"it":10898,"es":10995,"ja":11293,"ru":11481,"bn":11672,"te":11780,"sw":11903,"he":12051,"el":12343,"sk":12441,"fa":12539,"fi":12637,"bg":13405,"ro":14479,"cs":14672,"nl":16652,"ku":16812,"be":18700,"kn":18974,"mr":20448,"uk":20741,"ml":21036,"ta":22811,"sv":23080,"gu":28915,"pa":29075,"fil":29529,"da":37825,"nn":38377},"pll_sync_post":[],"_links":{"self":[{"href":"https:\/\/shrimataji.org\/test\/wp-json\/wp\/v2\/pages\/38035","targetHints":{"allow":["GET"]}}],"collection":[{"href":"https:\/\/shrimataji.org\/test\/wp-json\/wp\/v2\/pages"}],"about":[{"href":"https:\/\/shrimataji.org\/test\/wp-json\/wp\/v2\/types\/page"}],"author":[{"embeddable":true,"href":"https:\/\/shrimataji.org\/test\/wp-json\/wp\/v2\/users\/1"}],"replies":[{"embeddable":true,"href":"https:\/\/shrimataji.org\/test\/wp-json\/wp\/v2\/comments?post=38035"}],"version-history":[{"count":0,"href":"https:\/\/shrimataji.org\/test\/wp-json\/wp\/v2\/pages\/38035\/revisions"}],"wp:featuredmedia":[{"embeddable":true,"href":"https:\/\/shrimataji.org\/test\/wp-json\/wp\/v2\/media\/38036"}],"wp:attachment":[{"href":"https:\/\/shrimataji.org\/test\/wp-json\/wp\/v2\/media?parent=38035"}],"curies":[{"name":"wp","href":"https:\/\/api.w.org\/{rel}","templated":true}]}}