{"id":38037,"date":"2018-07-10T06:54:50","date_gmt":"2018-07-10T06:54:50","guid":{"rendered":"http:\/\/testwordpress.nirmalnagari.org\/smnd\/index.php\/the-culmination\/"},"modified":"2026-04-22T11:19:14","modified_gmt":"2026-04-22T11:19:14","slug":"kulminacja","status":"publish","type":"page","link":"https:\/\/shrimataji.org\/test\/pl\/kulminacja\/","title":{"rendered":"Kulminacja"},"content":{"rendered":"\n\n\t<h1>Kulminacja<\/h1>\n<h2>Pokorne oddanie czci<\/h2>\n\t<h4>\u015ari Matad\u017ai od najm\u0142odszych lat wiedzia\u0142a, \u017ce jej ostatecznym celem jest wspieranie duchowej ewolucji ludzko\u015bci. Jednak dopiero w wieku 47 lat, gdy jej dwie c\u00f3rki wysz\u0142y za m\u0105\u017c, podj\u0119\u0142a dzie\u0142o, kt\u00f3re zdefiniowa\u0142o jej \u017cycie.<\/h4>\n\t<p>Prze\u0142om nast\u0105pi\u0142 w Nargol, ma\u0142ej wiosce w stanie Gud\u017carat w Indiach. <a href=\"https:\/\/shrimataji.org\/test\/pl\/przelomowy-moment\/\" target=\"_blank\" rel=\"noopener\">5 maja 1970 roku<\/a>, po okresie g\u0142\u0119bokiej medytacji, \u015ari Matad\u017ai do\u015bwiadczy\u0142a g\u0142\u0119bokiego urzeczywistnienia \u015bwiadomo\u015bci i prawdy, kt\u00f3re inspirowa\u0142o jej dzia\u0142ania przez kolejne czterdzie\u015bci lat.<\/p>\n<figure itemscope itemtype=\"https:\/\/schema.org\/ImageObject\">\n\t\t\t\t<img decoding=\"async\" src=\"https:\/\/shrimataji.org\/test\/wp-content\/uploads\/2018\/07\/media_originals\/images\/shri-mataji-teaching-sahaja-yoga\/shri-mataji-nirmala-devi-teaching-sahaja-yoga-meditation-in-india.jpg\" alt=\"Shri Mataji opettaa Sahaja Yoga -meditaatiota Intiassa\" height=\"541\" width=\"721\" title=\"Shri Mataji opettaa Sahaja Yoga -meditaatiota Intiassa\" onerror=\"this.style.display='none'\" loading=\"lazy\" \/>\n\t\t\n\t<\/figure>\n\t<p>Od tego momentu \u015ari Matad\u017ai po\u015bwi\u0119ci\u0142a si\u0119 szerzeniu przes\u0142ania, \u017ce samorealizacja jest w zasi\u0119gu ka\u017cdego cz\u0142owieka, poprzez praktyk\u0119 prostej formy medytacji, kt\u00f3r\u0105 nazwa\u0142a Sahad\u017aa Joga &#8211; sanskryckim terminem oznaczaj\u0105cym \u201espontaniczne zjednoczenie&#8221; indywidualnej ja\u017ani z wszechprzenikaj\u0105c\u0105, tw\u00f3rcz\u0105 energi\u0105 wszech\u015bwiata. Podkre\u015bla\u0142a, \u017ce samorealizacja jest dost\u0119pna dla wszystkich bez wyj\u0105tku, i pokazywa\u0142a, jak przekazywa\u0107 to do\u015bwiadczenie innym &#8211; \u201ejak jedna \u015bwieca zapala drug\u0105&#8221;.<\/p>\n<p>\u015ari Matad\u017ai zaczyna\u0142a na niewielk\u0105 skal\u0119, z garstk\u0105 \u017carliwych poszukiwaczy prawdy w Mumbaju i Londynie. W tym okresie, a\u017c do po\u0142owy lat 80., by\u0142a bardzo bezpo\u015brednio obecna i pe\u0142na matczynej troski &#8211; gotowa\u0142a, jad\u0142a, robi\u0142a zakupy, chodzi\u0142a do kina, a przede wszystkim regularnie medytowa\u0142a ze swoj\u0105 rosn\u0105c\u0105 duchow\u0105 rodzin\u0105.<\/p>\n\t<p>Jej m\u0105\u017c, Sir C.P. Srivastava, Sekretarz Generalny Mi\u0119dzynarodowej Organizacji Morskiej ONZ, by\u0142 pocz\u0105tkowo zaskoczony \u201eotwartymi drzwiami&#8221; swojej \u017cony, lecz z czasem r\u00f3wnie\u017c zainspirowa\u0142 si\u0119 jej wsp\u00f3\u0142czuciem i pragnieniem pomagania innym. Widzia\u0142, jak przyjmowa\u0142a ludzi do swojego domu, dawa\u0142a im samorealizacj\u0119, otacza\u0142a opiek\u0105 i uczy\u0142a, jak uzdrawia\u0107 si\u0119 dzi\u0119ki technikom Sahad\u017aa Jogi. O jednym z takich wydarze\u0144 powiedzia\u0142: \u201eWtedy zacz\u0105\u0142em dostrzega\u0107, jak dokonuje si\u0119 cud. Traktowa\u0142a tego m\u0142odego cz\u0142owieka z wielk\u0105 trosk\u0105 i mi\u0142o\u015bci\u0105 poprzez Sahad\u017aa Jog\u0119, a on zacz\u0105\u0142 si\u0119 przemienia\u0107&#8230;&#8221;<\/p>\n\t<p>Cho\u0107 \u015ari Matad\u017ai by\u0142a ju\u017c znana jako \u017cona wybitnego dyplomaty, zacz\u0119\u0142a odgrywa\u0107 coraz bardziej publiczn\u0105 rol\u0119 &#8211; przemawia\u0142a na spotkaniach, udziela\u0142a wywiad\u00f3w, wyg\u0142asza\u0142a wyk\u0142ady, a przede wszystkim dzieli\u0142a si\u0119 do\u015bwiadczeniem samorealizacji ze wszystkimi, kt\u00f3rzy tego pragn\u0119li. Przyci\u0105ga\u0142a ludzi swoim przes\u0142aniem prawdy, niewyczerpan\u0105 energi\u0105 i niezwyk\u0142ym poczuciem humoru. Stopniowo praktyka Sahad\u017aa Jogi zakorzeni\u0142a si\u0119 w Wielkiej Brytanii i Indiach, a nast\u0119pnie rozprzestrzeni\u0142a si\u0119 w Europie, Stanach Zjednoczonych i na ca\u0142ym \u015bwiecie.<\/p>\n<p>W latach 90. \u015ari Matad\u017ai sta\u0142a si\u0119 postaci\u0105 o \u015bwiatowym znaczeniu, przyci\u0105gaj\u0105c uwag\u0119 medi\u00f3w oraz otrzymuj\u0105c liczne wyrazy uznania i nagrody. Zosta\u0142a nominowana do Pokojowej Nagrody Nobla, a Claes Nobel, krewny Alfreda Nobla i przewodnicz\u0105cy United Earth Foundation, powiedzia\u0142: \u201e\u015ari Matad\u017ai daje nam moc, aby\u015bmy stali si\u0119 panami w\u0142asnego losu&#8221;. Zosta\u0142a zaproszona do wyg\u0142oszenia przem\u00f3wie\u0144 w siedzibie ONZ w Nowym Jorku oraz na <a href=\"https:\/\/shrimataji.org\/test\/pl\/swiatowa-konferencja-onz-w-sprawie-kobiet\/\" target=\"_blank\" rel=\"noopener\">Konferencji ONZ ds. Kobiet w Pekinie.<\/a> Wiele miast i region\u00f3w ustanowi\u0142o dzie\u0144 ku jej czci.<\/p>\n<p>\u015ari Matad\u017ai za\u0142o\u017cy\u0142a liczne organizacje pozarz\u0105dowe, w tym Mi\u0119dzynarodowy Szpital i Centrum Bada\u0144 nad Rakiem w pobli\u017cu Mumbaju oraz Nirmal Prem &#8211; dom dla kobiet w potrzebie na obrze\u017cach Nowego Delhi. Do dzi\u015b instytucje te wykorzystuj\u0105 techniki Sahad\u017aa Jogi, pomagaj\u0105c ludziom przezwyci\u0119\u017ca\u0107 problemy takie jak choroby i uzale\u017cnienia oraz odnajdywa\u0107 rado\u015b\u0107 i sens \u017cycia.<\/p>\n<p>Mimo \u015bwiatowej s\u0142awy \u015ari Matad\u017ai pozosta\u0142a osob\u0105 pe\u0142n\u0105 wsp\u00f3\u0142czucia, \u017cyczliw\u0105 i skromn\u0105. Jej cel ani przes\u0142anie nigdy si\u0119 nie zmieni\u0142y. Jak napisa\u0142a w swojej ksi\u0105\u017cce \u201eMeta Modern Era&#8221;: \u201eIstnieje wszechprzenikaj\u0105ca rado\u015b\u0107 Boskiej mi\u0142o\u015bci i pragn\u0119, aby ka\u017cdy m\u00f3g\u0142 jej do\u015bwiadczy\u0107&#8221;. <a href=\"#citation-note-1\"><sup>[1]<\/sup><\/a><\/p>\n<p>\u015ari Matad\u017ai podr\u00f3\u017cowa\u0142a po \u015bwiecie a\u017c do ko\u0144ca swojego \u017cycia, cho\u0107 w p\u00f3\u017aniejszych latach rzadziej wyst\u0119powa\u0142a publicznie, po\u015bwi\u0119caj\u0105c wi\u0119cej czasu najbli\u017cszej rodzinie.<\/p>\n<p>23 lutego 2011 roku \u015ari Matad\u017ai odesz\u0142a spokojnie w wieku 87 lat. Jej dziedzictwo trwa, a do\u015bwiadczenie samorealizacji nadal przemienia niezliczone ludzkie \u017cycia.<\/p>\n<figure itemscope itemtype=\"https:\/\/schema.org\/ImageObject\">\n\t\t\t\t<img decoding=\"async\" src=\"https:\/\/shrimataji.org\/test\/wp-content\/uploads\/2024\/11\/EN_Nirmaldham_inside.jpg\" alt=\"Nirmal Dham, Delhi, India\n\" height=\"400\" width=\"600\" title=\"EN_Nirmaldham_inside\" onerror=\"this.style.display='none'\" loading=\"lazy\" \/>\n\t\t<figcaption>Nirmal Dham, Delhi, Indie<\/figcaption>\n\t<\/figure>\n<figure itemscope itemtype=\"https:\/\/schema.org\/ImageObject\">\n\t\t\t\t<img decoding=\"async\" src=\"https:\/\/shrimataji.org\/test\/wp-content\/uploads\/2024\/11\/EN_Nirmaldham.jpg\" alt=\"Nirmal Dham, Delhi, India\" height=\"521\" width=\"521\" title=\"EN_Nirmaldham\" onerror=\"this.style.display='none'\" loading=\"lazy\" \/>\n\t\t<figcaption>Nirmal Dham, Delhi, Indie<\/figcaption>\n\t<\/figure>\n\t<div class=\"su-quote su-quote-style-default\"><div class=\"su-quote-inner su-u-clearfix su-u-trim\">Nale\u017cy u\u015bwiadomi\u0107 sobie, \u017ce wszyscy jeste\u015bmy zwi\u0105zani wsp\u00f3ln\u0105 zasad\u0105 \u017cycia&#8230; \u017ce w ka\u017cdym z nas znajduje si\u0119 Kundalini&#8230; powinni\u015bmy darzy\u0107 szacunkiem wszystkich ludzi, bez wzgl\u0119du na nar\u00f3d, kraj czy kolor sk\u00f3ry, poniewa\u017c ka\u017cdy posiada Kundalini. <\/div><\/div>\n\t<hr \/>\n<h3>1. <a href=\"#citation-ref-1\">^<\/a> <a name=\"citation-note-1\"><\/a>\u015ari Matad\u017ai Nirmala Devi, \u201eMeta Modern Era&#8221;, Pune: Vishwa Nirmala Dharma, 1995.<\/h3>\n\n","protected":false},"excerpt":{"rendered":"<p>Kulminacja Pokorne oddanie czci \u015ari Matad\u017ai od najm\u0142odszych lat wiedzia\u0142a, \u017ce jej ostatecznym celem jest wspieranie duchowej ewolucji ludzko\u015bci. Jednak dopiero w wieku 47 lat, gdy jej dwie c\u00f3rki wysz\u0142y za m\u0105\u017c, podj\u0119\u0142a dzie\u0142o, kt\u00f3re zdefiniowa\u0142o jej \u017cycie. Prze\u0142om nast\u0105pi\u0142 w Nargol, ma\u0142ej wiosce w stanie Gud\u017carat w Indiach. 5 maja 1970 roku, po okresie&hellip; <br \/> <a class=\"read-more\" href=\"https:\/\/shrimataji.org\/test\/pl\/kulminacja\/\">Read more<\/a><\/p>\n","protected":false},"author":1,"featured_media":39911,"parent":0,"menu_order":0,"comment_status":"closed","ping_status":"closed","template":"","meta":{"inline_featured_image":false,"footnotes":""},"class_list":["post-38037","page","type-page","status-publish","has-post-thumbnail","hentry"],"yoast_head":"<!-- This site is optimized with the Yoast SEO plugin v27.4 - https:\/\/yoast.com\/product\/yoast-seo-wordpress\/ -->\n<title>Kulminacja - TEST - SMND<\/title>\n<meta name=\"robots\" content=\"noindex, follow, max-snippet:-1, max-image-preview:large, max-video-preview:-1\" \/>\n<meta property=\"og:locale\" content=\"en_US\" \/>\n<meta property=\"og:type\" content=\"article\" \/>\n<meta property=\"og:title\" content=\"Kulminacja - TEST - SMND\" \/>\n<meta property=\"og:description\" content=\"Kulminacja Pokorne oddanie czci \u015ari Matad\u017ai od najm\u0142odszych lat wiedzia\u0142a, \u017ce jej ostatecznym celem jest wspieranie duchowej ewolucji ludzko\u015bci. Jednak dopiero w wieku 47 lat, gdy jej dwie c\u00f3rki wysz\u0142y za m\u0105\u017c, podj\u0119\u0142a dzie\u0142o, kt\u00f3re zdefiniowa\u0142o jej \u017cycie. Prze\u0142om nast\u0105pi\u0142 w Nargol, ma\u0142ej wiosce w stanie Gud\u017carat w Indiach. 5 maja 1970 roku, po okresie&hellip; Read more\" \/>\n<meta property=\"og:url\" content=\"https:\/\/shrimataji.org\/test\/pl\/kulminacja\/\" \/>\n<meta property=\"og:site_name\" content=\"TEST - SMND\" \/>\n<meta property=\"article:publisher\" content=\"https:\/\/www.facebook.com\/shrimataji\" \/>\n<meta property=\"article:modified_time\" content=\"2026-04-22T11:19:14+00:00\" \/>\n<meta property=\"og:image\" content=\"https:\/\/shrimataji.org\/test\/wp-content\/uploads\/2018\/07\/fp11-e1588597806347.jpg\" \/>\n\t<meta property=\"og:image:width\" content=\"707\" \/>\n\t<meta property=\"og:image:height\" content=\"700\" \/>\n\t<meta property=\"og:image:type\" content=\"image\/jpeg\" \/>\n<meta name=\"twitter:card\" content=\"summary_large_image\" \/>\n<meta name=\"twitter:site\" content=\"@shrimataji\" \/>\n<meta name=\"twitter:label1\" content=\"Est. reading time\" \/>\n\t<meta name=\"twitter:data1\" content=\"4 minutes\" \/>\n<script type=\"application\/ld+json\" class=\"yoast-schema-graph\">{\"@context\":\"https:\\\/\\\/schema.org\",\"@graph\":[{\"@type\":\"WebPage\",\"@id\":\"https:\\\/\\\/shrimataji.org\\\/test\\\/pl\\\/kulminacja\\\/\",\"url\":\"https:\\\/\\\/shrimataji.org\\\/test\\\/pl\\\/kulminacja\\\/\",\"name\":\"Kulminacja - TEST - SMND\",\"isPartOf\":{\"@id\":\"https:\\\/\\\/shrimataji.org\\\/test\\\/#website\"},\"primaryImageOfPage\":{\"@id\":\"https:\\\/\\\/shrimataji.org\\\/test\\\/pl\\\/kulminacja\\\/#primaryimage\"},\"image\":{\"@id\":\"https:\\\/\\\/shrimataji.org\\\/test\\\/pl\\\/kulminacja\\\/#primaryimage\"},\"thumbnailUrl\":\"https:\\\/\\\/shrimataji.org\\\/test\\\/wp-content\\\/uploads\\\/2026\\\/04\\\/pl-Banner-TheCulmination-3-1-1920x800-1.avif\",\"datePublished\":\"2018-07-10T06:54:50+00:00\",\"dateModified\":\"2026-04-22T11:19:14+00:00\",\"breadcrumb\":{\"@id\":\"https:\\\/\\\/shrimataji.org\\\/test\\\/pl\\\/kulminacja\\\/#breadcrumb\"},\"inLanguage\":\"en-US\",\"potentialAction\":[{\"@type\":\"ReadAction\",\"target\":[\"https:\\\/\\\/shrimataji.org\\\/test\\\/pl\\\/kulminacja\\\/\"]}]},{\"@type\":\"ImageObject\",\"inLanguage\":\"en-US\",\"@id\":\"https:\\\/\\\/shrimataji.org\\\/test\\\/pl\\\/kulminacja\\\/#primaryimage\",\"url\":\"https:\\\/\\\/shrimataji.org\\\/test\\\/wp-content\\\/uploads\\\/2026\\\/04\\\/pl-Banner-TheCulmination-3-1-1920x800-1.avif\",\"contentUrl\":\"https:\\\/\\\/shrimataji.org\\\/test\\\/wp-content\\\/uploads\\\/2026\\\/04\\\/pl-Banner-TheCulmination-3-1-1920x800-1.avif\",\"width\":1920,\"height\":800},{\"@type\":\"BreadcrumbList\",\"@id\":\"https:\\\/\\\/shrimataji.org\\\/test\\\/pl\\\/kulminacja\\\/#breadcrumb\",\"itemListElement\":[{\"@type\":\"ListItem\",\"position\":1,\"name\":\"Home\",\"item\":\"https:\\\/\\\/shrimataji.org\\\/test\\\/uk\\\/home-en\\\/\"},{\"@type\":\"ListItem\",\"position\":2,\"name\":\"Kulminacja\"}]},{\"@type\":\"WebSite\",\"@id\":\"https:\\\/\\\/shrimataji.org\\\/test\\\/#website\",\"url\":\"https:\\\/\\\/shrimataji.org\\\/test\\\/\",\"name\":\"Shri Mataji Nirmala Devi\",\"description\":\"A Life Dedicated to Humanity\",\"publisher\":{\"@id\":\"https:\\\/\\\/shrimataji.org\\\/test\\\/#\\\/schema\\\/person\\\/a1b3419c6585f164aa96da1ff85715d1\"},\"potentialAction\":[{\"@type\":\"SearchAction\",\"target\":{\"@type\":\"EntryPoint\",\"urlTemplate\":\"https:\\\/\\\/shrimataji.org\\\/test\\\/?s={search_term_string}\"},\"query-input\":{\"@type\":\"PropertyValueSpecification\",\"valueRequired\":true,\"valueName\":\"search_term_string\"}}],\"inLanguage\":\"en-US\"},{\"@type\":[\"Person\",\"Organization\"],\"@id\":\"https:\\\/\\\/shrimataji.org\\\/test\\\/#\\\/schema\\\/person\\\/a1b3419c6585f164aa96da1ff85715d1\",\"name\":\"Nirmala Shrivastava\",\"image\":{\"@type\":\"ImageObject\",\"inLanguage\":\"en-US\",\"@id\":\"https:\\\/\\\/shrimataji.org\\\/test\\\/wp-content\\\/uploads\\\/2023\\\/02\\\/SMO_LOGO-03.svg\",\"url\":\"https:\\\/\\\/shrimataji.org\\\/test\\\/wp-content\\\/uploads\\\/2023\\\/02\\\/SMO_LOGO-03.svg\",\"contentUrl\":\"https:\\\/\\\/shrimataji.org\\\/test\\\/wp-content\\\/uploads\\\/2023\\\/02\\\/SMO_LOGO-03.svg\",\"width\":\"1024\",\"height\":\"1024\",\"caption\":\"Nirmala Shrivastava\"},\"logo\":{\"@id\":\"https:\\\/\\\/shrimataji.org\\\/test\\\/wp-content\\\/uploads\\\/2023\\\/02\\\/SMO_LOGO-03.svg\"},\"sameAs\":[\"https:\\\/\\\/shrimataji.org\\\/test\",\"https:\\\/\\\/www.facebook.com\\\/shrimataji\",\"https:\\\/\\\/x.com\\\/shrimataji\",\"https:\\\/\\\/www.youtube.com\\\/@Shri_Mataji_Nirmala_Devi\\\/featured\"]}]}<\/script>\n<!-- \/ Yoast SEO plugin. -->","yoast_head_json":{"title":"Kulminacja - TEST - SMND","robots":{"index":"noindex","follow":"follow","max-snippet":"max-snippet:-1","max-image-preview":"max-image-preview:large","max-video-preview":"max-video-preview:-1"},"og_locale":"en_US","og_type":"article","og_title":"Kulminacja - TEST - SMND","og_description":"Kulminacja Pokorne oddanie czci \u015ari Matad\u017ai od najm\u0142odszych lat wiedzia\u0142a, \u017ce jej ostatecznym celem jest wspieranie duchowej ewolucji ludzko\u015bci. Jednak dopiero w wieku 47 lat, gdy jej dwie c\u00f3rki wysz\u0142y za m\u0105\u017c, podj\u0119\u0142a dzie\u0142o, kt\u00f3re zdefiniowa\u0142o jej \u017cycie. Prze\u0142om nast\u0105pi\u0142 w Nargol, ma\u0142ej wiosce w stanie Gud\u017carat w Indiach. 5 maja 1970 roku, po okresie&hellip; Read more","og_url":"https:\/\/shrimataji.org\/test\/pl\/kulminacja\/","og_site_name":"TEST - SMND","article_publisher":"https:\/\/www.facebook.com\/shrimataji","article_modified_time":"2026-04-22T11:19:14+00:00","og_image":[{"width":707,"height":700,"url":"https:\/\/shrimataji.org\/test\/wp-content\/uploads\/2018\/07\/fp11-e1588597806347.jpg","type":"image\/jpeg"}],"twitter_card":"summary_large_image","twitter_site":"@shrimataji","twitter_misc":{"Est. reading time":"4 minutes"},"schema":{"@context":"https:\/\/schema.org","@graph":[{"@type":"WebPage","@id":"https:\/\/shrimataji.org\/test\/pl\/kulminacja\/","url":"https:\/\/shrimataji.org\/test\/pl\/kulminacja\/","name":"Kulminacja - TEST - SMND","isPartOf":{"@id":"https:\/\/shrimataji.org\/test\/#website"},"primaryImageOfPage":{"@id":"https:\/\/shrimataji.org\/test\/pl\/kulminacja\/#primaryimage"},"image":{"@id":"https:\/\/shrimataji.org\/test\/pl\/kulminacja\/#primaryimage"},"thumbnailUrl":"https:\/\/shrimataji.org\/test\/wp-content\/uploads\/2026\/04\/pl-Banner-TheCulmination-3-1-1920x800-1.avif","datePublished":"2018-07-10T06:54:50+00:00","dateModified":"2026-04-22T11:19:14+00:00","breadcrumb":{"@id":"https:\/\/shrimataji.org\/test\/pl\/kulminacja\/#breadcrumb"},"inLanguage":"en-US","potentialAction":[{"@type":"ReadAction","target":["https:\/\/shrimataji.org\/test\/pl\/kulminacja\/"]}]},{"@type":"ImageObject","inLanguage":"en-US","@id":"https:\/\/shrimataji.org\/test\/pl\/kulminacja\/#primaryimage","url":"https:\/\/shrimataji.org\/test\/wp-content\/uploads\/2026\/04\/pl-Banner-TheCulmination-3-1-1920x800-1.avif","contentUrl":"https:\/\/shrimataji.org\/test\/wp-content\/uploads\/2026\/04\/pl-Banner-TheCulmination-3-1-1920x800-1.avif","width":1920,"height":800},{"@type":"BreadcrumbList","@id":"https:\/\/shrimataji.org\/test\/pl\/kulminacja\/#breadcrumb","itemListElement":[{"@type":"ListItem","position":1,"name":"Home","item":"https:\/\/shrimataji.org\/test\/uk\/home-en\/"},{"@type":"ListItem","position":2,"name":"Kulminacja"}]},{"@type":"WebSite","@id":"https:\/\/shrimataji.org\/test\/#website","url":"https:\/\/shrimataji.org\/test\/","name":"Shri Mataji Nirmala Devi","description":"A Life Dedicated to Humanity","publisher":{"@id":"https:\/\/shrimataji.org\/test\/#\/schema\/person\/a1b3419c6585f164aa96da1ff85715d1"},"potentialAction":[{"@type":"SearchAction","target":{"@type":"EntryPoint","urlTemplate":"https:\/\/shrimataji.org\/test\/?s={search_term_string}"},"query-input":{"@type":"PropertyValueSpecification","valueRequired":true,"valueName":"search_term_string"}}],"inLanguage":"en-US"},{"@type":["Person","Organization"],"@id":"https:\/\/shrimataji.org\/test\/#\/schema\/person\/a1b3419c6585f164aa96da1ff85715d1","name":"Nirmala Shrivastava","image":{"@type":"ImageObject","inLanguage":"en-US","@id":"https:\/\/shrimataji.org\/test\/wp-content\/uploads\/2023\/02\/SMO_LOGO-03.svg","url":"https:\/\/shrimataji.org\/test\/wp-content\/uploads\/2023\/02\/SMO_LOGO-03.svg","contentUrl":"https:\/\/shrimataji.org\/test\/wp-content\/uploads\/2023\/02\/SMO_LOGO-03.svg","width":"1024","height":"1024","caption":"Nirmala Shrivastava"},"logo":{"@id":"https:\/\/shrimataji.org\/test\/wp-content\/uploads\/2023\/02\/SMO_LOGO-03.svg"},"sameAs":["https:\/\/shrimataji.org\/test","https:\/\/www.facebook.com\/shrimataji","https:\/\/x.com\/shrimataji","https:\/\/www.youtube.com\/@Shri_Mataji_Nirmala_Devi\/featured"]}]}},"lang":"pl","translations":{"pl":38037,"ur":37519,"en":446,"am":18094,"th":20087,"hu":19585,"ar":16990,"sq":18495,"zh":17392,"tr":10221,"pt":10429,"de":10703,"fr":10801,"it":10899,"es":10996,"ja":11294,"ru":11482,"bn":11673,"te":11781,"sw":11904,"he":12052,"el":12344,"sk":12442,"fa":12540,"fi":12638,"bg":13449,"ro":14523,"cs":14716,"nl":16654,"ku":16814,"be":18702,"kn":18976,"mr":20451,"uk":20744,"ml":21039,"ta":22813,"sv":23082,"gu":28917,"pa":29077,"fil":29531,"da":37827,"nn":38379},"pll_sync_post":[],"_links":{"self":[{"href":"https:\/\/shrimataji.org\/test\/wp-json\/wp\/v2\/pages\/38037","targetHints":{"allow":["GET"]}}],"collection":[{"href":"https:\/\/shrimataji.org\/test\/wp-json\/wp\/v2\/pages"}],"about":[{"href":"https:\/\/shrimataji.org\/test\/wp-json\/wp\/v2\/types\/page"}],"author":[{"embeddable":true,"href":"https:\/\/shrimataji.org\/test\/wp-json\/wp\/v2\/users\/1"}],"replies":[{"embeddable":true,"href":"https:\/\/shrimataji.org\/test\/wp-json\/wp\/v2\/comments?post=38037"}],"version-history":[{"count":0,"href":"https:\/\/shrimataji.org\/test\/wp-json\/wp\/v2\/pages\/38037\/revisions"}],"wp:featuredmedia":[{"embeddable":true,"href":"https:\/\/shrimataji.org\/test\/wp-json\/wp\/v2\/media\/39911"}],"wp:attachment":[{"href":"https:\/\/shrimataji.org\/test\/wp-json\/wp\/v2\/media?parent=38037"}],"curies":[{"name":"wp","href":"https:\/\/api.w.org\/{rel}","templated":true}]}}