{"id":38039,"date":"2012-10-02T13:00:00","date_gmt":"2012-10-02T13:00:00","guid":{"rendered":"http:\/\/testwordpress.nirmalnagari.org\/smnd\/index.php\/the-dignity-of-art\/"},"modified":"2026-04-15T09:22:40","modified_gmt":"2026-04-15T09:22:40","slug":"godnosc-sztuki","status":"publish","type":"page","link":"https:\/\/shrimataji.org\/test\/pl\/godnosc-sztuki\/","title":{"rendered":"Godno\u015b\u0107 sztuki"},"content":{"rendered":"\n\n\t<h1>Godno\u015b\u0107 sztuki<\/h1>\n<h2>Fragment publikacji okoliczno\u015bciowej rozpowszechnianej w Indiach w 1961 r.<\/h2>\n\t<p>Arty\u015bci powinni podnosi\u0107 poziom wra\u017cliwo\u015bci odbiorc\u00f3w do w\u0142asnych standard\u00f3w estetycznych, a nie zni\u017ca\u0107 si\u0119 do powierzchownych oczekiwa\u0144 publiczno\u015bci, trac\u0105c w ten spos\u00f3b swoj\u0105 wolno\u015b\u0107 tw\u00f3rcz\u0105.<\/p>\n<p>Mo\u017cna to osi\u0105gn\u0105\u0107 poprzez wsp\u00f3\u0142prac\u0119 o\u015bwieconych artyst\u00f3w z instytucjami edukacyjnymi i spo\u0142ecznymi. Ich idee mog\u0105 by\u0107 rozpowszechniane za po\u015brednictwem artyku\u0142\u00f3w w czasopismach i gazetach. Poprzez teatr, film i audycje radiowe mo\u017cna kszta\u0142towa\u0107 w ludziach zdolno\u015b\u0107 rozumienia prawdziwej sztuki. W ten spos\u00f3b zachowana zostaje godno\u015b\u0107 sztuki.<\/p>\n<p>Dzi\u0119ki kontaktowi z szerokim spo\u0142ecze\u0144stwem poprzez takie dzia\u0142ania rozwija si\u0119 spo\u0142eczny wymiar osobowo\u015bci artysty, staj\u0105c si\u0119 bardziej przenikliwy i wra\u017cliwy. Reaguje on na najdrobniejsze niepokoje w narodzie i subtelne zaburzenia r\u00f3wnowagi spo\u0142ecznej.<\/p>\n<p>Gdy artysta zobaczy na ulicy osob\u0119 dotkni\u0119t\u0105 tr\u0105dem, jego serce wype\u0142ni si\u0119 g\u0142\u0119bokim wsp\u00f3\u0142czuciem i poprzez swoj\u0105 sztuk\u0119 b\u0119dzie m\u00f3g\u0142 stworzy\u0107 tak\u0105 atmosfer\u0119, kt\u00f3ra sk\u0142oni pracownik\u00f3w spo\u0142ecznych, lekarzy, naukowc\u00f3w oraz osoby odpowiedzialne za pa\u0144stwo do poszukiwania rozwi\u0105za\u0144 tego problemu.<\/p>\n<p>Je\u015bli artysta dostrzega brak patriotyzmu lub odwagii u swoich rodak\u00f3w, mo\u017ce poprzez swoj\u0105 tw\u00f3rczo\u015b\u0107 wzbudzi\u0107 w nich g\u0142\u0119boki szacunek i w\u0142a\u015bciwe warto\u015bci. Taka jest inspiruj\u0105ca moc artysty.<\/p>\n<p>S\u0105 oni najpi\u0119kniejszymi kwiatami stworzenia, najsubtelniejszymi marzeniami Stw\u00f3rcy i najcenniejsz\u0105 cz\u0119\u015bci\u0105 ludzkiego spo\u0142ecze\u0144stwa. By\u0107 mo\u017ce nie zdaj\u0105 sobie sprawy, jak bardzo s\u0105 kochani, podziwiani i na\u015bladowani przez swoich odbiorc\u00f3w&#8230;<\/p>\n\n","protected":false},"excerpt":{"rendered":"<p>Godno\u015b\u0107 sztuki Fragment publikacji okoliczno\u015bciowej rozpowszechnianej w Indiach w 1961 r. Arty\u015bci powinni podnosi\u0107 poziom wra\u017cliwo\u015bci odbiorc\u00f3w do w\u0142asnych standard\u00f3w estetycznych, a nie zni\u017ca\u0107 si\u0119 do powierzchownych oczekiwa\u0144 publiczno\u015bci, trac\u0105c w ten spos\u00f3b swoj\u0105 wolno\u015b\u0107 tw\u00f3rcz\u0105. Mo\u017cna to osi\u0105gn\u0105\u0107 poprzez wsp\u00f3\u0142prac\u0119 o\u015bwieconych artyst\u00f3w z instytucjami edukacyjnymi i spo\u0142ecznymi. Ich idee mog\u0105 by\u0107 rozpowszechniane za po\u015brednictwem&hellip; <br \/> <a class=\"read-more\" href=\"https:\/\/shrimataji.org\/test\/pl\/godnosc-sztuki\/\">Read more<\/a><\/p>\n","protected":false},"author":1,"featured_media":38040,"parent":0,"menu_order":0,"comment_status":"closed","ping_status":"closed","template":"","meta":{"inline_featured_image":false,"footnotes":""},"class_list":["post-38039","page","type-page","status-publish","has-post-thumbnail","hentry"],"yoast_head":"<!-- This site is optimized with the Yoast SEO plugin v27.4 - https:\/\/yoast.com\/product\/yoast-seo-wordpress\/ -->\n<title>Godno\u015b\u0107 sztuki - TEST - SMND<\/title>\n<meta name=\"robots\" content=\"noindex, follow, max-snippet:-1, max-image-preview:large, max-video-preview:-1\" \/>\n<meta property=\"og:locale\" content=\"en_US\" \/>\n<meta property=\"og:type\" content=\"article\" \/>\n<meta property=\"og:title\" content=\"Godno\u015b\u0107 sztuki - TEST - SMND\" \/>\n<meta property=\"og:description\" content=\"Godno\u015b\u0107 sztuki Fragment publikacji okoliczno\u015bciowej rozpowszechnianej w Indiach w 1961 r. Arty\u015bci powinni podnosi\u0107 poziom wra\u017cliwo\u015bci odbiorc\u00f3w do w\u0142asnych standard\u00f3w estetycznych, a nie zni\u017ca\u0107 si\u0119 do powierzchownych oczekiwa\u0144 publiczno\u015bci, trac\u0105c w ten spos\u00f3b swoj\u0105 wolno\u015b\u0107 tw\u00f3rcz\u0105. Mo\u017cna to osi\u0105gn\u0105\u0107 poprzez wsp\u00f3\u0142prac\u0119 o\u015bwieconych artyst\u00f3w z instytucjami edukacyjnymi i spo\u0142ecznymi. Ich idee mog\u0105 by\u0107 rozpowszechniane za po\u015brednictwem&hellip; Read more\" \/>\n<meta property=\"og:url\" content=\"https:\/\/shrimataji.org\/test\/pl\/godnosc-sztuki\/\" \/>\n<meta property=\"og:site_name\" content=\"TEST - SMND\" \/>\n<meta property=\"article:publisher\" content=\"https:\/\/www.facebook.com\/shrimataji\" \/>\n<meta property=\"article:modified_time\" content=\"2026-04-15T09:22:40+00:00\" \/>\n<meta property=\"og:image\" content=\"https:\/\/shrimataji.org\/test\/wp-content\/uploads\/2018\/07\/media_originals\/images\/headers-general\/queen-mayas-dream-by-graham-brown.jpg\" \/>\n\t<meta property=\"og:image:width\" content=\"990\" \/>\n\t<meta property=\"og:image:height\" content=\"350\" \/>\n\t<meta property=\"og:image:type\" content=\"image\/jpeg\" \/>\n<meta name=\"twitter:card\" content=\"summary_large_image\" \/>\n<meta name=\"twitter:site\" content=\"@shrimataji\" \/>\n<script type=\"application\/ld+json\" class=\"yoast-schema-graph\">{\"@context\":\"https:\\\/\\\/schema.org\",\"@graph\":[{\"@type\":\"WebPage\",\"@id\":\"https:\\\/\\\/shrimataji.org\\\/test\\\/pl\\\/godnosc-sztuki\\\/\",\"url\":\"https:\\\/\\\/shrimataji.org\\\/test\\\/pl\\\/godnosc-sztuki\\\/\",\"name\":\"Godno\u015b\u0107 sztuki - TEST - SMND\",\"isPartOf\":{\"@id\":\"https:\\\/\\\/shrimataji.org\\\/test\\\/#website\"},\"primaryImageOfPage\":{\"@id\":\"https:\\\/\\\/shrimataji.org\\\/test\\\/pl\\\/godnosc-sztuki\\\/#primaryimage\"},\"image\":{\"@id\":\"https:\\\/\\\/shrimataji.org\\\/test\\\/pl\\\/godnosc-sztuki\\\/#primaryimage\"},\"thumbnailUrl\":\"https:\\\/\\\/shrimataji.org\\\/test\\\/wp-content\\\/uploads\\\/2018\\\/07\\\/media_originals\\\/images\\\/headers-general\\\/queen-mayas-dream-by-graham-brown.jpg\",\"datePublished\":\"2012-10-02T13:00:00+00:00\",\"dateModified\":\"2026-04-15T09:22:40+00:00\",\"breadcrumb\":{\"@id\":\"https:\\\/\\\/shrimataji.org\\\/test\\\/pl\\\/godnosc-sztuki\\\/#breadcrumb\"},\"inLanguage\":\"en-US\",\"potentialAction\":[{\"@type\":\"ReadAction\",\"target\":[\"https:\\\/\\\/shrimataji.org\\\/test\\\/pl\\\/godnosc-sztuki\\\/\"]}]},{\"@type\":\"ImageObject\",\"inLanguage\":\"en-US\",\"@id\":\"https:\\\/\\\/shrimataji.org\\\/test\\\/pl\\\/godnosc-sztuki\\\/#primaryimage\",\"url\":\"https:\\\/\\\/shrimataji.org\\\/test\\\/wp-content\\\/uploads\\\/2018\\\/07\\\/media_originals\\\/images\\\/headers-general\\\/queen-mayas-dream-by-graham-brown.jpg\",\"contentUrl\":\"https:\\\/\\\/shrimataji.org\\\/test\\\/wp-content\\\/uploads\\\/2018\\\/07\\\/media_originals\\\/images\\\/headers-general\\\/queen-mayas-dream-by-graham-brown.jpg\",\"width\":990,\"height\":350},{\"@type\":\"BreadcrumbList\",\"@id\":\"https:\\\/\\\/shrimataji.org\\\/test\\\/pl\\\/godnosc-sztuki\\\/#breadcrumb\",\"itemListElement\":[{\"@type\":\"ListItem\",\"position\":1,\"name\":\"Home\",\"item\":\"https:\\\/\\\/shrimataji.org\\\/test\\\/uk\\\/home-en\\\/\"},{\"@type\":\"ListItem\",\"position\":2,\"name\":\"Godno\u015b\u0107 sztuki\"}]},{\"@type\":\"WebSite\",\"@id\":\"https:\\\/\\\/shrimataji.org\\\/test\\\/#website\",\"url\":\"https:\\\/\\\/shrimataji.org\\\/test\\\/\",\"name\":\"Shri Mataji Nirmala Devi\",\"description\":\"A Life Dedicated to Humanity\",\"publisher\":{\"@id\":\"https:\\\/\\\/shrimataji.org\\\/test\\\/#\\\/schema\\\/person\\\/a1b3419c6585f164aa96da1ff85715d1\"},\"potentialAction\":[{\"@type\":\"SearchAction\",\"target\":{\"@type\":\"EntryPoint\",\"urlTemplate\":\"https:\\\/\\\/shrimataji.org\\\/test\\\/?s={search_term_string}\"},\"query-input\":{\"@type\":\"PropertyValueSpecification\",\"valueRequired\":true,\"valueName\":\"search_term_string\"}}],\"inLanguage\":\"en-US\"},{\"@type\":[\"Person\",\"Organization\"],\"@id\":\"https:\\\/\\\/shrimataji.org\\\/test\\\/#\\\/schema\\\/person\\\/a1b3419c6585f164aa96da1ff85715d1\",\"name\":\"Nirmala Shrivastava\",\"image\":{\"@type\":\"ImageObject\",\"inLanguage\":\"en-US\",\"@id\":\"https:\\\/\\\/shrimataji.org\\\/test\\\/wp-content\\\/uploads\\\/2023\\\/02\\\/SMO_LOGO-03.svg\",\"url\":\"https:\\\/\\\/shrimataji.org\\\/test\\\/wp-content\\\/uploads\\\/2023\\\/02\\\/SMO_LOGO-03.svg\",\"contentUrl\":\"https:\\\/\\\/shrimataji.org\\\/test\\\/wp-content\\\/uploads\\\/2023\\\/02\\\/SMO_LOGO-03.svg\",\"width\":\"1024\",\"height\":\"1024\",\"caption\":\"Nirmala Shrivastava\"},\"logo\":{\"@id\":\"https:\\\/\\\/shrimataji.org\\\/test\\\/wp-content\\\/uploads\\\/2023\\\/02\\\/SMO_LOGO-03.svg\"},\"sameAs\":[\"https:\\\/\\\/shrimataji.org\\\/test\",\"https:\\\/\\\/www.facebook.com\\\/shrimataji\",\"https:\\\/\\\/x.com\\\/shrimataji\",\"https:\\\/\\\/www.youtube.com\\\/@Shri_Mataji_Nirmala_Devi\\\/featured\"]}]}<\/script>\n<!-- \/ Yoast SEO plugin. -->","yoast_head_json":{"title":"Godno\u015b\u0107 sztuki - TEST - SMND","robots":{"index":"noindex","follow":"follow","max-snippet":"max-snippet:-1","max-image-preview":"max-image-preview:large","max-video-preview":"max-video-preview:-1"},"og_locale":"en_US","og_type":"article","og_title":"Godno\u015b\u0107 sztuki - TEST - SMND","og_description":"Godno\u015b\u0107 sztuki Fragment publikacji okoliczno\u015bciowej rozpowszechnianej w Indiach w 1961 r. Arty\u015bci powinni podnosi\u0107 poziom wra\u017cliwo\u015bci odbiorc\u00f3w do w\u0142asnych standard\u00f3w estetycznych, a nie zni\u017ca\u0107 si\u0119 do powierzchownych oczekiwa\u0144 publiczno\u015bci, trac\u0105c w ten spos\u00f3b swoj\u0105 wolno\u015b\u0107 tw\u00f3rcz\u0105. Mo\u017cna to osi\u0105gn\u0105\u0107 poprzez wsp\u00f3\u0142prac\u0119 o\u015bwieconych artyst\u00f3w z instytucjami edukacyjnymi i spo\u0142ecznymi. Ich idee mog\u0105 by\u0107 rozpowszechniane za po\u015brednictwem&hellip; Read more","og_url":"https:\/\/shrimataji.org\/test\/pl\/godnosc-sztuki\/","og_site_name":"TEST - SMND","article_publisher":"https:\/\/www.facebook.com\/shrimataji","article_modified_time":"2026-04-15T09:22:40+00:00","og_image":[{"width":990,"height":350,"url":"https:\/\/shrimataji.org\/test\/wp-content\/uploads\/2018\/07\/media_originals\/images\/headers-general\/queen-mayas-dream-by-graham-brown.jpg","type":"image\/jpeg"}],"twitter_card":"summary_large_image","twitter_site":"@shrimataji","schema":{"@context":"https:\/\/schema.org","@graph":[{"@type":"WebPage","@id":"https:\/\/shrimataji.org\/test\/pl\/godnosc-sztuki\/","url":"https:\/\/shrimataji.org\/test\/pl\/godnosc-sztuki\/","name":"Godno\u015b\u0107 sztuki - TEST - SMND","isPartOf":{"@id":"https:\/\/shrimataji.org\/test\/#website"},"primaryImageOfPage":{"@id":"https:\/\/shrimataji.org\/test\/pl\/godnosc-sztuki\/#primaryimage"},"image":{"@id":"https:\/\/shrimataji.org\/test\/pl\/godnosc-sztuki\/#primaryimage"},"thumbnailUrl":"https:\/\/shrimataji.org\/test\/wp-content\/uploads\/2018\/07\/media_originals\/images\/headers-general\/queen-mayas-dream-by-graham-brown.jpg","datePublished":"2012-10-02T13:00:00+00:00","dateModified":"2026-04-15T09:22:40+00:00","breadcrumb":{"@id":"https:\/\/shrimataji.org\/test\/pl\/godnosc-sztuki\/#breadcrumb"},"inLanguage":"en-US","potentialAction":[{"@type":"ReadAction","target":["https:\/\/shrimataji.org\/test\/pl\/godnosc-sztuki\/"]}]},{"@type":"ImageObject","inLanguage":"en-US","@id":"https:\/\/shrimataji.org\/test\/pl\/godnosc-sztuki\/#primaryimage","url":"https:\/\/shrimataji.org\/test\/wp-content\/uploads\/2018\/07\/media_originals\/images\/headers-general\/queen-mayas-dream-by-graham-brown.jpg","contentUrl":"https:\/\/shrimataji.org\/test\/wp-content\/uploads\/2018\/07\/media_originals\/images\/headers-general\/queen-mayas-dream-by-graham-brown.jpg","width":990,"height":350},{"@type":"BreadcrumbList","@id":"https:\/\/shrimataji.org\/test\/pl\/godnosc-sztuki\/#breadcrumb","itemListElement":[{"@type":"ListItem","position":1,"name":"Home","item":"https:\/\/shrimataji.org\/test\/uk\/home-en\/"},{"@type":"ListItem","position":2,"name":"Godno\u015b\u0107 sztuki"}]},{"@type":"WebSite","@id":"https:\/\/shrimataji.org\/test\/#website","url":"https:\/\/shrimataji.org\/test\/","name":"Shri Mataji Nirmala Devi","description":"A Life Dedicated to Humanity","publisher":{"@id":"https:\/\/shrimataji.org\/test\/#\/schema\/person\/a1b3419c6585f164aa96da1ff85715d1"},"potentialAction":[{"@type":"SearchAction","target":{"@type":"EntryPoint","urlTemplate":"https:\/\/shrimataji.org\/test\/?s={search_term_string}"},"query-input":{"@type":"PropertyValueSpecification","valueRequired":true,"valueName":"search_term_string"}}],"inLanguage":"en-US"},{"@type":["Person","Organization"],"@id":"https:\/\/shrimataji.org\/test\/#\/schema\/person\/a1b3419c6585f164aa96da1ff85715d1","name":"Nirmala Shrivastava","image":{"@type":"ImageObject","inLanguage":"en-US","@id":"https:\/\/shrimataji.org\/test\/wp-content\/uploads\/2023\/02\/SMO_LOGO-03.svg","url":"https:\/\/shrimataji.org\/test\/wp-content\/uploads\/2023\/02\/SMO_LOGO-03.svg","contentUrl":"https:\/\/shrimataji.org\/test\/wp-content\/uploads\/2023\/02\/SMO_LOGO-03.svg","width":"1024","height":"1024","caption":"Nirmala Shrivastava"},"logo":{"@id":"https:\/\/shrimataji.org\/test\/wp-content\/uploads\/2023\/02\/SMO_LOGO-03.svg"},"sameAs":["https:\/\/shrimataji.org\/test","https:\/\/www.facebook.com\/shrimataji","https:\/\/x.com\/shrimataji","https:\/\/www.youtube.com\/@Shri_Mataji_Nirmala_Devi\/featured"]}]}},"lang":"pl","translations":{"pl":38039,"ur":37521,"en":431,"am":18096,"th":20090,"hu":19588,"ar":16992,"sq":18497,"zh":17394,"tr":10222,"pt":10430,"de":10704,"fr":10802,"it":10900,"es":10997,"ja":11295,"ru":11483,"bn":11674,"te":11782,"sw":11905,"he":12053,"el":12345,"sk":12443,"fa":12541,"fi":12639,"bg":13494,"ro":14569,"cs":14762,"nl":16656,"ku":16816,"be":18704,"kn":18978,"mr":20454,"uk":20747,"ml":21042,"ta":22815,"sv":23084,"gu":28919,"pa":29079,"fil":29533,"da":37829,"nn":38381},"pll_sync_post":[],"_links":{"self":[{"href":"https:\/\/shrimataji.org\/test\/wp-json\/wp\/v2\/pages\/38039","targetHints":{"allow":["GET"]}}],"collection":[{"href":"https:\/\/shrimataji.org\/test\/wp-json\/wp\/v2\/pages"}],"about":[{"href":"https:\/\/shrimataji.org\/test\/wp-json\/wp\/v2\/types\/page"}],"author":[{"embeddable":true,"href":"https:\/\/shrimataji.org\/test\/wp-json\/wp\/v2\/users\/1"}],"replies":[{"embeddable":true,"href":"https:\/\/shrimataji.org\/test\/wp-json\/wp\/v2\/comments?post=38039"}],"version-history":[{"count":0,"href":"https:\/\/shrimataji.org\/test\/wp-json\/wp\/v2\/pages\/38039\/revisions"}],"wp:featuredmedia":[{"embeddable":true,"href":"https:\/\/shrimataji.org\/test\/wp-json\/wp\/v2\/media\/38040"}],"wp:attachment":[{"href":"https:\/\/shrimataji.org\/test\/wp-json\/wp\/v2\/media?parent=38039"}],"curies":[{"name":"wp","href":"https:\/\/api.w.org\/{rel}","templated":true}]}}