{"id":38041,"date":"2018-07-10T06:54:50","date_gmt":"2018-07-10T06:54:50","guid":{"rendered":"http:\/\/testwordpress.nirmalnagari.org\/smnd\/index.php\/the-widening-circle\/"},"modified":"2026-04-22T11:02:09","modified_gmt":"2026-04-22T11:02:09","slug":"rozszerzajacy-sie-krag","status":"publish","type":"page","link":"https:\/\/shrimataji.org\/test\/pl\/rozszerzajacy-sie-krag\/","title":{"rendered":"Rozszerzaj\u0105cy si\u0119 kr\u0105g"},"content":{"rendered":"\n\n\t<h1>Rozszerzaj\u0105cy si\u0119 kr\u0105g<\/h1>\n<h2>Wiatry zmian<\/h2>\n\t<h4>27 maja 1964 roku zmar\u0142 pierwszy premier Indii, Jawaharlal Nehru. <a href=\"https:\/\/shrimataji.org\/test\/pl\/sir-c-p-srivastava-3-2\/\" target=\"_blank\" rel=\"noopener\">Sir C.P.<\/a> przebywa\u0142 w Wielkiej Brytanii, uczestnicz\u0105c w konferencji \u017ceglugowej. We wtorek, 2 czerwca, nadesz\u0142a wiadomo\u015b\u0107, \u017ce Lal Bahadur Shastri zosta\u0142 wybrany nowym liderem Partii Kongresowej i wkr\u00f3tce obejmie urz\u0105d drugiego premiera Indii.<\/h4>\n\t<p>Zanim Sir C.P. powr\u00f3ci\u0142 do Mumbaju z Wielkiej Brytanii, gazety donosi\u0142y ju\u017c o chorobie pana Shastriego. \u015ari Matad\u017ai nalega\u0142a, aby jej m\u0105\u017c natychmiast uda\u0142 si\u0119 do Nowego Delhi i zaoferowa\u0142 mu swoj\u0105 pomoc. Czu\u0142a g\u0142\u0119boko, \u017ce skoro Lal Bahadur Shastri darzy jej m\u0119\u017ca zaufaniem, jego obowi\u0105zkiem jest s\u0142u\u017cy\u0107 mu wszelk\u0105 mo\u017cliw\u0105 pomoc\u0105.<\/p>\n<p>Kilka dni p\u00f3\u017aniej, podczas pobytu w Nowym Delhi, Sir C.P. odwiedzi\u0142 powracaj\u0105cego do zdrowia pana Shastriego.<\/p>\n<p>To w\u0142a\u015bnie podczas tego spotkania Lal Bahadur Shastri poprosi\u0142 m\u0119\u017ca \u015ari Matad\u017ai, aby obj\u0105\u0142 stanowisko Wsp\u00f3lnego Sekretarza Premiera i pracowa\u0142 u jego boku w s\u0142u\u017cbie narodowi indyjskiemu.<\/p>\n<figure itemscope itemtype=\"https:\/\/schema.org\/ImageObject\">\n\t\t\t\t<img decoding=\"async\" src=\"https:\/\/shrimataji.org\/test\/wp-content\/uploads\/2018\/07\/media_originals\/images\/shri-mataji-with-people\/shri-mataji-introducing-guests-to-lal-bahadur-shastri-in-mumbai.jpg\" alt=\"\u0160ri Matad\u017ei predstavuje Lal Bahadur \u0160astrimu host\u00ed, v Bombaji\" height=\"452\" width=\"674\" title=\"Shri Mataji introducing guests to Lal Bahadur Shastri in Mumbai\" onerror=\"this.style.display='none'\" loading=\"lazy\" \/>\n\t\t<figcaption>\u015ari Matad\u017ai przedstawia go\u015bci Lal Bahadur Shastriemu w Mumbaju<\/figcaption>\n\t<\/figure>\n\t<p>W swojej biografii \u201eLal Bahadur Shastri, \u017cycie w prawdzie w polityce&#8221; Sir C.P. wspomina\u0142: \u201eKiedy odwiedzali\u015bmy premiera Shastriego, cz\u0119sto rozmawia\u0142 z ni\u0105 o \u015bwi\u0119tych i m\u0119drcach oraz o religii i duchowo\u015bci &#8211; dziedzinach, w kt\u00f3rych posiada\u0142a g\u0142\u0119bok\u0105 wiedz\u0119. Zach\u0119ca\u0142 nawet Nirmal\u0119 do wst\u0105pienia do Indyjskiej Partii Kongresowej. Jednak ona sk\u0142ania\u0142a si\u0119 ku duchowo\u015bci, a nie ku polityce&#8221;.<\/p>\n<p>Przez kolejne lata, gdy jej m\u0105\u017c zajmowa\u0142 si\u0119 sprawami pa\u0144stwowymi, \u015ari Matad\u017ai dzia\u0142a\u0142a cicho jako pracownik spo\u0142eczny. Zbiera\u0142a fundusze na sanatorium w pobli\u017cu Chandrapur w stanie Maharasztra. Zosta\u0142a przewodnicz\u0105c\u0105 stowarzyszenia \u201ePrzyjaciele Niewidomych&#8221;. W Meerut za\u0142o\u017cy\u0142a o\u015brodek dla uchod\u017ac\u00f3w, dom dla os\u00f3b niepe\u0142nosprawnych oraz wspiera\u0142a du\u017cy o\u015brodek dla os\u00f3b chorych na tr\u0105d.<\/p>\n\t<p>W pa\u017adzierniku 1969 roku jej najstarsza c\u00f3rka, Kalpana, po\u015blubi\u0142a Prabhata Shrivastava w Mumbaju.<\/p>\n<figure itemscope itemtype=\"https:\/\/schema.org\/ImageObject\">\n\t\t\t\t<img decoding=\"async\" src=\"https:\/\/shrimataji.org\/test\/wp-content\/uploads\/2018\/07\/media_originals\/images\/shri-mataji-and-family\/shri-mataji-with-daughter-kalpana-upon-her-marriage.jpg\" alt=\"\u0160ri Matad\u017ei s dc\u00e9rou Kalpanou po svadbe.\" height=\"1440\" width=\"1085\" title=\"shri-mataji-with-daughter-kalpana-upon-her-marriage\" onerror=\"this.style.display='none'\" loading=\"lazy\" \/>\n\t\t<figcaption>\u015ari Matad\u017ai z c\u00f3rk\u0105 Kalpan\u0105 w dniu jej \u015blubu<\/figcaption>\n\t<\/figure>\n<figure itemscope itemtype=\"https:\/\/schema.org\/ImageObject\">\n\t\t\t\t<img decoding=\"async\" src=\"https:\/\/shrimataji.org\/test\/wp-content\/uploads\/2018\/07\/media_originals\/images\/shri-mataji-and-family\/shri-mataji-with-sir-cp-and-prabhat-at-daughter-kalpanas-wedding-1024x757.jpg\" alt=\"\u0160ri Matad\u017ei s p\u00e1nom C.P. a za\u0165om Prabhatom na svadbe dc\u00e9ry Kalpany.\" height=\"757\" width=\"1024\" height=\"757\" width=\"1024\" title=\"shri-mataji-with-sir-cp-and-prabhat-at-daughter-kalpanas-wedding\" onerror=\"this.style.display='none'\" loading=\"lazy\" \/>\n\t\t<figcaption>\u015ari Matad\u017ai z Sir C.P. i zi\u0119ciem Prabhatem na \u015blubie c\u00f3rki Kalpany<\/figcaption>\n\t<\/figure>\n\t<p>Na pocz\u0105tku pa\u017adziernika 1970 roku matka \u015ari Matad\u017ai powa\u017cnie zachorowa\u0142a. Wr\u00f3ci\u0142a ona z zagranicznej podr\u00f3\u017cy, aby si\u0119 z ni\u0105 zobaczy\u0107, i ku swojemu zaskoczeniu zasta\u0142a j\u0105 w pogodnym nastroju. Matka zapyta\u0142a, czy odnalaz\u0142a to, czego pragn\u0105\u0142 jej ojciec. \u015ari Matad\u017ai odpowiedzia\u0142a, \u017ce odkry\u0142a metod\u0119 zbiorowej samorealizacji. W niedziel\u0119, 11 pa\u017adziernika 1970 roku, jej matka, Cornelia Karuna Salve, odesz\u0142a w Nagpur.<\/p>\n<p>Wkr\u00f3tce potem \u015ari Matad\u017ai zosta\u0142a zaproszona na inauguracyjny lot Air India do Pary\u017ca, po czym uda\u0142a si\u0119 do Teheranu, aby odwiedzi\u0107 swojego m\u0142odszego brata H.P. Salve, kt\u00f3ry pracowa\u0142 tam dla linii lotniczych. <a href=\"https:\/\/shrimataji.org\/test\/the-widening-circle\/#citation-note-1\">[1]<\/a><\/p>\n<p>Sp\u0119dzaj\u0105c z ni\u0105 czas, H.P. stopniowo dostrzeg\u0142, \u017ce w jego starszej siostrze zasz\u0142a g\u0142\u0119boka przemiana. W tym czasie mia\u0142a ju\u017c oko\u0142o dwunastu os\u00f3b w Indiach, kt\u00f3re zacz\u0119\u0142y pod\u0105\u017ca\u0107 za ni\u0105 jako nauczycielk\u0105 i guru.<\/p>\n<p>Po wyjawieniu bratu, \u017ce 5 maja 1970 roku do\u015bwiadczy\u0142a pot\u0119\u017cnej przemiany, \u015ari Matad\u017ai wyrazi\u0142a pragnienie przekazania samorealizacji kilku jego przyjacio\u0142om, kt\u00f3rzy byli duchowo poszukuj\u0105cy. Po powrocie do Teheranu z podr\u00f3\u017cy do Szirazu H.P. Salve zaprosi\u0142 kilku znajomych na kolacj\u0119 po\u0142\u0105czon\u0105 ze spotkaniem duchowym ze \u015ari Matad\u017ai. Nast\u0119pnego dnia oko\u0142o dwudziestu os\u00f3b, w tym tak\u017ce przedstawiciele prasy, przyby\u0142o do jego domu &#8211; nie tylko na kolacj\u0119, lecz przede wszystkim na swoje duchowe przebudzenie.<\/p>\n<p>Jak wspomina\u0142 H.P. Salve: \u201ePewien pan, doktor Divan, po otrzymaniu samorealizacji zdawa\u0142 si\u0119 wydziela\u0107 z czubka g\u0142owy zapach drzewa sanda\u0142owego. By\u0142em zdumiony, jak \u015ari Matad\u017ai mog\u0142a przekaza\u0107 taki zapach na odleg\u0142o\u015b\u0107. Tymczasem pewna kobieta z spo\u0142eczno\u015bci pars\u00f3w, kt\u00f3ra przysz\u0142a o kulach z powodu ostrego zapalenia staw\u00f3w, po samorealizacji wysz\u0142a bez kul, a nast\u0119pnego dnia widziano j\u0105, jak prowadzi\u0142a samoch\u00f3d.&#8221;<\/p>\n<p>Nast\u0119pnego dnia czo\u0142owe angloj\u0119zyczne gazety w Teheranie opisa\u0142y to wydarzenie, podkre\u015blaj\u0105c obecno\u015b\u0107 \u015bwiadk\u00f3w. Wkr\u00f3tce wielu ludzi zacz\u0119\u0142o przychodzi\u0107, aby zobaczy\u0107 \u015ari Matad\u017ai. Jak powiedzia\u0142 jej brat: \u201eJej popularno\u015b\u0107 by\u0142a tak wielka, \u017ce gdy przyjecha\u0142a do Teheranu, przedstawia\u0142em j\u0105 jako moj\u0105 siostr\u0119, a gdy wyje\u017cd\u017ca\u0142a, to mnie przedstawiano jako jej brata.&#8221; Wkr\u00f3tce H.P. Salve zacz\u0105\u0142 by\u0107 nazywany Babamama &#8211; czu\u0142ym okre\u015bleniem oznaczaj\u0105cym \u201ebrata matki&#8221;.<\/p>\n\t<h5>\u201eNajpi\u0119kniejszym do\u015bwiadczeniem, jakie mo\u017cemy prze\u017cy\u0107, jest mistycyzm. To \u017ar\u00f3d\u0142o wszelkiej prawdziwej sztuki i nauki.&#8221;<\/h5>\n<h5>Albert Einstein<\/h5>\n\t<hr \/>\n<h3>1. <a href=\"#citation-ref-1\">^ <\/a><a name=\"citation-note-1\"><\/a>H. P. Salve, \u201eMy Memoirs&#8221;, New Delhi: Life Eternal Trust, 2000.<\/h3>\n\n","protected":false},"excerpt":{"rendered":"<p>Rozszerzaj\u0105cy si\u0119 kr\u0105g Wiatry zmian 27 maja 1964 roku zmar\u0142 pierwszy premier Indii, Jawaharlal Nehru. Sir C.P. przebywa\u0142 w Wielkiej Brytanii, uczestnicz\u0105c w konferencji \u017ceglugowej. We wtorek, 2 czerwca, nadesz\u0142a wiadomo\u015b\u0107, \u017ce Lal Bahadur Shastri zosta\u0142 wybrany nowym liderem Partii Kongresowej i wkr\u00f3tce obejmie urz\u0105d drugiego premiera Indii. Zanim Sir C.P. powr\u00f3ci\u0142 do Mumbaju z&hellip; <br \/> <a class=\"read-more\" href=\"https:\/\/shrimataji.org\/test\/pl\/rozszerzajacy-sie-krag\/\">Read more<\/a><\/p>\n","protected":false},"author":1,"featured_media":38042,"parent":0,"menu_order":0,"comment_status":"closed","ping_status":"closed","template":"","meta":{"inline_featured_image":false,"footnotes":""},"class_list":["post-38041","page","type-page","status-publish","has-post-thumbnail","hentry"],"yoast_head":"<!-- This site is optimized with the Yoast SEO plugin v27.4 - https:\/\/yoast.com\/product\/yoast-seo-wordpress\/ -->\n<title>Rozszerzaj\u0105cy si\u0119 kr\u0105g - TEST - SMND<\/title>\n<meta name=\"robots\" content=\"noindex, follow, max-snippet:-1, max-image-preview:large, max-video-preview:-1\" \/>\n<meta property=\"og:locale\" content=\"en_US\" \/>\n<meta property=\"og:type\" content=\"article\" \/>\n<meta property=\"og:title\" content=\"Rozszerzaj\u0105cy si\u0119 kr\u0105g - TEST - SMND\" \/>\n<meta property=\"og:description\" content=\"Rozszerzaj\u0105cy si\u0119 kr\u0105g Wiatry zmian 27 maja 1964 roku zmar\u0142 pierwszy premier Indii, Jawaharlal Nehru. Sir C.P. przebywa\u0142 w Wielkiej Brytanii, uczestnicz\u0105c w konferencji \u017ceglugowej. We wtorek, 2 czerwca, nadesz\u0142a wiadomo\u015b\u0107, \u017ce Lal Bahadur Shastri zosta\u0142 wybrany nowym liderem Partii Kongresowej i wkr\u00f3tce obejmie urz\u0105d drugiego premiera Indii. Zanim Sir C.P. powr\u00f3ci\u0142 do Mumbaju z&hellip; Read more\" \/>\n<meta property=\"og:url\" content=\"https:\/\/shrimataji.org\/test\/pl\/rozszerzajacy-sie-krag\/\" \/>\n<meta property=\"og:site_name\" content=\"TEST - SMND\" \/>\n<meta property=\"article:publisher\" content=\"https:\/\/www.facebook.com\/shrimataji\" \/>\n<meta property=\"article:modified_time\" content=\"2026-04-22T11:02:09+00:00\" \/>\n<meta property=\"og:image\" content=\"https:\/\/shrimataji.org\/test\/wp-content\/uploads\/2023\/03\/10_Banner-PublicLife-WideningCircle_2-scaled.jpg\" \/>\n\t<meta property=\"og:image:width\" content=\"2560\" \/>\n\t<meta property=\"og:image:height\" content=\"905\" \/>\n\t<meta property=\"og:image:type\" content=\"image\/jpeg\" \/>\n<meta name=\"twitter:card\" content=\"summary_large_image\" \/>\n<meta name=\"twitter:site\" content=\"@shrimataji\" \/>\n<script type=\"application\/ld+json\" class=\"yoast-schema-graph\">{\"@context\":\"https:\\\/\\\/schema.org\",\"@graph\":[{\"@type\":\"WebPage\",\"@id\":\"https:\\\/\\\/shrimataji.org\\\/test\\\/pl\\\/rozszerzajacy-sie-krag\\\/\",\"url\":\"https:\\\/\\\/shrimataji.org\\\/test\\\/pl\\\/rozszerzajacy-sie-krag\\\/\",\"name\":\"Rozszerzaj\u0105cy si\u0119 kr\u0105g - TEST - SMND\",\"isPartOf\":{\"@id\":\"https:\\\/\\\/shrimataji.org\\\/test\\\/#website\"},\"primaryImageOfPage\":{\"@id\":\"https:\\\/\\\/shrimataji.org\\\/test\\\/pl\\\/rozszerzajacy-sie-krag\\\/#primaryimage\"},\"image\":{\"@id\":\"https:\\\/\\\/shrimataji.org\\\/test\\\/pl\\\/rozszerzajacy-sie-krag\\\/#primaryimage\"},\"thumbnailUrl\":\"https:\\\/\\\/shrimataji.org\\\/test\\\/wp-content\\\/uploads\\\/2023\\\/03\\\/10_Banner-PublicLife-WideningCircle_2-scaled.jpg\",\"datePublished\":\"2018-07-10T06:54:50+00:00\",\"dateModified\":\"2026-04-22T11:02:09+00:00\",\"breadcrumb\":{\"@id\":\"https:\\\/\\\/shrimataji.org\\\/test\\\/pl\\\/rozszerzajacy-sie-krag\\\/#breadcrumb\"},\"inLanguage\":\"en-US\",\"potentialAction\":[{\"@type\":\"ReadAction\",\"target\":[\"https:\\\/\\\/shrimataji.org\\\/test\\\/pl\\\/rozszerzajacy-sie-krag\\\/\"]}]},{\"@type\":\"ImageObject\",\"inLanguage\":\"en-US\",\"@id\":\"https:\\\/\\\/shrimataji.org\\\/test\\\/pl\\\/rozszerzajacy-sie-krag\\\/#primaryimage\",\"url\":\"https:\\\/\\\/shrimataji.org\\\/test\\\/wp-content\\\/uploads\\\/2023\\\/03\\\/10_Banner-PublicLife-WideningCircle_2-scaled.jpg\",\"contentUrl\":\"https:\\\/\\\/shrimataji.org\\\/test\\\/wp-content\\\/uploads\\\/2023\\\/03\\\/10_Banner-PublicLife-WideningCircle_2-scaled.jpg\",\"width\":2560,\"height\":905},{\"@type\":\"BreadcrumbList\",\"@id\":\"https:\\\/\\\/shrimataji.org\\\/test\\\/pl\\\/rozszerzajacy-sie-krag\\\/#breadcrumb\",\"itemListElement\":[{\"@type\":\"ListItem\",\"position\":1,\"name\":\"Home\",\"item\":\"https:\\\/\\\/shrimataji.org\\\/test\\\/uk\\\/home-en\\\/\"},{\"@type\":\"ListItem\",\"position\":2,\"name\":\"Rozszerzaj\u0105cy si\u0119 kr\u0105g\"}]},{\"@type\":\"WebSite\",\"@id\":\"https:\\\/\\\/shrimataji.org\\\/test\\\/#website\",\"url\":\"https:\\\/\\\/shrimataji.org\\\/test\\\/\",\"name\":\"Shri Mataji Nirmala Devi\",\"description\":\"A Life Dedicated to Humanity\",\"publisher\":{\"@id\":\"https:\\\/\\\/shrimataji.org\\\/test\\\/#\\\/schema\\\/person\\\/a1b3419c6585f164aa96da1ff85715d1\"},\"potentialAction\":[{\"@type\":\"SearchAction\",\"target\":{\"@type\":\"EntryPoint\",\"urlTemplate\":\"https:\\\/\\\/shrimataji.org\\\/test\\\/?s={search_term_string}\"},\"query-input\":{\"@type\":\"PropertyValueSpecification\",\"valueRequired\":true,\"valueName\":\"search_term_string\"}}],\"inLanguage\":\"en-US\"},{\"@type\":[\"Person\",\"Organization\"],\"@id\":\"https:\\\/\\\/shrimataji.org\\\/test\\\/#\\\/schema\\\/person\\\/a1b3419c6585f164aa96da1ff85715d1\",\"name\":\"Nirmala Shrivastava\",\"image\":{\"@type\":\"ImageObject\",\"inLanguage\":\"en-US\",\"@id\":\"https:\\\/\\\/shrimataji.org\\\/test\\\/wp-content\\\/uploads\\\/2023\\\/02\\\/SMO_LOGO-03.svg\",\"url\":\"https:\\\/\\\/shrimataji.org\\\/test\\\/wp-content\\\/uploads\\\/2023\\\/02\\\/SMO_LOGO-03.svg\",\"contentUrl\":\"https:\\\/\\\/shrimataji.org\\\/test\\\/wp-content\\\/uploads\\\/2023\\\/02\\\/SMO_LOGO-03.svg\",\"width\":\"1024\",\"height\":\"1024\",\"caption\":\"Nirmala Shrivastava\"},\"logo\":{\"@id\":\"https:\\\/\\\/shrimataji.org\\\/test\\\/wp-content\\\/uploads\\\/2023\\\/02\\\/SMO_LOGO-03.svg\"},\"sameAs\":[\"https:\\\/\\\/shrimataji.org\\\/test\",\"https:\\\/\\\/www.facebook.com\\\/shrimataji\",\"https:\\\/\\\/x.com\\\/shrimataji\",\"https:\\\/\\\/www.youtube.com\\\/@Shri_Mataji_Nirmala_Devi\\\/featured\"]}]}<\/script>\n<!-- \/ Yoast SEO plugin. -->","yoast_head_json":{"title":"Rozszerzaj\u0105cy si\u0119 kr\u0105g - TEST - SMND","robots":{"index":"noindex","follow":"follow","max-snippet":"max-snippet:-1","max-image-preview":"max-image-preview:large","max-video-preview":"max-video-preview:-1"},"og_locale":"en_US","og_type":"article","og_title":"Rozszerzaj\u0105cy si\u0119 kr\u0105g - TEST - SMND","og_description":"Rozszerzaj\u0105cy si\u0119 kr\u0105g Wiatry zmian 27 maja 1964 roku zmar\u0142 pierwszy premier Indii, Jawaharlal Nehru. Sir C.P. przebywa\u0142 w Wielkiej Brytanii, uczestnicz\u0105c w konferencji \u017ceglugowej. We wtorek, 2 czerwca, nadesz\u0142a wiadomo\u015b\u0107, \u017ce Lal Bahadur Shastri zosta\u0142 wybrany nowym liderem Partii Kongresowej i wkr\u00f3tce obejmie urz\u0105d drugiego premiera Indii. Zanim Sir C.P. powr\u00f3ci\u0142 do Mumbaju z&hellip; Read more","og_url":"https:\/\/shrimataji.org\/test\/pl\/rozszerzajacy-sie-krag\/","og_site_name":"TEST - SMND","article_publisher":"https:\/\/www.facebook.com\/shrimataji","article_modified_time":"2026-04-22T11:02:09+00:00","og_image":[{"width":2560,"height":905,"url":"https:\/\/shrimataji.org\/test\/wp-content\/uploads\/2023\/03\/10_Banner-PublicLife-WideningCircle_2-scaled.jpg","type":"image\/jpeg"}],"twitter_card":"summary_large_image","twitter_site":"@shrimataji","schema":{"@context":"https:\/\/schema.org","@graph":[{"@type":"WebPage","@id":"https:\/\/shrimataji.org\/test\/pl\/rozszerzajacy-sie-krag\/","url":"https:\/\/shrimataji.org\/test\/pl\/rozszerzajacy-sie-krag\/","name":"Rozszerzaj\u0105cy si\u0119 kr\u0105g - TEST - SMND","isPartOf":{"@id":"https:\/\/shrimataji.org\/test\/#website"},"primaryImageOfPage":{"@id":"https:\/\/shrimataji.org\/test\/pl\/rozszerzajacy-sie-krag\/#primaryimage"},"image":{"@id":"https:\/\/shrimataji.org\/test\/pl\/rozszerzajacy-sie-krag\/#primaryimage"},"thumbnailUrl":"https:\/\/shrimataji.org\/test\/wp-content\/uploads\/2023\/03\/10_Banner-PublicLife-WideningCircle_2-scaled.jpg","datePublished":"2018-07-10T06:54:50+00:00","dateModified":"2026-04-22T11:02:09+00:00","breadcrumb":{"@id":"https:\/\/shrimataji.org\/test\/pl\/rozszerzajacy-sie-krag\/#breadcrumb"},"inLanguage":"en-US","potentialAction":[{"@type":"ReadAction","target":["https:\/\/shrimataji.org\/test\/pl\/rozszerzajacy-sie-krag\/"]}]},{"@type":"ImageObject","inLanguage":"en-US","@id":"https:\/\/shrimataji.org\/test\/pl\/rozszerzajacy-sie-krag\/#primaryimage","url":"https:\/\/shrimataji.org\/test\/wp-content\/uploads\/2023\/03\/10_Banner-PublicLife-WideningCircle_2-scaled.jpg","contentUrl":"https:\/\/shrimataji.org\/test\/wp-content\/uploads\/2023\/03\/10_Banner-PublicLife-WideningCircle_2-scaled.jpg","width":2560,"height":905},{"@type":"BreadcrumbList","@id":"https:\/\/shrimataji.org\/test\/pl\/rozszerzajacy-sie-krag\/#breadcrumb","itemListElement":[{"@type":"ListItem","position":1,"name":"Home","item":"https:\/\/shrimataji.org\/test\/uk\/home-en\/"},{"@type":"ListItem","position":2,"name":"Rozszerzaj\u0105cy si\u0119 kr\u0105g"}]},{"@type":"WebSite","@id":"https:\/\/shrimataji.org\/test\/#website","url":"https:\/\/shrimataji.org\/test\/","name":"Shri Mataji Nirmala Devi","description":"A Life Dedicated to Humanity","publisher":{"@id":"https:\/\/shrimataji.org\/test\/#\/schema\/person\/a1b3419c6585f164aa96da1ff85715d1"},"potentialAction":[{"@type":"SearchAction","target":{"@type":"EntryPoint","urlTemplate":"https:\/\/shrimataji.org\/test\/?s={search_term_string}"},"query-input":{"@type":"PropertyValueSpecification","valueRequired":true,"valueName":"search_term_string"}}],"inLanguage":"en-US"},{"@type":["Person","Organization"],"@id":"https:\/\/shrimataji.org\/test\/#\/schema\/person\/a1b3419c6585f164aa96da1ff85715d1","name":"Nirmala Shrivastava","image":{"@type":"ImageObject","inLanguage":"en-US","@id":"https:\/\/shrimataji.org\/test\/wp-content\/uploads\/2023\/02\/SMO_LOGO-03.svg","url":"https:\/\/shrimataji.org\/test\/wp-content\/uploads\/2023\/02\/SMO_LOGO-03.svg","contentUrl":"https:\/\/shrimataji.org\/test\/wp-content\/uploads\/2023\/02\/SMO_LOGO-03.svg","width":"1024","height":"1024","caption":"Nirmala Shrivastava"},"logo":{"@id":"https:\/\/shrimataji.org\/test\/wp-content\/uploads\/2023\/02\/SMO_LOGO-03.svg"},"sameAs":["https:\/\/shrimataji.org\/test","https:\/\/www.facebook.com\/shrimataji","https:\/\/x.com\/shrimataji","https:\/\/www.youtube.com\/@Shri_Mataji_Nirmala_Devi\/featured"]}]}},"lang":"pl","translations":{"pl":38041,"ur":37524,"en":37234,"hu":19593,"am":18099,"th":20095,"ar":16995,"sq":18500,"zh":17397,"hi":8269,"tr":10224,"pt":10432,"de":10706,"fr":10804,"it":10902,"es":10999,"ja":11297,"ru":11485,"bn":11676,"te":11784,"sw":11907,"he":12055,"el":12347,"sk":12445,"fa":12543,"fi":12641,"bg":13447,"ro":14521,"cs":14714,"nl":16659,"ku":16819,"be":18707,"kn":18981,"mr":20459,"uk":20752,"ml":21047,"ta":22818,"sv":23087,"gu":28922,"pa":29082,"fil":29536,"da":37831,"nn":38383},"pll_sync_post":[],"_links":{"self":[{"href":"https:\/\/shrimataji.org\/test\/wp-json\/wp\/v2\/pages\/38041","targetHints":{"allow":["GET"]}}],"collection":[{"href":"https:\/\/shrimataji.org\/test\/wp-json\/wp\/v2\/pages"}],"about":[{"href":"https:\/\/shrimataji.org\/test\/wp-json\/wp\/v2\/types\/page"}],"author":[{"embeddable":true,"href":"https:\/\/shrimataji.org\/test\/wp-json\/wp\/v2\/users\/1"}],"replies":[{"embeddable":true,"href":"https:\/\/shrimataji.org\/test\/wp-json\/wp\/v2\/comments?post=38041"}],"version-history":[{"count":0,"href":"https:\/\/shrimataji.org\/test\/wp-json\/wp\/v2\/pages\/38041\/revisions"}],"wp:featuredmedia":[{"embeddable":true,"href":"https:\/\/shrimataji.org\/test\/wp-json\/wp\/v2\/media\/38042"}],"wp:attachment":[{"href":"https:\/\/shrimataji.org\/test\/wp-json\/wp\/v2\/media?parent=38041"}],"curies":[{"name":"wp","href":"https:\/\/api.w.org\/{rel}","templated":true}]}}