{"id":38045,"date":"2012-10-02T02:00:00","date_gmt":"2012-10-02T02:00:00","guid":{"rendered":"http:\/\/testwordpress.nirmalnagari.org\/smnd\/index.php\/un-womens-conference\/"},"modified":"2026-04-15T09:28:59","modified_gmt":"2026-04-15T09:28:59","slug":"swiatowa-konferencja-onz-w-sprawie-kobiet","status":"publish","type":"page","link":"https:\/\/shrimataji.org\/test\/pl\/swiatowa-konferencja-onz-w-sprawie-kobiet\/","title":{"rendered":"\u015awiatowa Konferencja ONZ w sprawie Kobiet"},"content":{"rendered":"\n\n\t<h1>4. \u015awiatowa Konferencja ONZ w sprawie Kobiet<\/h1>\n<h2>Fragment z Mi\u0119dzyregionalnego Okr\u0105g\u0142ego Sto\u0142u w Pekinie, wrzesie\u0144 1995 r.<\/h2>\n\t<h4>Czwarta \u015awiatowa Konferencja w Pekinie (Chiny) we wrze\u015bniu 1995 roku by\u0142a kulminacj\u0105 ustale\u0144 politycznych wypracowanych podczas trzech wcze\u015bniejszych globalnych konferencji po\u015bwi\u0119conych kobietom i r\u00f3wno\u015bci p\u0142ci. 189 kraj\u00f3w jednog\u0142o\u015bnie przyj\u0119\u0142o w Pekinie program wzmocnienia pozycji kobiet, uznawany za kluczowy \u015bwiatowy dokument dotycz\u0105cy r\u00f3wno\u015bci p\u0142ci.<\/h4>\n<p>\u015ari Matad\u017ai zosta\u0142a zaproszona jako m\u00f3wczyni na to globalne forum. Zawsze jasno wyra\u017ca\u0142a swoje pogl\u0105dy na temat roli kobiet. Podkre\u015bla\u0142a, \u017ce maj\u0105 one r\u00f3wnie istotne znaczenie jak m\u0119\u017cczy\u017ani, lecz powinny rozwija\u0107 swoje unikalne cechy, zamiast pr\u00f3bowa\u0107 si\u0119 z nimi uto\u017csamia\u0107. W\u0142a\u015bciwa r\u00f3wnowaga mi\u0119dzy kobietami a m\u0119\u017cczyznami jest niezb\u0119dna do budowania stabilnego i pokojowego spo\u0142ecze\u0144stwa. Konieczne jest uznanie r\u00f3\u017cnic oraz wzajemny szacunek dla swoich mocnych stron. Wielokrotnie przypomina\u0142a, \u017ce zar\u00f3wno kobiety, jak i m\u0119\u017cczy\u017ani powinni odnale\u017a\u0107 wewn\u0119trzn\u0105 r\u00f3wnowag\u0119 pomi\u0119dzy pierwiastkiem \u201em\u0119skim&#8221; i \u201ekobiecym&#8221;. Szczeg\u00f3ln\u0105 rol\u0119 kobiety mog\u0105 jednak odegra\u0107 na poziomie spo\u0142ecznym.<\/p>\n\t<div class=\"su-quote su-quote-style-default\"><div class=\"su-quote-inner su-u-clearfix su-u-trim\"> Prawda jest taka, \u017ce kobiety stanowi\u0105 potencjaln\u0105 si\u0142\u0119 ka\u017cdej cywilizacji i ka\u017cdego kraju. To one s\u0105 tw\u00f3rczyniami i opiekunkami ca\u0142ej ludzko\u015bci. Taka jest rola, kt\u00f3r\u0105 powierzy\u0142 im Wszechmog\u0105cy B\u00f3g. <\/div><\/div>\n\t<p>\u015ari Matad\u017ai nigdy nie postrzega\u0142a siebie jako dzia\u0142aczki politycznej. Jej wizj\u0105 by\u0142a wewn\u0119trzna przemiana zar\u00f3wno kobiet, jak i m\u0119\u017cczyzn poprzez samorealizacj\u0119, dzi\u0119ki kt\u00f3rej osi\u0105gaj\u0105 oni naturaln\u0105 r\u00f3wnowag\u0119. To w\u0142a\u015bnie ta przemiana stanowi klucz do rozwi\u0105zania wielu problem\u00f3w, z jakimi mierz\u0105 si\u0119 kobiety w \u015bwiecie zdominowanym przez m\u0119\u017cczyzn.<\/p>\n<p>\u201eNasiona same z siebie niczego nie tworz\u0105. To Matka Ziemia daje kwiaty, owoce i wszelkie bogactwa. Podobnie to kobieta daje \u017cycie dziecku, troszczy si\u0119 o nie i wychowuje przysz\u0142ych obywateli. Dlatego kobiety, podobnie jak Matka Ziemia, stanowi\u0105 fundament ca\u0142ej ludzko\u015bci&#8221;.<\/p>\n\t<p>Mieszkaj\u0105c zar\u00f3wno na Wschodzie, jak i na Zachodzie oraz wiele podr\u00f3\u017cuj\u0105c, dostrzega\u0142a r\u00f3\u017cnice w traktowaniu kobiet. Cho\u0107 zauwa\u017ca\u0142a powa\u017cne braki w zakresie ich praw, to jeszcze bardziej niepokoi\u0142 j\u0105 brak szacunku wobec kobiet.<\/p>\n\t<div class=\"su-quote su-quote-style-default\"><div class=\"su-quote-inner su-u-clearfix su-u-trim\">W moim kraju istnieje powiedzenie: \u201eYatra narya pujyante tatra ramante devata&#8221;, co oznacza: \u201etam, gdzie kobiety s\u0105 szanowane i czczone, tam przebywaj\u0105 bogowie dobrobytu.<\/div><\/div>\n\t<p>Gdy kobiety i m\u0119\u017cczy\u017ani zrozumiej\u0105 w\u0142asne warto\u015bci oraz warto\u015b\u0107 siebie nawzajem &#8211; co, jak podkre\u015bla\u0142a, mo\u017cna osi\u0105gn\u0105\u0107 poprzez samorealizacj\u0119 &#8211; w\u00f3wczas zapanuje harmonia w\u015br\u00f3d ludzi.<\/p>\n<p>\u201eDlatego teraz powinni\u015bmy zrozumie\u0107 warto\u015b\u0107 tej wielkiej mocy, kt\u00f3r\u0105 obdarzy\u0142 nas Stw\u00f3rca. A co widzimy? Zar\u00f3wno na Wschodzie, jak i na Zachodzie kobiety nie by\u0142y w stanie w pe\u0142ni zamanifestowa\u0107 swojej wielko\u015bci.&#8221;<\/p>\n<p>Z pewno\u015bci\u0105 \u015ari Matad\u017ai opowiada\u0142a si\u0119 za r\u00f3wnymi prawami kobiet do edukacji, kariery, bezpiecznego \u017cycia oraz ochrony prawnej.<\/p>\n<p>\u201eNie sugeruj\u0119, \u017ce jedyn\u0105 rol\u0105 kobiet w spo\u0142ecze\u0144stwie jest bycie matk\u0105, rodzenie i wychowywanie dzieci, czy te\u017c rola \u017cony lub siostry. Kobiety maj\u0105 pe\u0142ne prawo uczestniczy\u0107 jako r\u00f3wnoprawne partnerki we wszystkich dziedzinach \u017cycia: spo\u0142ecznej, kulturalnej, politycznej, gospodarczej, administracyjnej i innych&#8230; Jednak je\u015bli s\u0105 matkami, spoczywa na nich wielka odpowiedzialno\u015b\u0107 wobec dzieci i ca\u0142ego spo\u0142ecze\u0144stwa&#8221;.<\/p>\n<p>Jednak \u015ari Matad\u017ai podkre\u015bla\u0142a, \u017ce prawdziwe przywr\u00f3cenie r\u00f3wnowagi mi\u0119dzy kobietami a m\u0119\u017cczyznami jest mo\u017cliwe tylko wtedy, gdy zwr\u00f3cimy si\u0119 do swojego wn\u0119trza i pozwolimy, aby prowadzi\u0142a nas moc samorealizacji.<\/p>\n<p>\u201ePotrzebujemy r\u00f3wnowagi mi\u0119dzy tymi dwiema skrajno\u015bciami. Potrzebujemy kobiety jako partnerki r\u00f3wnej, lecz nie identycznej z m\u0119\u017cczyzn\u0105&#8230;<\/p>\n\t<div class=\"su-quote su-quote-style-default\"><div class=\"su-quote-inner su-u-clearfix su-u-trim\">Potrzebujemy zr\u00f3wnowa\u017conych kobiet, aby ludzko\u015b\u0107 mog\u0142a osi\u0105gn\u0105\u0107 wewn\u0119trzn\u0105 harmoni\u0119 i pok\u00f3j.<\/div><\/div>\n\t\t<iframe loading=\"lazy\" title=\"UN Women\u00b4s Conference\" width=\"1920\" height=\"1080\" src=\"https:\/\/www.youtube.com\/embed\/_v6jiBJ-jdg?feature=oembed\" frameborder=\"0\" allow=\"accelerometer; autoplay; clipboard-write; encrypted-media; gyroscope; picture-in-picture; web-share\" allowfullscreen><\/iframe>\t\n\n","protected":false},"excerpt":{"rendered":"<p>4. \u015awiatowa Konferencja ONZ w sprawie Kobiet Fragment z Mi\u0119dzyregionalnego Okr\u0105g\u0142ego Sto\u0142u w Pekinie, wrzesie\u0144 1995 r. Czwarta \u015awiatowa Konferencja w Pekinie (Chiny) we wrze\u015bniu 1995 roku by\u0142a kulminacj\u0105 ustale\u0144 politycznych wypracowanych podczas trzech wcze\u015bniejszych globalnych konferencji po\u015bwi\u0119conych kobietom i r\u00f3wno\u015bci p\u0142ci. 189 kraj\u00f3w jednog\u0142o\u015bnie przyj\u0119\u0142o w Pekinie program wzmocnienia pozycji kobiet, uznawany za kluczowy&hellip; <br \/> <a class=\"read-more\" href=\"https:\/\/shrimataji.org\/test\/pl\/swiatowa-konferencja-onz-w-sprawie-kobiet\/\">Read more<\/a><\/p>\n","protected":false},"author":1,"featured_media":38046,"parent":0,"menu_order":0,"comment_status":"closed","ping_status":"closed","template":"","meta":{"inline_featured_image":false,"footnotes":""},"class_list":["post-38045","page","type-page","status-publish","has-post-thumbnail","hentry"],"yoast_head":"<!-- This site is optimized with the Yoast SEO plugin v27.4 - https:\/\/yoast.com\/product\/yoast-seo-wordpress\/ -->\n<title>\u015awiatowa Konferencja ONZ w sprawie Kobiet - TEST - SMND<\/title>\n<meta name=\"robots\" content=\"noindex, follow, max-snippet:-1, max-image-preview:large, max-video-preview:-1\" \/>\n<meta property=\"og:locale\" content=\"en_US\" \/>\n<meta property=\"og:type\" content=\"article\" \/>\n<meta property=\"og:title\" content=\"\u015awiatowa Konferencja ONZ w sprawie Kobiet - TEST - SMND\" \/>\n<meta property=\"og:description\" content=\"4. \u015awiatowa Konferencja ONZ w sprawie Kobiet Fragment z Mi\u0119dzyregionalnego Okr\u0105g\u0142ego Sto\u0142u w Pekinie, wrzesie\u0144 1995 r. Czwarta \u015awiatowa Konferencja w Pekinie (Chiny) we wrze\u015bniu 1995 roku by\u0142a kulminacj\u0105 ustale\u0144 politycznych wypracowanych podczas trzech wcze\u015bniejszych globalnych konferencji po\u015bwi\u0119conych kobietom i r\u00f3wno\u015bci p\u0142ci. 189 kraj\u00f3w jednog\u0142o\u015bnie przyj\u0119\u0142o w Pekinie program wzmocnienia pozycji kobiet, uznawany za kluczowy&hellip; Read more\" \/>\n<meta property=\"og:url\" content=\"https:\/\/shrimataji.org\/test\/pl\/swiatowa-konferencja-onz-w-sprawie-kobiet\/\" \/>\n<meta property=\"og:site_name\" content=\"TEST - SMND\" \/>\n<meta property=\"article:publisher\" content=\"https:\/\/www.facebook.com\/shrimataji\" \/>\n<meta property=\"article:modified_time\" content=\"2026-04-15T09:28:59+00:00\" \/>\n<meta property=\"og:image\" content=\"https:\/\/shrimataji.org\/test\/wp-content\/uploads\/2018\/07\/media_originals\/images\/headers-general\/shri-mataji-speaking-at-the-un-womens-conference-in-beijing-1995.jpg\" \/>\n\t<meta property=\"og:image:width\" content=\"990\" \/>\n\t<meta property=\"og:image:height\" content=\"350\" \/>\n\t<meta property=\"og:image:type\" content=\"image\/jpeg\" \/>\n<meta name=\"twitter:card\" content=\"summary_large_image\" \/>\n<meta name=\"twitter:site\" content=\"@shrimataji\" \/>\n<script type=\"application\/ld+json\" class=\"yoast-schema-graph\">{\"@context\":\"https:\\\/\\\/schema.org\",\"@graph\":[{\"@type\":\"WebPage\",\"@id\":\"https:\\\/\\\/shrimataji.org\\\/test\\\/pl\\\/swiatowa-konferencja-onz-w-sprawie-kobiet\\\/\",\"url\":\"https:\\\/\\\/shrimataji.org\\\/test\\\/pl\\\/swiatowa-konferencja-onz-w-sprawie-kobiet\\\/\",\"name\":\"\u015awiatowa Konferencja ONZ w sprawie Kobiet - TEST - SMND\",\"isPartOf\":{\"@id\":\"https:\\\/\\\/shrimataji.org\\\/test\\\/#website\"},\"primaryImageOfPage\":{\"@id\":\"https:\\\/\\\/shrimataji.org\\\/test\\\/pl\\\/swiatowa-konferencja-onz-w-sprawie-kobiet\\\/#primaryimage\"},\"image\":{\"@id\":\"https:\\\/\\\/shrimataji.org\\\/test\\\/pl\\\/swiatowa-konferencja-onz-w-sprawie-kobiet\\\/#primaryimage\"},\"thumbnailUrl\":\"https:\\\/\\\/shrimataji.org\\\/test\\\/wp-content\\\/uploads\\\/2018\\\/07\\\/media_originals\\\/images\\\/headers-general\\\/shri-mataji-speaking-at-the-un-womens-conference-in-beijing-1995.jpg\",\"datePublished\":\"2012-10-02T02:00:00+00:00\",\"dateModified\":\"2026-04-15T09:28:59+00:00\",\"breadcrumb\":{\"@id\":\"https:\\\/\\\/shrimataji.org\\\/test\\\/pl\\\/swiatowa-konferencja-onz-w-sprawie-kobiet\\\/#breadcrumb\"},\"inLanguage\":\"en-US\",\"potentialAction\":[{\"@type\":\"ReadAction\",\"target\":[\"https:\\\/\\\/shrimataji.org\\\/test\\\/pl\\\/swiatowa-konferencja-onz-w-sprawie-kobiet\\\/\"]}]},{\"@type\":\"ImageObject\",\"inLanguage\":\"en-US\",\"@id\":\"https:\\\/\\\/shrimataji.org\\\/test\\\/pl\\\/swiatowa-konferencja-onz-w-sprawie-kobiet\\\/#primaryimage\",\"url\":\"https:\\\/\\\/shrimataji.org\\\/test\\\/wp-content\\\/uploads\\\/2018\\\/07\\\/media_originals\\\/images\\\/headers-general\\\/shri-mataji-speaking-at-the-un-womens-conference-in-beijing-1995.jpg\",\"contentUrl\":\"https:\\\/\\\/shrimataji.org\\\/test\\\/wp-content\\\/uploads\\\/2018\\\/07\\\/media_originals\\\/images\\\/headers-general\\\/shri-mataji-speaking-at-the-un-womens-conference-in-beijing-1995.jpg\",\"width\":990,\"height\":350},{\"@type\":\"BreadcrumbList\",\"@id\":\"https:\\\/\\\/shrimataji.org\\\/test\\\/pl\\\/swiatowa-konferencja-onz-w-sprawie-kobiet\\\/#breadcrumb\",\"itemListElement\":[{\"@type\":\"ListItem\",\"position\":1,\"name\":\"Home\",\"item\":\"https:\\\/\\\/shrimataji.org\\\/test\\\/uk\\\/home-en\\\/\"},{\"@type\":\"ListItem\",\"position\":2,\"name\":\"\u015awiatowa Konferencja ONZ w sprawie Kobiet\"}]},{\"@type\":\"WebSite\",\"@id\":\"https:\\\/\\\/shrimataji.org\\\/test\\\/#website\",\"url\":\"https:\\\/\\\/shrimataji.org\\\/test\\\/\",\"name\":\"Shri Mataji Nirmala Devi\",\"description\":\"A Life Dedicated to Humanity\",\"publisher\":{\"@id\":\"https:\\\/\\\/shrimataji.org\\\/test\\\/#\\\/schema\\\/person\\\/a1b3419c6585f164aa96da1ff85715d1\"},\"potentialAction\":[{\"@type\":\"SearchAction\",\"target\":{\"@type\":\"EntryPoint\",\"urlTemplate\":\"https:\\\/\\\/shrimataji.org\\\/test\\\/?s={search_term_string}\"},\"query-input\":{\"@type\":\"PropertyValueSpecification\",\"valueRequired\":true,\"valueName\":\"search_term_string\"}}],\"inLanguage\":\"en-US\"},{\"@type\":[\"Person\",\"Organization\"],\"@id\":\"https:\\\/\\\/shrimataji.org\\\/test\\\/#\\\/schema\\\/person\\\/a1b3419c6585f164aa96da1ff85715d1\",\"name\":\"Nirmala Shrivastava\",\"image\":{\"@type\":\"ImageObject\",\"inLanguage\":\"en-US\",\"@id\":\"https:\\\/\\\/shrimataji.org\\\/test\\\/wp-content\\\/uploads\\\/2023\\\/02\\\/SMO_LOGO-03.svg\",\"url\":\"https:\\\/\\\/shrimataji.org\\\/test\\\/wp-content\\\/uploads\\\/2023\\\/02\\\/SMO_LOGO-03.svg\",\"contentUrl\":\"https:\\\/\\\/shrimataji.org\\\/test\\\/wp-content\\\/uploads\\\/2023\\\/02\\\/SMO_LOGO-03.svg\",\"width\":\"1024\",\"height\":\"1024\",\"caption\":\"Nirmala Shrivastava\"},\"logo\":{\"@id\":\"https:\\\/\\\/shrimataji.org\\\/test\\\/wp-content\\\/uploads\\\/2023\\\/02\\\/SMO_LOGO-03.svg\"},\"sameAs\":[\"https:\\\/\\\/shrimataji.org\\\/test\",\"https:\\\/\\\/www.facebook.com\\\/shrimataji\",\"https:\\\/\\\/x.com\\\/shrimataji\",\"https:\\\/\\\/www.youtube.com\\\/@Shri_Mataji_Nirmala_Devi\\\/featured\"]}]}<\/script>\n<!-- \/ Yoast SEO plugin. -->","yoast_head_json":{"title":"\u015awiatowa Konferencja ONZ w sprawie Kobiet - TEST - SMND","robots":{"index":"noindex","follow":"follow","max-snippet":"max-snippet:-1","max-image-preview":"max-image-preview:large","max-video-preview":"max-video-preview:-1"},"og_locale":"en_US","og_type":"article","og_title":"\u015awiatowa Konferencja ONZ w sprawie Kobiet - TEST - SMND","og_description":"4. \u015awiatowa Konferencja ONZ w sprawie Kobiet Fragment z Mi\u0119dzyregionalnego Okr\u0105g\u0142ego Sto\u0142u w Pekinie, wrzesie\u0144 1995 r. Czwarta \u015awiatowa Konferencja w Pekinie (Chiny) we wrze\u015bniu 1995 roku by\u0142a kulminacj\u0105 ustale\u0144 politycznych wypracowanych podczas trzech wcze\u015bniejszych globalnych konferencji po\u015bwi\u0119conych kobietom i r\u00f3wno\u015bci p\u0142ci. 189 kraj\u00f3w jednog\u0142o\u015bnie przyj\u0119\u0142o w Pekinie program wzmocnienia pozycji kobiet, uznawany za kluczowy&hellip; Read more","og_url":"https:\/\/shrimataji.org\/test\/pl\/swiatowa-konferencja-onz-w-sprawie-kobiet\/","og_site_name":"TEST - SMND","article_publisher":"https:\/\/www.facebook.com\/shrimataji","article_modified_time":"2026-04-15T09:28:59+00:00","og_image":[{"width":990,"height":350,"url":"https:\/\/shrimataji.org\/test\/wp-content\/uploads\/2018\/07\/media_originals\/images\/headers-general\/shri-mataji-speaking-at-the-un-womens-conference-in-beijing-1995.jpg","type":"image\/jpeg"}],"twitter_card":"summary_large_image","twitter_site":"@shrimataji","schema":{"@context":"https:\/\/schema.org","@graph":[{"@type":"WebPage","@id":"https:\/\/shrimataji.org\/test\/pl\/swiatowa-konferencja-onz-w-sprawie-kobiet\/","url":"https:\/\/shrimataji.org\/test\/pl\/swiatowa-konferencja-onz-w-sprawie-kobiet\/","name":"\u015awiatowa Konferencja ONZ w sprawie Kobiet - TEST - SMND","isPartOf":{"@id":"https:\/\/shrimataji.org\/test\/#website"},"primaryImageOfPage":{"@id":"https:\/\/shrimataji.org\/test\/pl\/swiatowa-konferencja-onz-w-sprawie-kobiet\/#primaryimage"},"image":{"@id":"https:\/\/shrimataji.org\/test\/pl\/swiatowa-konferencja-onz-w-sprawie-kobiet\/#primaryimage"},"thumbnailUrl":"https:\/\/shrimataji.org\/test\/wp-content\/uploads\/2018\/07\/media_originals\/images\/headers-general\/shri-mataji-speaking-at-the-un-womens-conference-in-beijing-1995.jpg","datePublished":"2012-10-02T02:00:00+00:00","dateModified":"2026-04-15T09:28:59+00:00","breadcrumb":{"@id":"https:\/\/shrimataji.org\/test\/pl\/swiatowa-konferencja-onz-w-sprawie-kobiet\/#breadcrumb"},"inLanguage":"en-US","potentialAction":[{"@type":"ReadAction","target":["https:\/\/shrimataji.org\/test\/pl\/swiatowa-konferencja-onz-w-sprawie-kobiet\/"]}]},{"@type":"ImageObject","inLanguage":"en-US","@id":"https:\/\/shrimataji.org\/test\/pl\/swiatowa-konferencja-onz-w-sprawie-kobiet\/#primaryimage","url":"https:\/\/shrimataji.org\/test\/wp-content\/uploads\/2018\/07\/media_originals\/images\/headers-general\/shri-mataji-speaking-at-the-un-womens-conference-in-beijing-1995.jpg","contentUrl":"https:\/\/shrimataji.org\/test\/wp-content\/uploads\/2018\/07\/media_originals\/images\/headers-general\/shri-mataji-speaking-at-the-un-womens-conference-in-beijing-1995.jpg","width":990,"height":350},{"@type":"BreadcrumbList","@id":"https:\/\/shrimataji.org\/test\/pl\/swiatowa-konferencja-onz-w-sprawie-kobiet\/#breadcrumb","itemListElement":[{"@type":"ListItem","position":1,"name":"Home","item":"https:\/\/shrimataji.org\/test\/uk\/home-en\/"},{"@type":"ListItem","position":2,"name":"\u015awiatowa Konferencja ONZ w sprawie Kobiet"}]},{"@type":"WebSite","@id":"https:\/\/shrimataji.org\/test\/#website","url":"https:\/\/shrimataji.org\/test\/","name":"Shri Mataji Nirmala Devi","description":"A Life Dedicated to Humanity","publisher":{"@id":"https:\/\/shrimataji.org\/test\/#\/schema\/person\/a1b3419c6585f164aa96da1ff85715d1"},"potentialAction":[{"@type":"SearchAction","target":{"@type":"EntryPoint","urlTemplate":"https:\/\/shrimataji.org\/test\/?s={search_term_string}"},"query-input":{"@type":"PropertyValueSpecification","valueRequired":true,"valueName":"search_term_string"}}],"inLanguage":"en-US"},{"@type":["Person","Organization"],"@id":"https:\/\/shrimataji.org\/test\/#\/schema\/person\/a1b3419c6585f164aa96da1ff85715d1","name":"Nirmala Shrivastava","image":{"@type":"ImageObject","inLanguage":"en-US","@id":"https:\/\/shrimataji.org\/test\/wp-content\/uploads\/2023\/02\/SMO_LOGO-03.svg","url":"https:\/\/shrimataji.org\/test\/wp-content\/uploads\/2023\/02\/SMO_LOGO-03.svg","contentUrl":"https:\/\/shrimataji.org\/test\/wp-content\/uploads\/2023\/02\/SMO_LOGO-03.svg","width":"1024","height":"1024","caption":"Nirmala Shrivastava"},"logo":{"@id":"https:\/\/shrimataji.org\/test\/wp-content\/uploads\/2023\/02\/SMO_LOGO-03.svg"},"sameAs":["https:\/\/shrimataji.org\/test","https:\/\/www.facebook.com\/shrimataji","https:\/\/x.com\/shrimataji","https:\/\/www.youtube.com\/@Shri_Mataji_Nirmala_Devi\/featured"]}]}},"lang":"pl","translations":{"pl":38045,"ur":37528,"en":427,"am":18103,"th":20101,"hu":19599,"ar":16999,"sq":18504,"zh":17401,"tr":10227,"pt":10434,"de":10709,"fr":10807,"it":10905,"es":11001,"ja":11299,"ru":11487,"bn":11679,"te":11787,"sw":11910,"he":12058,"el":12350,"sk":12448,"fa":12546,"fi":12644,"bg":13498,"ro":14573,"cs":14766,"nl":16663,"ku":16823,"be":18711,"kn":18985,"mr":20465,"uk":20758,"ml":21053,"ta":22822,"sv":23091,"gu":28926,"pa":29086,"fil":29540,"da":37835,"nn":38387},"pll_sync_post":[],"_links":{"self":[{"href":"https:\/\/shrimataji.org\/test\/wp-json\/wp\/v2\/pages\/38045","targetHints":{"allow":["GET"]}}],"collection":[{"href":"https:\/\/shrimataji.org\/test\/wp-json\/wp\/v2\/pages"}],"about":[{"href":"https:\/\/shrimataji.org\/test\/wp-json\/wp\/v2\/types\/page"}],"author":[{"embeddable":true,"href":"https:\/\/shrimataji.org\/test\/wp-json\/wp\/v2\/users\/1"}],"replies":[{"embeddable":true,"href":"https:\/\/shrimataji.org\/test\/wp-json\/wp\/v2\/comments?post=38045"}],"version-history":[{"count":0,"href":"https:\/\/shrimataji.org\/test\/wp-json\/wp\/v2\/pages\/38045\/revisions"}],"wp:featuredmedia":[{"embeddable":true,"href":"https:\/\/shrimataji.org\/test\/wp-json\/wp\/v2\/media\/38046"}],"wp:attachment":[{"href":"https:\/\/shrimataji.org\/test\/wp-json\/wp\/v2\/media?parent=38045"}],"curies":[{"name":"wp","href":"https:\/\/api.w.org\/{rel}","templated":true}]}}