{"id":38051,"date":"2022-03-05T07:52:48","date_gmt":"2022-03-05T07:52:48","guid":{"rendered":"https:\/\/test.shrimataji.org\/?page_id=6494"},"modified":"2026-04-20T17:04:23","modified_gmt":"2026-04-20T17:04:23","slug":"czakra-wisuddhi","status":"publish","type":"page","link":"https:\/\/shrimataji.org\/test\/pl\/czakra-wisuddhi\/","title":{"rendered":"Czakra Wi\u015buddhi"},"content":{"rendered":"\n\n\t<h1>Czakra Wi\u015buddhi<\/h1>\n<h2>Komunikacja, poczucie w\u0142asnej warto\u015bci, dyplomacja<\/h2>\n<h4>Ewolucja spo\u0142ecze\u0144stwa ludzkiego rozwija\u0142a si\u0119 i kszta\u0142towa\u0142a przez pokolenia dzi\u0119ki umiej\u0119tno\u015bci skutecznej komunikacji. Czakra Wi\u015buddhi jest o\u015brodkiem, kt\u00f3ry umo\u017cliwia nam przej\u015bcie od \u015bwiadomo\u015bci indywidualnej do \u015bwiadomo\u015bci zbiorowej. Stanowi nasze po\u0142\u0105czenie z innymi i pomaga rozwija\u0107 wra\u017cliwo\u015b\u0107 na drugiego cz\u0142owieka. Uczymy si\u0119 dostrzega\u0107 warto\u015b\u0107 dobra wsp\u00f3lnego ponad indywidualnym zyskiem oraz rozumie\u0107, \u017ce wszyscy jeste\u015bmy jedno\u015bci\u0105.<\/h4>\n<div class=\"su-quote su-quote-style-default\"><div class=\"su-quote-inner su-u-clearfix su-u-trim\"> \u015ari Kryszna wyrazi\u0142 to bardzo pi\u0119knie: \u201eSatyam Vade, Hitam Vade, Priyam Vade&#8221;. To, co jest korzystne i pe\u0142ne mi\u0142o\u015bci dla Ducha, powinno by\u0107 wyra\u017cane. Mo\u017ce to by\u0107 chwilowo bolesne, lecz z czasem okazuje si\u0119 dobroczynne i pe\u0142ne mi\u0142o\u015bci. Mimo tego zrozumienia czasami zapominamy, \u017ce B\u00f3g jest mi\u0142o\u015bci\u0105. A prawda r\u00f3wnie\u017c jest mi\u0142o\u015bci\u0105. <\/div><\/div>\n<p>Kolejn\u0105 wspania\u0142\u0105 cech\u0105, kt\u00f3ra rozwija si\u0119 w naszej osobowo\u015bci wraz z otwarciem tej czakry, jest dyplomacja. Jako dyplomaci opanowujemy sztuk\u0119 komunikacji, kt\u00f3ra jest charyzmatyczna, lecz nie s\u0142u\u017cy drobnym osobistym korzy\u015bciom, w\u0142adzy czy pieni\u0105dzom, lecz wy\u017cszemu dobru. Medytacyjne i introspektywne skupienie na tym pi\u0105tym centrum pozwala nam spontanicznie i jasno odnajdywa\u0107 si\u0119 we wszelkiego rodzaju relacjach.<\/p>\n\t\t<iframe loading=\"lazy\" title=\"Vishuddhi Chakra\" width=\"1920\" height=\"1080\" src=\"https:\/\/www.youtube.com\/embed\/LLi3R16u62Y?feature=oembed\" frameborder=\"0\" allow=\"accelerometer; autoplay; clipboard-write; encrypted-media; gyroscope; picture-in-picture; web-share\" allowfullscreen><\/iframe>\t\n\t<strong>Lokalizacja:<\/strong><br \/>\nNasza czakra Wi\u015buddhi znajduje si\u0119 w obszarze szyi, z ty\u0142u, wzd\u0142u\u017c kr\u0119gos\u0142upa, mniej wi\u0119cej na poziomie ramion. Wibracje tej czakry mo\u017cna odczuwa\u0107 w palcach wskazuj\u0105cych obu d\u0142oni. Lewy palec wskazuj\u0105cy odpowiada lewemu Wi\u015buddhi, a prawy &#8211; prawemu Wi\u015buddhi.\n<strong>Kolor:<\/strong><br \/>\nCzakra Wi\u015buddhi jest przedstawiana jako jasny odcie\u0144 b\u0142\u0119kitu. Odpowiada jej oczyszczaj\u0105cy element eteru.\n<strong>Cechy czakry Wi\u015buddhi obejmuj\u0105:<\/strong><br \/>\n\u2022 Pozytywne relacje<br \/>\n\u2022 Skuteczna komunikacja<br \/>\n\u2022 Uprzejmo\u015b\u0107<br \/>\n\u2022 Dyplomacja<br \/>\n\u2022 Poczucie wsp\u00f3lnoty<br \/>\n\u2022 Przyjemna osobowo\u015b\u0107\n<figure itemscope itemtype=\"https:\/\/schema.org\/ImageObject\">\n\t\t\t\t<img decoding=\"async\" src=\"https:\/\/shrimataji.org\/test\/wp-content\/uploads\/2026\/04\/pl-5-Vishuddhi-01-scaled.png\" alt=\"pl-5-Vishuddhi-01\" height=\"2560\" width=\"2402\" title=\"pl-5-Vishuddhi-01\" onerror=\"this.style.display='none'\" loading=\"lazy\" \/>\n\t<\/figure>\n\t<p>Podstawowe jako\u015bci czakry Wi\u015buddhi to skuteczna komunikacja i poczucie wsp\u00f3lnoty. Gdy Wi\u015buddhi jest w r\u00f3wnowadze, czujemy harmoni\u0119 z ca\u0142\u0105 ludzko\u015bci\u0105.<\/p>\n<p>Rozwijanie czakry Wi\u015buddhi poprzez regularn\u0105 medytacj\u0119 pozwala nam kszta\u0142towa\u0107 umiej\u0119tno\u015bci dyplomatyczne. Odkrywamy naturalny, \u0142agodny i przyjazny spos\u00f3b porozumiewania si\u0119 z innymi, bez potrzeby uczestniczenia w specjalnych kursach. Rozw\u00f3j tej czakry daje nam tak\u017ce zdolno\u015b\u0107 akceptowania w\u0142asnych niedoskona\u0142o\u015bci i wyzwa\u0144 bez poczucia winy oraz pomaga znajdowa\u0107 w\u0142a\u015bciwe, \u017cyczliwe rozwi\u0105zania.<\/p>\n<strong>Do\u015bwiadczenie i korzy\u015bci:<\/strong><br \/>\nCzakra Wi\u015buddhi odpowiada za szyj\u0119, gard\u0142o, ramiona, twarz, uszy, usta i z\u0119by. Kontroluje r\u00f3wnie\u017c nasze zdolno\u015bci komunikacyjne.\n<p>Gdy czakra Wi\u015buddhi jest w r\u00f3wnowadze, mamy zr\u00f3wnowa\u017cone spojrzenie na wydarzenia w naszym \u017cyciu. Potrafimy stawia\u0107 czo\u0142a wyzwaniom z wi\u0119kszym spokojem. Nawet w trudnych sytuacjach zachowujemy optymizm. Czakra Wi\u015buddhi pozwala dostrzec, \u017ce wydarzenia zewn\u0119trzne istniej\u0105 poza nami, dzi\u0119ki czemu mo\u017cemy je spokojnie obserwowa\u0107 jako \u015bwiadek.<\/p>\n<p>Zr\u00f3wnowa\u017cone Wi\u015buddhi jest niezb\u0119dne dla naszego rozwoju jako istot duchowych. Jest tak\u017ce kluczowe dla budowania zdrowych i pozytywnych relacji z innymi. Si\u0142a tej czakry wzmacnia zar\u00f3wno dyplomacj\u0119, jak i szacunek. Praktyka medytacji w Sahad\u017aa Joga pomaga zasila\u0107 i chroni\u0107 zar\u00f3wno lew\u0105, jak i praw\u0105 stron\u0119 czakry Wi\u015buddhi. Mo\u017cemy r\u00f3wnie\u017c wzmacnia\u0107 t\u0119 czakr\u0119, m\u00f3wi\u0105c z serca i wyra\u017caj\u0105c uznanie zamiast krytyki.<\/p>\n<strong>Samoocena:<\/strong><br \/>\nJe\u015bli czakra Wi\u015buddhi nie jest w r\u00f3wnowadze, mo\u017cemy do\u015bwiadcza\u0107 braku szacunku do siebie oraz poczucia winy. Mog\u0105 pojawia\u0107 si\u0119 tak\u017ce okresy nadmiernych reakcji i agresywnej komunikacji. Nadmierne m\u00f3wienie lub krzyk mog\u0105 prowadzi\u0107 do blokady prawego Wi\u015buddhi. B\u00f3l lub infekcje uszu czy z\u0119b\u00f3w mog\u0105 wskazywa\u0107 na blokad\u0119 tej czakry. Poczucie winy mo\u017ce objawia\u0107 si\u0119 napi\u0119ciem lub b\u00f3lem w ramionach i szyi, co wskazuje na zaburzenie lewego Wi\u015buddhi. Nawracaj\u0105ce przezi\u0119bienia, infekcje zatok i oskrzeli mog\u0105 \u015bwiadczy\u0107 o braku r\u00f3wnowagi w prawym Wi\u015buddhi. Niew\u0142a\u015bciwe relacje r\u00f3wnie\u017c mog\u0105 powodowa\u0107 zaburzenia w czakrze Wi\u015buddhi.\n<p><strong>Przyczyny nier\u00f3wnowagi:<\/strong><\/p>\n<ul>\n<li>Poczucie winy i brak szacunku do samego siebie.<\/li>\n<li>Nadmierne i niepotrzebnie agresywne u\u017cywanie g\u0142osu.<\/li>\n<li>Sarkazm, podnoszenie g\u0142osu w gniewie, nieszczero\u015b\u0107 w mowie.<\/li>\n<\/ul>\n<strong>Jak zachowa\u0107 r\u00f3wnowag\u0119:<\/strong><br \/>\nAby zr\u00f3wnowa\u017cy\u0107 czakr\u0119 Wi\u015buddhi, umie\u015b\u0107 praw\u0105 d\u0142o\u0144 kilka centymetr\u00f3w przed jej miejscem, skierowan\u0105 do wewn\u0105trz. Gdy poczujesz przep\u0142yw energii, wykonuj d\u0142oni\u0105 okr\u0119\u017cne ruchy wok\u00f3\u0142 czakry zgodnie z ruchem wskaz\u00f3wek zegara. Powt\u00f3rz to kilka razy.\n<p>Aby oczy\u015bci\u0107 lewe Wi\u015buddhi, trzymaj p\u0142omie\u0144 \u015bwiecy kilka centymetr\u00f3w od miejsca po\u0142\u0105czenia szyi i lewego ramienia. Poruszaj p\u0142omieniem delikatnie i powoli, zataczaj\u0105c kr\u0119gi zgodnie z ruchem wskaz\u00f3wek zegara wok\u00f3\u0142 czakry.<\/p>\n\n","protected":false},"excerpt":{"rendered":"<p>Czakra Wi\u015buddhi Komunikacja, poczucie w\u0142asnej warto\u015bci, dyplomacja Ewolucja spo\u0142ecze\u0144stwa ludzkiego rozwija\u0142a si\u0119 i kszta\u0142towa\u0142a przez pokolenia dzi\u0119ki umiej\u0119tno\u015bci skutecznej komunikacji. Czakra Wi\u015buddhi jest o\u015brodkiem, kt\u00f3ry umo\u017cliwia nam przej\u015bcie od \u015bwiadomo\u015bci indywidualnej do \u015bwiadomo\u015bci zbiorowej. Stanowi nasze po\u0142\u0105czenie z innymi i pomaga rozwija\u0107 wra\u017cliwo\u015b\u0107 na drugiego cz\u0142owieka. Uczymy si\u0119 dostrzega\u0107 warto\u015b\u0107 dobra wsp\u00f3lnego ponad indywidualnym zyskiem&hellip; <br \/> <a class=\"read-more\" href=\"https:\/\/shrimataji.org\/test\/pl\/czakra-wisuddhi\/\">Read more<\/a><\/p>\n","protected":false},"author":1,"featured_media":38052,"parent":0,"menu_order":0,"comment_status":"closed","ping_status":"closed","template":"","meta":{"inline_featured_image":false,"footnotes":""},"class_list":["post-38051","page","type-page","status-publish","has-post-thumbnail","hentry"],"yoast_head":"<!-- This site is optimized with the Yoast SEO plugin v27.4 - https:\/\/yoast.com\/product\/yoast-seo-wordpress\/ -->\n<title>Czakra Wi\u015buddhi - TEST - SMND<\/title>\n<meta name=\"robots\" content=\"noindex, follow, max-snippet:-1, max-image-preview:large, max-video-preview:-1\" \/>\n<meta property=\"og:locale\" content=\"en_US\" \/>\n<meta property=\"og:type\" content=\"article\" \/>\n<meta property=\"og:title\" content=\"Czakra Wi\u015buddhi - TEST - SMND\" \/>\n<meta property=\"og:description\" content=\"Czakra Wi\u015buddhi Komunikacja, poczucie w\u0142asnej warto\u015bci, dyplomacja Ewolucja spo\u0142ecze\u0144stwa ludzkiego rozwija\u0142a si\u0119 i kszta\u0142towa\u0142a przez pokolenia dzi\u0119ki umiej\u0119tno\u015bci skutecznej komunikacji. Czakra Wi\u015buddhi jest o\u015brodkiem, kt\u00f3ry umo\u017cliwia nam przej\u015bcie od \u015bwiadomo\u015bci indywidualnej do \u015bwiadomo\u015bci zbiorowej. Stanowi nasze po\u0142\u0105czenie z innymi i pomaga rozwija\u0107 wra\u017cliwo\u015b\u0107 na drugiego cz\u0142owieka. Uczymy si\u0119 dostrzega\u0107 warto\u015b\u0107 dobra wsp\u00f3lnego ponad indywidualnym zyskiem&hellip; Read more\" \/>\n<meta property=\"og:url\" content=\"https:\/\/shrimataji.org\/test\/pl\/czakra-wisuddhi\/\" \/>\n<meta property=\"og:site_name\" content=\"TEST - SMND\" \/>\n<meta property=\"article:publisher\" content=\"https:\/\/www.facebook.com\/shrimataji\" \/>\n<meta property=\"article:modified_time\" content=\"2026-04-20T17:04:23+00:00\" \/>\n<meta property=\"og:image\" content=\"https:\/\/shrimataji.org\/test\/wp-content\/uploads\/2023\/03\/20_Banner-SY-Chakra-vishu-scaled.jpg\" \/>\n\t<meta property=\"og:image:width\" content=\"2560\" \/>\n\t<meta property=\"og:image:height\" content=\"905\" \/>\n\t<meta property=\"og:image:type\" content=\"image\/jpeg\" \/>\n<meta name=\"twitter:card\" content=\"summary_large_image\" \/>\n<meta name=\"twitter:site\" content=\"@shrimataji\" \/>\n<meta name=\"twitter:label1\" content=\"Est. reading time\" \/>\n\t<meta name=\"twitter:data1\" content=\"4 minutes\" \/>\n<script type=\"application\/ld+json\" class=\"yoast-schema-graph\">{\"@context\":\"https:\\\/\\\/schema.org\",\"@graph\":[{\"@type\":\"WebPage\",\"@id\":\"https:\\\/\\\/shrimataji.org\\\/test\\\/pl\\\/czakra-wisuddhi\\\/\",\"url\":\"https:\\\/\\\/shrimataji.org\\\/test\\\/pl\\\/czakra-wisuddhi\\\/\",\"name\":\"Czakra Wi\u015buddhi - TEST - SMND\",\"isPartOf\":{\"@id\":\"https:\\\/\\\/shrimataji.org\\\/test\\\/#website\"},\"primaryImageOfPage\":{\"@id\":\"https:\\\/\\\/shrimataji.org\\\/test\\\/pl\\\/czakra-wisuddhi\\\/#primaryimage\"},\"image\":{\"@id\":\"https:\\\/\\\/shrimataji.org\\\/test\\\/pl\\\/czakra-wisuddhi\\\/#primaryimage\"},\"thumbnailUrl\":\"https:\\\/\\\/shrimataji.org\\\/test\\\/wp-content\\\/uploads\\\/2023\\\/03\\\/20_Banner-SY-Chakra-vishu-scaled.jpg\",\"datePublished\":\"2022-03-05T07:52:48+00:00\",\"dateModified\":\"2026-04-20T17:04:23+00:00\",\"breadcrumb\":{\"@id\":\"https:\\\/\\\/shrimataji.org\\\/test\\\/pl\\\/czakra-wisuddhi\\\/#breadcrumb\"},\"inLanguage\":\"en-US\",\"potentialAction\":[{\"@type\":\"ReadAction\",\"target\":[\"https:\\\/\\\/shrimataji.org\\\/test\\\/pl\\\/czakra-wisuddhi\\\/\"]}]},{\"@type\":\"ImageObject\",\"inLanguage\":\"en-US\",\"@id\":\"https:\\\/\\\/shrimataji.org\\\/test\\\/pl\\\/czakra-wisuddhi\\\/#primaryimage\",\"url\":\"https:\\\/\\\/shrimataji.org\\\/test\\\/wp-content\\\/uploads\\\/2023\\\/03\\\/20_Banner-SY-Chakra-vishu-scaled.jpg\",\"contentUrl\":\"https:\\\/\\\/shrimataji.org\\\/test\\\/wp-content\\\/uploads\\\/2023\\\/03\\\/20_Banner-SY-Chakra-vishu-scaled.jpg\",\"width\":2560,\"height\":905},{\"@type\":\"BreadcrumbList\",\"@id\":\"https:\\\/\\\/shrimataji.org\\\/test\\\/pl\\\/czakra-wisuddhi\\\/#breadcrumb\",\"itemListElement\":[{\"@type\":\"ListItem\",\"position\":1,\"name\":\"Home\",\"item\":\"https:\\\/\\\/shrimataji.org\\\/test\\\/uk\\\/home-en\\\/\"},{\"@type\":\"ListItem\",\"position\":2,\"name\":\"Czakra Wi\u015buddhi\"}]},{\"@type\":\"WebSite\",\"@id\":\"https:\\\/\\\/shrimataji.org\\\/test\\\/#website\",\"url\":\"https:\\\/\\\/shrimataji.org\\\/test\\\/\",\"name\":\"Shri Mataji Nirmala Devi\",\"description\":\"A Life Dedicated to Humanity\",\"publisher\":{\"@id\":\"https:\\\/\\\/shrimataji.org\\\/test\\\/#\\\/schema\\\/person\\\/a1b3419c6585f164aa96da1ff85715d1\"},\"potentialAction\":[{\"@type\":\"SearchAction\",\"target\":{\"@type\":\"EntryPoint\",\"urlTemplate\":\"https:\\\/\\\/shrimataji.org\\\/test\\\/?s={search_term_string}\"},\"query-input\":{\"@type\":\"PropertyValueSpecification\",\"valueRequired\":true,\"valueName\":\"search_term_string\"}}],\"inLanguage\":\"en-US\"},{\"@type\":[\"Person\",\"Organization\"],\"@id\":\"https:\\\/\\\/shrimataji.org\\\/test\\\/#\\\/schema\\\/person\\\/a1b3419c6585f164aa96da1ff85715d1\",\"name\":\"Nirmala Shrivastava\",\"image\":{\"@type\":\"ImageObject\",\"inLanguage\":\"en-US\",\"@id\":\"https:\\\/\\\/shrimataji.org\\\/test\\\/wp-content\\\/uploads\\\/2023\\\/02\\\/SMO_LOGO-03.svg\",\"url\":\"https:\\\/\\\/shrimataji.org\\\/test\\\/wp-content\\\/uploads\\\/2023\\\/02\\\/SMO_LOGO-03.svg\",\"contentUrl\":\"https:\\\/\\\/shrimataji.org\\\/test\\\/wp-content\\\/uploads\\\/2023\\\/02\\\/SMO_LOGO-03.svg\",\"width\":\"1024\",\"height\":\"1024\",\"caption\":\"Nirmala Shrivastava\"},\"logo\":{\"@id\":\"https:\\\/\\\/shrimataji.org\\\/test\\\/wp-content\\\/uploads\\\/2023\\\/02\\\/SMO_LOGO-03.svg\"},\"sameAs\":[\"https:\\\/\\\/shrimataji.org\\\/test\",\"https:\\\/\\\/www.facebook.com\\\/shrimataji\",\"https:\\\/\\\/x.com\\\/shrimataji\",\"https:\\\/\\\/www.youtube.com\\\/@Shri_Mataji_Nirmala_Devi\\\/featured\"]}]}<\/script>\n<!-- \/ Yoast SEO plugin. -->","yoast_head_json":{"title":"Czakra Wi\u015buddhi - TEST - SMND","robots":{"index":"noindex","follow":"follow","max-snippet":"max-snippet:-1","max-image-preview":"max-image-preview:large","max-video-preview":"max-video-preview:-1"},"og_locale":"en_US","og_type":"article","og_title":"Czakra Wi\u015buddhi - TEST - SMND","og_description":"Czakra Wi\u015buddhi Komunikacja, poczucie w\u0142asnej warto\u015bci, dyplomacja Ewolucja spo\u0142ecze\u0144stwa ludzkiego rozwija\u0142a si\u0119 i kszta\u0142towa\u0142a przez pokolenia dzi\u0119ki umiej\u0119tno\u015bci skutecznej komunikacji. Czakra Wi\u015buddhi jest o\u015brodkiem, kt\u00f3ry umo\u017cliwia nam przej\u015bcie od \u015bwiadomo\u015bci indywidualnej do \u015bwiadomo\u015bci zbiorowej. Stanowi nasze po\u0142\u0105czenie z innymi i pomaga rozwija\u0107 wra\u017cliwo\u015b\u0107 na drugiego cz\u0142owieka. Uczymy si\u0119 dostrzega\u0107 warto\u015b\u0107 dobra wsp\u00f3lnego ponad indywidualnym zyskiem&hellip; Read more","og_url":"https:\/\/shrimataji.org\/test\/pl\/czakra-wisuddhi\/","og_site_name":"TEST - SMND","article_publisher":"https:\/\/www.facebook.com\/shrimataji","article_modified_time":"2026-04-20T17:04:23+00:00","og_image":[{"width":2560,"height":905,"url":"https:\/\/shrimataji.org\/test\/wp-content\/uploads\/2023\/03\/20_Banner-SY-Chakra-vishu-scaled.jpg","type":"image\/jpeg"}],"twitter_card":"summary_large_image","twitter_site":"@shrimataji","twitter_misc":{"Est. reading time":"4 minutes"},"schema":{"@context":"https:\/\/schema.org","@graph":[{"@type":"WebPage","@id":"https:\/\/shrimataji.org\/test\/pl\/czakra-wisuddhi\/","url":"https:\/\/shrimataji.org\/test\/pl\/czakra-wisuddhi\/","name":"Czakra Wi\u015buddhi - TEST - SMND","isPartOf":{"@id":"https:\/\/shrimataji.org\/test\/#website"},"primaryImageOfPage":{"@id":"https:\/\/shrimataji.org\/test\/pl\/czakra-wisuddhi\/#primaryimage"},"image":{"@id":"https:\/\/shrimataji.org\/test\/pl\/czakra-wisuddhi\/#primaryimage"},"thumbnailUrl":"https:\/\/shrimataji.org\/test\/wp-content\/uploads\/2023\/03\/20_Banner-SY-Chakra-vishu-scaled.jpg","datePublished":"2022-03-05T07:52:48+00:00","dateModified":"2026-04-20T17:04:23+00:00","breadcrumb":{"@id":"https:\/\/shrimataji.org\/test\/pl\/czakra-wisuddhi\/#breadcrumb"},"inLanguage":"en-US","potentialAction":[{"@type":"ReadAction","target":["https:\/\/shrimataji.org\/test\/pl\/czakra-wisuddhi\/"]}]},{"@type":"ImageObject","inLanguage":"en-US","@id":"https:\/\/shrimataji.org\/test\/pl\/czakra-wisuddhi\/#primaryimage","url":"https:\/\/shrimataji.org\/test\/wp-content\/uploads\/2023\/03\/20_Banner-SY-Chakra-vishu-scaled.jpg","contentUrl":"https:\/\/shrimataji.org\/test\/wp-content\/uploads\/2023\/03\/20_Banner-SY-Chakra-vishu-scaled.jpg","width":2560,"height":905},{"@type":"BreadcrumbList","@id":"https:\/\/shrimataji.org\/test\/pl\/czakra-wisuddhi\/#breadcrumb","itemListElement":[{"@type":"ListItem","position":1,"name":"Home","item":"https:\/\/shrimataji.org\/test\/uk\/home-en\/"},{"@type":"ListItem","position":2,"name":"Czakra Wi\u015buddhi"}]},{"@type":"WebSite","@id":"https:\/\/shrimataji.org\/test\/#website","url":"https:\/\/shrimataji.org\/test\/","name":"Shri Mataji Nirmala Devi","description":"A Life Dedicated to Humanity","publisher":{"@id":"https:\/\/shrimataji.org\/test\/#\/schema\/person\/a1b3419c6585f164aa96da1ff85715d1"},"potentialAction":[{"@type":"SearchAction","target":{"@type":"EntryPoint","urlTemplate":"https:\/\/shrimataji.org\/test\/?s={search_term_string}"},"query-input":{"@type":"PropertyValueSpecification","valueRequired":true,"valueName":"search_term_string"}}],"inLanguage":"en-US"},{"@type":["Person","Organization"],"@id":"https:\/\/shrimataji.org\/test\/#\/schema\/person\/a1b3419c6585f164aa96da1ff85715d1","name":"Nirmala Shrivastava","image":{"@type":"ImageObject","inLanguage":"en-US","@id":"https:\/\/shrimataji.org\/test\/wp-content\/uploads\/2023\/02\/SMO_LOGO-03.svg","url":"https:\/\/shrimataji.org\/test\/wp-content\/uploads\/2023\/02\/SMO_LOGO-03.svg","contentUrl":"https:\/\/shrimataji.org\/test\/wp-content\/uploads\/2023\/02\/SMO_LOGO-03.svg","width":"1024","height":"1024","caption":"Nirmala Shrivastava"},"logo":{"@id":"https:\/\/shrimataji.org\/test\/wp-content\/uploads\/2023\/02\/SMO_LOGO-03.svg"},"sameAs":["https:\/\/shrimataji.org\/test","https:\/\/www.facebook.com\/shrimataji","https:\/\/x.com\/shrimataji","https:\/\/www.youtube.com\/@Shri_Mataji_Nirmala_Devi\/featured"]}]}},"lang":"pl","translations":{"pl":38051,"ur":37534,"en":6494,"am":18109,"th":20110,"hu":19608,"ar":17005,"sq":18510,"zh":17407,"hi":8265,"tr":10231,"pt":10438,"de":10713,"fr":10811,"it":10909,"es":11005,"ja":11303,"ru":11491,"bn":11683,"te":11791,"sw":11914,"he":12062,"el":12354,"sk":12452,"fa":12550,"fi":12648,"bg":13368,"ro":14442,"cs":14635,"nl":16669,"ku":16829,"be":18717,"kn":18991,"mr":20474,"uk":20767,"ml":21062,"ta":22828,"sv":23097,"gu":28932,"pa":29092,"fil":29546,"da":37841,"nn":38393},"pll_sync_post":[],"_links":{"self":[{"href":"https:\/\/shrimataji.org\/test\/wp-json\/wp\/v2\/pages\/38051","targetHints":{"allow":["GET"]}}],"collection":[{"href":"https:\/\/shrimataji.org\/test\/wp-json\/wp\/v2\/pages"}],"about":[{"href":"https:\/\/shrimataji.org\/test\/wp-json\/wp\/v2\/types\/page"}],"author":[{"embeddable":true,"href":"https:\/\/shrimataji.org\/test\/wp-json\/wp\/v2\/users\/1"}],"replies":[{"embeddable":true,"href":"https:\/\/shrimataji.org\/test\/wp-json\/wp\/v2\/comments?post=38051"}],"version-history":[{"count":0,"href":"https:\/\/shrimataji.org\/test\/wp-json\/wp\/v2\/pages\/38051\/revisions"}],"wp:featuredmedia":[{"embeddable":true,"href":"https:\/\/shrimataji.org\/test\/wp-json\/wp\/v2\/media\/38052"}],"wp:attachment":[{"href":"https:\/\/shrimataji.org\/test\/wp-json\/wp\/v2\/media?parent=38051"}],"curies":[{"name":"wp","href":"https:\/\/api.w.org\/{rel}","templated":true}]}}