{"id":39854,"date":"2018-07-10T06:54:50","date_gmt":"2018-07-10T06:54:50","guid":{"rendered":"http:\/\/testwordpress.nirmalnagari.org\/smnd\/index.php\/glossary\/"},"modified":"2026-04-21T09:29:05","modified_gmt":"2026-04-21T09:29:05","slug":"slowniczek","status":"publish","type":"page","link":"https:\/\/shrimataji.org\/test\/pl\/slowniczek\/","title":{"rendered":"S\u0142owniczek"},"content":{"rendered":"\n\n\t<h1>S\u0142owniczek<\/h1>\n\t<p><a href=\"#Dharma\">Dharma<\/a><\/p>\n<p><a href=\"#Kundalini\">Kundalini<\/a><\/p>\n<p><a href=\"#SahajaYoga\">Sahad\u017aa Joga<\/a><\/p>\n<p><a href=\"#SahajaYogaMeditation\">Medytacja Sahad\u017aa Joga<\/a><\/p>\n<p><a href=\"#Sahasrara\">Sahasrara<\/a><\/p>\n<p><a href=\"#Self\">Ja\u017a\u0144<\/a><\/p>\n<p><a href=\"#Self-Realization\">Samorealizacja<\/a><\/p>\n<p><a href=\"#Spirit\">Duch<\/a><\/p>\n<p><a href=\"#SubtleSystem\">System Subtelny<\/a><\/p>\n<p><a href=\"#ThoughtlessAwareness\">\u015awiadomo\u015b\u0107 bez my\u015bli<\/a><\/p>\n<p><a href=\"#Vibrations\">Wibracje<\/a><\/p>\n<p><a href=\"#Yoga\">Joga<\/a><\/p>\n\t<p><strong>Dharma<\/strong><\/p>\n<p>Kodeks w\u0142a\u015bciwego post\u0119powania i prawo\u015bci, b\u0119d\u0105cy czynnikiem podtrzymuj\u0105cym i r\u00f3wnowa\u017c\u0105cym ekologi\u0119 oraz ewolucj\u0119.<\/p>\n<p><a name=\"Kundalini\"><\/a><\/p>\n<p><strong>Kundalini<\/strong><\/p>\n<p>U\u015bpiona energia, kt\u00f3ra spoczywa zwini\u0119ta u podstawy kr\u0119gos\u0142upa. Po przebudzeniu ta matczyna energia wznosi si\u0119 przez sploty nerwowe w ciele i wydostaje si\u0119 przez czubek g\u0142owy w okolicy ciemi\u0105czka. Energi\u0119 t\u0119 mo\u017cna poczu\u0107 jako ch\u0142odny powiew nad g\u0142ow\u0105 oraz na d\u0142oniach.<\/p>\n<p><a name=\"SahajaYoga\"><\/a><\/p>\n<p><strong>Sahad\u017aa Joga<\/strong><\/p>\n<p>Sahad\u017aa oznacza \u201eurodzony z tob\u0105&#8221; &#8211; saha to \u201ez&#8221;, d\u017ca to \u201erodzi si\u0119&#8221;. \u015ari Matad\u017ai wyja\u015bnia: \u201eSahad\u017aa oznacza r\u00f3wnie\u017c \u00abspontaniczny\u00bb, poniewa\u017c to \u017cywa moc dokonuje tego procesu. Wewn\u0105trz nas istnieje \u017cywa moc, kt\u00f3ra przeprowadzi\u0142a nasz\u0105 ewolucj\u0119 od stadium ameby do poziomu istoty ludzkiej. Teraz za\u015b istnieje inna, u\u015bpiona moc, kt\u00f3ra ma nas po\u0142\u0105czy\u0107 z Bosko\u015bci\u0105. Takie jest prawdziwe znaczenie s\u0142owa Joga. Ka\u017cda ludzka istota ma prawo zjednoczy\u0107 si\u0119 z t\u0105 wszechprzenikaj\u0105c\u0105 moc\u0105. Jest to ostatni prze\u0142om w naszej ewolucji&#8221;.<\/p>\n<p><a name=\"SahajaYogaMeditation\"><\/a><\/p>\n<p><strong>Medytacja Sahad\u017aa Joga<\/strong><\/p>\n<p>Technika, kt\u00f3ra podtrzymuje do\u015bwiadczenie \u201esamorealizacji&#8221; (przebudzenia Kundalini). Poprzez medytacj\u0119 Sahad\u017aa Joga mo\u017cna po\u0142\u0105czy\u0107 si\u0119 ze swoj\u0105 prawdziw\u0105 Ja\u017ani\u0105 oraz osi\u0105gn\u0105\u0107 stan \u015bwiadomo\u015bci bez my\u015bli &#8211; oba te elementy stanowi\u0105 urzeczywistnienie \u201ejogi&#8221;, czyli \u201ezjednoczenia&#8221;. Dzi\u0119ki regularnej praktyce mo\u017cna utrwali\u0107 stan \u015bwiadomo\u015bci bez my\u015bli i osi\u0105gn\u0105\u0107 rozw\u00f3j duchowy.<\/p>\n<p><a name=\"Sahasrara\"><\/a><\/p>\n<p><strong>Sahasrara<\/strong><\/p>\n<p>Si\u00f3dmy o\u015brodek energetyczny, znajduj\u0105cy si\u0119 na czubku g\u0142owy, w miejscu ciemi\u0105czka. To w\u0142a\u015bnie przez ten punkt przep\u0142ywa energia Kundalini, wprowadzaj\u0105c nas w stan \u015bwiadomo\u015bci bez my\u015bli.<\/p>\n<p><a name=\"Self\"><\/a><\/p>\n<p><strong>Ja\u017a\u0144<\/strong><\/p>\n<p>W tradycji duchowej m\u00f3wi si\u0119, \u017ce w ka\u017cdym z nas drzemie moc uzyskania samorealizacji, dotarcia do swojej Ja\u017ani. \u015ari Matad\u017ai wyja\u015bnia, \u017ce w rzeczywisto\u015bci nie jeste\u015bmy tym cia\u0142em, umys\u0142em, ego ani uwarunkowaniami. Ja\u017a\u0144 to czysty Duch wewn\u0105trz ka\u017cdego z nas. To Ja\u017a\u0144 emanuje i to Ona nadaje nam blask. To Ja\u017a\u0144 obdarza nas wszelkimi b\u0142ogos\u0142awie\u0144stwami czystej mi\u0142o\u015bci, poczuciem bezpiecze\u0144stwa i wsparciem, na kt\u00f3re zas\u0142uguje ka\u017cdy cz\u0142owiek.<\/p>\n<p><a name=\"Self-Realization\"><\/a><\/p>\n<p><strong>Samorealizacja<\/strong><\/p>\n<p>Urzeczywistnione zjednoczenie indywidualnej \u015bwiadomo\u015bci z czyst\u0105 i bezpo\u015bredni\u0105 \u015bwiadomo\u015bci\u0105 natury Ja\u017ani oraz Bosko\u015bci. Nie jest to punkt ko\u0144cowy ewolucji duchowej, lecz raczej jej prawdziwy pocz\u0105tek. Samorealizacja otwiera drog\u0119 rozwoju poprzez eliminacj\u0119 wszelkiego uto\u017csamiania si\u0119 z fa\u0142szem, pozwalaj\u0105c Kundalini na swobodny przep\u0142yw i nawi\u0105zanie autentycznej wi\u0119zi z bosk\u0105 moc\u0105, co budzi w jednostce wszystkie wrodzone zdolno\u015bci samokoryguj\u0105ce.<\/p>\n<p><a name=\"Spirit\"><\/a><\/p>\n<p><strong>Duch<\/strong><\/p>\n<p>Odbicie Bosko\u015bci w ka\u017cdym cz\u0142owieku; prawdziwa, czysta Ja\u017a\u0144. Po samorealizacji Ducha mo\u017cna postrzega\u0107 i odczuwa\u0107 w swojej uwadze.<\/p>\n<p><a name=\"SubtleSystem\"><\/a><\/p>\n<p><strong>System Subtelny<\/strong><\/p>\n<p>System subtelny to sie\u0107 o\u015brodk\u00f3w energetycznych (czakr) i kana\u0142\u00f3w, przez kt\u00f3re przep\u0142ywa Twoja wewn\u0119trzna energia. Medytacja Sahad\u017aa Joga pomaga nauczy\u0107 si\u0119 odczuwa\u0107, rozumie\u0107 i ostatecznie wykorzystywa\u0107 system subtelny w celu poprawy zdrowia, r\u00f3wnowagi i samopoczucia. Ca\u0142y ten proces rozpoczyna si\u0119 od przebudzenia wewn\u0119trznej energii znanej jako Kundalini.<\/p>\n<p><a name=\"ThoughtlessAwareness\"><\/a><\/p>\n<p><strong>\u015awiadomo\u015b\u0107 bez my\u015bli<\/strong><\/p>\n<p>Stan podwy\u017cszonej uwa\u017cno\u015bci, w kt\u00f3rym umys\u0142 jest odpr\u0119\u017cony, a jednocze\u015bnie czujny. Zb\u0119dna aktywno\u015b\u0107 mentalna ustaje, co pozwala skupi\u0107 uwag\u0119 na chwili obecnej. Stres i zm\u0119czenie najcz\u0119\u015bciej wynikaj\u0105 z rozpami\u0119tywania przesz\u0142o\u015bci lub wybiegania w przysz\u0142o\u015b\u0107. Gdy my\u015bli milkn\u0105, uruchamia si\u0119 naturalna, uzdrawiaj\u0105ca moc uk\u0142adu nerwowego, przywracaj\u0105c energi\u0119, r\u00f3wnowag\u0119 i zdrowie.<\/p>\n<p><a name=\"Vibrations\"><\/a><\/p>\n<p><strong>Wibracje<\/strong><\/p>\n<p>Wszystkie \u017cywe istoty s\u0105 po\u0142\u0105czeniem cz\u0105steczek i fal, kt\u00f3re emituj\u0105 jak\u0105\u015b form\u0119 wibracji &#8211; pozytywn\u0105 lub negatywn\u0105. Pozytywne wibracje nios\u0105 dobro i dzia\u0142aj\u0105 od\u017cywczo. Po samorealizacji mo\u017cna je odczu\u0107 poprzez centralny uk\u0142ad nerwowy jako ch\u0142odny powiew na d\u0142oniach i nad g\u0142ow\u0105. \u201eWibracje to nic innego jak Boska mi\u0142o\u015b\u0107&#8221; &#8211; \u015ari Matad\u017ai.<a name=\"Yoga\"><\/a><\/p>\n<p><strong>Joga<\/strong><\/p>\n<p>Wbrew powszechnemu przekonaniu, joga nie oznacza serii \u0107wicze\u0144 czy pozycji, lecz w rzeczywisto\u015bci oznacza \u201e\u0142\u0105czenie, jednoczenie&#8221;. Wczesne wzmianki o jodze mo\u017cna odnale\u017a\u0107 w \u201eJogasutrach&#8221; Pata\u0144d\u017calego &#8211; zbiorze aforyzm\u00f3w z II wieku p.n.e. z Indii.<\/p>\n\n","protected":false},"excerpt":{"rendered":"<p>S\u0142owniczek Dharma Kundalini Sahad\u017aa Joga Medytacja Sahad\u017aa Joga Sahasrara Ja\u017a\u0144 Samorealizacja Duch System Subtelny \u015awiadomo\u015b\u0107 bez my\u015bli Wibracje Joga Dharma Kodeks w\u0142a\u015bciwego post\u0119powania i prawo\u015bci, b\u0119d\u0105cy czynnikiem podtrzymuj\u0105cym i r\u00f3wnowa\u017c\u0105cym ekologi\u0119 oraz ewolucj\u0119. Kundalini U\u015bpiona energia, kt\u00f3ra spoczywa zwini\u0119ta u podstawy kr\u0119gos\u0142upa. Po przebudzeniu ta matczyna energia wznosi si\u0119 przez sploty nerwowe w ciele i&hellip; <br \/> <a class=\"read-more\" href=\"https:\/\/shrimataji.org\/test\/pl\/slowniczek\/\">Read more<\/a><\/p>\n","protected":false},"author":1,"featured_media":39855,"parent":0,"menu_order":0,"comment_status":"closed","ping_status":"closed","template":"","meta":{"inline_featured_image":false,"footnotes":""},"class_list":["post-39854","page","type-page","status-publish","has-post-thumbnail","hentry"],"yoast_head":"<!-- This site is optimized with the Yoast SEO plugin v27.4 - https:\/\/yoast.com\/product\/yoast-seo-wordpress\/ -->\n<title>S\u0142owniczek - TEST - SMND<\/title>\n<meta name=\"robots\" content=\"noindex, follow, max-snippet:-1, max-image-preview:large, max-video-preview:-1\" \/>\n<meta property=\"og:locale\" content=\"en_US\" \/>\n<meta property=\"og:type\" content=\"article\" \/>\n<meta property=\"og:title\" content=\"S\u0142owniczek - TEST - SMND\" \/>\n<meta property=\"og:description\" content=\"S\u0142owniczek Dharma Kundalini Sahad\u017aa Joga Medytacja Sahad\u017aa Joga Sahasrara Ja\u017a\u0144 Samorealizacja Duch System Subtelny \u015awiadomo\u015b\u0107 bez my\u015bli Wibracje Joga Dharma Kodeks w\u0142a\u015bciwego post\u0119powania i prawo\u015bci, b\u0119d\u0105cy czynnikiem podtrzymuj\u0105cym i r\u00f3wnowa\u017c\u0105cym ekologi\u0119 oraz ewolucj\u0119. Kundalini U\u015bpiona energia, kt\u00f3ra spoczywa zwini\u0119ta u podstawy kr\u0119gos\u0142upa. Po przebudzeniu ta matczyna energia wznosi si\u0119 przez sploty nerwowe w ciele i&hellip; Read more\" \/>\n<meta property=\"og:url\" content=\"https:\/\/shrimataji.org\/test\/pl\/slowniczek\/\" \/>\n<meta property=\"og:site_name\" content=\"TEST - SMND\" \/>\n<meta property=\"article:publisher\" content=\"https:\/\/www.facebook.com\/shrimataji\" \/>\n<meta property=\"article:modified_time\" content=\"2026-04-21T09:29:05+00:00\" \/>\n<meta property=\"og:image\" content=\"https:\/\/shrimataji.org\/test\/wp-content\/uploads\/2023\/03\/Banner-Footer-Castle-1-scaled.jpg\" \/>\n\t<meta property=\"og:image:width\" content=\"2560\" \/>\n\t<meta property=\"og:image:height\" content=\"905\" \/>\n\t<meta property=\"og:image:type\" content=\"image\/jpeg\" \/>\n<meta name=\"twitter:card\" content=\"summary_large_image\" \/>\n<meta name=\"twitter:site\" content=\"@shrimataji\" \/>\n<script type=\"application\/ld+json\" class=\"yoast-schema-graph\">{\"@context\":\"https:\\\/\\\/schema.org\",\"@graph\":[{\"@type\":\"WebPage\",\"@id\":\"https:\\\/\\\/shrimataji.org\\\/test\\\/pl\\\/slowniczek\\\/\",\"url\":\"https:\\\/\\\/shrimataji.org\\\/test\\\/pl\\\/slowniczek\\\/\",\"name\":\"S\u0142owniczek - TEST - SMND\",\"isPartOf\":{\"@id\":\"https:\\\/\\\/shrimataji.org\\\/test\\\/#website\"},\"primaryImageOfPage\":{\"@id\":\"https:\\\/\\\/shrimataji.org\\\/test\\\/pl\\\/slowniczek\\\/#primaryimage\"},\"image\":{\"@id\":\"https:\\\/\\\/shrimataji.org\\\/test\\\/pl\\\/slowniczek\\\/#primaryimage\"},\"thumbnailUrl\":\"https:\\\/\\\/shrimataji.org\\\/test\\\/wp-content\\\/uploads\\\/2023\\\/03\\\/Banner-Footer-Castle-1-scaled.jpg\",\"datePublished\":\"2018-07-10T06:54:50+00:00\",\"dateModified\":\"2026-04-21T09:29:05+00:00\",\"breadcrumb\":{\"@id\":\"https:\\\/\\\/shrimataji.org\\\/test\\\/pl\\\/slowniczek\\\/#breadcrumb\"},\"inLanguage\":\"en-US\",\"potentialAction\":[{\"@type\":\"ReadAction\",\"target\":[\"https:\\\/\\\/shrimataji.org\\\/test\\\/pl\\\/slowniczek\\\/\"]}]},{\"@type\":\"ImageObject\",\"inLanguage\":\"en-US\",\"@id\":\"https:\\\/\\\/shrimataji.org\\\/test\\\/pl\\\/slowniczek\\\/#primaryimage\",\"url\":\"https:\\\/\\\/shrimataji.org\\\/test\\\/wp-content\\\/uploads\\\/2023\\\/03\\\/Banner-Footer-Castle-1-scaled.jpg\",\"contentUrl\":\"https:\\\/\\\/shrimataji.org\\\/test\\\/wp-content\\\/uploads\\\/2023\\\/03\\\/Banner-Footer-Castle-1-scaled.jpg\",\"width\":2560,\"height\":905},{\"@type\":\"BreadcrumbList\",\"@id\":\"https:\\\/\\\/shrimataji.org\\\/test\\\/pl\\\/slowniczek\\\/#breadcrumb\",\"itemListElement\":[{\"@type\":\"ListItem\",\"position\":1,\"name\":\"Home\",\"item\":\"https:\\\/\\\/shrimataji.org\\\/test\\\/uk\\\/home-en\\\/\"},{\"@type\":\"ListItem\",\"position\":2,\"name\":\"S\u0142owniczek\"}]},{\"@type\":\"WebSite\",\"@id\":\"https:\\\/\\\/shrimataji.org\\\/test\\\/#website\",\"url\":\"https:\\\/\\\/shrimataji.org\\\/test\\\/\",\"name\":\"Shri Mataji Nirmala Devi\",\"description\":\"A Life Dedicated to Humanity\",\"publisher\":{\"@id\":\"https:\\\/\\\/shrimataji.org\\\/test\\\/#\\\/schema\\\/person\\\/a1b3419c6585f164aa96da1ff85715d1\"},\"potentialAction\":[{\"@type\":\"SearchAction\",\"target\":{\"@type\":\"EntryPoint\",\"urlTemplate\":\"https:\\\/\\\/shrimataji.org\\\/test\\\/?s={search_term_string}\"},\"query-input\":{\"@type\":\"PropertyValueSpecification\",\"valueRequired\":true,\"valueName\":\"search_term_string\"}}],\"inLanguage\":\"en-US\"},{\"@type\":[\"Person\",\"Organization\"],\"@id\":\"https:\\\/\\\/shrimataji.org\\\/test\\\/#\\\/schema\\\/person\\\/a1b3419c6585f164aa96da1ff85715d1\",\"name\":\"Nirmala Shrivastava\",\"image\":{\"@type\":\"ImageObject\",\"inLanguage\":\"en-US\",\"@id\":\"https:\\\/\\\/shrimataji.org\\\/test\\\/wp-content\\\/uploads\\\/2023\\\/02\\\/SMO_LOGO-03.svg\",\"url\":\"https:\\\/\\\/shrimataji.org\\\/test\\\/wp-content\\\/uploads\\\/2023\\\/02\\\/SMO_LOGO-03.svg\",\"contentUrl\":\"https:\\\/\\\/shrimataji.org\\\/test\\\/wp-content\\\/uploads\\\/2023\\\/02\\\/SMO_LOGO-03.svg\",\"width\":\"1024\",\"height\":\"1024\",\"caption\":\"Nirmala Shrivastava\"},\"logo\":{\"@id\":\"https:\\\/\\\/shrimataji.org\\\/test\\\/wp-content\\\/uploads\\\/2023\\\/02\\\/SMO_LOGO-03.svg\"},\"sameAs\":[\"https:\\\/\\\/shrimataji.org\\\/test\",\"https:\\\/\\\/www.facebook.com\\\/shrimataji\",\"https:\\\/\\\/x.com\\\/shrimataji\",\"https:\\\/\\\/www.youtube.com\\\/@Shri_Mataji_Nirmala_Devi\\\/featured\"]}]}<\/script>\n<!-- \/ Yoast SEO plugin. -->","yoast_head_json":{"title":"S\u0142owniczek - TEST - SMND","robots":{"index":"noindex","follow":"follow","max-snippet":"max-snippet:-1","max-image-preview":"max-image-preview:large","max-video-preview":"max-video-preview:-1"},"og_locale":"en_US","og_type":"article","og_title":"S\u0142owniczek - TEST - SMND","og_description":"S\u0142owniczek Dharma Kundalini Sahad\u017aa Joga Medytacja Sahad\u017aa Joga Sahasrara Ja\u017a\u0144 Samorealizacja Duch System Subtelny \u015awiadomo\u015b\u0107 bez my\u015bli Wibracje Joga Dharma Kodeks w\u0142a\u015bciwego post\u0119powania i prawo\u015bci, b\u0119d\u0105cy czynnikiem podtrzymuj\u0105cym i r\u00f3wnowa\u017c\u0105cym ekologi\u0119 oraz ewolucj\u0119. Kundalini U\u015bpiona energia, kt\u00f3ra spoczywa zwini\u0119ta u podstawy kr\u0119gos\u0142upa. Po przebudzeniu ta matczyna energia wznosi si\u0119 przez sploty nerwowe w ciele i&hellip; Read more","og_url":"https:\/\/shrimataji.org\/test\/pl\/slowniczek\/","og_site_name":"TEST - SMND","article_publisher":"https:\/\/www.facebook.com\/shrimataji","article_modified_time":"2026-04-21T09:29:05+00:00","og_image":[{"width":2560,"height":905,"url":"https:\/\/shrimataji.org\/test\/wp-content\/uploads\/2023\/03\/Banner-Footer-Castle-1-scaled.jpg","type":"image\/jpeg"}],"twitter_card":"summary_large_image","twitter_site":"@shrimataji","schema":{"@context":"https:\/\/schema.org","@graph":[{"@type":"WebPage","@id":"https:\/\/shrimataji.org\/test\/pl\/slowniczek\/","url":"https:\/\/shrimataji.org\/test\/pl\/slowniczek\/","name":"S\u0142owniczek - TEST - SMND","isPartOf":{"@id":"https:\/\/shrimataji.org\/test\/#website"},"primaryImageOfPage":{"@id":"https:\/\/shrimataji.org\/test\/pl\/slowniczek\/#primaryimage"},"image":{"@id":"https:\/\/shrimataji.org\/test\/pl\/slowniczek\/#primaryimage"},"thumbnailUrl":"https:\/\/shrimataji.org\/test\/wp-content\/uploads\/2023\/03\/Banner-Footer-Castle-1-scaled.jpg","datePublished":"2018-07-10T06:54:50+00:00","dateModified":"2026-04-21T09:29:05+00:00","breadcrumb":{"@id":"https:\/\/shrimataji.org\/test\/pl\/slowniczek\/#breadcrumb"},"inLanguage":"en-US","potentialAction":[{"@type":"ReadAction","target":["https:\/\/shrimataji.org\/test\/pl\/slowniczek\/"]}]},{"@type":"ImageObject","inLanguage":"en-US","@id":"https:\/\/shrimataji.org\/test\/pl\/slowniczek\/#primaryimage","url":"https:\/\/shrimataji.org\/test\/wp-content\/uploads\/2023\/03\/Banner-Footer-Castle-1-scaled.jpg","contentUrl":"https:\/\/shrimataji.org\/test\/wp-content\/uploads\/2023\/03\/Banner-Footer-Castle-1-scaled.jpg","width":2560,"height":905},{"@type":"BreadcrumbList","@id":"https:\/\/shrimataji.org\/test\/pl\/slowniczek\/#breadcrumb","itemListElement":[{"@type":"ListItem","position":1,"name":"Home","item":"https:\/\/shrimataji.org\/test\/uk\/home-en\/"},{"@type":"ListItem","position":2,"name":"S\u0142owniczek"}]},{"@type":"WebSite","@id":"https:\/\/shrimataji.org\/test\/#website","url":"https:\/\/shrimataji.org\/test\/","name":"Shri Mataji Nirmala Devi","description":"A Life Dedicated to Humanity","publisher":{"@id":"https:\/\/shrimataji.org\/test\/#\/schema\/person\/a1b3419c6585f164aa96da1ff85715d1"},"potentialAction":[{"@type":"SearchAction","target":{"@type":"EntryPoint","urlTemplate":"https:\/\/shrimataji.org\/test\/?s={search_term_string}"},"query-input":{"@type":"PropertyValueSpecification","valueRequired":true,"valueName":"search_term_string"}}],"inLanguage":"en-US"},{"@type":["Person","Organization"],"@id":"https:\/\/shrimataji.org\/test\/#\/schema\/person\/a1b3419c6585f164aa96da1ff85715d1","name":"Nirmala Shrivastava","image":{"@type":"ImageObject","inLanguage":"en-US","@id":"https:\/\/shrimataji.org\/test\/wp-content\/uploads\/2023\/02\/SMO_LOGO-03.svg","url":"https:\/\/shrimataji.org\/test\/wp-content\/uploads\/2023\/02\/SMO_LOGO-03.svg","contentUrl":"https:\/\/shrimataji.org\/test\/wp-content\/uploads\/2023\/02\/SMO_LOGO-03.svg","width":"1024","height":"1024","caption":"Nirmala Shrivastava"},"logo":{"@id":"https:\/\/shrimataji.org\/test\/wp-content\/uploads\/2023\/02\/SMO_LOGO-03.svg"},"sameAs":["https:\/\/shrimataji.org\/test","https:\/\/www.facebook.com\/shrimataji","https:\/\/x.com\/shrimataji","https:\/\/www.youtube.com\/@Shri_Mataji_Nirmala_Devi\/featured"]}]}},"lang":"pl","translations":{"pl":39854,"ur":38951,"en":448,"am":18007,"th":19953,"hu":19483,"sq":18408,"zh":17305,"tr":10164,"pt":10376,"de":10650,"fr":10748,"it":10846,"es":10943,"ja":11240,"ru":11428,"bn":11620,"te":11728,"sw":11851,"he":11999,"el":12290,"sk":12388,"fa":12486,"fi":12584,"bg":13451,"ro":14525,"cs":14718,"nl":16568,"ku":16728,"ar":16904,"be":18615,"kn":18889,"mr":20317,"uk":20609,"ml":20905,"ta":22723,"sv":22996,"gu":28842,"pa":29000,"fil":29442,"da":38947,"nn":38949},"pll_sync_post":[],"_links":{"self":[{"href":"https:\/\/shrimataji.org\/test\/wp-json\/wp\/v2\/pages\/39854","targetHints":{"allow":["GET"]}}],"collection":[{"href":"https:\/\/shrimataji.org\/test\/wp-json\/wp\/v2\/pages"}],"about":[{"href":"https:\/\/shrimataji.org\/test\/wp-json\/wp\/v2\/types\/page"}],"author":[{"embeddable":true,"href":"https:\/\/shrimataji.org\/test\/wp-json\/wp\/v2\/users\/1"}],"replies":[{"embeddable":true,"href":"https:\/\/shrimataji.org\/test\/wp-json\/wp\/v2\/comments?post=39854"}],"version-history":[{"count":0,"href":"https:\/\/shrimataji.org\/test\/wp-json\/wp\/v2\/pages\/39854\/revisions"}],"wp:featuredmedia":[{"embeddable":true,"href":"https:\/\/shrimataji.org\/test\/wp-json\/wp\/v2\/media\/39855"}],"wp:attachment":[{"href":"https:\/\/shrimataji.org\/test\/wp-json\/wp\/v2\/media?parent=39854"}],"curies":[{"name":"wp","href":"https:\/\/api.w.org\/{rel}","templated":true}]}}