{"id":39950,"date":"2012-11-01T12:00:00","date_gmt":"2012-11-01T12:00:00","guid":{"rendered":"http:\/\/testwordpress.nirmalnagari.org\/smnd\/index.php\/sir-c-p-srivastava\/"},"modified":"2026-04-24T09:29:43","modified_gmt":"2026-04-24T09:29:43","slug":"sir-c-p-srivastava-3","status":"publish","type":"page","link":"https:\/\/shrimataji.org\/test\/pl\/sir-c-p-srivastava-3\/","title":{"rendered":"Sir C.P. Srivastava"},"content":{"rendered":"\n\n\t<h1>Sir C.P. Srivastava<\/h1>\n<h2>Sir C.P. i \u201edrobny kolos&#8221;<\/h2>\n\t<h4>\u015ari Matad\u017ai Nirmala Dewi jest znana na ca\u0142ym \u015bwiecie jako inspiruj\u0105ca si\u0142a stoj\u0105ca za Sahad\u017aa Joga. Obok jej roli duchowej przewodniczki istnieje r\u00f3wnoleg\u0142a historia &#8211; niezwyk\u0142a kariera jej m\u0119\u017ca, Sir Chandriki Prasada Srivastavy.<\/h4>\n<p>Ci, kt\u00f3rzy mieli szcz\u0119\u015bcie przebywa\u0107 osobi\u015bcie ze \u015ari Matad\u017ai, znaj\u0105 r\u00f3wnie\u017c wysok\u0105, dostojn\u0105 i \u0142agodnie m\u00f3wi\u0105c\u0105 posta\u0107 \u201eSir C.P.&#8221;, jak by\u0142 z czu\u0142o\u015bci\u0105 nazywany.<\/p>\n<figure itemscope itemtype=\"https:\/\/schema.org\/ImageObject\">\n\t\t\t\t<img decoding=\"async\" src=\"https:\/\/shrimataji.org\/test\/wp-content\/uploads\/2024\/11\/EN_shri-mataji-sir-cp-kalpana-sadhana-family-london-uk-1.jpg\" alt=\"Sir CP displays his Knighthood alongside Shri Mataji, with daughters Kalpana and Sadhana\" height=\"2206\" width=\"1500\" title=\"EN_shri-mataji-sir-cp-kalpana-sadhana-family-london-uk-1\" onerror=\"this.style.display='none'\" loading=\"lazy\" \/>\n\t\t<figcaption>Sir C.P. prezentuje sw\u00f3j tytu\u0142 szlachecki u boku \u015ari Matad\u017ai, wraz z c\u00f3rkami Kalpan\u0105 i Sadhan\u0105<\/figcaption>\n\t<\/figure>\n\t<p>Sir C.P. was a leading statesman, having served four successive terms as the Secretary General of the UN International Maritime Organization, during which time he was knighted by Queen Elizabeth II.<\/p>\n<p>Sir C.P. i \u015ari Matad\u017ai pobrali si\u0119, gdy by\u0142 jeszcze stosunkowo nieznanym m\u0142odym urz\u0119dnikiem indyjskiej s\u0142u\u017cby cywilnej. Cz\u0119sto podkre\u015bla\u0142, \u017ce sw\u00f3j b\u0142yskawiczny sukces zawodowy w du\u017cej mierze zawdzi\u0119cza\u0142 pod\u0105\u017caniu za radami i intuicj\u0105 swojej \u017cony.<\/p>\n<p>Wkr\u00f3tce po \u015blubie stan\u0105\u0142 przed wyborem: do\u0142\u0105czy\u0107 do elitarnej Indyjskiej S\u0142u\u017cby Administracyjnej lub do r\u00f3wnie &#8211; je\u015bli nie bardziej &#8211; presti\u017cowego korpusu dyplomatycznego. Przyjaciele zach\u0119cali go do kariery dyplomatycznej, przewiduj\u0105c, \u017ce obj\u0119cie stanowiska ambasadora b\u0119dzie tylko kwesti\u0105 czasu.<\/p>\n<p>Jednak pani Srivastava bez wahania powiedzia\u0142a: \u201eNie, pozosta\u0144my w kraju. S\u0142u\u017cmy naszemu krajowi tutaj.&#8221; Nikt nie m\u00f3g\u0142 przewidzie\u0107, co wydarzy si\u0119 p\u00f3\u017aniej, gdy w wyniku serii nieoczekiwanych okoliczno\u015bci Sir C.P. zosta\u0142 mianowany osobistym sekretarzem samego premiera Indii, Lala Bahadura Shastriego.<\/p>\n\t\t<img decoding=\"async\" data-spai-excluded=\"true\" loading=\"lazy\"  alt=\"YouTube player\"  src=\"https:\/\/i.ytimg.com\/vi\/10r04eFnN3w\/maxresdefault.jpg\"  \/><button aria-label=\"Play\"><\/button><meta itemprop=\"embedUrl\" content=\"https:\/\/www.youtube.com\/embed\/10r04eFnN3w\"\/><meta itemprop=\"name\" content=\"What I Have Seen: A Stress Free Life\"\/><meta itemprop=\"description\" content=\"Speaking on the topic of stress management, Sir C.P. Srivastava, the husband of Shri Mataji, describes the value of Sahaja Yoga meditation. His perspective is unique, but not unusual. In this candid speech, he describes himself as a man able to do his job well, but now able to face life devoid of stress. &#039;It is a matter of wanting to achieve that transformation,&#039; he says. Nothing needs to be given up. &#039;I am telling you what I have seen.&#039; More videos at: http:\/\/ShriMataji.org ~ A Life Dedicated to Humanity ~\"\/><meta itemprop=\"thumbnailUrl\" content=\"https:\/\/i.ytimg.com\/vi\/10r04eFnN3w\/0.jpg\"\/><meta itemprop=\"duration\" content=\"PT10M46S\"\/><meta itemprop=\"uploadDate\" content=\"2020-07-20T00:05:20Z\"\/>\t\n\t<p>Z perspektywy czasu by\u0142o to szcz\u0119\u015bliwe zrz\u0105dzenie losu, poniewa\u017c pan Shastri pod wieloma wzgl\u0119dami uosabia\u0142 filozofi\u0119 Sahad\u017aa, kt\u00f3r\u0105 reprezentowa\u0142a \u015ari Matad\u017ai i kt\u00f3r\u0105 p\u00f3\u017aniej przekaza\u0142a \u015bwiatu. Po zako\u0144czeniu s\u0142u\u017cby publicznej Sir C.P., ponownie zach\u0119cony przez swoj\u0105 \u017con\u0119, napisa\u0142 ksi\u0105\u017ck\u0119 \u201eLal Bahadur Shastri: A Life of Truth in Politics&#8221;, w kt\u00f3rej opisa\u0142 pana Shastriego jako osob\u0119 posiadaj\u0105c\u0105 wiele cech boskiej postaci \u015ari Ramy: pokor\u0119 i g\u0142\u0119boki szacunek wobec wszystkich ludzi, po\u0142\u0105czone z silnym poczuciem honoru i obowi\u0105zku.<\/p>\n\t<p>Sir C.P. pisze, \u017ce Shastri \u201eby\u0142 prawdziwie oddany dharmie, prawo\u015bci, prawdzie i moralno\u015bci. Nie by\u0142o w nim \u017cadnej sztuczno\u015bci. Nie by\u0142o rozdwojenia. Nie istnia\u0142 inny pan Shastri wewn\u0105trz i inny na zewn\u0105trz. By\u0142 ca\u0142kowicie jedno\u015bci\u0105: jeden wewn\u0105trz i na zewn\u0105trz, pi\u0119kny wewn\u0119trznie i zewn\u0119trznie.&#8221;<\/p>\n<p>Pan Shastri, ze swoj\u0105 drobn\u0105 postur\u0105, niepozornym wygl\u0105dem i skromnym usposobieniem, sprawia\u0142, \u017ce wielu ludzi uwa\u017ca\u0142o, i\u017c mo\u017cna nim \u0142atwo kierowa\u0107.<\/p>\n<p>Kr\u00f3tko po obj\u0119ciu urz\u0119du premiera przez Shastriego Pakistan dokona\u0142 inwazji na Kaszmir. Shastri odpowiedzia\u0142: \u201eJestem cz\u0142owiekiem pokoju, ale jestem te\u017c cz\u0142owiekiem honoru. Moim obowi\u0105zkiem jako premiera jest broni\u0107 kraju.&#8221;<\/p>\n<p>Jak uj\u0105\u0142 to Sir C.P.: \u201eTen cz\u0142owiek pokoju powsta\u0142 jak kolos.&#8221;<\/p>\n<figure itemscope itemtype=\"https:\/\/schema.org\/ImageObject\">\n\t\t\t\t<img decoding=\"async\" src=\"https:\/\/shrimataji.org\/test\/wp-content\/uploads\/2024\/11\/EN_sir-c.p.-and-naval-officers-near-statue-of-lal-bahadur-shastri.jpg\" alt=\"Sir C.P. with Naval Officers standing before the statue of Lal Bahadur Shastri\" height=\"1143\" width=\"1500\" title=\"EN_sir-c.p.-and-naval-officers-near-statue-of-lal-bahadur-shastri\" onerror=\"this.style.display='none'\" loading=\"lazy\" \/>\n\t\t<figcaption>Sir C.P. wraz z oficerami marynarki wojennej przed pomnikiem Lala Bahadura Shastriego<\/figcaption>\n\t<\/figure>\n\t<h5>\u201eLal Bahadur Shastri by\u0142 ca\u0142kowicie jedno\u015bci\u0105: jeden wewn\u0105trz, jeden na zewn\u0105trz, pi\u0119kny wewn\u0119trznie i zewn\u0119trznie.&#8221;<\/h5>\n<h5>Sir C.P. Srivastava, grudzie\u0144 1994<\/h5>\n\t<p>W tym sensie pan Shastri ni\u00f3s\u0142 dalej p\u0142omie\u0144 zapalony wcze\u015bniej przez Mahatm\u0119 Gandhiego. Powiedzia\u0142 r\u00f3wnie\u017c: \u201eWyj\u0105tkowo\u015b\u0107 Indii polega na tym, \u017ce \u017cyj\u0105 tu hindusi, muzu\u0142manie, chrze\u015bcijanie, sikhowie, parsowie i wyznawcy wielu innych religii&#8230; lecz nie przenosimy tego do polityki. Na tym polega r\u00f3\u017cnica mi\u0119dzy Indiami a Pakistanem. Podczas gdy Pakistan og\u0142asza si\u0119 pa\u0144stwem islamskim i wykorzystuje religi\u0119 jako narz\u0119dzie polityczne, my w Indiach mamy wolno\u015b\u0107 wyznawania dowolnej religii i oddawania czci w wybrany spos\u00f3b. Je\u015bli chodzi o polityk\u0119, ka\u017cdy z nas jest w r\u00f3wnym stopniu obywatelem Indii.&#8221;<\/p>\n\t<p>Podczas p\u00f3\u017aniejszych rozm\u00f3w pokojowych Shastri przekona\u0142 wszystkie strony do swojego stanowiska i wsp\u00f3lnie wypracowano trwa\u0142y pok\u00f3j z Pakistanem. Shastri zmar\u0142 niespodziewanie w trakcie tych rozm\u00f3w, prawdopodobnie na skutek zawa\u0142u serca. Sir C.P. by\u0142 przy nim w chwili \u015bmierci. P\u00f3\u017aniej napisa\u0142, \u017ce nie by\u0142o dla niego \u201ewi\u0119kszego zaszczytu ni\u017c mo\u017cliwo\u015b\u0107 s\u0142u\u017cenia \u015ari Lalowi Bahadurowi Shastriemu&#8221;.\u00a0<a href=\"#citation-note-1\"><sup>[1]<\/sup><\/a><\/p>\n<p>Zainspirowany wielk\u0105 postaci\u0105 Lala Bahadura Shastriego oraz przy aktywnym wsparciu swojej \u017cony, Sir C.P. rozpocz\u0105\u0142 w\u0142asn\u0105 wybitn\u0105 karier\u0119 &#8211; najpierw jako wysoki urz\u0119dnik Indyjskiej S\u0142u\u017cby Administracyjnej, nast\u0119pnie jako przewodnicz\u0105cy Indyjskiej Korporacji \u017beglugowej, a ostatecznie jako najd\u0142u\u017cej urz\u0119duj\u0105cy Sekretarz Generalny w historii Mi\u0119dzynarodowej Organizacji Morskiej ONZ.<\/p>\n<p>Mi\u0119dzynarodowa Organizacja Morska jest jedyn\u0105 agend\u0105 ONZ z siedzib\u0105 w Londynie, i to w\u0142a\u015bnie w czasie szesnastu lat pracy Sir C.P. w tej instytucji \u015ari Matad\u017ai rozpocz\u0119\u0142a swoj\u0105 misj\u0119 przekazania \u015bwiatu <a href=\"https:\/\/shrimataji.org\/test\/pl\/medytacja-sahadza-joga\/\">medytacji Sahad\u017aa Joga<\/a>.<\/p>\n<figure itemscope itemtype=\"https:\/\/schema.org\/ImageObject\">\n\t\t\t\t<img decoding=\"async\" src=\"https:\/\/shrimataji.org\/test\/wp-content\/uploads\/2024\/11\/EN_shri-mataji-nirmala-devi-sir-cp-world-maritime-university.jpg\" alt=\"Shri Mataji and SIr CP at the World Maritime University in Malmo Sweden\" height=\"960\" width=\"655\" title=\"EN_shri-mataji-nirmala-devi-sir-cp-world-maritime-university\" onerror=\"this.style.display='none'\" loading=\"lazy\" \/>\n\t\t<figcaption>\u015ari Matad\u017ai i Sir C.P. na World Maritime University w Malm\u00f6 w Szwecji<\/figcaption>\n\t<\/figure>\n\t<hr \/>\n<h3>1. <a href=\"#citation-ref-1\">^<\/a><a name=\"citation-note-1\"><\/a> C. P. Srivastava, \u201eLal Bahadur Shastri: A Life of Truth in Politics&#8221;, Nowe Delhi: Oxford University Press, 1995.<\/h3>\n\n","protected":false},"excerpt":{"rendered":"<p>Sir C.P. Srivastava Sir C.P. i \u201edrobny kolos&#8221; \u015ari Matad\u017ai Nirmala Dewi jest znana na ca\u0142ym \u015bwiecie jako inspiruj\u0105ca si\u0142a stoj\u0105ca za Sahad\u017aa Joga. Obok jej roli duchowej przewodniczki istnieje r\u00f3wnoleg\u0142a historia &#8211; niezwyk\u0142a kariera jej m\u0119\u017ca, Sir Chandriki Prasada Srivastavy. Ci, kt\u00f3rzy mieli szcz\u0119\u015bcie przebywa\u0107 osobi\u015bcie ze \u015ari Matad\u017ai, znaj\u0105 r\u00f3wnie\u017c wysok\u0105, dostojn\u0105 i&hellip; <br \/> <a class=\"read-more\" href=\"https:\/\/shrimataji.org\/test\/pl\/sir-c-p-srivastava-3\/\">Read more<\/a><\/p>\n","protected":false},"author":1,"featured_media":38025,"parent":0,"menu_order":0,"comment_status":"closed","ping_status":"closed","template":"","meta":{"inline_featured_image":false,"footnotes":""},"class_list":["post-39950","page","type-page","status-publish","has-post-thumbnail","hentry"],"yoast_head":"<!-- This site is optimized with the Yoast SEO plugin v27.4 - https:\/\/yoast.com\/product\/yoast-seo-wordpress\/ -->\n<title>Sir C.P. Srivastava - TEST - SMND<\/title>\n<meta name=\"robots\" content=\"noindex, follow, max-snippet:-1, max-image-preview:large, max-video-preview:-1\" \/>\n<meta property=\"og:locale\" content=\"en_US\" \/>\n<meta property=\"og:type\" content=\"article\" \/>\n<meta property=\"og:title\" content=\"Sir C.P. Srivastava - TEST - SMND\" \/>\n<meta property=\"og:description\" content=\"Sir C.P. Srivastava Sir C.P. i \u201edrobny kolos&#8221; \u015ari Matad\u017ai Nirmala Dewi jest znana na ca\u0142ym \u015bwiecie jako inspiruj\u0105ca si\u0142a stoj\u0105ca za Sahad\u017aa Joga. Obok jej roli duchowej przewodniczki istnieje r\u00f3wnoleg\u0142a historia &#8211; niezwyk\u0142a kariera jej m\u0119\u017ca, Sir Chandriki Prasada Srivastavy. Ci, kt\u00f3rzy mieli szcz\u0119\u015bcie przebywa\u0107 osobi\u015bcie ze \u015ari Matad\u017ai, znaj\u0105 r\u00f3wnie\u017c wysok\u0105, dostojn\u0105 i&hellip; Read more\" \/>\n<meta property=\"og:url\" content=\"https:\/\/shrimataji.org\/test\/pl\/sir-c-p-srivastava-3\/\" \/>\n<meta property=\"og:site_name\" content=\"TEST - SMND\" \/>\n<meta property=\"article:publisher\" content=\"https:\/\/www.facebook.com\/shrimataji\" \/>\n<meta property=\"article:modified_time\" content=\"2026-04-24T09:29:43+00:00\" \/>\n<meta property=\"og:image\" content=\"https:\/\/shrimataji.org\/test\/wp-content\/uploads\/2023\/03\/8_Banner-Family_CP-2-scaled.jpg\" \/>\n\t<meta property=\"og:image:width\" content=\"2560\" \/>\n\t<meta property=\"og:image:height\" content=\"905\" \/>\n\t<meta property=\"og:image:type\" content=\"image\/jpeg\" \/>\n<meta name=\"twitter:card\" content=\"summary_large_image\" \/>\n<meta name=\"twitter:site\" content=\"@shrimataji\" \/>\n<meta name=\"twitter:label1\" content=\"Est. reading time\" \/>\n\t<meta name=\"twitter:data1\" content=\"5 minutes\" \/>\n<script type=\"application\/ld+json\" class=\"yoast-schema-graph\">{\"@context\":\"https:\\\/\\\/schema.org\",\"@graph\":[{\"@type\":\"WebPage\",\"@id\":\"https:\\\/\\\/shrimataji.org\\\/test\\\/pl\\\/sir-c-p-srivastava-3\\\/\",\"url\":\"https:\\\/\\\/shrimataji.org\\\/test\\\/pl\\\/sir-c-p-srivastava-3\\\/\",\"name\":\"Sir C.P. Srivastava - TEST - SMND\",\"isPartOf\":{\"@id\":\"https:\\\/\\\/shrimataji.org\\\/test\\\/#website\"},\"primaryImageOfPage\":{\"@id\":\"https:\\\/\\\/shrimataji.org\\\/test\\\/pl\\\/sir-c-p-srivastava-3\\\/#primaryimage\"},\"image\":{\"@id\":\"https:\\\/\\\/shrimataji.org\\\/test\\\/pl\\\/sir-c-p-srivastava-3\\\/#primaryimage\"},\"thumbnailUrl\":\"https:\\\/\\\/shrimataji.org\\\/test\\\/wp-content\\\/uploads\\\/2023\\\/03\\\/8_Banner-Family_CP-2-scaled.jpg\",\"datePublished\":\"2012-11-01T12:00:00+00:00\",\"dateModified\":\"2026-04-24T09:29:43+00:00\",\"breadcrumb\":{\"@id\":\"https:\\\/\\\/shrimataji.org\\\/test\\\/pl\\\/sir-c-p-srivastava-3\\\/#breadcrumb\"},\"inLanguage\":\"en-US\",\"potentialAction\":[{\"@type\":\"ReadAction\",\"target\":[\"https:\\\/\\\/shrimataji.org\\\/test\\\/pl\\\/sir-c-p-srivastava-3\\\/\"]}]},{\"@type\":\"ImageObject\",\"inLanguage\":\"en-US\",\"@id\":\"https:\\\/\\\/shrimataji.org\\\/test\\\/pl\\\/sir-c-p-srivastava-3\\\/#primaryimage\",\"url\":\"https:\\\/\\\/shrimataji.org\\\/test\\\/wp-content\\\/uploads\\\/2023\\\/03\\\/8_Banner-Family_CP-2-scaled.jpg\",\"contentUrl\":\"https:\\\/\\\/shrimataji.org\\\/test\\\/wp-content\\\/uploads\\\/2023\\\/03\\\/8_Banner-Family_CP-2-scaled.jpg\",\"width\":2560,\"height\":905},{\"@type\":\"BreadcrumbList\",\"@id\":\"https:\\\/\\\/shrimataji.org\\\/test\\\/pl\\\/sir-c-p-srivastava-3\\\/#breadcrumb\",\"itemListElement\":[{\"@type\":\"ListItem\",\"position\":1,\"name\":\"Home\",\"item\":\"https:\\\/\\\/shrimataji.org\\\/test\\\/uk\\\/home-en\\\/\"},{\"@type\":\"ListItem\",\"position\":2,\"name\":\"Sir C.P. Srivastava\"}]},{\"@type\":\"WebSite\",\"@id\":\"https:\\\/\\\/shrimataji.org\\\/test\\\/#website\",\"url\":\"https:\\\/\\\/shrimataji.org\\\/test\\\/\",\"name\":\"Shri Mataji Nirmala Devi\",\"description\":\"A Life Dedicated to Humanity\",\"publisher\":{\"@id\":\"https:\\\/\\\/shrimataji.org\\\/test\\\/#\\\/schema\\\/person\\\/a1b3419c6585f164aa96da1ff85715d1\"},\"potentialAction\":[{\"@type\":\"SearchAction\",\"target\":{\"@type\":\"EntryPoint\",\"urlTemplate\":\"https:\\\/\\\/shrimataji.org\\\/test\\\/?s={search_term_string}\"},\"query-input\":{\"@type\":\"PropertyValueSpecification\",\"valueRequired\":true,\"valueName\":\"search_term_string\"}}],\"inLanguage\":\"en-US\"},{\"@type\":[\"Person\",\"Organization\"],\"@id\":\"https:\\\/\\\/shrimataji.org\\\/test\\\/#\\\/schema\\\/person\\\/a1b3419c6585f164aa96da1ff85715d1\",\"name\":\"Nirmala Shrivastava\",\"image\":{\"@type\":\"ImageObject\",\"inLanguage\":\"en-US\",\"@id\":\"https:\\\/\\\/shrimataji.org\\\/test\\\/wp-content\\\/uploads\\\/2023\\\/02\\\/SMO_LOGO-03.svg\",\"url\":\"https:\\\/\\\/shrimataji.org\\\/test\\\/wp-content\\\/uploads\\\/2023\\\/02\\\/SMO_LOGO-03.svg\",\"contentUrl\":\"https:\\\/\\\/shrimataji.org\\\/test\\\/wp-content\\\/uploads\\\/2023\\\/02\\\/SMO_LOGO-03.svg\",\"width\":\"1024\",\"height\":\"1024\",\"caption\":\"Nirmala Shrivastava\"},\"logo\":{\"@id\":\"https:\\\/\\\/shrimataji.org\\\/test\\\/wp-content\\\/uploads\\\/2023\\\/02\\\/SMO_LOGO-03.svg\"},\"sameAs\":[\"https:\\\/\\\/shrimataji.org\\\/test\",\"https:\\\/\\\/www.facebook.com\\\/shrimataji\",\"https:\\\/\\\/x.com\\\/shrimataji\",\"https:\\\/\\\/www.youtube.com\\\/@Shri_Mataji_Nirmala_Devi\\\/featured\"]}]}<\/script>\n<!-- \/ Yoast SEO plugin. -->","yoast_head_json":{"title":"Sir C.P. Srivastava - TEST - SMND","robots":{"index":"noindex","follow":"follow","max-snippet":"max-snippet:-1","max-image-preview":"max-image-preview:large","max-video-preview":"max-video-preview:-1"},"og_locale":"en_US","og_type":"article","og_title":"Sir C.P. Srivastava - TEST - SMND","og_description":"Sir C.P. Srivastava Sir C.P. i \u201edrobny kolos&#8221; \u015ari Matad\u017ai Nirmala Dewi jest znana na ca\u0142ym \u015bwiecie jako inspiruj\u0105ca si\u0142a stoj\u0105ca za Sahad\u017aa Joga. Obok jej roli duchowej przewodniczki istnieje r\u00f3wnoleg\u0142a historia &#8211; niezwyk\u0142a kariera jej m\u0119\u017ca, Sir Chandriki Prasada Srivastavy. Ci, kt\u00f3rzy mieli szcz\u0119\u015bcie przebywa\u0107 osobi\u015bcie ze \u015ari Matad\u017ai, znaj\u0105 r\u00f3wnie\u017c wysok\u0105, dostojn\u0105 i&hellip; Read more","og_url":"https:\/\/shrimataji.org\/test\/pl\/sir-c-p-srivastava-3\/","og_site_name":"TEST - SMND","article_publisher":"https:\/\/www.facebook.com\/shrimataji","article_modified_time":"2026-04-24T09:29:43+00:00","og_image":[{"width":2560,"height":905,"url":"https:\/\/shrimataji.org\/test\/wp-content\/uploads\/2023\/03\/8_Banner-Family_CP-2-scaled.jpg","type":"image\/jpeg"}],"twitter_card":"summary_large_image","twitter_site":"@shrimataji","twitter_misc":{"Est. reading time":"5 minutes"},"schema":{"@context":"https:\/\/schema.org","@graph":[{"@type":"WebPage","@id":"https:\/\/shrimataji.org\/test\/pl\/sir-c-p-srivastava-3\/","url":"https:\/\/shrimataji.org\/test\/pl\/sir-c-p-srivastava-3\/","name":"Sir C.P. Srivastava - TEST - SMND","isPartOf":{"@id":"https:\/\/shrimataji.org\/test\/#website"},"primaryImageOfPage":{"@id":"https:\/\/shrimataji.org\/test\/pl\/sir-c-p-srivastava-3\/#primaryimage"},"image":{"@id":"https:\/\/shrimataji.org\/test\/pl\/sir-c-p-srivastava-3\/#primaryimage"},"thumbnailUrl":"https:\/\/shrimataji.org\/test\/wp-content\/uploads\/2023\/03\/8_Banner-Family_CP-2-scaled.jpg","datePublished":"2012-11-01T12:00:00+00:00","dateModified":"2026-04-24T09:29:43+00:00","breadcrumb":{"@id":"https:\/\/shrimataji.org\/test\/pl\/sir-c-p-srivastava-3\/#breadcrumb"},"inLanguage":"en-US","potentialAction":[{"@type":"ReadAction","target":["https:\/\/shrimataji.org\/test\/pl\/sir-c-p-srivastava-3\/"]}]},{"@type":"ImageObject","inLanguage":"en-US","@id":"https:\/\/shrimataji.org\/test\/pl\/sir-c-p-srivastava-3\/#primaryimage","url":"https:\/\/shrimataji.org\/test\/wp-content\/uploads\/2023\/03\/8_Banner-Family_CP-2-scaled.jpg","contentUrl":"https:\/\/shrimataji.org\/test\/wp-content\/uploads\/2023\/03\/8_Banner-Family_CP-2-scaled.jpg","width":2560,"height":905},{"@type":"BreadcrumbList","@id":"https:\/\/shrimataji.org\/test\/pl\/sir-c-p-srivastava-3\/#breadcrumb","itemListElement":[{"@type":"ListItem","position":1,"name":"Home","item":"https:\/\/shrimataji.org\/test\/uk\/home-en\/"},{"@type":"ListItem","position":2,"name":"Sir C.P. Srivastava"}]},{"@type":"WebSite","@id":"https:\/\/shrimataji.org\/test\/#website","url":"https:\/\/shrimataji.org\/test\/","name":"Shri Mataji Nirmala Devi","description":"A Life Dedicated to Humanity","publisher":{"@id":"https:\/\/shrimataji.org\/test\/#\/schema\/person\/a1b3419c6585f164aa96da1ff85715d1"},"potentialAction":[{"@type":"SearchAction","target":{"@type":"EntryPoint","urlTemplate":"https:\/\/shrimataji.org\/test\/?s={search_term_string}"},"query-input":{"@type":"PropertyValueSpecification","valueRequired":true,"valueName":"search_term_string"}}],"inLanguage":"en-US"},{"@type":["Person","Organization"],"@id":"https:\/\/shrimataji.org\/test\/#\/schema\/person\/a1b3419c6585f164aa96da1ff85715d1","name":"Nirmala Shrivastava","image":{"@type":"ImageObject","inLanguage":"en-US","@id":"https:\/\/shrimataji.org\/test\/wp-content\/uploads\/2023\/02\/SMO_LOGO-03.svg","url":"https:\/\/shrimataji.org\/test\/wp-content\/uploads\/2023\/02\/SMO_LOGO-03.svg","contentUrl":"https:\/\/shrimataji.org\/test\/wp-content\/uploads\/2023\/02\/SMO_LOGO-03.svg","width":"1024","height":"1024","caption":"Nirmala Shrivastava"},"logo":{"@id":"https:\/\/shrimataji.org\/test\/wp-content\/uploads\/2023\/02\/SMO_LOGO-03.svg"},"sameAs":["https:\/\/shrimataji.org\/test","https:\/\/www.facebook.com\/shrimataji","https:\/\/x.com\/shrimataji","https:\/\/www.youtube.com\/@Shri_Mataji_Nirmala_Devi\/featured"]}]}},"lang":"pl","translations":{"pl":39950,"en":423,"am":18079,"th":20064,"hu":19568,"sq":18480,"zh":17377,"tr":10212,"pt":10421,"de":10695,"fr":10793,"it":10891,"es":10988,"ja":11286,"ru":11474,"bn":11665,"te":11773,"sw":11896,"he":12044,"el":12336,"sk":12434,"fa":12532,"fi":12630,"bg":13492,"ro":14567,"cs":14760,"nl":16640,"ku":16800,"ar":16976,"be":18687,"kn":18961,"mr":20428,"uk":20722,"ml":21017,"ta":22798,"sv":23068,"gu":28904,"pa":29064,"fil":29517,"da":37814,"nn":38366,"ur":39951},"pll_sync_post":[],"_links":{"self":[{"href":"https:\/\/shrimataji.org\/test\/wp-json\/wp\/v2\/pages\/39950","targetHints":{"allow":["GET"]}}],"collection":[{"href":"https:\/\/shrimataji.org\/test\/wp-json\/wp\/v2\/pages"}],"about":[{"href":"https:\/\/shrimataji.org\/test\/wp-json\/wp\/v2\/types\/page"}],"author":[{"embeddable":true,"href":"https:\/\/shrimataji.org\/test\/wp-json\/wp\/v2\/users\/1"}],"replies":[{"embeddable":true,"href":"https:\/\/shrimataji.org\/test\/wp-json\/wp\/v2\/comments?post=39950"}],"version-history":[{"count":1,"href":"https:\/\/shrimataji.org\/test\/wp-json\/wp\/v2\/pages\/39950\/revisions"}],"predecessor-version":[{"id":39953,"href":"https:\/\/shrimataji.org\/test\/wp-json\/wp\/v2\/pages\/39950\/revisions\/39953"}],"wp:featuredmedia":[{"embeddable":true,"href":"https:\/\/shrimataji.org\/test\/wp-json\/wp\/v2\/media\/38025"}],"wp:attachment":[{"href":"https:\/\/shrimataji.org\/test\/wp-json\/wp\/v2\/media?parent=39950"}],"curies":[{"name":"wp","href":"https:\/\/api.w.org\/{rel}","templated":true}]}}