{"id":40114,"date":"2018-07-10T06:54:46","date_gmt":"2018-07-10T06:54:46","guid":{"rendered":"http:\/\/testwordpress.nirmalnagari.org\/smnd\/index.php\/importance-of-family\/"},"modified":"2026-04-26T12:20:52","modified_gmt":"2026-04-26T12:20:52","slug":"a-csalad-fontossaga","status":"publish","type":"page","link":"https:\/\/shrimataji.org\/test\/hu\/a-csalad-fontossaga\/","title":{"rendered":"A csal\u00e1d fontoss\u00e1ga"},"content":{"rendered":"\n\n\t<h1>A csal\u00e1d fontoss\u00e1ga<\/h1>\n<h2>A t\u00e1rsadalom alapja<\/h2>\n\t<h4>Egy sikeres t\u00e1rsadalom a csal\u00e1dok erej\u00e9re, valamint a csal\u00e1dtagok szerepeire \u00e9s kapcsolataira \u00e9p\u00fcl. Shri Mataji gyakran hangs\u00falyozta egy ilyen kiegyens\u00falyozott t\u00e1rsadalomr\u00f3l alkotott elk\u00e9pzel\u00e9s\u00e9t. Eg\u00e9sz \u00e9let\u00e9ben ide\u00e1lis p\u00e9ld\u00e1ja volt annak, hogy egy n\u0151 milyen v\u00e1ltozatos szerepeket t\u00f6lthet be a csal\u00e1dban, a k\u00f6z\u00f6ss\u00e9gben \u00e9s a vil\u00e1g sz\u00ednpad\u00e1n.<\/h4>\n\t<p>M\u00e1r fiatalon felel\u0151ss\u00e9get v\u00e1llalt a csal\u00e1dj\u00e1ban. B\u00e1r nem \u0151 volt a legid\u0151sebb, sz\u00e1mos testv\u00e9r\u00e9r\u0151l gondoskodott, mik\u00f6zben sz\u00fclei India f\u00fcggetlens\u00e9g\u00e9\u00e9rt k\u00fczd\u00f6ttek &#8211; ehhez a mozgalomhoz, fiatal n\u0151k\u00e9nt \u0151 is csatlakozott. Shri Mataji feles\u00e9gk\u00e9nt \u00e9s anyak\u00e9nt gondoskodott gyermekeir\u0151l, \u00e9s t\u00e1mogatta f\u00e9rj\u00e9t, aki az Egyes\u00fclt Nemzetek Tenger\u00e9szeti Szervezet\u00e9n\u00e9l v\u00e9gzett munk\u00e1t, aminek keret\u00e9ben k\u00fclf\u00f6ldre k\u00f6lt\u00f6ztek. B\u00e1r az emberis\u00e9g ir\u00e1nti aggodalma az eg\u00e9sz vil\u00e1gra kiterjedt, megv\u00e1rta, am\u00edg l\u00e1nyai f\u00e9rjhez mennek \u00e9s letelepednek, miel\u0151tt elkezdte volna k\u00f6z\u00e9leti munk\u00e1j\u00e1t.<\/p>\n\t<p>A f\u00e9rj \u00e9s feles\u00e9g k\u00f6z\u00f6tti kapcsolat dinamik\u00e1j\u00e1r\u00f3l Shri Mataji egyszer azt mondta: \u201eEgyens\u00falyban kell lenni. Nem a f\u00e9rj vagy a feles\u00e9g dolga, hanem mindkett\u0151j\u00fck\u00e9. Tisztelni\u00fck kell egym\u00e1st, szeretni\u00fck kell egym\u00e1st, mindent meg kell osztaniuk egym\u00e1ssal, \u00e9s \u00fagy kell l\u00e9tezni\u00fck, hogy az emberek l\u00e1ss\u00e1k, hogy a szek\u00e9rnek k\u00e9t kereke van, egy a bal oldalon \u00e9s egy a jobb oldalon.&#8221; Az egyens\u00faly pedig egyenl\u0151s\u00e9get ig\u00e9nyel. \u201eEgyens\u00faly van. Egyenl\u0151ek, de nem azonosak.&#8221;<\/p>\n\t<div class=\"su-quote su-quote-style-default\"><div class=\"su-quote-inner su-u-clearfix su-u-trim\"> Amikor j\u00f3 csal\u00e1dot alap\u00edtasz, akkor egy gy\u00f6ny\u00f6r\u0171, nagyon sz\u00e9p vil\u00e1got teremtesz magad k\u00f6r\u00fcl. <\/div><\/div>\n\t<p>Shri Mataji a feles\u00e9g tulajdons\u00e1gait a F\u00f6ldanya tulajdons\u00e1gaihoz hasonl\u00edtotta: t\u00e1pl\u00e1l\u00f3, nagylelk\u0171 \u00e9s szeret\u0151, aki sz\u00e9ps\u00e9get k\u00e9pes teremteni. \u0150 a b\u00e9keteremt\u0151 is, aki seg\u00edt harmonikusan fenntartani a csal\u00e1di kapcsolatokat. \u0150 a csal\u00e1d erej\u00e9nek forr\u00e1sa, \u00e9s hozz\u00e1j\u00e1rul\u00e1sa t\u00falmutat a csal\u00e1di szf\u00e9r\u00e1n. \u201eA n\u0151 er\u0151t ad&#8230; a fiadnak, a f\u00e9rjednek, az eg\u00e9sz t\u00e1rsadalomnak.&#8221;<\/p>\n<figure itemscope itemtype=\"https:\/\/schema.org\/ImageObject\">\n\t\t\t\t<img decoding=\"async\" src=\"https:\/\/shrimataji.org\/wp-content\/uploads\/2018\/07\/media_originals\/images\/art\/aftertitian-aldobrandini-by-graham-brown-dec-2009-1024x694.jpg\" alt=\"Aldobrandinische Madonna nach Tizian\n(Graham Brown, 2009)\" title=\"aftertitian-aldobrandini-by-graham-brown-dec-2009\" onerror=\"this.style.display='none'\" loading=\"lazy\" \/>\n\t<\/figure>\n\t<p>A f\u00e9rj felel\u0151ss\u00e9ge, hogy gondoskodjon a csal\u00e1dja minden tagj\u00e1r\u00f3l, \u00e9s gondoskodjon arr\u00f3l, hogy sz\u00fcks\u00e9gleteik ki legyenek el\u00e9g\u00edtve. A f\u00e9rj \u00e9s a feles\u00e9g k\u00f6z\u00f6tt k\u00f6lcs\u00f6n\u00f6s tiszteletnek kell lennie, mivel szerepeik egym\u00e1st\u00f3l f\u00fcggenek \u00e9s egyform\u00e1n \u00e9rt\u00e9kesek.<\/p>\n<p>A csal\u00e1di \u00e9let tov\u00e1bbi fontos aspektusai k\u00f6z\u00e9 tartoznak a gyermekek \u00e9s sz\u00fcl\u0151k, testv\u00e9rek, fiatalabb csal\u00e1dtagok \u00e9s id\u0151sebbek k\u00f6z\u00f6tti kapcsolatok. Amikor egyens\u00faly \u00e9s b\u00e9ke van a csal\u00e1dban, az kisug\u00e1rzik, b\u00e9k\u00e9s \u00e9s kiegyens\u00falyoz\u00f3 hat\u00e1st gyakorol a t\u00e1rsadalomra.<\/p>\n\t<p>Mik\u00f6zben Shri Mataji bet\u00f6lt\u00f6tte saj\u00e1t feles\u00e9g, anya, nagymama (\u00e9s d\u00e9dnagymama) szerep\u00e9t, a fentiekben le\u00edrt \u00e9rt\u00e9kekkel \u00e9s j\u00f6v\u0151k\u00e9ppel, figyelme tov\u00e1bbra is az eg\u00e9sz vil\u00e1gra kiterjedt. A f\u00e9rfiak \u00e9s n\u0151k k\u00f6z\u00f6tti egyens\u00faly \u00e9s k\u00f6lcs\u00f6n\u00f6s f\u00fcgg\u0151s\u00e9g \u00fczenet\u00e9t elvitte a vil\u00e1g sz\u00ednpad\u00e1ra, amikor 1995-ben Pekingben, az <a href=\"https:\/\/shrimataji.org\/test\/hu\/ensz-iv-nok-vilagkonferenciaja\/\" target=\"_blank\" rel=\"noopener\">ENSZ N\u0151i Konferenci\u00e1j\u00e1n<\/a>\u00a0felsz\u00f3lalt. Itt aggodalm\u00e1t fejezte ki a n\u0151k helyzet\u00e9vel kapcsolatban, \u00e9s hangs\u00falyozta az anya szerep\u00e9nek fontoss\u00e1g\u00e1t; azt a szerepet, melyet m\u00e1ra m\u00e1r oly sok t\u00e1rsadalom al\u00e1becs\u00fcl.<\/p>\n\t<p>Mint minden igaz\u00e1n nagy vezet\u0151, \u0151 is az egys\u00e9gre \u00e9s az inspir\u00e1ci\u00f3ra t\u00f6rekedett; az eg\u00e9sz vil\u00e1got csal\u00e1dj\u00e1nak tekintette, ahol minden ember, faji, vall\u00e1si vagy nemzetis\u00e9gi hovatartoz\u00e1st\u00f3l f\u00fcggetlen\u00fcl, m\u00e9lt\u00f3 volt a t\u00f6r\u0151d\u00e9s\u00e9re \u00e9s a gondoskod\u00e1s\u00e1ra.<\/p>\n\n","protected":false},"excerpt":{"rendered":"<p>A csal\u00e1d fontoss\u00e1ga A t\u00e1rsadalom alapja Egy sikeres t\u00e1rsadalom a csal\u00e1dok erej\u00e9re, valamint a csal\u00e1dtagok szerepeire \u00e9s kapcsolataira \u00e9p\u00fcl. Shri Mataji gyakran hangs\u00falyozta egy ilyen kiegyens\u00falyozott t\u00e1rsadalomr\u00f3l alkotott elk\u00e9pzel\u00e9s\u00e9t. Eg\u00e9sz \u00e9let\u00e9ben ide\u00e1lis p\u00e9ld\u00e1ja volt annak, hogy egy n\u0151 milyen v\u00e1ltozatos szerepeket t\u00f6lthet be a csal\u00e1dban, a k\u00f6z\u00f6ss\u00e9gben \u00e9s a vil\u00e1g sz\u00ednpad\u00e1n. M\u00e1r fiatalon felel\u0151ss\u00e9get v\u00e1llalt&hellip; <br \/> <a class=\"read-more\" href=\"https:\/\/shrimataji.org\/test\/hu\/a-csalad-fontossaga\/\">Read more<\/a><\/p>\n","protected":false},"author":1,"featured_media":40115,"parent":0,"menu_order":0,"comment_status":"closed","ping_status":"closed","template":"","meta":{"inline_featured_image":false,"footnotes":"","advanced-sidebar-menu\/link-title":"","advanced-sidebar-menu\/exclude-page":false},"class_list":["post-40114","page","type-page","status-publish","has-post-thumbnail","hentry"],"yoast_head":"<!-- This site is optimized with the Yoast SEO plugin v27.4 - https:\/\/yoast.com\/product\/yoast-seo-wordpress\/ -->\n<title>A csal\u00e1d fontoss\u00e1ga - TEST - SMND<\/title>\n<meta name=\"robots\" content=\"noindex, follow, max-snippet:-1, max-image-preview:large, max-video-preview:-1\" \/>\n<meta property=\"og:locale\" content=\"en_US\" \/>\n<meta property=\"og:type\" content=\"article\" \/>\n<meta property=\"og:title\" content=\"A csal\u00e1d fontoss\u00e1ga - TEST - SMND\" \/>\n<meta property=\"og:description\" content=\"A csal\u00e1d fontoss\u00e1ga A t\u00e1rsadalom alapja Egy sikeres t\u00e1rsadalom a csal\u00e1dok erej\u00e9re, valamint a csal\u00e1dtagok szerepeire \u00e9s kapcsolataira \u00e9p\u00fcl. Shri Mataji gyakran hangs\u00falyozta egy ilyen kiegyens\u00falyozott t\u00e1rsadalomr\u00f3l alkotott elk\u00e9pzel\u00e9s\u00e9t. Eg\u00e9sz \u00e9let\u00e9ben ide\u00e1lis p\u00e9ld\u00e1ja volt annak, hogy egy n\u0151 milyen v\u00e1ltozatos szerepeket t\u00f6lthet be a csal\u00e1dban, a k\u00f6z\u00f6ss\u00e9gben \u00e9s a vil\u00e1g sz\u00ednpad\u00e1n. M\u00e1r fiatalon felel\u0151ss\u00e9get v\u00e1llalt&hellip; Read more\" \/>\n<meta property=\"og:url\" content=\"https:\/\/shrimataji.org\/test\/hu\/a-csalad-fontossaga\/\" \/>\n<meta property=\"og:site_name\" content=\"TEST - SMND\" \/>\n<meta property=\"article:publisher\" content=\"https:\/\/www.facebook.com\/shrimataji\" \/>\n<meta property=\"article:modified_time\" content=\"2026-04-26T12:20:52+00:00\" \/>\n<meta property=\"og:image\" content=\"https:\/\/shrimataji.org\/test\/wp-content\/uploads\/2018\/07\/media_originals\/images\/headers-work-importance-of-family\/sunset-over-the-jesus-hill-in-glastonbury-uk.jpg\" \/>\n\t<meta property=\"og:image:width\" content=\"990\" \/>\n\t<meta property=\"og:image:height\" content=\"350\" \/>\n\t<meta property=\"og:image:type\" content=\"image\/jpeg\" \/>\n<meta name=\"twitter:card\" content=\"summary_large_image\" \/>\n<meta name=\"twitter:site\" content=\"@shrimataji\" \/>\n<meta name=\"twitter:label1\" content=\"Est. reading time\" \/>\n\t<meta name=\"twitter:data1\" content=\"3 minutes\" \/>\n<script type=\"application\/ld+json\" class=\"yoast-schema-graph\">{\"@context\":\"https:\\\/\\\/schema.org\",\"@graph\":[{\"@type\":\"WebPage\",\"@id\":\"https:\\\/\\\/shrimataji.org\\\/test\\\/hu\\\/a-csalad-fontossaga\\\/\",\"url\":\"https:\\\/\\\/shrimataji.org\\\/test\\\/hu\\\/a-csalad-fontossaga\\\/\",\"name\":\"A csal\u00e1d fontoss\u00e1ga - TEST - SMND\",\"isPartOf\":{\"@id\":\"https:\\\/\\\/shrimataji.org\\\/test\\\/#website\"},\"primaryImageOfPage\":{\"@id\":\"https:\\\/\\\/shrimataji.org\\\/test\\\/hu\\\/a-csalad-fontossaga\\\/#primaryimage\"},\"image\":{\"@id\":\"https:\\\/\\\/shrimataji.org\\\/test\\\/hu\\\/a-csalad-fontossaga\\\/#primaryimage\"},\"thumbnailUrl\":\"https:\\\/\\\/shrimataji.org\\\/test\\\/wp-content\\\/uploads\\\/2018\\\/07\\\/media_originals\\\/images\\\/headers-work-importance-of-family\\\/sunset-over-the-jesus-hill-in-glastonbury-uk.jpg\",\"datePublished\":\"2018-07-10T06:54:46+00:00\",\"dateModified\":\"2026-04-26T12:20:52+00:00\",\"breadcrumb\":{\"@id\":\"https:\\\/\\\/shrimataji.org\\\/test\\\/hu\\\/a-csalad-fontossaga\\\/#breadcrumb\"},\"inLanguage\":\"en-US\",\"potentialAction\":[{\"@type\":\"ReadAction\",\"target\":[\"https:\\\/\\\/shrimataji.org\\\/test\\\/hu\\\/a-csalad-fontossaga\\\/\"]}]},{\"@type\":\"ImageObject\",\"inLanguage\":\"en-US\",\"@id\":\"https:\\\/\\\/shrimataji.org\\\/test\\\/hu\\\/a-csalad-fontossaga\\\/#primaryimage\",\"url\":\"https:\\\/\\\/shrimataji.org\\\/test\\\/wp-content\\\/uploads\\\/2018\\\/07\\\/media_originals\\\/images\\\/headers-work-importance-of-family\\\/sunset-over-the-jesus-hill-in-glastonbury-uk.jpg\",\"contentUrl\":\"https:\\\/\\\/shrimataji.org\\\/test\\\/wp-content\\\/uploads\\\/2018\\\/07\\\/media_originals\\\/images\\\/headers-work-importance-of-family\\\/sunset-over-the-jesus-hill-in-glastonbury-uk.jpg\",\"width\":990,\"height\":350},{\"@type\":\"BreadcrumbList\",\"@id\":\"https:\\\/\\\/shrimataji.org\\\/test\\\/hu\\\/a-csalad-fontossaga\\\/#breadcrumb\",\"itemListElement\":[{\"@type\":\"ListItem\",\"position\":1,\"name\":\"Home\",\"item\":\"https:\\\/\\\/shrimataji.org\\\/test\\\/uk\\\/home-en\\\/\"},{\"@type\":\"ListItem\",\"position\":2,\"name\":\"A csal\u00e1d fontoss\u00e1ga\"}]},{\"@type\":\"WebSite\",\"@id\":\"https:\\\/\\\/shrimataji.org\\\/test\\\/#website\",\"url\":\"https:\\\/\\\/shrimataji.org\\\/test\\\/\",\"name\":\"Shri Mataji Nirmala Devi\",\"description\":\"A Life Dedicated to Humanity\",\"publisher\":{\"@id\":\"https:\\\/\\\/shrimataji.org\\\/test\\\/#\\\/schema\\\/person\\\/a1b3419c6585f164aa96da1ff85715d1\"},\"potentialAction\":[{\"@type\":\"SearchAction\",\"target\":{\"@type\":\"EntryPoint\",\"urlTemplate\":\"https:\\\/\\\/shrimataji.org\\\/test\\\/?s={search_term_string}\"},\"query-input\":{\"@type\":\"PropertyValueSpecification\",\"valueRequired\":true,\"valueName\":\"search_term_string\"}}],\"inLanguage\":\"en-US\"},{\"@type\":[\"Person\",\"Organization\"],\"@id\":\"https:\\\/\\\/shrimataji.org\\\/test\\\/#\\\/schema\\\/person\\\/a1b3419c6585f164aa96da1ff85715d1\",\"name\":\"Nirmala Shrivastava\",\"image\":{\"@type\":\"ImageObject\",\"inLanguage\":\"en-US\",\"@id\":\"https:\\\/\\\/shrimataji.org\\\/test\\\/wp-content\\\/uploads\\\/2023\\\/02\\\/SMO_LOGO-03.svg\",\"url\":\"https:\\\/\\\/shrimataji.org\\\/test\\\/wp-content\\\/uploads\\\/2023\\\/02\\\/SMO_LOGO-03.svg\",\"contentUrl\":\"https:\\\/\\\/shrimataji.org\\\/test\\\/wp-content\\\/uploads\\\/2023\\\/02\\\/SMO_LOGO-03.svg\",\"width\":\"1024\",\"height\":\"1024\",\"caption\":\"Nirmala Shrivastava\"},\"logo\":{\"@id\":\"https:\\\/\\\/shrimataji.org\\\/test\\\/wp-content\\\/uploads\\\/2023\\\/02\\\/SMO_LOGO-03.svg\"},\"sameAs\":[\"https:\\\/\\\/shrimataji.org\\\/test\",\"https:\\\/\\\/www.facebook.com\\\/shrimataji\",\"https:\\\/\\\/x.com\\\/shrimataji\",\"https:\\\/\\\/www.youtube.com\\\/@Shri_Mataji_Nirmala_Devi\\\/featured\"]}]}<\/script>\n<!-- \/ Yoast SEO plugin. -->","yoast_head_json":{"title":"A csal\u00e1d fontoss\u00e1ga - TEST - SMND","robots":{"index":"noindex","follow":"follow","max-snippet":"max-snippet:-1","max-image-preview":"max-image-preview:large","max-video-preview":"max-video-preview:-1"},"og_locale":"en_US","og_type":"article","og_title":"A csal\u00e1d fontoss\u00e1ga - TEST - SMND","og_description":"A csal\u00e1d fontoss\u00e1ga A t\u00e1rsadalom alapja Egy sikeres t\u00e1rsadalom a csal\u00e1dok erej\u00e9re, valamint a csal\u00e1dtagok szerepeire \u00e9s kapcsolataira \u00e9p\u00fcl. Shri Mataji gyakran hangs\u00falyozta egy ilyen kiegyens\u00falyozott t\u00e1rsadalomr\u00f3l alkotott elk\u00e9pzel\u00e9s\u00e9t. Eg\u00e9sz \u00e9let\u00e9ben ide\u00e1lis p\u00e9ld\u00e1ja volt annak, hogy egy n\u0151 milyen v\u00e1ltozatos szerepeket t\u00f6lthet be a csal\u00e1dban, a k\u00f6z\u00f6ss\u00e9gben \u00e9s a vil\u00e1g sz\u00ednpad\u00e1n. M\u00e1r fiatalon felel\u0151ss\u00e9get v\u00e1llalt&hellip; Read more","og_url":"https:\/\/shrimataji.org\/test\/hu\/a-csalad-fontossaga\/","og_site_name":"TEST - SMND","article_publisher":"https:\/\/www.facebook.com\/shrimataji","article_modified_time":"2026-04-26T12:20:52+00:00","og_image":[{"width":990,"height":350,"url":"https:\/\/shrimataji.org\/test\/wp-content\/uploads\/2018\/07\/media_originals\/images\/headers-work-importance-of-family\/sunset-over-the-jesus-hill-in-glastonbury-uk.jpg","type":"image\/jpeg"}],"twitter_card":"summary_large_image","twitter_site":"@shrimataji","twitter_misc":{"Est. reading time":"3 minutes"},"schema":{"@context":"https:\/\/schema.org","@graph":[{"@type":"WebPage","@id":"https:\/\/shrimataji.org\/test\/hu\/a-csalad-fontossaga\/","url":"https:\/\/shrimataji.org\/test\/hu\/a-csalad-fontossaga\/","name":"A csal\u00e1d fontoss\u00e1ga - TEST - SMND","isPartOf":{"@id":"https:\/\/shrimataji.org\/test\/#website"},"primaryImageOfPage":{"@id":"https:\/\/shrimataji.org\/test\/hu\/a-csalad-fontossaga\/#primaryimage"},"image":{"@id":"https:\/\/shrimataji.org\/test\/hu\/a-csalad-fontossaga\/#primaryimage"},"thumbnailUrl":"https:\/\/shrimataji.org\/test\/wp-content\/uploads\/2018\/07\/media_originals\/images\/headers-work-importance-of-family\/sunset-over-the-jesus-hill-in-glastonbury-uk.jpg","datePublished":"2018-07-10T06:54:46+00:00","dateModified":"2026-04-26T12:20:52+00:00","breadcrumb":{"@id":"https:\/\/shrimataji.org\/test\/hu\/a-csalad-fontossaga\/#breadcrumb"},"inLanguage":"en-US","potentialAction":[{"@type":"ReadAction","target":["https:\/\/shrimataji.org\/test\/hu\/a-csalad-fontossaga\/"]}]},{"@type":"ImageObject","inLanguage":"en-US","@id":"https:\/\/shrimataji.org\/test\/hu\/a-csalad-fontossaga\/#primaryimage","url":"https:\/\/shrimataji.org\/test\/wp-content\/uploads\/2018\/07\/media_originals\/images\/headers-work-importance-of-family\/sunset-over-the-jesus-hill-in-glastonbury-uk.jpg","contentUrl":"https:\/\/shrimataji.org\/test\/wp-content\/uploads\/2018\/07\/media_originals\/images\/headers-work-importance-of-family\/sunset-over-the-jesus-hill-in-glastonbury-uk.jpg","width":990,"height":350},{"@type":"BreadcrumbList","@id":"https:\/\/shrimataji.org\/test\/hu\/a-csalad-fontossaga\/#breadcrumb","itemListElement":[{"@type":"ListItem","position":1,"name":"Home","item":"https:\/\/shrimataji.org\/test\/uk\/home-en\/"},{"@type":"ListItem","position":2,"name":"A csal\u00e1d fontoss\u00e1ga"}]},{"@type":"WebSite","@id":"https:\/\/shrimataji.org\/test\/#website","url":"https:\/\/shrimataji.org\/test\/","name":"Shri Mataji Nirmala Devi","description":"A Life Dedicated to Humanity","publisher":{"@id":"https:\/\/shrimataji.org\/test\/#\/schema\/person\/a1b3419c6585f164aa96da1ff85715d1"},"potentialAction":[{"@type":"SearchAction","target":{"@type":"EntryPoint","urlTemplate":"https:\/\/shrimataji.org\/test\/?s={search_term_string}"},"query-input":{"@type":"PropertyValueSpecification","valueRequired":true,"valueName":"search_term_string"}}],"inLanguage":"en-US"},{"@type":["Person","Organization"],"@id":"https:\/\/shrimataji.org\/test\/#\/schema\/person\/a1b3419c6585f164aa96da1ff85715d1","name":"Nirmala Shrivastava","image":{"@type":"ImageObject","inLanguage":"en-US","@id":"https:\/\/shrimataji.org\/test\/wp-content\/uploads\/2023\/02\/SMO_LOGO-03.svg","url":"https:\/\/shrimataji.org\/test\/wp-content\/uploads\/2023\/02\/SMO_LOGO-03.svg","contentUrl":"https:\/\/shrimataji.org\/test\/wp-content\/uploads\/2023\/02\/SMO_LOGO-03.svg","width":"1024","height":"1024","caption":"Nirmala Shrivastava"},"logo":{"@id":"https:\/\/shrimataji.org\/test\/wp-content\/uploads\/2023\/02\/SMO_LOGO-03.svg"},"sameAs":["https:\/\/shrimataji.org\/test","https:\/\/www.facebook.com\/shrimataji","https:\/\/x.com\/shrimataji","https:\/\/www.youtube.com\/@Shri_Mataji_Nirmala_Devi\/featured"]}]}},"lang":"hu","translations":{"hu":40114,"ur":37446,"en":419,"ja":22912,"sv":23009,"mr":23602,"fil":29455,"gu":34945,"da":37759,"nn":38311},"pll_sync_post":[],"_links":{"self":[{"href":"https:\/\/shrimataji.org\/test\/wp-json\/wp\/v2\/pages\/40114","targetHints":{"allow":["GET"]}}],"collection":[{"href":"https:\/\/shrimataji.org\/test\/wp-json\/wp\/v2\/pages"}],"about":[{"href":"https:\/\/shrimataji.org\/test\/wp-json\/wp\/v2\/types\/page"}],"author":[{"embeddable":true,"href":"https:\/\/shrimataji.org\/test\/wp-json\/wp\/v2\/users\/1"}],"replies":[{"embeddable":true,"href":"https:\/\/shrimataji.org\/test\/wp-json\/wp\/v2\/comments?post=40114"}],"version-history":[{"count":5,"href":"https:\/\/shrimataji.org\/test\/wp-json\/wp\/v2\/pages\/40114\/revisions"}],"predecessor-version":[{"id":40288,"href":"https:\/\/shrimataji.org\/test\/wp-json\/wp\/v2\/pages\/40114\/revisions\/40288"}],"wp:featuredmedia":[{"embeddable":true,"href":"https:\/\/shrimataji.org\/test\/wp-json\/wp\/v2\/media\/40115"}],"wp:attachment":[{"href":"https:\/\/shrimataji.org\/test\/wp-json\/wp\/v2\/media?parent=40114"}],"curies":[{"name":"wp","href":"https:\/\/api.w.org\/{rel}","templated":true}]}}